{"id":9833,"date":"2021-01-29T11:14:56","date_gmt":"2021-01-29T09:14:56","guid":{"rendered":"http:\/\/www.trabajodeprocesos.net\/?page_id=9833"},"modified":"2021-01-29T12:16:19","modified_gmt":"2021-01-29T10:16:19","slug":"clausula-uso-imagen-alumnos-as-y-participantes-actividades","status":"publish","type":"page","link":"https:\/\/www.trabajodeprocesos.net\/es\/clausula-uso-imagen-alumnos-as-y-participantes-actividades\/","title":{"rendered":"Cl\u00e1usula uso imagen alumnos\/as y participantes actividades"},"content":{"rendered":"\n<p>En cumplimiento de lo que dispone el Reglamento (UE) 2016\/679 de 27 de abril de 2016 (RGPD) y la Ley Org\u00e1nica 3\/2018 de 5 de diciembre, de Protecci\u00f3n de Datos personales y Garant\u00eda de los Derechos Digitales (LOPDGDD), dem\u00e1s normativa legal vigente en materia de protecci\u00f3n de datos personales y el derecho a la propia imagen (Ley Org\u00e1nica 1\/1982 de 5 de mayo) les informamos que la direcci\u00f3n de ASOCIACI\u00d3N INSTITUTO TRABAJO DE PROCESOS Y DEMOCRACIA PROFUNDA, les solicita autorizaci\u00f3n para publicar fotograf\u00edas donde aparezcan alumnos donde puedan ser identificables con el fin de publicarlas en la web de la Asociaci\u00f3n y en redes sociales, para informar de las actividades y cursos.<\/p>\n\n\n\n<p>Estos datos se conservar\u00e1n mientras dure la finalidad para la que se han obtenido y siempre que no ejerzan ning\u00fan derecho de los que los amparan. No se comunicar\u00e1n a terceros, excepto por obligaci\u00f3n legal, ni tampoco se realizar\u00e1 ninguna transferencia internacional de datos sin su consentimiento previo. Una vez las im\u00e1genes ya no sean necesarias, estas se guardar\u00e1n debidamente bloqueadas con las medidas de seguridad pertinentes.<\/p>\n\n\n\n<p>As\u00ed mismo, le informamos que tiene derecho a solicitar el acceso, rectificaci\u00f3n, portabilidad y supresi\u00f3n de los datos y la limitaci\u00f3n y oposici\u00f3n a su tratamiento dirigi\u00e9ndose ASOCIACI\u00d3N INSTITUTO TRABAJO DE PROCESOS Y DEMOCRACIA PROFUNDA , con domicilio a Carrer Blai 17 4\u00ba 1\u00ba, 08004 BARCELONA, (Barcelona) o enviando un correo electr\u00f3nico a info@trabajodeprocesos.net, junto con una fotocopia de su DNI o documento an\u00e1logo en derecho, indicando el tipo de derecho que quiere ejercer. Tiene derecho a retirar el consentimiento prestado en cualquier momento. La retirada del consentimiento no afectar\u00e1 a la licitud del tratamiento efectuado previamente. Tambi\u00e9n tiene derecho a presentar una reclamaci\u00f3n, si considera que el tratamiento de datos personales no se ajusta a la normativa vigente, ante la Autoridad de control (www.agpd.es).<\/p>\n\n\n\n<p>Con la aceptaci\u00f3n\/ firma del presente documento\/texto, el abajo firmante (o representante legal) se considera informado y otorga su consentimiento para el tratamiento mencionado.<\/p>\n","protected":false},"excerpt":{"rendered":"<p>En cumplimiento de lo que dispone el Reglamento (UE) 2016\/679 de 27 de abril de 2016 (RGPD) y la Ley Org\u00e1nica 3\/2018 de 5 de diciembre, de Protecci\u00f3n de Datos personales y Garant\u00eda de los Derechos Digitales (LOPDGDD), dem\u00e1s normativa legal vigente en materia de protecci\u00f3n de datos personales y el derecho a la propia [&hellip;]<\/p>\n","protected":false},"author":6,"featured_media":0,"parent":0,"menu_order":0,"comment_status":"closed","ping_status":"closed","template":"","meta":{"footnotes":""},"class_list":["post-9833","page","type-page","status-publish","hentry"],"yoast_head":"<!-- This site is optimized with the Yoast SEO plugin v15.4 - https:\/\/yoast.com\/wordpress\/plugins\/seo\/ -->\n<title>Cl\u00e1usula uso imagen alumnos\/as y participantes actividades - Trabajo de Procesos<\/title>\n<meta name=\"robots\" content=\"index, follow, max-snippet:-1, max-image-preview:large, max-video-preview:-1\" \/>\n<link rel=\"canonical\" href=\"https:\/\/www.trabajodeprocesos.net\/es\/clausula-uso-imagen-alumnos-as-y-participantes-actividades\/\" \/>\n<meta property=\"og:locale\" content=\"es_ES\" \/>\n<meta property=\"og:type\" content=\"article\" \/>\n<meta property=\"og:title\" content=\"Cl\u00e1usula uso imagen alumnos\/as y participantes actividades - Trabajo de Procesos\" \/>\n<meta property=\"og:description\" content=\"En cumplimiento de lo que dispone el Reglamento (UE) 2016\/679 de 27 de abril de 2016 (RGPD) y la Ley Org\u00e1nica 3\/2018 de 5 de diciembre, de Protecci\u00f3n de Datos personales y Garant\u00eda de los Derechos Digitales (LOPDGDD), dem\u00e1s normativa legal vigente en materia de protecci\u00f3n de datos personales y el derecho a la propia [&hellip;]\" \/>\n<meta property=\"og:url\" content=\"https:\/\/www.trabajodeprocesos.net\/es\/clausula-uso-imagen-alumnos-as-y-participantes-actividades\/\" \/>\n<meta property=\"og:site_name\" content=\"Trabajo de Procesos\" \/>\n<meta property=\"article:modified_time\" content=\"2021-01-29T10:16:19+00:00\" \/>\n<meta name=\"twitter:card\" content=\"summary_large_image\" \/>\n<meta name=\"twitter:label1\" content=\"Escrito por\">\n\t<meta name=\"twitter:data1\" content=\"Admin\">\n\t<meta name=\"twitter:label2\" content=\"Tiempo de lectura\">\n\t<meta name=\"twitter:data2\" content=\"1 minuto\">\n<script type=\"application\/ld+json\" class=\"yoast-schema-graph\">{\"@context\":\"https:\/\/schema.org\",\"@graph\":[{\"@type\":\"WebSite\",\"@id\":\"https:\/\/www.trabajodeprocesos.net\/es\/#website\",\"url\":\"https:\/\/www.trabajodeprocesos.net\/es\/\",\"name\":\"Trabajo de Procesos\",\"description\":\"\",\"potentialAction\":[{\"@type\":\"SearchAction\",\"target\":\"https:\/\/www.trabajodeprocesos.net\/es\/?s={search_term_string}\",\"query-input\":\"required name=search_term_string\"}],\"inLanguage\":\"es\"},{\"@type\":\"WebPage\",\"@id\":\"https:\/\/www.trabajodeprocesos.net\/es\/clausula-uso-imagen-alumnos-as-y-participantes-actividades\/#webpage\",\"url\":\"https:\/\/www.trabajodeprocesos.net\/es\/clausula-uso-imagen-alumnos-as-y-participantes-actividades\/\",\"name\":\"Cl\\u00e1usula uso imagen alumnos\/as y participantes actividades - Trabajo de Procesos\",\"isPartOf\":{\"@id\":\"https:\/\/www.trabajodeprocesos.net\/es\/#website\"},\"datePublished\":\"2021-01-29T09:14:56+00:00\",\"dateModified\":\"2021-01-29T10:16:19+00:00\",\"inLanguage\":\"es\",\"potentialAction\":[{\"@type\":\"ReadAction\",\"target\":[\"https:\/\/www.trabajodeprocesos.net\/es\/clausula-uso-imagen-alumnos-as-y-participantes-actividades\/\"]}]}]}<\/script>\n<!-- \/ Yoast SEO plugin. -->","_links":{"self":[{"href":"https:\/\/www.trabajodeprocesos.net\/es\/wp-json\/wp\/v2\/pages\/9833","targetHints":{"allow":["GET"]}}],"collection":[{"href":"https:\/\/www.trabajodeprocesos.net\/es\/wp-json\/wp\/v2\/pages"}],"about":[{"href":"https:\/\/www.trabajodeprocesos.net\/es\/wp-json\/wp\/v2\/types\/page"}],"author":[{"embeddable":true,"href":"https:\/\/www.trabajodeprocesos.net\/es\/wp-json\/wp\/v2\/users\/6"}],"replies":[{"embeddable":true,"href":"https:\/\/www.trabajodeprocesos.net\/es\/wp-json\/wp\/v2\/comments?post=9833"}],"version-history":[{"count":1,"href":"https:\/\/www.trabajodeprocesos.net\/es\/wp-json\/wp\/v2\/pages\/9833\/revisions"}],"predecessor-version":[{"id":9834,"href":"https:\/\/www.trabajodeprocesos.net\/es\/wp-json\/wp\/v2\/pages\/9833\/revisions\/9834"}],"wp:attachment":[{"href":"https:\/\/www.trabajodeprocesos.net\/es\/wp-json\/wp\/v2\/media?parent=9833"}],"curies":[{"name":"wp","href":"https:\/\/api.w.org\/{rel}","templated":true}]}}