{"id":960,"date":"2020-06-19T10:49:53","date_gmt":"2020-06-19T08:49:53","guid":{"rendered":"http:\/\/www.trabajodeprocesos.net\/?page_id=960"},"modified":"2020-11-25T13:47:17","modified_gmt":"2020-11-25T11:47:17","slug":"kate-jobe","status":"publish","type":"page","link":"https:\/\/www.trabajodeprocesos.net\/es\/profesorado\/kate-jobe\/","title":{"rendered":"Kate Jobe"},"content":{"rendered":"\t\t<div data-elementor-type=\"wp-page\" data-elementor-id=\"960\" class=\"elementor elementor-960\" data-elementor-settings=\"[]\">\n\t\t\t\t\t\t<div class=\"elementor-inner\">\n\t\t\t\t\t\t\t<div class=\"elementor-section-wrap\">\n\t\t\t\t\t\t\t<section class=\"elementor-section elementor-top-section elementor-element elementor-element-c277ab7 elementor-section-boxed elementor-section-height-default elementor-section-height-default\" data-id=\"c277ab7\" data-element_type=\"section\">\n\t\t\t\t\t\t<div class=\"elementor-container elementor-column-gap-default\">\n\t\t\t\t\t\t\t<div class=\"elementor-row\">\n\t\t\t\t\t<div class=\"elementor-column elementor-col-100 elementor-top-column elementor-element elementor-element-3ab7bf5\" data-id=\"3ab7bf5\" data-element_type=\"column\">\n\t\t\t<div class=\"elementor-column-wrap elementor-element-populated\">\n\t\t\t\t\t\t\t<div class=\"elementor-widget-wrap\">\n\t\t\t\t\t\t<div class=\"elementor-element elementor-element-92f372d elementor-widget elementor-widget-image\" data-id=\"92f372d\" data-element_type=\"widget\" data-widget_type=\"image.default\">\n\t\t\t\t<div class=\"elementor-widget-container\">\n\t\t\t\t\t<div class=\"elementor-image\">\n\t\t\t\t\t\t\t\t\t\t<img loading=\"lazy\" decoding=\"async\" width=\"301\" height=\"301\" src=\"https:\/\/www.trabajodeprocesos.net\/wp-content\/uploads\/2020\/06\/kate2.png\" class=\"attachment-large size-large\" alt=\"\" srcset=\"https:\/\/www.trabajodeprocesos.net\/wp-content\/uploads\/2020\/06\/kate2.png 301w, https:\/\/www.trabajodeprocesos.net\/wp-content\/uploads\/2020\/06\/kate2-150x150.png 150w\" sizes=\"auto, (max-width: 301px) 100vw, 301px\" \/>\t\t\t\t\t\t\t\t\t\t\t<\/div>\n\t\t\t\t<\/div>\n\t\t\t\t<\/div>\n\t\t\t\t\t\t<\/div>\n\t\t\t\t\t<\/div>\n\t\t<\/div>\n\t\t\t\t\t\t\t\t<\/div>\n\t\t\t\t\t<\/div>\n\t\t<\/section>\n\t\t\t\t<section class=\"elementor-section elementor-top-section elementor-element elementor-element-7e1bbc2 elementor-section-narrow_boxed elementor-section-height-default elementor-section-height-default\" data-id=\"7e1bbc2\" data-element_type=\"section\">\n\t\t\t\t\t\t<div class=\"elementor-container elementor-column-gap-default\">\n\t\t\t\t\t\t\t<div class=\"elementor-row\">\n\t\t\t\t\t<div class=\"elementor-column elementor-col-100 elementor-top-column elementor-element elementor-element-ccce642\" data-id=\"ccce642\" data-element_type=\"column\">\n\t\t\t<div class=\"elementor-column-wrap elementor-element-populated\">\n\t\t\t\t\t\t\t<div class=\"elementor-widget-wrap\">\n\t\t\t\t\t\t<div class=\"elementor-element elementor-element-cdfea4f elementor-widget elementor-widget-text-editor\" data-id=\"cdfea4f\" data-element_type=\"widget\" data-widget_type=\"text-editor.default\">\n\t\t\t\t<div class=\"elementor-widget-container\">\n\t\t\t\t\t<div class=\"elementor-text-editor elementor-clearfix\"><p style=\"text-align: left;\">\u00a0<\/p><p style=\"text-align: left;\">Kate Jobe es conocida por su experiencia en el trabajo con movimiento, entendido como puerta de acceso a los mensajes profundos que se expresan a trav\u00e9s del cuerpo y a trav\u00e9s de los desaf\u00edos aparentemente insuperables que ocurren en la vida. Vive en Winterthur, Suiza, donde tiene su consulta y trabaja tanto individualmente como terapeuta y coach, como con grupos y organizaciones en gesti\u00f3n de conflictos.<\/p><p style=\"text-align: left;\">Le apasiona el rol del cuerpo como sanador del pasado, y como indicador de lo que hay por delante. Kate es la fundadora del Processwork Insitute (PWI) en Portland, de la Associaci\u00f3n Internacional de Trabajo de Procesos (IAPOP) y de ProcessWork Ireland (Dubl\u00edn). Lleva m\u00e1s de 30 a\u00f1os ense\u00f1ando y practicando Processwork y ha facilitado importantes conflictos sociales y pol\u00edticos. Actualmente est\u00e1 en el Institut f\u00fcr Prozessarbeit (IPA) en Zurich, en el Process Work Institute (Oregon, EEUU), y llevando programas en Rusia. Kate es la fundadora y directora ejecutiva de Lao Tse Press, Inc., editorial del diario de Psicolog\u00eda Orientada al Proceso, donde se han publicado varios libros de Arnold Mindell y otros autores. Kate est\u00e1 registrada como Terapeuta\/Educadora de Movimiento Som\u00e1tico MA, y certificada por Laban Movement Analysts. A Kate le encanta la creatividad y la expresa mediante la pintura, jardiner\u00eda y cocina.<\/p><p style=\"text-align: left;\">\u00a0<\/p><p style=\"text-align: left;\">\u00a0<\/p><\/div>\n\t\t\t\t<\/div>\n\t\t\t\t<\/div>\n\t\t\t\t\t\t<\/div>\n\t\t\t\t\t<\/div>\n\t\t<\/div>\n\t\t\t\t\t\t\t\t<\/div>\n\t\t\t\t\t<\/div>\n\t\t<\/section>\n\t\t\t\t\t\t<\/div>\n\t\t\t\t\t\t<\/div>\n\t\t\t\t\t<\/div>\n\t\t","protected":false},"excerpt":{"rendered":"<p>Kate Jobe es conocida por su experiencia en el trabajo con movimiento, entendido como puerta de acceso a los mensajes profundos que se expresan a trav\u00e9s del cuerpo y a trav\u00e9s de los desaf\u00edos aparentemente insuperables que ocurren en la vida. Vive en Winterthur, Suiza, donde tiene su consulta y trabaja tanto individualmente como terapeuta [&hellip;]<\/p>\n","protected":false},"author":2,"featured_media":0,"parent":518,"menu_order":0,"comment_status":"closed","ping_status":"closed","template":"","meta":{"footnotes":""},"class_list":["post-960","page","type-page","status-publish","hentry"],"yoast_head":"<!-- This site is optimized with the Yoast SEO plugin v15.4 - https:\/\/yoast.com\/wordpress\/plugins\/seo\/ -->\n<title>Kate Jobe - Trabajo de Procesos<\/title>\n<meta name=\"robots\" content=\"index, follow, max-snippet:-1, max-image-preview:large, max-video-preview:-1\" \/>\n<link rel=\"canonical\" href=\"https:\/\/www.trabajodeprocesos.net\/es\/profesorado\/kate-jobe\/\" \/>\n<meta property=\"og:locale\" content=\"es_ES\" \/>\n<meta property=\"og:type\" content=\"article\" \/>\n<meta property=\"og:title\" content=\"Kate Jobe - Trabajo de Procesos\" \/>\n<meta property=\"og:description\" content=\"Kate Jobe es conocida por su experiencia en el trabajo con movimiento, entendido como puerta de acceso a los mensajes profundos que se expresan a trav\u00e9s del cuerpo y a trav\u00e9s de los desaf\u00edos aparentemente insuperables que ocurren en la vida. Vive en Winterthur, Suiza, donde tiene su consulta y trabaja tanto individualmente como terapeuta [&hellip;]\" \/>\n<meta property=\"og:url\" content=\"https:\/\/www.trabajodeprocesos.net\/es\/profesorado\/kate-jobe\/\" \/>\n<meta property=\"og:site_name\" content=\"Trabajo de Procesos\" \/>\n<meta property=\"article:modified_time\" content=\"2020-11-25T11:47:17+00:00\" \/>\n<meta property=\"og:image\" content=\"http:\/\/www.trabajodeprocesos.net\/wp-content\/uploads\/2020\/06\/kate2.png\" \/>\n<meta name=\"twitter:card\" content=\"summary_large_image\" \/>\n<meta name=\"twitter:label1\" content=\"Escrito por\">\n\t<meta name=\"twitter:data1\" content=\"Whads Media Studios\">\n\t<meta name=\"twitter:label2\" content=\"Tiempo de lectura\">\n\t<meta name=\"twitter:data2\" content=\"1 minuto\">\n<script type=\"application\/ld+json\" class=\"yoast-schema-graph\">{\"@context\":\"https:\/\/schema.org\",\"@graph\":[{\"@type\":\"WebSite\",\"@id\":\"https:\/\/www.trabajodeprocesos.net\/es\/#website\",\"url\":\"https:\/\/www.trabajodeprocesos.net\/es\/\",\"name\":\"Trabajo de Procesos\",\"description\":\"\",\"potentialAction\":[{\"@type\":\"SearchAction\",\"target\":\"https:\/\/www.trabajodeprocesos.net\/es\/?s={search_term_string}\",\"query-input\":\"required name=search_term_string\"}],\"inLanguage\":\"es\"},{\"@type\":\"ImageObject\",\"@id\":\"https:\/\/www.trabajodeprocesos.net\/es\/profesorado\/kate-jobe\/#primaryimage\",\"inLanguage\":\"es\",\"url\":\"http:\/\/www.trabajodeprocesos.net\/wp-content\/uploads\/2020\/06\/kate2.png\"},{\"@type\":\"WebPage\",\"@id\":\"https:\/\/www.trabajodeprocesos.net\/es\/profesorado\/kate-jobe\/#webpage\",\"url\":\"https:\/\/www.trabajodeprocesos.net\/es\/profesorado\/kate-jobe\/\",\"name\":\"Kate Jobe - Trabajo de Procesos\",\"isPartOf\":{\"@id\":\"https:\/\/www.trabajodeprocesos.net\/es\/#website\"},\"primaryImageOfPage\":{\"@id\":\"https:\/\/www.trabajodeprocesos.net\/es\/profesorado\/kate-jobe\/#primaryimage\"},\"datePublished\":\"2020-06-19T08:49:53+00:00\",\"dateModified\":\"2020-11-25T11:47:17+00:00\",\"inLanguage\":\"es\",\"potentialAction\":[{\"@type\":\"ReadAction\",\"target\":[\"https:\/\/www.trabajodeprocesos.net\/es\/profesorado\/kate-jobe\/\"]}]}]}<\/script>\n<!-- \/ Yoast SEO plugin. -->","_links":{"self":[{"href":"https:\/\/www.trabajodeprocesos.net\/es\/wp-json\/wp\/v2\/pages\/960","targetHints":{"allow":["GET"]}}],"collection":[{"href":"https:\/\/www.trabajodeprocesos.net\/es\/wp-json\/wp\/v2\/pages"}],"about":[{"href":"https:\/\/www.trabajodeprocesos.net\/es\/wp-json\/wp\/v2\/types\/page"}],"author":[{"embeddable":true,"href":"https:\/\/www.trabajodeprocesos.net\/es\/wp-json\/wp\/v2\/users\/2"}],"replies":[{"embeddable":true,"href":"https:\/\/www.trabajodeprocesos.net\/es\/wp-json\/wp\/v2\/comments?post=960"}],"version-history":[{"count":8,"href":"https:\/\/www.trabajodeprocesos.net\/es\/wp-json\/wp\/v2\/pages\/960\/revisions"}],"predecessor-version":[{"id":7995,"href":"https:\/\/www.trabajodeprocesos.net\/es\/wp-json\/wp\/v2\/pages\/960\/revisions\/7995"}],"up":[{"embeddable":true,"href":"https:\/\/www.trabajodeprocesos.net\/es\/wp-json\/wp\/v2\/pages\/518"}],"wp:attachment":[{"href":"https:\/\/www.trabajodeprocesos.net\/es\/wp-json\/wp\/v2\/media?parent=960"}],"curies":[{"name":"wp","href":"https:\/\/api.w.org\/{rel}","templated":true}]}}