{"id":872,"date":"2020-02-26T17:55:37","date_gmt":"2020-02-26T15:55:37","guid":{"rendered":"http:\/\/www.trabajodeprocesos.net\/?page_id=872"},"modified":"2020-11-25T13:54:51","modified_gmt":"2020-11-25T11:54:51","slug":"carol-zahner","status":"publish","type":"page","link":"https:\/\/www.trabajodeprocesos.net\/es\/profesorado\/carol-zahner\/","title":{"rendered":"Carol Zahner"},"content":{"rendered":"\t\t<div data-elementor-type=\"wp-page\" data-elementor-id=\"872\" class=\"elementor elementor-872\" data-elementor-settings=\"[]\">\n\t\t\t\t\t\t<div class=\"elementor-inner\">\n\t\t\t\t\t\t\t<div class=\"elementor-section-wrap\">\n\t\t\t\t\t\t\t<section class=\"elementor-section elementor-top-section elementor-element elementor-element-9cc86fc elementor-section-boxed elementor-section-height-default elementor-section-height-default\" data-id=\"9cc86fc\" data-element_type=\"section\">\n\t\t\t\t\t\t<div class=\"elementor-container elementor-column-gap-default\">\n\t\t\t\t\t\t\t<div class=\"elementor-row\">\n\t\t\t\t\t<div class=\"elementor-column elementor-col-100 elementor-top-column elementor-element elementor-element-b39303a\" data-id=\"b39303a\" data-element_type=\"column\">\n\t\t\t<div class=\"elementor-column-wrap elementor-element-populated\">\n\t\t\t\t\t\t\t<div class=\"elementor-widget-wrap\">\n\t\t\t\t\t\t<div class=\"elementor-element elementor-element-f894cda elementor-widget elementor-widget-image\" data-id=\"f894cda\" data-element_type=\"widget\" data-widget_type=\"image.default\">\n\t\t\t\t<div class=\"elementor-widget-container\">\n\t\t\t\t\t<div class=\"elementor-image\">\n\t\t\t\t\t\t\t\t\t\t<img loading=\"lazy\" decoding=\"async\" width=\"283\" height=\"283\" src=\"https:\/\/www.trabajodeprocesos.net\/wp-content\/uploads\/2019\/12\/carol-zahner.jpg\" class=\"attachment-medium_large size-medium_large\" alt=\"\" srcset=\"https:\/\/www.trabajodeprocesos.net\/wp-content\/uploads\/2019\/12\/carol-zahner.jpg 283w, https:\/\/www.trabajodeprocesos.net\/wp-content\/uploads\/2019\/12\/carol-zahner-150x150.jpg 150w\" sizes=\"auto, (max-width: 283px) 100vw, 283px\" \/>\t\t\t\t\t\t\t\t\t\t\t<\/div>\n\t\t\t\t<\/div>\n\t\t\t\t<\/div>\n\t\t\t\t\t\t<\/div>\n\t\t\t\t\t<\/div>\n\t\t<\/div>\n\t\t\t\t\t\t\t\t<\/div>\n\t\t\t\t\t<\/div>\n\t\t<\/section>\n\t\t\t\t<section class=\"elementor-section elementor-top-section elementor-element elementor-element-df1ec51 elementor-section-narrow_boxed elementor-section-height-default elementor-section-height-default\" data-id=\"df1ec51\" data-element_type=\"section\">\n\t\t\t\t\t\t<div class=\"elementor-container elementor-column-gap-default\">\n\t\t\t\t\t\t\t<div class=\"elementor-row\">\n\t\t\t\t\t<div class=\"elementor-column elementor-col-100 elementor-top-column elementor-element elementor-element-5eea5d9\" data-id=\"5eea5d9\" data-element_type=\"column\">\n\t\t\t<div class=\"elementor-column-wrap elementor-element-populated\">\n\t\t\t\t\t\t\t<div class=\"elementor-widget-wrap\">\n\t\t\t\t\t\t<div class=\"elementor-element elementor-element-fe7bccf elementor-widget elementor-widget-text-editor\" data-id=\"fe7bccf\" data-element_type=\"widget\" data-widget_type=\"text-editor.default\">\n\t\t\t\t<div class=\"elementor-widget-container\">\n\t\t\t\t\t<div class=\"elementor-text-editor elementor-clearfix\"><p><span style=\"color: inherit; font-family: inherit; font-size: inherit; font-weight: inherit;\">Carol Zahner, Maestr\u00eda en Ingenier\u00eda, University of California at Davis, Diplom\u00e1tico de Process Work, Process Work Institute of Portland, Oregon<\/span><br><\/p>\n<p>Carol Zahner es la directora ejecutiva y cofundadora de la&nbsp;<em>Fundaci\u00f3n Processwork Latinoam\u00e9rica<\/em>. Es miembro de la facultad del&nbsp;<em>Process Work Institute<\/em>&nbsp;en Portland, Oregon, as\u00ed como parte del equipo de facilitaci\u00f3n de Worldwork.<\/p>\n<p>Recientemente, ella fue profesora invitada al programa de Maestr\u00eda en Sustentabilidad en la Universidad Externado de Colombia y consultora independiente para un nuevo grupo de pol\u00edticos Colombianos. Su investigaci\u00f3n actual explora en simult\u00e1neo, darse cuenta del pensar y las sensaciones del cuerpo, y pr\u00e1cticas no-verbales en procesos de grupo.&nbsp; Su enfoque est\u00e1 en m\u00e9todos incluyentes de diversas culturas y estilos de expresi\u00f3n, que exploran las relaciones y din\u00e1micas sociales, incluyendo la improvisaci\u00f3n del movimiento y el arte visual.<\/p>\n<p>Carol vive en el bosque, al lado del oc\u00e9ano en Maine, Estados Unidos y en Bogot\u00e1, Colombia.<\/p>\n<p><br><\/p>\n<p><br><\/p>\n<p><\/p><\/div>\n\t\t\t\t<\/div>\n\t\t\t\t<\/div>\n\t\t\t\t\t\t<\/div>\n\t\t\t\t\t<\/div>\n\t\t<\/div>\n\t\t\t\t\t\t\t\t<\/div>\n\t\t\t\t\t<\/div>\n\t\t<\/section>\n\t\t\t\t\t\t<\/div>\n\t\t\t\t\t\t<\/div>\n\t\t\t\t\t<\/div>\n\t\t","protected":false},"excerpt":{"rendered":"<p>Carol Zahner, Maestr\u00eda en Ingenier\u00eda, University of California at Davis, Diplom\u00e1tico de Process Work, Process Work Institute of Portland, Oregon Carol Zahner es la directora ejecutiva y cofundadora de la&nbsp;Fundaci\u00f3n Processwork Latinoam\u00e9rica. Es miembro de la facultad del&nbsp;Process Work Institute&nbsp;en Portland, Oregon, as\u00ed como parte del equipo de facilitaci\u00f3n de Worldwork. Recientemente, ella fue profesora [&hellip;]<\/p>\n","protected":false},"author":2,"featured_media":0,"parent":518,"menu_order":0,"comment_status":"closed","ping_status":"closed","template":"","meta":{"footnotes":""},"class_list":["post-872","page","type-page","status-publish","hentry"],"yoast_head":"<!-- This site is optimized with the Yoast SEO plugin v15.4 - https:\/\/yoast.com\/wordpress\/plugins\/seo\/ -->\n<title>Carol Zahner - Trabajo de Procesos<\/title>\n<meta name=\"robots\" content=\"index, follow, max-snippet:-1, max-image-preview:large, max-video-preview:-1\" \/>\n<link rel=\"canonical\" href=\"https:\/\/www.trabajodeprocesos.net\/es\/profesorado\/carol-zahner\/\" \/>\n<meta property=\"og:locale\" content=\"es_ES\" \/>\n<meta property=\"og:type\" content=\"article\" \/>\n<meta property=\"og:title\" content=\"Carol Zahner - Trabajo de Procesos\" \/>\n<meta property=\"og:description\" content=\"Carol Zahner, Maestr\u00eda en Ingenier\u00eda, University of California at Davis, Diplom\u00e1tico de Process Work, Process Work Institute of Portland, Oregon Carol Zahner es la directora ejecutiva y cofundadora de la&nbsp;Fundaci\u00f3n Processwork Latinoam\u00e9rica. Es miembro de la facultad del&nbsp;Process Work Institute&nbsp;en Portland, Oregon, as\u00ed como parte del equipo de facilitaci\u00f3n de Worldwork. Recientemente, ella fue profesora [&hellip;]\" \/>\n<meta property=\"og:url\" content=\"https:\/\/www.trabajodeprocesos.net\/es\/profesorado\/carol-zahner\/\" \/>\n<meta property=\"og:site_name\" content=\"Trabajo de Procesos\" \/>\n<meta property=\"article:modified_time\" content=\"2020-11-25T11:54:51+00:00\" \/>\n<meta property=\"og:image\" content=\"http:\/\/www.trabajodeprocesos.net\/wp-content\/uploads\/2019\/12\/carol-zahner.jpg\" \/>\n<meta name=\"twitter:card\" content=\"summary_large_image\" \/>\n<meta name=\"twitter:label1\" content=\"Escrito por\">\n\t<meta name=\"twitter:data1\" content=\"Whads Media Studios\">\n\t<meta name=\"twitter:label2\" content=\"Tiempo de lectura\">\n\t<meta name=\"twitter:data2\" content=\"1 minuto\">\n<script type=\"application\/ld+json\" class=\"yoast-schema-graph\">{\"@context\":\"https:\/\/schema.org\",\"@graph\":[{\"@type\":\"WebSite\",\"@id\":\"https:\/\/www.trabajodeprocesos.net\/es\/#website\",\"url\":\"https:\/\/www.trabajodeprocesos.net\/es\/\",\"name\":\"Trabajo de Procesos\",\"description\":\"\",\"potentialAction\":[{\"@type\":\"SearchAction\",\"target\":\"https:\/\/www.trabajodeprocesos.net\/es\/?s={search_term_string}\",\"query-input\":\"required name=search_term_string\"}],\"inLanguage\":\"es\"},{\"@type\":\"ImageObject\",\"@id\":\"https:\/\/www.trabajodeprocesos.net\/es\/profesorado\/carol-zahner\/#primaryimage\",\"inLanguage\":\"es\",\"url\":\"http:\/\/www.trabajodeprocesos.net\/wp-content\/uploads\/2019\/12\/carol-zahner.jpg\"},{\"@type\":\"WebPage\",\"@id\":\"https:\/\/www.trabajodeprocesos.net\/es\/profesorado\/carol-zahner\/#webpage\",\"url\":\"https:\/\/www.trabajodeprocesos.net\/es\/profesorado\/carol-zahner\/\",\"name\":\"Carol Zahner - Trabajo de Procesos\",\"isPartOf\":{\"@id\":\"https:\/\/www.trabajodeprocesos.net\/es\/#website\"},\"primaryImageOfPage\":{\"@id\":\"https:\/\/www.trabajodeprocesos.net\/es\/profesorado\/carol-zahner\/#primaryimage\"},\"datePublished\":\"2020-02-26T15:55:37+00:00\",\"dateModified\":\"2020-11-25T11:54:51+00:00\",\"inLanguage\":\"es\",\"potentialAction\":[{\"@type\":\"ReadAction\",\"target\":[\"https:\/\/www.trabajodeprocesos.net\/es\/profesorado\/carol-zahner\/\"]}]}]}<\/script>\n<!-- \/ Yoast SEO plugin. -->","_links":{"self":[{"href":"https:\/\/www.trabajodeprocesos.net\/es\/wp-json\/wp\/v2\/pages\/872","targetHints":{"allow":["GET"]}}],"collection":[{"href":"https:\/\/www.trabajodeprocesos.net\/es\/wp-json\/wp\/v2\/pages"}],"about":[{"href":"https:\/\/www.trabajodeprocesos.net\/es\/wp-json\/wp\/v2\/types\/page"}],"author":[{"embeddable":true,"href":"https:\/\/www.trabajodeprocesos.net\/es\/wp-json\/wp\/v2\/users\/2"}],"replies":[{"embeddable":true,"href":"https:\/\/www.trabajodeprocesos.net\/es\/wp-json\/wp\/v2\/comments?post=872"}],"version-history":[{"count":6,"href":"https:\/\/www.trabajodeprocesos.net\/es\/wp-json\/wp\/v2\/pages\/872\/revisions"}],"predecessor-version":[{"id":8012,"href":"https:\/\/www.trabajodeprocesos.net\/es\/wp-json\/wp\/v2\/pages\/872\/revisions\/8012"}],"up":[{"embeddable":true,"href":"https:\/\/www.trabajodeprocesos.net\/es\/wp-json\/wp\/v2\/pages\/518"}],"wp:attachment":[{"href":"https:\/\/www.trabajodeprocesos.net\/es\/wp-json\/wp\/v2\/media?parent=872"}],"curies":[{"name":"wp","href":"https:\/\/api.w.org\/{rel}","templated":true}]}}