{"id":869,"date":"2020-02-26T17:53:39","date_gmt":"2020-02-26T15:53:39","guid":{"rendered":"http:\/\/www.trabajodeprocesos.net\/?page_id=869"},"modified":"2021-02-01T16:06:56","modified_gmt":"2021-02-01T14:06:56","slug":"lily-vassillou","status":"publish","type":"page","link":"https:\/\/www.trabajodeprocesos.net\/es\/profesorado\/lily-vassillou\/","title":{"rendered":"Lily Vassillou"},"content":{"rendered":"\t\t<div data-elementor-type=\"wp-page\" data-elementor-id=\"869\" class=\"elementor elementor-869\" data-elementor-settings=\"[]\">\n\t\t\t\t\t\t<div class=\"elementor-inner\">\n\t\t\t\t\t\t\t<div class=\"elementor-section-wrap\">\n\t\t\t\t\t\t\t<section class=\"elementor-section elementor-top-section elementor-element elementor-element-0ce905b elementor-section-boxed elementor-section-height-default elementor-section-height-default\" data-id=\"0ce905b\" data-element_type=\"section\">\n\t\t\t\t\t\t<div class=\"elementor-container elementor-column-gap-default\">\n\t\t\t\t\t\t\t<div class=\"elementor-row\">\n\t\t\t\t\t<div class=\"elementor-column elementor-col-100 elementor-top-column elementor-element elementor-element-ed2da64\" data-id=\"ed2da64\" data-element_type=\"column\">\n\t\t\t<div class=\"elementor-column-wrap elementor-element-populated\">\n\t\t\t\t\t\t\t<div class=\"elementor-widget-wrap\">\n\t\t\t\t\t\t<div class=\"elementor-element elementor-element-ade6fc9 elementor-widget elementor-widget-image\" data-id=\"ade6fc9\" data-element_type=\"widget\" data-widget_type=\"image.default\">\n\t\t\t\t<div class=\"elementor-widget-container\">\n\t\t\t\t\t<div class=\"elementor-image\">\n\t\t\t\t\t\t\t\t\t\t<img loading=\"lazy\" decoding=\"async\" width=\"150\" height=\"150\" src=\"https:\/\/www.trabajodeprocesos.net\/wp-content\/uploads\/2021\/02\/LilyV-2019-150x150.jpg\" class=\"attachment-thumbnail size-thumbnail\" alt=\"\" \/>\t\t\t\t\t\t\t\t\t\t\t<\/div>\n\t\t\t\t<\/div>\n\t\t\t\t<\/div>\n\t\t\t\t\t\t<\/div>\n\t\t\t\t\t<\/div>\n\t\t<\/div>\n\t\t\t\t\t\t\t\t<\/div>\n\t\t\t\t\t<\/div>\n\t\t<\/section>\n\t\t\t\t<section class=\"elementor-section elementor-top-section elementor-element elementor-element-dc9a2df elementor-section-narrow_boxed elementor-section-height-default elementor-section-height-default\" data-id=\"dc9a2df\" data-element_type=\"section\">\n\t\t\t\t\t\t<div class=\"elementor-container elementor-column-gap-default\">\n\t\t\t\t\t\t\t<div class=\"elementor-row\">\n\t\t\t\t\t<div class=\"elementor-column elementor-col-100 elementor-top-column elementor-element elementor-element-00580b0\" data-id=\"00580b0\" data-element_type=\"column\">\n\t\t\t<div class=\"elementor-column-wrap elementor-element-populated\">\n\t\t\t\t\t\t\t<div class=\"elementor-widget-wrap\">\n\t\t\t\t\t\t<div class=\"elementor-element elementor-element-c2089ad elementor-widget elementor-widget-text-editor\" data-id=\"c2089ad\" data-element_type=\"widget\" data-widget_type=\"text-editor.default\">\n\t\t\t\t<div class=\"elementor-widget-container\">\n\t\t\t\t\t<div class=\"elementor-text-editor elementor-clearfix\"><p>Lily Vassiliou, Ph.D., es una trabajadora de procesos certificada con bagaje en trabajo social, teor\u00eda de sistemas y din\u00e1micas de grupo. Complet\u00f3 sus estudios de doctorado en el \u00e1rea de Psicolog\u00eda, investigando el enfoque de Processwork en relaci\u00f3n a los ataques de p\u00e1nico.<\/p>\n<p>Junto con sus colegas, llev\u00f3 Trabajo de Procesos a Grecia, co-fundadora de Processwork Greece y Processwork Hub. Es miembro de la facultad de los programas de formaci\u00f3n en Processwork Hub (Atenas) y en Process Work Institute (Portland, EE. UU). Lily trabaja en Grecia e internacionalmente como trabajadora de procesos, formadora, supervisora, coordinadora de grupos y conflictos y como consultora organizacional.<\/p>\n<p>En Trabajo de Procesos Lily encontr\u00f3 un paradigma que entiende lo que est\u00e1 sucediendo como el Maestro; un paradigma que valora todas las experiencias y encuentra tesoros escondidos incluso en la m\u00e1s problem\u00e1tica de ellas. Esta visi\u00f3n del mundo encaja con su sentimiento sobre la vida. Estar inmerso en ella le dio una comprensi\u00f3n y apreciaci\u00f3n m\u00e1s profunda de s\u00ed misma y del mundo que la rodea.<\/p>\n<p>Entre sus intereses est\u00e1 el Trabajo Global (Worldwork) como metodolog\u00eda para trabajar en temas de diversidad y construir una comunidad sostenible. Ha ayudado a organizar y co-organizar Foros Abiertos en la ciudad en Atenas en torno a la crisis econ\u00f3mica y los cambios sociales implicados, pero tambi\u00e9n en el extranjero, en Portland y Eugene, (Oreg\u00f3n, EE. UU) en temas como el racismo, la xenofobia, sexismo y homofobia, y en Beaston, (Leeds, Reino Unido) acerca de las secuelas de los atentados de julio de 2005 en Londres. En Grecia estos d\u00edas, entre los otros proyectos en los que participa, trabaja con equipos de varias ONG que trabajan en los campos de refugiados, brind\u00e1ndoles apoyo para la creaci\u00f3n de equipos de trabajo, la supervisi\u00f3n y la prevenci\u00f3n del agotamiento. Otros intereses de ella son las experiencias cercanas a la muerte y el trabajo con personas en estado de coma.<\/p><p><br><\/p><\/div>\n\t\t\t\t<\/div>\n\t\t\t\t<\/div>\n\t\t\t\t\t\t<\/div>\n\t\t\t\t\t<\/div>\n\t\t<\/div>\n\t\t\t\t\t\t\t\t<\/div>\n\t\t\t\t\t<\/div>\n\t\t<\/section>\n\t\t\t\t\t\t<\/div>\n\t\t\t\t\t\t<\/div>\n\t\t\t\t\t<\/div>\n\t\t","protected":false},"excerpt":{"rendered":"<p>Lily Vassiliou, Ph.D., es una trabajadora de procesos certificada con bagaje en trabajo social, teor\u00eda de sistemas y din\u00e1micas de grupo. Complet\u00f3 sus estudios de doctorado en el \u00e1rea de Psicolog\u00eda, investigando el enfoque de Processwork en relaci\u00f3n a los ataques de p\u00e1nico. Junto con sus colegas, llev\u00f3 Trabajo de Procesos a Grecia, co-fundadora de [&hellip;]<\/p>\n","protected":false},"author":2,"featured_media":0,"parent":518,"menu_order":0,"comment_status":"closed","ping_status":"closed","template":"","meta":{"footnotes":""},"class_list":["post-869","page","type-page","status-publish","hentry"],"yoast_head":"<!-- This site is optimized with the Yoast SEO plugin v15.4 - https:\/\/yoast.com\/wordpress\/plugins\/seo\/ -->\n<title>Lily Vassillou - Trabajo de Procesos<\/title>\n<meta name=\"robots\" content=\"index, follow, max-snippet:-1, max-image-preview:large, max-video-preview:-1\" \/>\n<link rel=\"canonical\" href=\"https:\/\/www.trabajodeprocesos.net\/es\/profesorado\/lily-vassillou\/\" \/>\n<meta property=\"og:locale\" content=\"es_ES\" \/>\n<meta property=\"og:type\" content=\"article\" \/>\n<meta property=\"og:title\" content=\"Lily Vassillou - Trabajo de Procesos\" \/>\n<meta property=\"og:description\" content=\"Lily Vassiliou, Ph.D., es una trabajadora de procesos certificada con bagaje en trabajo social, teor\u00eda de sistemas y din\u00e1micas de grupo. Complet\u00f3 sus estudios de doctorado en el \u00e1rea de Psicolog\u00eda, investigando el enfoque de Processwork en relaci\u00f3n a los ataques de p\u00e1nico. Junto con sus colegas, llev\u00f3 Trabajo de Procesos a Grecia, co-fundadora de [&hellip;]\" \/>\n<meta property=\"og:url\" content=\"https:\/\/www.trabajodeprocesos.net\/es\/profesorado\/lily-vassillou\/\" \/>\n<meta property=\"og:site_name\" content=\"Trabajo de Procesos\" \/>\n<meta property=\"article:modified_time\" content=\"2021-02-01T14:06:56+00:00\" \/>\n<meta property=\"og:image\" content=\"http:\/\/www.trabajodeprocesos.net\/wp-content\/uploads\/2021\/02\/LilyV-2019-150x150.jpg\" \/>\n<meta name=\"twitter:card\" content=\"summary_large_image\" \/>\n<meta name=\"twitter:label1\" content=\"Escrito por\">\n\t<meta name=\"twitter:data1\" content=\"Whads Media Studios\">\n\t<meta name=\"twitter:label2\" content=\"Tiempo de lectura\">\n\t<meta name=\"twitter:data2\" content=\"1 minuto\">\n<script type=\"application\/ld+json\" class=\"yoast-schema-graph\">{\"@context\":\"https:\/\/schema.org\",\"@graph\":[{\"@type\":\"WebSite\",\"@id\":\"https:\/\/www.trabajodeprocesos.net\/es\/#website\",\"url\":\"https:\/\/www.trabajodeprocesos.net\/es\/\",\"name\":\"Trabajo de Procesos\",\"description\":\"\",\"potentialAction\":[{\"@type\":\"SearchAction\",\"target\":\"https:\/\/www.trabajodeprocesos.net\/es\/?s={search_term_string}\",\"query-input\":\"required name=search_term_string\"}],\"inLanguage\":\"es\"},{\"@type\":\"ImageObject\",\"@id\":\"https:\/\/www.trabajodeprocesos.net\/es\/profesorado\/lily-vassillou\/#primaryimage\",\"inLanguage\":\"es\",\"url\":\"http:\/\/www.trabajodeprocesos.net\/wp-content\/uploads\/2021\/02\/LilyV-2019-150x150.jpg\"},{\"@type\":\"WebPage\",\"@id\":\"https:\/\/www.trabajodeprocesos.net\/es\/profesorado\/lily-vassillou\/#webpage\",\"url\":\"https:\/\/www.trabajodeprocesos.net\/es\/profesorado\/lily-vassillou\/\",\"name\":\"Lily Vassillou - Trabajo de Procesos\",\"isPartOf\":{\"@id\":\"https:\/\/www.trabajodeprocesos.net\/es\/#website\"},\"primaryImageOfPage\":{\"@id\":\"https:\/\/www.trabajodeprocesos.net\/es\/profesorado\/lily-vassillou\/#primaryimage\"},\"datePublished\":\"2020-02-26T15:53:39+00:00\",\"dateModified\":\"2021-02-01T14:06:56+00:00\",\"inLanguage\":\"es\",\"potentialAction\":[{\"@type\":\"ReadAction\",\"target\":[\"https:\/\/www.trabajodeprocesos.net\/es\/profesorado\/lily-vassillou\/\"]}]}]}<\/script>\n<!-- \/ Yoast SEO plugin. -->","_links":{"self":[{"href":"https:\/\/www.trabajodeprocesos.net\/es\/wp-json\/wp\/v2\/pages\/869","targetHints":{"allow":["GET"]}}],"collection":[{"href":"https:\/\/www.trabajodeprocesos.net\/es\/wp-json\/wp\/v2\/pages"}],"about":[{"href":"https:\/\/www.trabajodeprocesos.net\/es\/wp-json\/wp\/v2\/types\/page"}],"author":[{"embeddable":true,"href":"https:\/\/www.trabajodeprocesos.net\/es\/wp-json\/wp\/v2\/users\/2"}],"replies":[{"embeddable":true,"href":"https:\/\/www.trabajodeprocesos.net\/es\/wp-json\/wp\/v2\/comments?post=869"}],"version-history":[{"count":9,"href":"https:\/\/www.trabajodeprocesos.net\/es\/wp-json\/wp\/v2\/pages\/869\/revisions"}],"predecessor-version":[{"id":9853,"href":"https:\/\/www.trabajodeprocesos.net\/es\/wp-json\/wp\/v2\/pages\/869\/revisions\/9853"}],"up":[{"embeddable":true,"href":"https:\/\/www.trabajodeprocesos.net\/es\/wp-json\/wp\/v2\/pages\/518"}],"wp:attachment":[{"href":"https:\/\/www.trabajodeprocesos.net\/es\/wp-json\/wp\/v2\/media?parent=869"}],"curies":[{"name":"wp","href":"https:\/\/api.w.org\/{rel}","templated":true}]}}