{"id":865,"date":"2020-02-26T17:51:40","date_gmt":"2020-02-26T15:51:40","guid":{"rendered":"http:\/\/www.trabajodeprocesos.net\/?page_id=865"},"modified":"2020-11-25T13:51:57","modified_gmt":"2020-11-25T11:51:57","slug":"boris-sopko","status":"publish","type":"page","link":"https:\/\/www.trabajodeprocesos.net\/es\/profesorado\/boris-sopko\/","title":{"rendered":"Boris Sopko"},"content":{"rendered":"\t\t<div data-elementor-type=\"wp-page\" data-elementor-id=\"865\" class=\"elementor elementor-865\" data-elementor-settings=\"[]\">\n\t\t\t\t\t\t<div class=\"elementor-inner\">\n\t\t\t\t\t\t\t<div class=\"elementor-section-wrap\">\n\t\t\t\t\t\t\t<section class=\"elementor-section elementor-top-section elementor-element elementor-element-c099b3b elementor-section-boxed elementor-section-height-default elementor-section-height-default\" data-id=\"c099b3b\" data-element_type=\"section\">\n\t\t\t\t\t\t<div class=\"elementor-container elementor-column-gap-default\">\n\t\t\t\t\t\t\t<div class=\"elementor-row\">\n\t\t\t\t\t<div class=\"elementor-column elementor-col-100 elementor-top-column elementor-element elementor-element-0ebbfb3\" data-id=\"0ebbfb3\" data-element_type=\"column\">\n\t\t\t<div class=\"elementor-column-wrap elementor-element-populated\">\n\t\t\t\t\t\t\t<div class=\"elementor-widget-wrap\">\n\t\t\t\t\t\t<div class=\"elementor-element elementor-element-8e2f9a8 elementor-widget elementor-widget-image\" data-id=\"8e2f9a8\" data-element_type=\"widget\" data-widget_type=\"image.default\">\n\t\t\t\t<div class=\"elementor-widget-container\">\n\t\t\t\t\t<div class=\"elementor-image\">\n\t\t\t\t\t\t\t\t\t\t<img loading=\"lazy\" decoding=\"async\" width=\"229\" height=\"228\" src=\"https:\/\/www.trabajodeprocesos.net\/wp-content\/uploads\/2019\/12\/boris-sopko.jpg\" class=\"attachment-large size-large\" alt=\"\" srcset=\"https:\/\/www.trabajodeprocesos.net\/wp-content\/uploads\/2019\/12\/boris-sopko.jpg 229w, https:\/\/www.trabajodeprocesos.net\/wp-content\/uploads\/2019\/12\/boris-sopko-150x150.jpg 150w\" sizes=\"auto, (max-width: 229px) 100vw, 229px\" \/>\t\t\t\t\t\t\t\t\t\t\t<\/div>\n\t\t\t\t<\/div>\n\t\t\t\t<\/div>\n\t\t\t\t\t\t<\/div>\n\t\t\t\t\t<\/div>\n\t\t<\/div>\n\t\t\t\t\t\t\t\t<\/div>\n\t\t\t\t\t<\/div>\n\t\t<\/section>\n\t\t\t\t<section class=\"elementor-section elementor-top-section elementor-element elementor-element-b4a3c94 elementor-section-narrow_boxed elementor-section-height-default elementor-section-height-default\" data-id=\"b4a3c94\" data-element_type=\"section\">\n\t\t\t\t\t\t<div class=\"elementor-container elementor-column-gap-default\">\n\t\t\t\t\t\t\t<div class=\"elementor-row\">\n\t\t\t\t\t<div class=\"elementor-column elementor-col-100 elementor-top-column elementor-element elementor-element-48a87ec\" data-id=\"48a87ec\" data-element_type=\"column\">\n\t\t\t<div class=\"elementor-column-wrap elementor-element-populated\">\n\t\t\t\t\t\t\t<div class=\"elementor-widget-wrap\">\n\t\t\t\t\t\t<div class=\"elementor-element elementor-element-f6f3746 elementor-widget elementor-widget-text-editor\" data-id=\"f6f3746\" data-element_type=\"widget\" data-widget_type=\"text-editor.default\">\n\t\t\t\t<div class=\"elementor-widget-container\">\n\t\t\t\t\t<div class=\"elementor-text-editor elementor-clearfix\"><p><span style=\"color: inherit; font-family: inherit; font-size: inherit; font-weight: inherit;\">Crec\u00ed en una peque\u00f1a ciudad al este de Eslovaquia, Humenn\u00e9. Mi primera experiencia con el Trabajo Orientado a Procesos fue en 1994 en el encuentro de Worldwork en Slovakia, fue entonces cuando decid\u00ed estudiar Process Work y en 2012 me diplom\u00e9 con el Research Society for Process Oriented Psychology (Reino Unido).<\/span><br><\/p>\n<p>Gran parte de mi experiencia est\u00e1 basada en el campo de la salud mental y durante los \u00faltimos 15 a\u00f1os me ha ido fascinando el campo del trauma, tanto a nivel individual como a nivel social y comunitario. Contin\u00fao explorando c\u00f3mo la din\u00e1mica del trauma conforma la manera en que me relaciono conmigo mismo y mi entorno y tambi\u00e9n me fascina la profunda sabidur\u00eda que tiene la naturaleza para crear caminos de expresi\u00f3n a estados bloqueados y dar as\u00ed fin a historias inacabadas. Adem\u00e1s de Trabajo Orientado a Procesos me form\u00e9 en Som\u00e1tic Experience con el enfoque de P. Levine.<\/p>\n<p>Es un privilegio para mi que mi compa\u00f1era Neus Andreu Monsech quien adem\u00e1s es la madre de nuestros hijos, sea al mismo tiempo mi compa\u00f1era en multitud de proyectos en Barcelona en torno a&nbsp; la facilitaci\u00f3n, y el procesado historias colectivas (Formaci\u00f3n anual en Facilitaci\u00f3n, Petjades del Passat).<\/p>\n<p>Siento que la vida fue generosa conmigo cuando la trajo a mi lado. Me encanta la naturaleza. Es una de mis mayores aliadas. Las monta\u00f1as y el mar me conectan con mundos que van m\u00e1s all\u00e1 de las palabras donde a menudo me siento como en casa.<\/p>\n<p><br><\/p>\n<p><\/p><\/div>\n\t\t\t\t<\/div>\n\t\t\t\t<\/div>\n\t\t\t\t\t\t<\/div>\n\t\t\t\t\t<\/div>\n\t\t<\/div>\n\t\t\t\t\t\t\t\t<\/div>\n\t\t\t\t\t<\/div>\n\t\t<\/section>\n\t\t\t\t\t\t<\/div>\n\t\t\t\t\t\t<\/div>\n\t\t\t\t\t<\/div>\n\t\t","protected":false},"excerpt":{"rendered":"<p>Crec\u00ed en una peque\u00f1a ciudad al este de Eslovaquia, Humenn\u00e9. Mi primera experiencia con el Trabajo Orientado a Procesos fue en 1994 en el encuentro de Worldwork en Slovakia, fue entonces cuando decid\u00ed estudiar Process Work y en 2012 me diplom\u00e9 con el Research Society for Process Oriented Psychology (Reino Unido). Gran parte de mi [&hellip;]<\/p>\n","protected":false},"author":2,"featured_media":0,"parent":518,"menu_order":0,"comment_status":"closed","ping_status":"closed","template":"","meta":{"footnotes":""},"class_list":["post-865","page","type-page","status-publish","hentry"],"yoast_head":"<!-- This site is optimized with the Yoast SEO plugin v15.4 - https:\/\/yoast.com\/wordpress\/plugins\/seo\/ -->\n<title>Boris Sopko - Trabajo de Procesos<\/title>\n<meta name=\"robots\" content=\"index, follow, max-snippet:-1, max-image-preview:large, max-video-preview:-1\" \/>\n<link rel=\"canonical\" href=\"https:\/\/www.trabajodeprocesos.net\/es\/profesorado\/boris-sopko\/\" \/>\n<meta property=\"og:locale\" content=\"es_ES\" \/>\n<meta property=\"og:type\" content=\"article\" \/>\n<meta property=\"og:title\" content=\"Boris Sopko - Trabajo de Procesos\" \/>\n<meta property=\"og:description\" content=\"Crec\u00ed en una peque\u00f1a ciudad al este de Eslovaquia, Humenn\u00e9. Mi primera experiencia con el Trabajo Orientado a Procesos fue en 1994 en el encuentro de Worldwork en Slovakia, fue entonces cuando decid\u00ed estudiar Process Work y en 2012 me diplom\u00e9 con el Research Society for Process Oriented Psychology (Reino Unido). Gran parte de mi [&hellip;]\" \/>\n<meta property=\"og:url\" content=\"https:\/\/www.trabajodeprocesos.net\/es\/profesorado\/boris-sopko\/\" \/>\n<meta property=\"og:site_name\" content=\"Trabajo de Procesos\" \/>\n<meta property=\"article:modified_time\" content=\"2020-11-25T11:51:57+00:00\" \/>\n<meta property=\"og:image\" content=\"http:\/\/www.trabajodeprocesos.net\/wp-content\/uploads\/2019\/12\/boris-sopko.jpg\" \/>\n<meta name=\"twitter:card\" content=\"summary_large_image\" \/>\n<meta name=\"twitter:label1\" content=\"Escrito por\">\n\t<meta name=\"twitter:data1\" content=\"Whads Media Studios\">\n\t<meta name=\"twitter:label2\" content=\"Tiempo de lectura\">\n\t<meta name=\"twitter:data2\" content=\"1 minuto\">\n<script type=\"application\/ld+json\" class=\"yoast-schema-graph\">{\"@context\":\"https:\/\/schema.org\",\"@graph\":[{\"@type\":\"WebSite\",\"@id\":\"https:\/\/www.trabajodeprocesos.net\/es\/#website\",\"url\":\"https:\/\/www.trabajodeprocesos.net\/es\/\",\"name\":\"Trabajo de Procesos\",\"description\":\"\",\"potentialAction\":[{\"@type\":\"SearchAction\",\"target\":\"https:\/\/www.trabajodeprocesos.net\/es\/?s={search_term_string}\",\"query-input\":\"required name=search_term_string\"}],\"inLanguage\":\"es\"},{\"@type\":\"ImageObject\",\"@id\":\"https:\/\/www.trabajodeprocesos.net\/es\/profesorado\/boris-sopko\/#primaryimage\",\"inLanguage\":\"es\",\"url\":\"http:\/\/www.trabajodeprocesos.net\/wp-content\/uploads\/2019\/12\/boris-sopko.jpg\"},{\"@type\":\"WebPage\",\"@id\":\"https:\/\/www.trabajodeprocesos.net\/es\/profesorado\/boris-sopko\/#webpage\",\"url\":\"https:\/\/www.trabajodeprocesos.net\/es\/profesorado\/boris-sopko\/\",\"name\":\"Boris Sopko - Trabajo de Procesos\",\"isPartOf\":{\"@id\":\"https:\/\/www.trabajodeprocesos.net\/es\/#website\"},\"primaryImageOfPage\":{\"@id\":\"https:\/\/www.trabajodeprocesos.net\/es\/profesorado\/boris-sopko\/#primaryimage\"},\"datePublished\":\"2020-02-26T15:51:40+00:00\",\"dateModified\":\"2020-11-25T11:51:57+00:00\",\"inLanguage\":\"es\",\"potentialAction\":[{\"@type\":\"ReadAction\",\"target\":[\"https:\/\/www.trabajodeprocesos.net\/es\/profesorado\/boris-sopko\/\"]}]}]}<\/script>\n<!-- \/ Yoast SEO plugin. -->","_links":{"self":[{"href":"https:\/\/www.trabajodeprocesos.net\/es\/wp-json\/wp\/v2\/pages\/865","targetHints":{"allow":["GET"]}}],"collection":[{"href":"https:\/\/www.trabajodeprocesos.net\/es\/wp-json\/wp\/v2\/pages"}],"about":[{"href":"https:\/\/www.trabajodeprocesos.net\/es\/wp-json\/wp\/v2\/types\/page"}],"author":[{"embeddable":true,"href":"https:\/\/www.trabajodeprocesos.net\/es\/wp-json\/wp\/v2\/users\/2"}],"replies":[{"embeddable":true,"href":"https:\/\/www.trabajodeprocesos.net\/es\/wp-json\/wp\/v2\/comments?post=865"}],"version-history":[{"count":4,"href":"https:\/\/www.trabajodeprocesos.net\/es\/wp-json\/wp\/v2\/pages\/865\/revisions"}],"predecessor-version":[{"id":8008,"href":"https:\/\/www.trabajodeprocesos.net\/es\/wp-json\/wp\/v2\/pages\/865\/revisions\/8008"}],"up":[{"embeddable":true,"href":"https:\/\/www.trabajodeprocesos.net\/es\/wp-json\/wp\/v2\/pages\/518"}],"wp:attachment":[{"href":"https:\/\/www.trabajodeprocesos.net\/es\/wp-json\/wp\/v2\/media?parent=865"}],"curies":[{"name":"wp","href":"https:\/\/api.w.org\/{rel}","templated":true}]}}