{"id":860,"date":"2020-02-26T17:48:18","date_gmt":"2020-02-26T15:48:18","guid":{"rendered":"http:\/\/www.trabajodeprocesos.net\/?page_id=860"},"modified":"2020-11-25T13:50:32","modified_gmt":"2020-11-25T11:50:32","slug":"andy-smith","status":"publish","type":"page","link":"https:\/\/www.trabajodeprocesos.net\/es\/profesorado\/andy-smith\/","title":{"rendered":"Andy Smith"},"content":{"rendered":"\t\t<div data-elementor-type=\"wp-page\" data-elementor-id=\"860\" class=\"elementor elementor-860\" data-elementor-settings=\"[]\">\n\t\t\t\t\t\t<div class=\"elementor-inner\">\n\t\t\t\t\t\t\t<div class=\"elementor-section-wrap\">\n\t\t\t\t\t\t\t<section class=\"elementor-section elementor-top-section elementor-element elementor-element-b7b8846 elementor-section-boxed elementor-section-height-default elementor-section-height-default\" data-id=\"b7b8846\" data-element_type=\"section\">\n\t\t\t\t\t\t<div class=\"elementor-container elementor-column-gap-default\">\n\t\t\t\t\t\t\t<div class=\"elementor-row\">\n\t\t\t\t\t<div class=\"elementor-column elementor-col-100 elementor-top-column elementor-element elementor-element-9f66b9f\" data-id=\"9f66b9f\" data-element_type=\"column\">\n\t\t\t<div class=\"elementor-column-wrap elementor-element-populated\">\n\t\t\t\t\t\t\t<div class=\"elementor-widget-wrap\">\n\t\t\t\t\t\t<div class=\"elementor-element elementor-element-327a823 elementor-widget elementor-widget-image\" data-id=\"327a823\" data-element_type=\"widget\" data-widget_type=\"image.default\">\n\t\t\t\t<div class=\"elementor-widget-container\">\n\t\t\t\t\t<div class=\"elementor-image\">\n\t\t\t\t\t\t\t\t\t\t<img loading=\"lazy\" decoding=\"async\" width=\"211\" height=\"211\" src=\"https:\/\/www.trabajodeprocesos.net\/wp-content\/uploads\/2019\/12\/andy-smith.jpg\" class=\"attachment-full size-full\" alt=\"\" srcset=\"https:\/\/www.trabajodeprocesos.net\/wp-content\/uploads\/2019\/12\/andy-smith.jpg 211w, https:\/\/www.trabajodeprocesos.net\/wp-content\/uploads\/2019\/12\/andy-smith-150x150.jpg 150w\" sizes=\"auto, (max-width: 211px) 100vw, 211px\" \/>\t\t\t\t\t\t\t\t\t\t\t<\/div>\n\t\t\t\t<\/div>\n\t\t\t\t<\/div>\n\t\t\t\t\t\t<\/div>\n\t\t\t\t\t<\/div>\n\t\t<\/div>\n\t\t\t\t\t\t\t\t<\/div>\n\t\t\t\t\t<\/div>\n\t\t<\/section>\n\t\t\t\t<section class=\"elementor-section elementor-top-section elementor-element elementor-element-0831cc7 elementor-section-narrow_boxed elementor-section-height-default elementor-section-height-default\" data-id=\"0831cc7\" data-element_type=\"section\">\n\t\t\t\t\t\t<div class=\"elementor-container elementor-column-gap-default\">\n\t\t\t\t\t\t\t<div class=\"elementor-row\">\n\t\t\t\t\t<div class=\"elementor-column elementor-col-100 elementor-top-column elementor-element elementor-element-40718ad\" data-id=\"40718ad\" data-element_type=\"column\">\n\t\t\t<div class=\"elementor-column-wrap elementor-element-populated\">\n\t\t\t\t\t\t\t<div class=\"elementor-widget-wrap\">\n\t\t\t\t\t\t<div class=\"elementor-element elementor-element-378acab elementor-widget elementor-widget-text-editor\" data-id=\"378acab\" data-element_type=\"widget\" data-widget_type=\"text-editor.default\">\n\t\t\t\t<div class=\"elementor-widget-container\">\n\t\t\t\t\t<div class=\"elementor-text-editor elementor-clearfix\"><p>\u00a0<\/p><p>El trabajo de Andy se centra en el cambio y la transformaci\u00f3n comunitaria y de las organizaciones, la democracia participativa, la inclusi\u00f3n y la diversidad.<\/p><p><strong>Trabajo Principal<\/strong><\/p><p>Con su compa\u00f1era (Pat Black) fund\u00f3 Diversity Matters en 2001;\u00a0 esta asociaci\u00f3n trabaja por una sociedad m\u00e1s inclusiva, especialmente en la transformaci\u00f3n comunitaria, la atenci\u00f3n social y el sistema sanitario; Valorando y poniendo de relieve las aportaciones de grupos e identidades marginadas por la sociedad, y encontrando nuevas f\u00f3rmulas para motivar, ense\u00f1ar y aprender de forma colaborativa.<\/p><p>Este trabajo ha tenido como resultado tres premios internacionales sobre el dise\u00f1o educativo tanto a nivel universitario como elemental, con premios para la inclusi\u00f3n, cambio del lugar de trabajo, aprendizaje permanente e innovaci\u00f3n global en educaci\u00f3n.<\/p><p>Su visi\u00f3n y pr\u00e1ctica iniciaron y crearon alianzas con el objetivo general de un mundo m\u00e1s inclusivo y creativo, trabajando con grupos gubernamentales y ONG\u2019s, Centros Sociales y comunidades de base. Esto construye 25 a\u00f1os de experiencia en consultor\u00eda organizacional y ayudando a establecerse una serie de exitosas organizaciones voluntarias en Escocia. El trabajo actual incluye colaboraciones con el Gobierno de Escocia, el Consejo de Servicios Sociales de Escocia, organizaciones de apoyo y cuidado de minor\u00edas \u00e9tnicas, administraciones locales y una variedad de socios internacionales.<\/p><p><strong>Profesor<\/strong><\/p><p>La ense\u00f1anza de Andy en Trabajo de Procesos se centra en el trabajo global (worldwork), la democracia profunda y otros enfoques sist\u00e9micos, pero tambi\u00e9n en explorar y acoger estados no ordinarios, alterados o extremos de consciencia. Tambi\u00e9n trae enfoques y acercamientos cham\u00e1nicos, trabajo con el cuerpo, sus s\u00edntomas y la enfermedad. Todo esto poniendo un fuerte \u00e9nfasis en el trabajo interior y el desarrollo personal que vertebra todo su trabajo.<\/p><p><strong>Acad\u00e9mico<\/strong><\/p><p>Andy es un psicoterapeuta, supervisor y supervisor de formaciones registrado en UKCP (Reino Unido),\u00a0 as\u00ed como miembro de la facultad en la formaci\u00f3n de Process Work del Reino Unido. Su tesis tom\u00f3 una perspectiva sist\u00e9mica y se centr\u00f3 en el trabajo interior y el cambio organizacional. Adem\u00e1s de dise\u00f1ar un curso universitario de posgrado en liderazgo, Andy tambi\u00e9n fue co-dise\u00f1ador y profesor principal de un exitoso programa de capacitaci\u00f3n en educaci\u00f3n superior con la Universidad Queen Margaret de Edimburg (Esc\u00f3cia).<\/p><p><strong>Otros<\/strong><\/p><p>Le apasiona el ciclismo, acampar en lugares remotos, escribir canciones, los estados m\u00edsticos, cantar en la ducha y perderse en las nubes mientras ve un partido de rugby.<\/p><p>\u00a0<\/p><p>\u00a0<\/p><\/div>\n\t\t\t\t<\/div>\n\t\t\t\t<\/div>\n\t\t\t\t\t\t<\/div>\n\t\t\t\t\t<\/div>\n\t\t<\/div>\n\t\t\t\t\t\t\t\t<\/div>\n\t\t\t\t\t<\/div>\n\t\t<\/section>\n\t\t\t\t\t\t<\/div>\n\t\t\t\t\t\t<\/div>\n\t\t\t\t\t<\/div>\n\t\t","protected":false},"excerpt":{"rendered":"<p>El trabajo de Andy se centra en el cambio y la transformaci\u00f3n comunitaria y de las organizaciones, la democracia participativa, la inclusi\u00f3n y la diversidad. Trabajo Principal Con su compa\u00f1era (Pat Black) fund\u00f3 Diversity Matters en 2001;&nbsp; esta asociaci\u00f3n trabaja por una sociedad m\u00e1s inclusiva, especialmente en la transformaci\u00f3n comunitaria, la atenci\u00f3n social y el [&hellip;]<\/p>\n","protected":false},"author":2,"featured_media":0,"parent":518,"menu_order":0,"comment_status":"closed","ping_status":"closed","template":"","meta":{"footnotes":""},"class_list":["post-860","page","type-page","status-publish","hentry"],"yoast_head":"<!-- This site is optimized with the Yoast SEO plugin v15.4 - https:\/\/yoast.com\/wordpress\/plugins\/seo\/ -->\n<title>Andy Smith - Trabajo de Procesos<\/title>\n<meta name=\"robots\" content=\"index, follow, max-snippet:-1, max-image-preview:large, max-video-preview:-1\" \/>\n<link rel=\"canonical\" href=\"https:\/\/www.trabajodeprocesos.net\/es\/profesorado\/andy-smith\/\" \/>\n<meta property=\"og:locale\" content=\"es_ES\" \/>\n<meta property=\"og:type\" content=\"article\" \/>\n<meta property=\"og:title\" content=\"Andy Smith - Trabajo de Procesos\" \/>\n<meta property=\"og:description\" content=\"El trabajo de Andy se centra en el cambio y la transformaci\u00f3n comunitaria y de las organizaciones, la democracia participativa, la inclusi\u00f3n y la diversidad. Trabajo Principal Con su compa\u00f1era (Pat Black) fund\u00f3 Diversity Matters en 2001;&nbsp; esta asociaci\u00f3n trabaja por una sociedad m\u00e1s inclusiva, especialmente en la transformaci\u00f3n comunitaria, la atenci\u00f3n social y el [&hellip;]\" \/>\n<meta property=\"og:url\" content=\"https:\/\/www.trabajodeprocesos.net\/es\/profesorado\/andy-smith\/\" \/>\n<meta property=\"og:site_name\" content=\"Trabajo de Procesos\" \/>\n<meta property=\"article:modified_time\" content=\"2020-11-25T11:50:32+00:00\" \/>\n<meta property=\"og:image\" content=\"http:\/\/www.trabajodeprocesos.net\/wp-content\/uploads\/2019\/12\/andy-smith.jpg\" \/>\n<meta name=\"twitter:card\" content=\"summary_large_image\" \/>\n<meta name=\"twitter:label1\" content=\"Escrito por\">\n\t<meta name=\"twitter:data1\" content=\"Whads Media Studios\">\n\t<meta name=\"twitter:label2\" content=\"Tiempo de lectura\">\n\t<meta name=\"twitter:data2\" content=\"2 minutos\">\n<script type=\"application\/ld+json\" class=\"yoast-schema-graph\">{\"@context\":\"https:\/\/schema.org\",\"@graph\":[{\"@type\":\"WebSite\",\"@id\":\"https:\/\/www.trabajodeprocesos.net\/es\/#website\",\"url\":\"https:\/\/www.trabajodeprocesos.net\/es\/\",\"name\":\"Trabajo de Procesos\",\"description\":\"\",\"potentialAction\":[{\"@type\":\"SearchAction\",\"target\":\"https:\/\/www.trabajodeprocesos.net\/es\/?s={search_term_string}\",\"query-input\":\"required name=search_term_string\"}],\"inLanguage\":\"es\"},{\"@type\":\"ImageObject\",\"@id\":\"https:\/\/www.trabajodeprocesos.net\/es\/profesorado\/andy-smith\/#primaryimage\",\"inLanguage\":\"es\",\"url\":\"http:\/\/www.trabajodeprocesos.net\/wp-content\/uploads\/2019\/12\/andy-smith.jpg\"},{\"@type\":\"WebPage\",\"@id\":\"https:\/\/www.trabajodeprocesos.net\/es\/profesorado\/andy-smith\/#webpage\",\"url\":\"https:\/\/www.trabajodeprocesos.net\/es\/profesorado\/andy-smith\/\",\"name\":\"Andy Smith - Trabajo de Procesos\",\"isPartOf\":{\"@id\":\"https:\/\/www.trabajodeprocesos.net\/es\/#website\"},\"primaryImageOfPage\":{\"@id\":\"https:\/\/www.trabajodeprocesos.net\/es\/profesorado\/andy-smith\/#primaryimage\"},\"datePublished\":\"2020-02-26T15:48:18+00:00\",\"dateModified\":\"2020-11-25T11:50:32+00:00\",\"inLanguage\":\"es\",\"potentialAction\":[{\"@type\":\"ReadAction\",\"target\":[\"https:\/\/www.trabajodeprocesos.net\/es\/profesorado\/andy-smith\/\"]}]}]}<\/script>\n<!-- \/ Yoast SEO plugin. -->","_links":{"self":[{"href":"https:\/\/www.trabajodeprocesos.net\/es\/wp-json\/wp\/v2\/pages\/860","targetHints":{"allow":["GET"]}}],"collection":[{"href":"https:\/\/www.trabajodeprocesos.net\/es\/wp-json\/wp\/v2\/pages"}],"about":[{"href":"https:\/\/www.trabajodeprocesos.net\/es\/wp-json\/wp\/v2\/types\/page"}],"author":[{"embeddable":true,"href":"https:\/\/www.trabajodeprocesos.net\/es\/wp-json\/wp\/v2\/users\/2"}],"replies":[{"embeddable":true,"href":"https:\/\/www.trabajodeprocesos.net\/es\/wp-json\/wp\/v2\/comments?post=860"}],"version-history":[{"count":5,"href":"https:\/\/www.trabajodeprocesos.net\/es\/wp-json\/wp\/v2\/pages\/860\/revisions"}],"predecessor-version":[{"id":7613,"href":"https:\/\/www.trabajodeprocesos.net\/es\/wp-json\/wp\/v2\/pages\/860\/revisions\/7613"}],"up":[{"embeddable":true,"href":"https:\/\/www.trabajodeprocesos.net\/es\/wp-json\/wp\/v2\/pages\/518"}],"wp:attachment":[{"href":"https:\/\/www.trabajodeprocesos.net\/es\/wp-json\/wp\/v2\/media?parent=860"}],"curies":[{"name":"wp","href":"https:\/\/api.w.org\/{rel}","templated":true}]}}