{"id":848,"date":"2020-02-26T17:40:24","date_gmt":"2020-02-26T15:40:24","guid":{"rendered":"http:\/\/www.trabajodeprocesos.net\/?page_id=848"},"modified":"2020-11-25T13:11:08","modified_gmt":"2020-11-25T11:11:08","slug":"evelyn-figueroa","status":"publish","type":"page","link":"https:\/\/www.trabajodeprocesos.net\/es\/profesorado\/evelyn-figueroa\/","title":{"rendered":"Evelyn Figueroa"},"content":{"rendered":"\t\t<div data-elementor-type=\"wp-page\" data-elementor-id=\"848\" class=\"elementor elementor-848\" data-elementor-settings=\"[]\">\n\t\t\t\t\t\t<div class=\"elementor-inner\">\n\t\t\t\t\t\t\t<div class=\"elementor-section-wrap\">\n\t\t\t\t\t\t\t<section class=\"elementor-section elementor-top-section elementor-element elementor-element-62077a0 elementor-section-boxed elementor-section-height-default elementor-section-height-default\" data-id=\"62077a0\" data-element_type=\"section\">\n\t\t\t\t\t\t<div class=\"elementor-container elementor-column-gap-default\">\n\t\t\t\t\t\t\t<div class=\"elementor-row\">\n\t\t\t\t\t<div class=\"elementor-column elementor-col-100 elementor-top-column elementor-element elementor-element-092ccc0\" data-id=\"092ccc0\" data-element_type=\"column\">\n\t\t\t<div class=\"elementor-column-wrap elementor-element-populated\">\n\t\t\t\t\t\t\t<div class=\"elementor-widget-wrap\">\n\t\t\t\t\t\t<div class=\"elementor-element elementor-element-1d31d8e elementor-widget elementor-widget-image\" data-id=\"1d31d8e\" data-element_type=\"widget\" data-widget_type=\"image.default\">\n\t\t\t\t<div class=\"elementor-widget-container\">\n\t\t\t\t\t<div class=\"elementor-image\">\n\t\t\t\t\t\t\t\t\t\t<img loading=\"lazy\" decoding=\"async\" width=\"291\" height=\"300\" src=\"https:\/\/www.trabajodeprocesos.net\/wp-content\/uploads\/2020\/10\/unnamed-1-291x300.jpg\" class=\"attachment-medium size-medium\" alt=\"\" srcset=\"https:\/\/www.trabajodeprocesos.net\/wp-content\/uploads\/2020\/10\/unnamed-1-291x300.jpg 291w, https:\/\/www.trabajodeprocesos.net\/wp-content\/uploads\/2020\/10\/unnamed-1.jpg 481w\" sizes=\"auto, (max-width: 291px) 100vw, 291px\" \/>\t\t\t\t\t\t\t\t\t\t\t<\/div>\n\t\t\t\t<\/div>\n\t\t\t\t<\/div>\n\t\t\t\t\t\t<\/div>\n\t\t\t\t\t<\/div>\n\t\t<\/div>\n\t\t\t\t\t\t\t\t<\/div>\n\t\t\t\t\t<\/div>\n\t\t<\/section>\n\t\t\t\t<section class=\"elementor-section elementor-top-section elementor-element elementor-element-8dad080 elementor-section-narrow_boxed elementor-section-height-default elementor-section-height-default\" data-id=\"8dad080\" data-element_type=\"section\">\n\t\t\t\t\t\t<div class=\"elementor-container elementor-column-gap-default\">\n\t\t\t\t\t\t\t<div class=\"elementor-row\">\n\t\t\t\t\t<div class=\"elementor-column elementor-col-100 elementor-top-column elementor-element elementor-element-21a5bde\" data-id=\"21a5bde\" data-element_type=\"column\">\n\t\t\t<div class=\"elementor-column-wrap elementor-element-populated\">\n\t\t\t\t\t\t\t<div class=\"elementor-widget-wrap\">\n\t\t\t\t\t\t<div class=\"elementor-element elementor-element-0adfb54 elementor-widget elementor-widget-text-editor\" data-id=\"0adfb54\" data-element_type=\"widget\" data-widget_type=\"text-editor.default\">\n\t\t\t\t<div class=\"elementor-widget-container\">\n\t\t\t\t\t<div class=\"elementor-text-editor elementor-clearfix\"><p><span style=\"color: inherit; font-family: inherit; font-size: inherit; font-weight: inherit;\">Evelyn Figueroa trabaja como terapeuta y tambi\u00e9n ense\u00f1a Yoga en Paris, Francia, Fue parte de la facultad de la escuela de Trabajo de Procesos (RSPOPUK) en Gran Breta\u00f1a durante 10 a\u00f1os\u00a0 y desde 2012 forma parte de la facultad responsable de la formaci\u00f3n de Trabajo de Procesos en Espa\u00f1a. Trabaja tambi\u00e9n con estudiantes de Eslovaquia. A ella le interesa en particular el trabajo corporal y kinest\u00e9sico, el trabajo interior y como est\u00e1n relacionados con el canal de las relaciones y del mundo. Como tambi\u00e9n pinta, le motiva explorar como conectamos y sostenemos la creatividad.<\/span><\/p><p>\u00a0<\/p><\/div>\n\t\t\t\t<\/div>\n\t\t\t\t<\/div>\n\t\t\t\t\t\t<\/div>\n\t\t\t\t\t<\/div>\n\t\t<\/div>\n\t\t\t\t\t\t\t\t<\/div>\n\t\t\t\t\t<\/div>\n\t\t<\/section>\n\t\t\t\t\t\t<\/div>\n\t\t\t\t\t\t<\/div>\n\t\t\t\t\t<\/div>\n\t\t","protected":false},"excerpt":{"rendered":"<p>Evelyn Figueroa trabaja como terapeuta y tambi\u00e9n ense\u00f1a Yoga en Paris, Francia, Fue parte de la facultad de la escuela de Trabajo de Procesos (RSPOPUK) en Gran Breta\u00f1a durante 10 a\u00f1os&nbsp; y desde 2012 forma parte de la facultad responsable de la formaci\u00f3n de Trabajo de Procesos en Espa\u00f1a. Trabaja tambi\u00e9n con estudiantes de Eslovaquia. [&hellip;]<\/p>\n","protected":false},"author":2,"featured_media":0,"parent":518,"menu_order":0,"comment_status":"closed","ping_status":"closed","template":"","meta":{"footnotes":""},"class_list":["post-848","page","type-page","status-publish","hentry"],"yoast_head":"<!-- This site is optimized with the Yoast SEO plugin v15.4 - https:\/\/yoast.com\/wordpress\/plugins\/seo\/ -->\n<title>Evelyn Figueroa - Trabajo de Procesos<\/title>\n<meta name=\"robots\" content=\"index, follow, max-snippet:-1, max-image-preview:large, max-video-preview:-1\" \/>\n<link rel=\"canonical\" href=\"https:\/\/www.trabajodeprocesos.net\/es\/profesorado\/evelyn-figueroa\/\" \/>\n<meta property=\"og:locale\" content=\"es_ES\" \/>\n<meta property=\"og:type\" content=\"article\" \/>\n<meta property=\"og:title\" content=\"Evelyn Figueroa - Trabajo de Procesos\" \/>\n<meta property=\"og:description\" content=\"Evelyn Figueroa trabaja como terapeuta y tambi\u00e9n ense\u00f1a Yoga en Paris, Francia, Fue parte de la facultad de la escuela de Trabajo de Procesos (RSPOPUK) en Gran Breta\u00f1a durante 10 a\u00f1os&nbsp; y desde 2012 forma parte de la facultad responsable de la formaci\u00f3n de Trabajo de Procesos en Espa\u00f1a. Trabaja tambi\u00e9n con estudiantes de Eslovaquia. [&hellip;]\" \/>\n<meta property=\"og:url\" content=\"https:\/\/www.trabajodeprocesos.net\/es\/profesorado\/evelyn-figueroa\/\" \/>\n<meta property=\"og:site_name\" content=\"Trabajo de Procesos\" \/>\n<meta property=\"article:modified_time\" content=\"2020-11-25T11:11:08+00:00\" \/>\n<meta property=\"og:image\" content=\"http:\/\/www.trabajodeprocesos.net\/wp-content\/uploads\/2020\/10\/unnamed-1-291x300.jpg\" \/>\n<meta name=\"twitter:card\" content=\"summary_large_image\" \/>\n<meta name=\"twitter:label1\" content=\"Escrito por\">\n\t<meta name=\"twitter:data1\" content=\"Whads Media Studios\">\n\t<meta name=\"twitter:label2\" content=\"Tiempo de lectura\">\n\t<meta name=\"twitter:data2\" content=\"0 minutos\">\n<script type=\"application\/ld+json\" class=\"yoast-schema-graph\">{\"@context\":\"https:\/\/schema.org\",\"@graph\":[{\"@type\":\"WebSite\",\"@id\":\"https:\/\/www.trabajodeprocesos.net\/es\/#website\",\"url\":\"https:\/\/www.trabajodeprocesos.net\/es\/\",\"name\":\"Trabajo de Procesos\",\"description\":\"\",\"potentialAction\":[{\"@type\":\"SearchAction\",\"target\":\"https:\/\/www.trabajodeprocesos.net\/es\/?s={search_term_string}\",\"query-input\":\"required name=search_term_string\"}],\"inLanguage\":\"es\"},{\"@type\":\"ImageObject\",\"@id\":\"https:\/\/www.trabajodeprocesos.net\/es\/profesorado\/evelyn-figueroa\/#primaryimage\",\"inLanguage\":\"es\",\"url\":\"http:\/\/www.trabajodeprocesos.net\/wp-content\/uploads\/2020\/10\/unnamed-1-291x300.jpg\"},{\"@type\":\"WebPage\",\"@id\":\"https:\/\/www.trabajodeprocesos.net\/es\/profesorado\/evelyn-figueroa\/#webpage\",\"url\":\"https:\/\/www.trabajodeprocesos.net\/es\/profesorado\/evelyn-figueroa\/\",\"name\":\"Evelyn Figueroa - Trabajo de Procesos\",\"isPartOf\":{\"@id\":\"https:\/\/www.trabajodeprocesos.net\/es\/#website\"},\"primaryImageOfPage\":{\"@id\":\"https:\/\/www.trabajodeprocesos.net\/es\/profesorado\/evelyn-figueroa\/#primaryimage\"},\"datePublished\":\"2020-02-26T15:40:24+00:00\",\"dateModified\":\"2020-11-25T11:11:08+00:00\",\"inLanguage\":\"es\",\"potentialAction\":[{\"@type\":\"ReadAction\",\"target\":[\"https:\/\/www.trabajodeprocesos.net\/es\/profesorado\/evelyn-figueroa\/\"]}]}]}<\/script>\n<!-- \/ Yoast SEO plugin. -->","_links":{"self":[{"href":"https:\/\/www.trabajodeprocesos.net\/es\/wp-json\/wp\/v2\/pages\/848","targetHints":{"allow":["GET"]}}],"collection":[{"href":"https:\/\/www.trabajodeprocesos.net\/es\/wp-json\/wp\/v2\/pages"}],"about":[{"href":"https:\/\/www.trabajodeprocesos.net\/es\/wp-json\/wp\/v2\/types\/page"}],"author":[{"embeddable":true,"href":"https:\/\/www.trabajodeprocesos.net\/es\/wp-json\/wp\/v2\/users\/2"}],"replies":[{"embeddable":true,"href":"https:\/\/www.trabajodeprocesos.net\/es\/wp-json\/wp\/v2\/comments?post=848"}],"version-history":[{"count":6,"href":"https:\/\/www.trabajodeprocesos.net\/es\/wp-json\/wp\/v2\/pages\/848\/revisions"}],"predecessor-version":[{"id":7992,"href":"https:\/\/www.trabajodeprocesos.net\/es\/wp-json\/wp\/v2\/pages\/848\/revisions\/7992"}],"up":[{"embeddable":true,"href":"https:\/\/www.trabajodeprocesos.net\/es\/wp-json\/wp\/v2\/pages\/518"}],"wp:attachment":[{"href":"https:\/\/www.trabajodeprocesos.net\/es\/wp-json\/wp\/v2\/media?parent=848"}],"curies":[{"name":"wp","href":"https:\/\/api.w.org\/{rel}","templated":true}]}}