{"id":635,"date":"2019-12-09T13:14:47","date_gmt":"2019-12-09T11:14:47","guid":{"rendered":"http:\/\/www.trabajodeprocesos.net\/?page_id=635"},"modified":"2021-05-18T18:35:52","modified_gmt":"2021-05-18T16:35:52","slug":"curso-puente","status":"publish","type":"page","link":"https:\/\/www.trabajodeprocesos.net\/es\/programas-de-formacion\/curso-puente\/","title":{"rendered":"Curso puente"},"content":{"rendered":"\t\t<div data-elementor-type=\"wp-page\" data-elementor-id=\"635\" class=\"elementor elementor-635\" data-elementor-settings=\"[]\">\n\t\t\t\t\t\t<div class=\"elementor-inner\">\n\t\t\t\t\t\t\t<div class=\"elementor-section-wrap\">\n\t\t\t\t\t\t\t<section class=\"elementor-section elementor-top-section elementor-element elementor-element-dce71d6 elementor-section-narrow_boxed elementor-section-height-default elementor-section-height-default\" data-id=\"dce71d6\" data-element_type=\"section\">\n\t\t\t\t\t\t<div class=\"elementor-container elementor-column-gap-default\">\n\t\t\t\t\t\t\t<div class=\"elementor-row\">\n\t\t\t\t\t<div class=\"elementor-column elementor-col-100 elementor-top-column elementor-element elementor-element-827d5ec\" data-id=\"827d5ec\" data-element_type=\"column\">\n\t\t\t<div class=\"elementor-column-wrap elementor-element-populated\">\n\t\t\t\t\t\t\t<div class=\"elementor-widget-wrap\">\n\t\t\t\t\t\t<div class=\"elementor-element elementor-element-9f43d98 elementor-widget elementor-widget-text-editor\" data-id=\"9f43d98\" data-element_type=\"widget\" data-widget_type=\"text-editor.default\">\n\t\t\t\t<div class=\"elementor-widget-container\">\n\t\t\t\t\t<div class=\"elementor-text-editor elementor-clearfix\"><p><span style=\"font-weight: 400;\">El Curso Puente generalmente se organiza individualmente entre el alumno y el profesorado de la escuela. Se requiere una recomendaci\u00f3n del programa de formaci\u00f3n anterior.<\/span><\/p><\/div>\n\t\t\t\t<\/div>\n\t\t\t\t<\/div>\n\t\t\t\t\t\t<\/div>\n\t\t\t\t\t<\/div>\n\t\t<\/div>\n\t\t\t\t\t\t\t\t<\/div>\n\t\t\t\t\t<\/div>\n\t\t<\/section>\n\t\t\t\t<section class=\"elementor-section elementor-top-section elementor-element elementor-element-e01d42d elementor-section-narrow_boxed elementor-section-height-default elementor-section-height-default\" data-id=\"e01d42d\" data-element_type=\"section\" data-settings=\"{&quot;background_background&quot;:&quot;classic&quot;}\">\n\t\t\t\t\t\t<div class=\"elementor-container elementor-column-gap-default\">\n\t\t\t\t\t\t\t<div class=\"elementor-row\">\n\t\t\t\t\t<div class=\"elementor-column elementor-col-100 elementor-top-column elementor-element elementor-element-13f492a\" data-id=\"13f492a\" data-element_type=\"column\">\n\t\t\t<div class=\"elementor-column-wrap elementor-element-populated\">\n\t\t\t\t\t\t\t<div class=\"elementor-widget-wrap\">\n\t\t\t\t\t\t<div class=\"elementor-element elementor-element-6879696 elementor-widget elementor-widget-heading\" data-id=\"6879696\" data-element_type=\"widget\" data-widget_type=\"heading.default\">\n\t\t\t\t<div class=\"elementor-widget-container\">\n\t\t\t<h2 class=\"elementor-heading-title elementor-size-default\">Requisitos<\/h2>\t\t<\/div>\n\t\t\t\t<\/div>\n\t\t\t\t<div class=\"elementor-element elementor-element-da1cee1 elementor-widget elementor-widget-text-editor\" data-id=\"da1cee1\" data-element_type=\"widget\" data-widget_type=\"text-editor.default\">\n\t\t\t\t<div class=\"elementor-widget-container\">\n\t\t\t\t\t<div class=\"elementor-text-editor elementor-clearfix\"><p><span style=\"font-weight: 400;\">El estudiante deber\u00eda haber completado un m\u00ednimo de un a\u00f1o de estudios de Trabajo de Procesos antes de presentar la solicitud.<\/span><\/p><p><span style=\"font-weight: 400;\"> Es recomendable pero NO obligatorio asistir a un seminario en nuestra ESCUELA antes de iniciar el CURSO PUENTE.<\/span><\/p><p><span style=\"font-weight: 400;\">El proceso para ingresar al curso Puente consiste en 2 sesiones individuales de entrenamiento trabajando en un sue\u00f1o, seguidas de una entrevista de admisi\u00f3n.<\/span><span style=\"font-weight: 400;\">\u00a0<\/span><\/p><p><span style=\"color: inherit; font-family: inherit; font-size: inherit;\"><b>Requisitos durante el Curso Puente (Julio &#8211; Diciembre):<\/b><\/span><\/p><p>Los requisitos est\u00e1n dise\u00f1ados individualmente, en base a la experiencia previa con el trabajo del proceso.\u00a0<\/p><p>Para algunos estudiantes que vienen de la capacitaci\u00f3n anual de\u00a0facilitaci\u00f3n, podr\u00eda verse as\u00ed:<\/p><ul><li>Matr\u00edcula (350\u20ac anual\/ 175\u20ac de julio a diciembre)<\/li><li>10 sesiones de terapia<\/li><li>3-4 sesiones de mentor\u00eda<\/li><li>9 d\u00edas en total de formaci\u00f3n repartidos as\u00ed:\u00a0<\/li><\/ul><p style=\"padding-left: 40px;\">_1 seminario (3 d\u00edas)<\/p><p style=\"padding-left: 40px;\">_2 d\u00edas de entrenamiento (2 d\u00edas)<\/p><p style=\"padding-left: 40px;\">_ 1 Dojo (4 d\u00edas)\u00a0<\/p><p style=\"padding-left: 40px;\">_1 d\u00eda m\u00e1s que puedes completar con clases y c\u00e1psulas online (cada clase o c\u00e1psula cuanta como medio d\u00eda, as\u00ed que has de realizar 2)<\/p><ul><li>Diario de estudio<\/li><li>Grupo de iguales<\/li><\/ul><\/div>\n\t\t\t\t<\/div>\n\t\t\t\t<\/div>\n\t\t\t\t<div class=\"elementor-element elementor-element-a0a14cb elementor-align-center elementor-widget elementor-widget-button\" data-id=\"a0a14cb\" data-element_type=\"widget\" data-widget_type=\"button.default\">\n\t\t\t\t<div class=\"elementor-widget-container\">\n\t\t\t\t\t<div class=\"elementor-button-wrapper\">\n\t\t\t<a href=\"http:\/\/www.trabajodeprocesos.net\/wp-content\/uploads\/2020\/07\/Admissions_Curso-puente_ES-1.pdf\" target=\"_blank\" class=\"elementor-button-link elementor-button elementor-size-md\" role=\"button\">\n\t\t\t\t\t\t<span class=\"elementor-button-content-wrapper\">\n\t\t\t\t\t\t<span class=\"elementor-button-text\">Proceso de Admisi\u00f3n<\/span>\n\t\t<\/span>\n\t\t\t\t\t<\/a>\n\t\t<\/div>\n\t\t\t\t<\/div>\n\t\t\t\t<\/div>\n\t\t\t\t\t\t<\/div>\n\t\t\t\t\t<\/div>\n\t\t<\/div>\n\t\t\t\t\t\t\t\t<\/div>\n\t\t\t\t\t<\/div>\n\t\t<\/section>\n\t\t\t\t\t\t<\/div>\n\t\t\t\t\t\t<\/div>\n\t\t\t\t\t<\/div>\n\t\t","protected":false},"excerpt":{"rendered":"<p>El Curso Puente generalmente se organiza individualmente entre el alumno y el profesorado de la escuela. Se requiere una recomendaci\u00f3n del programa de formaci\u00f3n anterior. Requisitos El estudiante deber\u00eda haber completado un m\u00ednimo de un a\u00f1o de estudios de Trabajo de Procesos antes de presentar la solicitud. Es recomendable pero NO obligatorio asistir a un [&hellip;]<\/p>\n","protected":false},"author":6,"featured_media":587,"parent":486,"menu_order":0,"comment_status":"closed","ping_status":"closed","template":"","meta":{"footnotes":""},"class_list":["post-635","page","type-page","status-publish","has-post-thumbnail","hentry"],"yoast_head":"<!-- This site is optimized with the Yoast SEO plugin v15.4 - https:\/\/yoast.com\/wordpress\/plugins\/seo\/ -->\n<title>Curso puente - Trabajo de Procesos<\/title>\n<meta name=\"robots\" content=\"index, follow, max-snippet:-1, max-image-preview:large, max-video-preview:-1\" \/>\n<link rel=\"canonical\" href=\"https:\/\/www.trabajodeprocesos.net\/es\/programas-de-formacion\/curso-puente\/\" \/>\n<meta property=\"og:locale\" content=\"es_ES\" \/>\n<meta property=\"og:type\" content=\"article\" \/>\n<meta property=\"og:title\" content=\"Curso puente - Trabajo de Procesos\" \/>\n<meta property=\"og:description\" content=\"El Curso Puente generalmente se organiza individualmente entre el alumno y el profesorado de la escuela. Se requiere una recomendaci\u00f3n del programa de formaci\u00f3n anterior. Requisitos El estudiante deber\u00eda haber completado un m\u00ednimo de un a\u00f1o de estudios de Trabajo de Procesos antes de presentar la solicitud. Es recomendable pero NO obligatorio asistir a un [&hellip;]\" \/>\n<meta property=\"og:url\" content=\"https:\/\/www.trabajodeprocesos.net\/es\/programas-de-formacion\/curso-puente\/\" \/>\n<meta property=\"og:site_name\" content=\"Trabajo de Procesos\" \/>\n<meta property=\"article:modified_time\" content=\"2021-05-18T16:35:52+00:00\" \/>\n<meta property=\"og:image\" content=\"https:\/\/www.trabajodeprocesos.net\/wp-content\/uploads\/2019\/12\/formacion-talleres.jpg\" \/>\n\t<meta property=\"og:image:width\" content=\"1920\" \/>\n\t<meta property=\"og:image:height\" content=\"470\" \/>\n<meta name=\"twitter:card\" content=\"summary_large_image\" \/>\n<meta name=\"twitter:label1\" content=\"Escrito por\">\n\t<meta name=\"twitter:data1\" content=\"Admin\">\n\t<meta name=\"twitter:label2\" content=\"Tiempo de lectura\">\n\t<meta name=\"twitter:data2\" content=\"1 minuto\">\n<script type=\"application\/ld+json\" class=\"yoast-schema-graph\">{\"@context\":\"https:\/\/schema.org\",\"@graph\":[{\"@type\":\"WebSite\",\"@id\":\"https:\/\/www.trabajodeprocesos.net\/es\/#website\",\"url\":\"https:\/\/www.trabajodeprocesos.net\/es\/\",\"name\":\"Trabajo de Procesos\",\"description\":\"\",\"potentialAction\":[{\"@type\":\"SearchAction\",\"target\":\"https:\/\/www.trabajodeprocesos.net\/es\/?s={search_term_string}\",\"query-input\":\"required name=search_term_string\"}],\"inLanguage\":\"es\"},{\"@type\":\"ImageObject\",\"@id\":\"https:\/\/www.trabajodeprocesos.net\/es\/programas-de-formacion\/curso-puente\/#primaryimage\",\"inLanguage\":\"es\",\"url\":\"https:\/\/www.trabajodeprocesos.net\/wp-content\/uploads\/2019\/12\/formacion-talleres.jpg\",\"width\":1920,\"height\":470},{\"@type\":\"WebPage\",\"@id\":\"https:\/\/www.trabajodeprocesos.net\/es\/programas-de-formacion\/curso-puente\/#webpage\",\"url\":\"https:\/\/www.trabajodeprocesos.net\/es\/programas-de-formacion\/curso-puente\/\",\"name\":\"Curso puente - Trabajo de Procesos\",\"isPartOf\":{\"@id\":\"https:\/\/www.trabajodeprocesos.net\/es\/#website\"},\"primaryImageOfPage\":{\"@id\":\"https:\/\/www.trabajodeprocesos.net\/es\/programas-de-formacion\/curso-puente\/#primaryimage\"},\"datePublished\":\"2019-12-09T11:14:47+00:00\",\"dateModified\":\"2021-05-18T16:35:52+00:00\",\"inLanguage\":\"es\",\"potentialAction\":[{\"@type\":\"ReadAction\",\"target\":[\"https:\/\/www.trabajodeprocesos.net\/es\/programas-de-formacion\/curso-puente\/\"]}]}]}<\/script>\n<!-- \/ Yoast SEO plugin. -->","_links":{"self":[{"href":"https:\/\/www.trabajodeprocesos.net\/es\/wp-json\/wp\/v2\/pages\/635","targetHints":{"allow":["GET"]}}],"collection":[{"href":"https:\/\/www.trabajodeprocesos.net\/es\/wp-json\/wp\/v2\/pages"}],"about":[{"href":"https:\/\/www.trabajodeprocesos.net\/es\/wp-json\/wp\/v2\/types\/page"}],"author":[{"embeddable":true,"href":"https:\/\/www.trabajodeprocesos.net\/es\/wp-json\/wp\/v2\/users\/6"}],"replies":[{"embeddable":true,"href":"https:\/\/www.trabajodeprocesos.net\/es\/wp-json\/wp\/v2\/comments?post=635"}],"version-history":[{"count":21,"href":"https:\/\/www.trabajodeprocesos.net\/es\/wp-json\/wp\/v2\/pages\/635\/revisions"}],"predecessor-version":[{"id":11264,"href":"https:\/\/www.trabajodeprocesos.net\/es\/wp-json\/wp\/v2\/pages\/635\/revisions\/11264"}],"up":[{"embeddable":true,"href":"https:\/\/www.trabajodeprocesos.net\/es\/wp-json\/wp\/v2\/pages\/486"}],"wp:featuredmedia":[{"embeddable":true,"href":"https:\/\/www.trabajodeprocesos.net\/es\/wp-json\/wp\/v2\/media\/587"}],"wp:attachment":[{"href":"https:\/\/www.trabajodeprocesos.net\/es\/wp-json\/wp\/v2\/media?parent=635"}],"curies":[{"name":"wp","href":"https:\/\/api.w.org\/{rel}","templated":true}]}}