{"id":617,"date":"2019-12-09T13:05:15","date_gmt":"2019-12-09T11:05:15","guid":{"rendered":"http:\/\/www.trabajodeprocesos.net\/?page_id=617"},"modified":"2022-11-21T13:51:07","modified_gmt":"2022-11-21T11:51:07","slug":"dona-al-fondo-de-solidaridad-de-la-escuela","status":"publish","type":"page","link":"https:\/\/www.trabajodeprocesos.net\/es\/dona-al-fondo-de-solidaridad-de-la-escuela\/","title":{"rendered":"Dona al Fondo de Solidaridad de la ESCUELA"},"content":{"rendered":"\t\t<div data-elementor-type=\"wp-page\" data-elementor-id=\"617\" class=\"elementor elementor-617\" data-elementor-settings=\"[]\">\n\t\t\t\t\t\t<div class=\"elementor-inner\">\n\t\t\t\t\t\t\t<div class=\"elementor-section-wrap\">\n\t\t\t\t\t\t\t<section class=\"elementor-section elementor-top-section elementor-element elementor-element-3b376de elementor-section-narrow_boxed elementor-section-height-default elementor-section-height-default\" data-id=\"3b376de\" data-element_type=\"section\" data-settings=\"{&quot;background_background&quot;:&quot;classic&quot;}\">\n\t\t\t\t\t\t<div class=\"elementor-container elementor-column-gap-default\">\n\t\t\t\t\t\t\t<div class=\"elementor-row\">\n\t\t\t\t\t<div class=\"elementor-column elementor-col-100 elementor-top-column elementor-element elementor-element-12813fc\" data-id=\"12813fc\" data-element_type=\"column\">\n\t\t\t<div class=\"elementor-column-wrap elementor-element-populated\">\n\t\t\t\t\t\t\t<div class=\"elementor-widget-wrap\">\n\t\t\t\t\t\t<div class=\"elementor-element elementor-element-b2edc33 elementor-widget elementor-widget-heading\" data-id=\"b2edc33\" data-element_type=\"widget\" data-widget_type=\"heading.default\">\n\t\t\t\t<div class=\"elementor-widget-container\">\n\t\t\t<h2 class=\"elementor-heading-title elementor-size-default\">Haz un donativo<\/h2>\t\t<\/div>\n\t\t\t\t<\/div>\n\t\t\t\t<div class=\"elementor-element elementor-element-741b7fa elementor-widget elementor-widget-text-editor\" data-id=\"741b7fa\" data-element_type=\"widget\" data-widget_type=\"text-editor.default\">\n\t\t\t\t<div class=\"elementor-widget-container\">\n\t\t\t\t\t<div class=\"elementor-text-editor elementor-clearfix\"><p>La Escuela quiere ofrecer las mismas oportunidades de formaci\u00f3n en Trabajo de Procesos a todas las personas interesadas, dispongan o no de recursos propios y as\u00ed fomentar la diversidad entre nuestra comunidad de estudiantes y por tanto, posteriormente de diplomados en Trabajo de Procesos en la sociedad.<\/p><\/div>\n\t\t\t\t<\/div>\n\t\t\t\t<\/div>\n\t\t\t\t<div class=\"elementor-element elementor-element-82f8588 elementor-align-center elementor-widget elementor-widget-button\" data-id=\"82f8588\" data-element_type=\"widget\" data-widget_type=\"button.default\">\n\t\t\t\t<div class=\"elementor-widget-container\">\n\t\t\t\t\t<div class=\"elementor-button-wrapper\">\n\t\t\t<a href=\"http:\/\/www.trabajodeprocesos.net\/es\/dona-al-fondo-de-solidaridad-de-la-escuela\/\" class=\"elementor-button-link elementor-button elementor-size-md\" role=\"button\">\n\t\t\t\t\t\t<span class=\"elementor-button-content-wrapper\">\n\t\t\t\t\t\t<span class=\"elementor-button-text\">Dona ahora<\/span>\n\t\t<\/span>\n\t\t\t\t\t<\/a>\n\t\t<\/div>\n\t\t\t\t<\/div>\n\t\t\t\t<\/div>\n\t\t\t\t\t\t<\/div>\n\t\t\t\t\t<\/div>\n\t\t<\/div>\n\t\t\t\t\t\t\t\t<\/div>\n\t\t\t\t\t<\/div>\n\t\t<\/section>\n\t\t\t\t<section class=\"elementor-section elementor-top-section elementor-element elementor-element-65a5ed9 elementor-section-narrow_boxed elementor-section-height-default elementor-section-height-default\" data-id=\"65a5ed9\" data-element_type=\"section\">\n\t\t\t\t\t\t<div class=\"elementor-container elementor-column-gap-default\">\n\t\t\t\t\t\t\t<div class=\"elementor-row\">\n\t\t\t\t\t<div class=\"elementor-column elementor-col-100 elementor-top-column elementor-element elementor-element-7cfa991\" data-id=\"7cfa991\" data-element_type=\"column\">\n\t\t\t<div class=\"elementor-column-wrap elementor-element-populated\">\n\t\t\t\t\t\t\t<div class=\"elementor-widget-wrap\">\n\t\t\t\t\t\t<div class=\"elementor-element elementor-element-24477e7 elementor-widget elementor-widget-text-editor\" data-id=\"24477e7\" data-element_type=\"widget\" data-widget_type=\"text-editor.default\">\n\t\t\t\t<div class=\"elementor-widget-container\">\n\t\t\t\t\t<div class=\"elementor-text-editor elementor-clearfix\"><p>La Escuela quiere ofrecer las mismas oportunidades de formaci\u00f3n en Trabajo de Procesos a todas las personas interesadas, dispongan o no de recursos propios y as\u00ed fomentar la diversidad entre nuestra comunidad de estudiantes y por tanto, posteriormente de diplomados en Trabajo de Procesos en la sociedad.<\/p><p>Por este motivo, la Escuela de Trabajo de Procesos ha creado un FONDO DE SOLIDARIDAD para poder apoyar la formaci\u00f3n de personas con pocos recursos en nuestra Escuela para que no queden excluidos de la formaci\u00f3n y crear as\u00ed una comunidad m\u00e1s justa y diversa, que fomente la participaci\u00f3n de todo el mundo potenciando la riqueza de la diversidad, el intercambio y la b\u00fasqueda de nuevas formas de relaci\u00f3n en las que se pueda establecer una convivencia abierta, democr\u00e1tica y solidaria.<\/p><p>Existen diversas formas de colaborar. Si necesitas m\u00e1s informaci\u00f3n y\/o recibir un certificado, por favor contactar con <a href=\"mailto:info@trabajodeprocesos.net\">info@trabajodeprocesos.net<\/a>.<\/p><\/div>\n\t\t\t\t<\/div>\n\t\t\t\t<\/div>\n\t\t\t\t<div class=\"elementor-element elementor-element-094c18a elementor-align-center elementor-widget elementor-widget-button\" data-id=\"094c18a\" data-element_type=\"widget\" data-widget_type=\"button.default\">\n\t\t\t\t<div class=\"elementor-widget-container\">\n\t\t\t\t\t<div class=\"elementor-button-wrapper\">\n\t\t\t<a href=\"https:\/\/www.paypal.com\/donate\/?cmd=_s-xclick&#038;hosted_button_id=GRDF6MYZRVRHQ\" class=\"elementor-button-link elementor-button elementor-size-md\" role=\"button\">\n\t\t\t\t\t\t<span class=\"elementor-button-content-wrapper\">\n\t\t\t\t\t\t<span class=\"elementor-button-text\">Dona ahora<\/span>\n\t\t<\/span>\n\t\t\t\t\t<\/a>\n\t\t<\/div>\n\t\t\t\t<\/div>\n\t\t\t\t<\/div>\n\t\t\t\t\t\t<\/div>\n\t\t\t\t\t<\/div>\n\t\t<\/div>\n\t\t\t\t\t\t\t\t<\/div>\n\t\t\t\t\t<\/div>\n\t\t<\/section>\n\t\t\t\t\t\t<\/div>\n\t\t\t\t\t\t<\/div>\n\t\t\t\t\t<\/div>\n\t\t","protected":false},"excerpt":{"rendered":"<p>Haz un donativo La Escuela quiere ofrecer las mismas oportunidades de formaci\u00f3n en Trabajo de Procesos a todas las personas interesadas, dispongan o no de recursos propios y as\u00ed fomentar la diversidad entre nuestra comunidad de estudiantes y por tanto, posteriormente de diplomados en Trabajo de Procesos en la sociedad. Dona ahora La Escuela quiere [&hellip;]<\/p>\n","protected":false},"author":6,"featured_media":0,"parent":0,"menu_order":0,"comment_status":"closed","ping_status":"closed","template":"","meta":{"footnotes":""},"class_list":["post-617","page","type-page","status-publish","hentry"],"yoast_head":"<!-- This site is optimized with the Yoast SEO plugin v15.4 - https:\/\/yoast.com\/wordpress\/plugins\/seo\/ -->\n<title>Dona al Fondo de Solidaridad de la ESCUELA - Trabajo de Procesos<\/title>\n<meta name=\"robots\" content=\"index, follow, max-snippet:-1, max-image-preview:large, max-video-preview:-1\" \/>\n<link rel=\"canonical\" href=\"https:\/\/www.trabajodeprocesos.net\/es\/dona-al-fondo-de-solidaridad-de-la-escuela\/\" \/>\n<meta property=\"og:locale\" content=\"es_ES\" \/>\n<meta property=\"og:type\" content=\"article\" \/>\n<meta property=\"og:title\" content=\"Dona al Fondo de Solidaridad de la ESCUELA - Trabajo de Procesos\" \/>\n<meta property=\"og:description\" content=\"Haz un donativo La Escuela quiere ofrecer las mismas oportunidades de formaci\u00f3n en Trabajo de Procesos a todas las personas interesadas, dispongan o no de recursos propios y as\u00ed fomentar la diversidad entre nuestra comunidad de estudiantes y por tanto, posteriormente de diplomados en Trabajo de Procesos en la sociedad. Dona ahora La Escuela quiere [&hellip;]\" \/>\n<meta property=\"og:url\" content=\"https:\/\/www.trabajodeprocesos.net\/es\/dona-al-fondo-de-solidaridad-de-la-escuela\/\" \/>\n<meta property=\"og:site_name\" content=\"Trabajo de Procesos\" \/>\n<meta property=\"article:modified_time\" content=\"2022-11-21T11:51:07+00:00\" \/>\n<meta name=\"twitter:card\" content=\"summary_large_image\" \/>\n<meta name=\"twitter:label1\" content=\"Escrito por\">\n\t<meta name=\"twitter:data1\" content=\"Admin\">\n\t<meta name=\"twitter:label2\" content=\"Tiempo de lectura\">\n\t<meta name=\"twitter:data2\" content=\"1 minuto\">\n<script type=\"application\/ld+json\" class=\"yoast-schema-graph\">{\"@context\":\"https:\/\/schema.org\",\"@graph\":[{\"@type\":\"WebSite\",\"@id\":\"https:\/\/www.trabajodeprocesos.net\/es\/#website\",\"url\":\"https:\/\/www.trabajodeprocesos.net\/es\/\",\"name\":\"Trabajo de Procesos\",\"description\":\"\",\"potentialAction\":[{\"@type\":\"SearchAction\",\"target\":\"https:\/\/www.trabajodeprocesos.net\/es\/?s={search_term_string}\",\"query-input\":\"required name=search_term_string\"}],\"inLanguage\":\"es\"},{\"@type\":\"WebPage\",\"@id\":\"https:\/\/www.trabajodeprocesos.net\/es\/dona-al-fondo-de-solidaridad-de-la-escuela\/#webpage\",\"url\":\"https:\/\/www.trabajodeprocesos.net\/es\/dona-al-fondo-de-solidaridad-de-la-escuela\/\",\"name\":\"Dona al Fondo de Solidaridad de la ESCUELA - Trabajo de Procesos\",\"isPartOf\":{\"@id\":\"https:\/\/www.trabajodeprocesos.net\/es\/#website\"},\"datePublished\":\"2019-12-09T11:05:15+00:00\",\"dateModified\":\"2022-11-21T11:51:07+00:00\",\"inLanguage\":\"es\",\"potentialAction\":[{\"@type\":\"ReadAction\",\"target\":[\"https:\/\/www.trabajodeprocesos.net\/es\/dona-al-fondo-de-solidaridad-de-la-escuela\/\"]}]}]}<\/script>\n<!-- \/ Yoast SEO plugin. -->","_links":{"self":[{"href":"https:\/\/www.trabajodeprocesos.net\/es\/wp-json\/wp\/v2\/pages\/617","targetHints":{"allow":["GET"]}}],"collection":[{"href":"https:\/\/www.trabajodeprocesos.net\/es\/wp-json\/wp\/v2\/pages"}],"about":[{"href":"https:\/\/www.trabajodeprocesos.net\/es\/wp-json\/wp\/v2\/types\/page"}],"author":[{"embeddable":true,"href":"https:\/\/www.trabajodeprocesos.net\/es\/wp-json\/wp\/v2\/users\/6"}],"replies":[{"embeddable":true,"href":"https:\/\/www.trabajodeprocesos.net\/es\/wp-json\/wp\/v2\/comments?post=617"}],"version-history":[{"count":13,"href":"https:\/\/www.trabajodeprocesos.net\/es\/wp-json\/wp\/v2\/pages\/617\/revisions"}],"predecessor-version":[{"id":16181,"href":"https:\/\/www.trabajodeprocesos.net\/es\/wp-json\/wp\/v2\/pages\/617\/revisions\/16181"}],"wp:attachment":[{"href":"https:\/\/www.trabajodeprocesos.net\/es\/wp-json\/wp\/v2\/media?parent=617"}],"curies":[{"name":"wp","href":"https:\/\/api.w.org\/{rel}","templated":true}]}}