{"id":573,"date":"2019-12-09T11:56:44","date_gmt":"2019-12-09T09:56:44","guid":{"rendered":"http:\/\/www.trabajodeprocesos.net\/?page_id=573"},"modified":"2020-10-07T13:24:18","modified_gmt":"2020-10-07T11:24:18","slug":"estados-de-conciencia-alterados","status":"publish","type":"page","link":"https:\/\/www.trabajodeprocesos.net\/es\/trabajo-de-procesos\/estados-de-conciencia-alterados\/","title":{"rendered":"Estados de conciencia alterados"},"content":{"rendered":"\t\t<div data-elementor-type=\"wp-page\" data-elementor-id=\"573\" class=\"elementor elementor-573\" data-elementor-settings=\"[]\">\n\t\t\t\t\t\t<div class=\"elementor-inner\">\n\t\t\t\t\t\t\t<div class=\"elementor-section-wrap\">\n\t\t\t\t\t\t\t<section class=\"elementor-section elementor-top-section elementor-element elementor-element-8a3a44f elementor-section-narrow_boxed elementor-section-height-default elementor-section-height-default\" data-id=\"8a3a44f\" data-element_type=\"section\">\n\t\t\t\t\t\t<div class=\"elementor-container elementor-column-gap-default\">\n\t\t\t\t\t\t\t<div class=\"elementor-row\">\n\t\t\t\t\t<div class=\"elementor-column elementor-col-100 elementor-top-column elementor-element elementor-element-09d7508\" data-id=\"09d7508\" data-element_type=\"column\">\n\t\t\t<div class=\"elementor-column-wrap elementor-element-populated\">\n\t\t\t\t\t\t\t<div class=\"elementor-widget-wrap\">\n\t\t\t\t\t\t<div class=\"elementor-element elementor-element-52f72a7 elementor-widget elementor-widget-text-editor\" data-id=\"52f72a7\" data-element_type=\"widget\" data-widget_type=\"text-editor.default\">\n\t\t\t\t<div class=\"elementor-widget-container\">\n\t\t\t\t\t<div class=\"elementor-text-editor elementor-clearfix\"><p><a href=\"http:\/\/www.trabajodeprocesos.net\/es\/trabajo-de-procesos\/\">Volver<\/a><\/p><\/div>\n\t\t\t\t<\/div>\n\t\t\t\t<\/div>\n\t\t\t\t<div class=\"elementor-element elementor-element-40b6078 elementor-widget elementor-widget-text-editor\" data-id=\"40b6078\" data-element_type=\"widget\" data-widget_type=\"text-editor.default\">\n\t\t\t\t<div class=\"elementor-widget-container\">\n\t\t\t\t\t<div class=\"elementor-text-editor elementor-clearfix\"><p><span style=\"font-weight: 400;\">Trabajo de Procesos ofrece un<\/span><b> modelo no patologizador<\/b><span style=\"font-weight: 400;\"> para entender y trabajar con todo el rango de experiencias humanas. Existe un continuo que une los estados ordinarios de consciencia (aquellos considerados normales por una cultura concreta y en un momento hist\u00f3rico) con los estados alterados y extremos (aquellos que nos resultan m\u00e1s desconocidos y que pueden llevar a una persona a ser psiquiatrizada o encarcelada). Trabajo de Procesos ha desarrollado m\u00e9todos para trabajar con estos estados, incluyendo adicciones, coma, experiencias cercanas a la muerte y diagn\u00f3sticos psiqui\u00e1tricos. El enfoque de la Democracia Profunda valora y apoya tanto las experiencia \u201cordinarias\u201d como \u201cextremas\u201d de la persona. El objetivo es incrementar la capacidad del individuo de moverse con libertad y consciencia a trav\u00e9s del continuo de su experiencia.<\/span><\/p><p><span style=\"font-weight: 400;\">Adem\u00e1s, Trabajo de Procesos ve los estados alterados desde una<\/span><b> perspectiva tanto individual<\/b><span style=\"font-weight: 400;\"> (como una experiencia que trae alg\u00fan mensaje o esencia \u00fatil para la persona)<\/span><b> como cultural<\/b><span style=\"font-weight: 400;\"> (pues los estados alterados suelen expresar las partes m\u00e1s marginalizadas e invisibilizadas del sistema de creencias de una sociedad o familia), y por tanto considera que es un trabajo a realizar no solo a nivel individual, si no tambi\u00e9n en relaci\u00f3n con el mundo.<\/span><\/p><\/div>\n\t\t\t\t<\/div>\n\t\t\t\t<\/div>\n\t\t\t\t\t\t<\/div>\n\t\t\t\t\t<\/div>\n\t\t<\/div>\n\t\t\t\t\t\t\t\t<\/div>\n\t\t\t\t\t<\/div>\n\t\t<\/section>\n\t\t\t\t<section class=\"elementor-section elementor-top-section elementor-element elementor-element-9877328 elementor-section-narrow_boxed elementor-section-height-default elementor-section-height-default\" data-id=\"9877328\" data-element_type=\"section\" data-settings=\"{&quot;background_background&quot;:&quot;classic&quot;}\">\n\t\t\t\t\t\t<div class=\"elementor-container elementor-column-gap-default\">\n\t\t\t\t\t\t\t<div class=\"elementor-row\">\n\t\t\t\t\t<div class=\"elementor-column elementor-col-100 elementor-top-column elementor-element elementor-element-be9cdce\" data-id=\"be9cdce\" data-element_type=\"column\">\n\t\t\t<div class=\"elementor-column-wrap elementor-element-populated\">\n\t\t\t\t\t\t\t<div class=\"elementor-widget-wrap\">\n\t\t\t\t\t\t<div class=\"elementor-element elementor-element-f7d531a elementor-widget elementor-widget-text-editor\" data-id=\"f7d531a\" data-element_type=\"widget\" data-widget_type=\"text-editor.default\">\n\t\t\t\t<div class=\"elementor-widget-container\">\n\t\t\t\t\t<div class=\"elementor-text-editor elementor-clearfix\"><p><span style=\"font-weight: 400;\">Puedes encontrar m\u00e1s informaci\u00f3n en los libros<\/span><i><span style=\"font-weight: 400;\"> <strong>City Shadows: Psychological Interventions in Psychiatry<\/strong><\/span><\/i><span style=\"font-weight: 400;\">, <\/span><i><span style=\"font-weight: 400;\"><strong>Coma: the Dreambody near Death <\/strong><\/span><\/i><span style=\"font-weight: 400;\">y <\/span><i><span style=\"font-weight: 400;\"><strong>El Cuerpo del Cham\u00e1n<\/strong><\/span><\/i><span style=\"font-weight: 400;\"> de Arnold Mindell; <\/span><i><span style=\"font-weight: 400;\"><strong>Coma: a Healing Journey<\/strong><\/span><\/i><span style=\"font-weight: 400;\">\u00a0de Amy Mindell; y<\/span><i><span style=\"font-weight: 400;\"> <strong>Outside Mental Health. Voices and Visions of Madness<\/strong><\/span><\/i><span style=\"font-weight: 400;\"> y <\/span><i><span style=\"font-weight: 400;\"><strong>Discontinuaci\u00f3n del Uso de Drogas Psiqui\u00e1tricas: Una Gu\u00eda Basada en la Reducci\u00f3n del Da\u00f1o<\/strong><\/span><\/i><span style=\"font-weight: 400;\">\u00a0de Will Hall.<\/span><\/p><\/div>\n\t\t\t\t<\/div>\n\t\t\t\t<\/div>\n\t\t\t\t\t\t<\/div>\n\t\t\t\t\t<\/div>\n\t\t<\/div>\n\t\t\t\t\t\t\t\t<\/div>\n\t\t\t\t\t<\/div>\n\t\t<\/section>\n\t\t\t\t<section class=\"elementor-section elementor-top-section elementor-element elementor-element-2179945 elementor-section-narrow_boxed elementor-section-height-default elementor-section-height-default\" data-id=\"2179945\" data-element_type=\"section\">\n\t\t\t\t\t\t<div class=\"elementor-container elementor-column-gap-default\">\n\t\t\t\t\t\t\t<div class=\"elementor-row\">\n\t\t\t\t\t<div class=\"elementor-column elementor-col-100 elementor-top-column elementor-element elementor-element-b1844bb\" data-id=\"b1844bb\" data-element_type=\"column\">\n\t\t\t<div class=\"elementor-column-wrap\">\n\t\t\t\t\t\t\t<div class=\"elementor-widget-wrap\">\n\t\t\t\t\t\t\t\t<\/div>\n\t\t\t\t\t<\/div>\n\t\t<\/div>\n\t\t\t\t\t\t\t\t<\/div>\n\t\t\t\t\t<\/div>\n\t\t<\/section>\n\t\t\t\t\t\t<\/div>\n\t\t\t\t\t\t<\/div>\n\t\t\t\t\t<\/div>\n\t\t","protected":false},"excerpt":{"rendered":"<p>Volver Trabajo de Procesos ofrece un modelo no patologizador para entender y trabajar con todo el rango de experiencias humanas. Existe un continuo que une los estados ordinarios de consciencia (aquellos considerados normales por una cultura concreta y en un momento hist\u00f3rico) con los estados alterados y extremos (aquellos que nos resultan m\u00e1s desconocidos y [&hellip;]<\/p>\n","protected":false},"author":6,"featured_media":511,"parent":467,"menu_order":0,"comment_status":"closed","ping_status":"closed","template":"","meta":{"footnotes":""},"class_list":["post-573","page","type-page","status-publish","has-post-thumbnail","hentry"],"yoast_head":"<!-- This site is optimized with the Yoast SEO plugin v15.4 - https:\/\/yoast.com\/wordpress\/plugins\/seo\/ -->\n<title>Estados de conciencia alterados - Trabajo de Procesos<\/title>\n<meta name=\"robots\" content=\"index, follow, max-snippet:-1, max-image-preview:large, max-video-preview:-1\" \/>\n<link rel=\"canonical\" href=\"https:\/\/www.trabajodeprocesos.net\/es\/trabajo-de-procesos\/estados-de-conciencia-alterados\/\" \/>\n<meta property=\"og:locale\" content=\"es_ES\" \/>\n<meta property=\"og:type\" content=\"article\" \/>\n<meta property=\"og:title\" content=\"Estados de conciencia alterados - Trabajo de Procesos\" \/>\n<meta property=\"og:description\" content=\"Volver Trabajo de Procesos ofrece un modelo no patologizador para entender y trabajar con todo el rango de experiencias humanas. Existe un continuo que une los estados ordinarios de consciencia (aquellos considerados normales por una cultura concreta y en un momento hist\u00f3rico) con los estados alterados y extremos (aquellos que nos resultan m\u00e1s desconocidos y [&hellip;]\" \/>\n<meta property=\"og:url\" content=\"https:\/\/www.trabajodeprocesos.net\/es\/trabajo-de-procesos\/estados-de-conciencia-alterados\/\" \/>\n<meta property=\"og:site_name\" content=\"Trabajo de Procesos\" \/>\n<meta property=\"article:modified_time\" content=\"2020-10-07T11:24:18+00:00\" \/>\n<meta property=\"og:image\" content=\"https:\/\/www.trabajodeprocesos.net\/wp-content\/uploads\/2019\/12\/photo-1541701494587-cb58502866ab.jpg\" \/>\n\t<meta property=\"og:image:width\" content=\"1950\" \/>\n\t<meta property=\"og:image:height\" content=\"1300\" \/>\n<meta name=\"twitter:card\" content=\"summary_large_image\" \/>\n<meta name=\"twitter:label1\" content=\"Escrito por\">\n\t<meta name=\"twitter:data1\" content=\"Admin\">\n\t<meta name=\"twitter:label2\" content=\"Tiempo de lectura\">\n\t<meta name=\"twitter:data2\" content=\"1 minuto\">\n<script type=\"application\/ld+json\" class=\"yoast-schema-graph\">{\"@context\":\"https:\/\/schema.org\",\"@graph\":[{\"@type\":\"WebSite\",\"@id\":\"https:\/\/www.trabajodeprocesos.net\/es\/#website\",\"url\":\"https:\/\/www.trabajodeprocesos.net\/es\/\",\"name\":\"Trabajo de Procesos\",\"description\":\"\",\"potentialAction\":[{\"@type\":\"SearchAction\",\"target\":\"https:\/\/www.trabajodeprocesos.net\/es\/?s={search_term_string}\",\"query-input\":\"required name=search_term_string\"}],\"inLanguage\":\"es\"},{\"@type\":\"ImageObject\",\"@id\":\"https:\/\/www.trabajodeprocesos.net\/es\/trabajo-de-procesos\/estados-de-conciencia-alterados\/#primaryimage\",\"inLanguage\":\"es\",\"url\":\"https:\/\/www.trabajodeprocesos.net\/wp-content\/uploads\/2019\/12\/photo-1541701494587-cb58502866ab.jpg\",\"width\":1950,\"height\":1300},{\"@type\":\"WebPage\",\"@id\":\"https:\/\/www.trabajodeprocesos.net\/es\/trabajo-de-procesos\/estados-de-conciencia-alterados\/#webpage\",\"url\":\"https:\/\/www.trabajodeprocesos.net\/es\/trabajo-de-procesos\/estados-de-conciencia-alterados\/\",\"name\":\"Estados de conciencia alterados - Trabajo de Procesos\",\"isPartOf\":{\"@id\":\"https:\/\/www.trabajodeprocesos.net\/es\/#website\"},\"primaryImageOfPage\":{\"@id\":\"https:\/\/www.trabajodeprocesos.net\/es\/trabajo-de-procesos\/estados-de-conciencia-alterados\/#primaryimage\"},\"datePublished\":\"2019-12-09T09:56:44+00:00\",\"dateModified\":\"2020-10-07T11:24:18+00:00\",\"inLanguage\":\"es\",\"potentialAction\":[{\"@type\":\"ReadAction\",\"target\":[\"https:\/\/www.trabajodeprocesos.net\/es\/trabajo-de-procesos\/estados-de-conciencia-alterados\/\"]}]}]}<\/script>\n<!-- \/ Yoast SEO plugin. -->","_links":{"self":[{"href":"https:\/\/www.trabajodeprocesos.net\/es\/wp-json\/wp\/v2\/pages\/573","targetHints":{"allow":["GET"]}}],"collection":[{"href":"https:\/\/www.trabajodeprocesos.net\/es\/wp-json\/wp\/v2\/pages"}],"about":[{"href":"https:\/\/www.trabajodeprocesos.net\/es\/wp-json\/wp\/v2\/types\/page"}],"author":[{"embeddable":true,"href":"https:\/\/www.trabajodeprocesos.net\/es\/wp-json\/wp\/v2\/users\/6"}],"replies":[{"embeddable":true,"href":"https:\/\/www.trabajodeprocesos.net\/es\/wp-json\/wp\/v2\/comments?post=573"}],"version-history":[{"count":5,"href":"https:\/\/www.trabajodeprocesos.net\/es\/wp-json\/wp\/v2\/pages\/573\/revisions"}],"predecessor-version":[{"id":7090,"href":"https:\/\/www.trabajodeprocesos.net\/es\/wp-json\/wp\/v2\/pages\/573\/revisions\/7090"}],"up":[{"embeddable":true,"href":"https:\/\/www.trabajodeprocesos.net\/es\/wp-json\/wp\/v2\/pages\/467"}],"wp:featuredmedia":[{"embeddable":true,"href":"https:\/\/www.trabajodeprocesos.net\/es\/wp-json\/wp\/v2\/media\/511"}],"wp:attachment":[{"href":"https:\/\/www.trabajodeprocesos.net\/es\/wp-json\/wp\/v2\/media?parent=573"}],"curies":[{"name":"wp","href":"https:\/\/api.w.org\/{rel}","templated":true}]}}