{"id":570,"date":"2019-12-09T11:56:11","date_gmt":"2019-12-09T09:56:11","guid":{"rendered":"http:\/\/www.trabajodeprocesos.net\/?page_id=570"},"modified":"2020-10-07T13:23:56","modified_gmt":"2020-10-07T11:23:56","slug":"grupos-worldwork-y-foros-abiertos","status":"publish","type":"page","link":"https:\/\/www.trabajodeprocesos.net\/es\/trabajo-de-procesos\/grupos-worldwork-y-foros-abiertos\/","title":{"rendered":"Grupos, WorldWork y Foros Abiertos"},"content":{"rendered":"\t\t<div data-elementor-type=\"wp-page\" data-elementor-id=\"570\" class=\"elementor elementor-570\" data-elementor-settings=\"[]\">\n\t\t\t\t\t\t<div class=\"elementor-inner\">\n\t\t\t\t\t\t\t<div class=\"elementor-section-wrap\">\n\t\t\t\t\t\t\t<section class=\"elementor-section elementor-top-section elementor-element elementor-element-16677cb elementor-section-narrow_boxed elementor-section-height-default elementor-section-height-default\" data-id=\"16677cb\" data-element_type=\"section\">\n\t\t\t\t\t\t<div class=\"elementor-container elementor-column-gap-default\">\n\t\t\t\t\t\t\t<div class=\"elementor-row\">\n\t\t\t\t\t<div class=\"elementor-column elementor-col-100 elementor-top-column elementor-element elementor-element-ebb5441\" data-id=\"ebb5441\" data-element_type=\"column\">\n\t\t\t<div class=\"elementor-column-wrap elementor-element-populated\">\n\t\t\t\t\t\t\t<div class=\"elementor-widget-wrap\">\n\t\t\t\t\t\t<div class=\"elementor-element elementor-element-4a00d51 elementor-widget elementor-widget-text-editor\" data-id=\"4a00d51\" data-element_type=\"widget\" data-widget_type=\"text-editor.default\">\n\t\t\t\t<div class=\"elementor-widget-container\">\n\t\t\t\t\t<div class=\"elementor-text-editor elementor-clearfix\"><p><a href=\"http:\/\/www.trabajodeprocesos.net\/es\/trabajo-de-procesos\/\">Volver<\/a><\/p><\/div>\n\t\t\t\t<\/div>\n\t\t\t\t<\/div>\n\t\t\t\t<div class=\"elementor-element elementor-element-5e3bed4 elementor-widget elementor-widget-text-editor\" data-id=\"5e3bed4\" data-element_type=\"widget\" data-widget_type=\"text-editor.default\">\n\t\t\t\t<div class=\"elementor-widget-container\">\n\t\t\t\t\t<div class=\"elementor-text-editor elementor-clearfix\"><p><span style=\"font-weight: 400;\">El <\/span><b>Worldwork<\/b><span style=\"font-weight: 400;\"> es la aplicacio\u0301n del Trabajo de Procesos dentro de grupos y organizaciones. Se basa en el principio de <\/span><b>democracia profunda<\/b><span style=\"font-weight: 400;\">, que pone el acento en escuchar y valorar todas las voces y dimensiones que conforman la experiencia, tanto las ma\u0301s reconocidas y aceptadas como aquellas que esta\u0301n en desacuerdo con el consenso mayoritario.<\/span><\/p><p><span style=\"font-weight: 400;\">El Trabajo Global parte de la idea de que la trasformacio\u0301n social esta\u0301 impli\u0301cita en las tensiones y conflictos de un grupo y en la diversidad que le caracteriza. Estas din\u00e1micas se pueden observar en peque\u00f1os grupos y colectivos, empresas, instituciones, comunidades, barrios, regiones y naciones enteras. Entre algunas de las aplicaciones del Worldwork estar\u00eda el trabajo comunitario, el desarrollo organizacional, el acompa\u00f1amiento a colectivos y la facilitaci\u00f3n de conflictos y de la diversidad en peque\u00f1os y grandes grupos.<\/span><\/p><p><span style=\"font-weight: 400;\">Uno de los formatos en los que se aplica el Worldwork son los <\/span><b>Foros Abiertos<\/b><span style=\"font-weight: 400;\">. Los foros re\u00fanen a la gente para tener un di\u00e1logo m\u00e1s profundo sobre asuntos particulares dentro de la comunidad y para procesar las polarizaciones y los conflictos. Como comunidades, necesitamos tener consciencia de la riqueza que nuestra complejidad y diversidad pueden aportar. Este potencial, a menudo sin explotar, emerge cuando se facilitan las interacciones, incluyendo todas las voces y puntos de vista, muchas de las cuales a menudo son marginadas o invisibles.<\/span><\/p><\/div>\n\t\t\t\t<\/div>\n\t\t\t\t<\/div>\n\t\t\t\t\t\t<\/div>\n\t\t\t\t\t<\/div>\n\t\t<\/div>\n\t\t\t\t\t\t\t\t<\/div>\n\t\t\t\t\t<\/div>\n\t\t<\/section>\n\t\t\t\t<section class=\"elementor-section elementor-top-section elementor-element elementor-element-aee4fe2 elementor-section-narrow_boxed elementor-section-height-default elementor-section-height-default\" data-id=\"aee4fe2\" data-element_type=\"section\" data-settings=\"{&quot;background_background&quot;:&quot;classic&quot;}\">\n\t\t\t\t\t\t<div class=\"elementor-container elementor-column-gap-default\">\n\t\t\t\t\t\t\t<div class=\"elementor-row\">\n\t\t\t\t\t<div class=\"elementor-column elementor-col-100 elementor-top-column elementor-element elementor-element-c91baec\" data-id=\"c91baec\" data-element_type=\"column\">\n\t\t\t<div class=\"elementor-column-wrap elementor-element-populated\">\n\t\t\t\t\t\t\t<div class=\"elementor-widget-wrap\">\n\t\t\t\t\t\t<div class=\"elementor-element elementor-element-d5dae36 elementor-widget elementor-widget-text-editor\" data-id=\"d5dae36\" data-element_type=\"widget\" data-widget_type=\"text-editor.default\">\n\t\t\t\t<div class=\"elementor-widget-container\">\n\t\t\t\t\t<div class=\"elementor-text-editor elementor-clearfix\"><p><span style=\"font-weight: 400;\">Puedes encontrar m\u00e1s informaci\u00f3n en los libros<\/span><i><span style=\"font-weight: 400;\"> <strong>Sentados en el fuego <\/strong><\/span><\/i><span style=\"font-weight: 400;\">y <em><strong>La Democracia Profunda de los Foros Abiertos <\/strong><\/em>de Arnold Mindell.<\/span><\/p><\/div>\n\t\t\t\t<\/div>\n\t\t\t\t<\/div>\n\t\t\t\t\t\t<\/div>\n\t\t\t\t\t<\/div>\n\t\t<\/div>\n\t\t\t\t\t\t\t\t<\/div>\n\t\t\t\t\t<\/div>\n\t\t<\/section>\n\t\t\t\t<section class=\"elementor-section elementor-top-section elementor-element elementor-element-23ec57e elementor-section-narrow_boxed elementor-section-height-default elementor-section-height-default\" data-id=\"23ec57e\" data-element_type=\"section\">\n\t\t\t\t\t\t<div class=\"elementor-container elementor-column-gap-default\">\n\t\t\t\t\t\t\t<div class=\"elementor-row\">\n\t\t\t\t\t<div class=\"elementor-column elementor-col-100 elementor-top-column elementor-element elementor-element-6044939\" data-id=\"6044939\" data-element_type=\"column\">\n\t\t\t<div class=\"elementor-column-wrap\">\n\t\t\t\t\t\t\t<div class=\"elementor-widget-wrap\">\n\t\t\t\t\t\t\t\t<\/div>\n\t\t\t\t\t<\/div>\n\t\t<\/div>\n\t\t\t\t\t\t\t\t<\/div>\n\t\t\t\t\t<\/div>\n\t\t<\/section>\n\t\t\t\t\t\t<\/div>\n\t\t\t\t\t\t<\/div>\n\t\t\t\t\t<\/div>\n\t\t","protected":false},"excerpt":{"rendered":"<p>Volver El Worldwork es la aplicacio\u0301n del Trabajo de Procesos dentro de grupos y organizaciones. Se basa en el principio de democracia profunda, que pone el acento en escuchar y valorar todas las voces y dimensiones que conforman la experiencia, tanto las ma\u0301s reconocidas y aceptadas como aquellas que esta\u0301n en desacuerdo con el consenso [&hellip;]<\/p>\n","protected":false},"author":6,"featured_media":511,"parent":467,"menu_order":0,"comment_status":"closed","ping_status":"closed","template":"","meta":{"footnotes":""},"class_list":["post-570","page","type-page","status-publish","has-post-thumbnail","hentry"],"yoast_head":"<!-- This site is optimized with the Yoast SEO plugin v15.4 - https:\/\/yoast.com\/wordpress\/plugins\/seo\/ -->\n<title>Grupos, WorldWork y Foros Abiertos - Trabajo de Procesos<\/title>\n<meta name=\"robots\" content=\"index, follow, max-snippet:-1, max-image-preview:large, max-video-preview:-1\" \/>\n<link rel=\"canonical\" href=\"https:\/\/www.trabajodeprocesos.net\/es\/trabajo-de-procesos\/grupos-worldwork-y-foros-abiertos\/\" \/>\n<meta property=\"og:locale\" content=\"es_ES\" \/>\n<meta property=\"og:type\" content=\"article\" \/>\n<meta property=\"og:title\" content=\"Grupos, WorldWork y Foros Abiertos - Trabajo de Procesos\" \/>\n<meta property=\"og:description\" content=\"Volver El Worldwork es la aplicacio\u0301n del Trabajo de Procesos dentro de grupos y organizaciones. Se basa en el principio de democracia profunda, que pone el acento en escuchar y valorar todas las voces y dimensiones que conforman la experiencia, tanto las ma\u0301s reconocidas y aceptadas como aquellas que esta\u0301n en desacuerdo con el consenso [&hellip;]\" \/>\n<meta property=\"og:url\" content=\"https:\/\/www.trabajodeprocesos.net\/es\/trabajo-de-procesos\/grupos-worldwork-y-foros-abiertos\/\" \/>\n<meta property=\"og:site_name\" content=\"Trabajo de Procesos\" \/>\n<meta property=\"article:modified_time\" content=\"2020-10-07T11:23:56+00:00\" \/>\n<meta property=\"og:image\" content=\"https:\/\/www.trabajodeprocesos.net\/wp-content\/uploads\/2019\/12\/photo-1541701494587-cb58502866ab.jpg\" \/>\n\t<meta property=\"og:image:width\" content=\"1950\" \/>\n\t<meta property=\"og:image:height\" content=\"1300\" \/>\n<meta name=\"twitter:card\" content=\"summary_large_image\" \/>\n<meta name=\"twitter:label1\" content=\"Escrito por\">\n\t<meta name=\"twitter:data1\" content=\"Admin\">\n\t<meta name=\"twitter:label2\" content=\"Tiempo de lectura\">\n\t<meta name=\"twitter:data2\" content=\"1 minuto\">\n<script type=\"application\/ld+json\" class=\"yoast-schema-graph\">{\"@context\":\"https:\/\/schema.org\",\"@graph\":[{\"@type\":\"WebSite\",\"@id\":\"https:\/\/www.trabajodeprocesos.net\/es\/#website\",\"url\":\"https:\/\/www.trabajodeprocesos.net\/es\/\",\"name\":\"Trabajo de Procesos\",\"description\":\"\",\"potentialAction\":[{\"@type\":\"SearchAction\",\"target\":\"https:\/\/www.trabajodeprocesos.net\/es\/?s={search_term_string}\",\"query-input\":\"required name=search_term_string\"}],\"inLanguage\":\"es\"},{\"@type\":\"ImageObject\",\"@id\":\"https:\/\/www.trabajodeprocesos.net\/es\/trabajo-de-procesos\/grupos-worldwork-y-foros-abiertos\/#primaryimage\",\"inLanguage\":\"es\",\"url\":\"https:\/\/www.trabajodeprocesos.net\/wp-content\/uploads\/2019\/12\/photo-1541701494587-cb58502866ab.jpg\",\"width\":1950,\"height\":1300},{\"@type\":\"WebPage\",\"@id\":\"https:\/\/www.trabajodeprocesos.net\/es\/trabajo-de-procesos\/grupos-worldwork-y-foros-abiertos\/#webpage\",\"url\":\"https:\/\/www.trabajodeprocesos.net\/es\/trabajo-de-procesos\/grupos-worldwork-y-foros-abiertos\/\",\"name\":\"Grupos, WorldWork y Foros Abiertos - Trabajo de Procesos\",\"isPartOf\":{\"@id\":\"https:\/\/www.trabajodeprocesos.net\/es\/#website\"},\"primaryImageOfPage\":{\"@id\":\"https:\/\/www.trabajodeprocesos.net\/es\/trabajo-de-procesos\/grupos-worldwork-y-foros-abiertos\/#primaryimage\"},\"datePublished\":\"2019-12-09T09:56:11+00:00\",\"dateModified\":\"2020-10-07T11:23:56+00:00\",\"inLanguage\":\"es\",\"potentialAction\":[{\"@type\":\"ReadAction\",\"target\":[\"https:\/\/www.trabajodeprocesos.net\/es\/trabajo-de-procesos\/grupos-worldwork-y-foros-abiertos\/\"]}]}]}<\/script>\n<!-- \/ Yoast SEO plugin. -->","_links":{"self":[{"href":"https:\/\/www.trabajodeprocesos.net\/es\/wp-json\/wp\/v2\/pages\/570","targetHints":{"allow":["GET"]}}],"collection":[{"href":"https:\/\/www.trabajodeprocesos.net\/es\/wp-json\/wp\/v2\/pages"}],"about":[{"href":"https:\/\/www.trabajodeprocesos.net\/es\/wp-json\/wp\/v2\/types\/page"}],"author":[{"embeddable":true,"href":"https:\/\/www.trabajodeprocesos.net\/es\/wp-json\/wp\/v2\/users\/6"}],"replies":[{"embeddable":true,"href":"https:\/\/www.trabajodeprocesos.net\/es\/wp-json\/wp\/v2\/comments?post=570"}],"version-history":[{"count":5,"href":"https:\/\/www.trabajodeprocesos.net\/es\/wp-json\/wp\/v2\/pages\/570\/revisions"}],"predecessor-version":[{"id":7089,"href":"https:\/\/www.trabajodeprocesos.net\/es\/wp-json\/wp\/v2\/pages\/570\/revisions\/7089"}],"up":[{"embeddable":true,"href":"https:\/\/www.trabajodeprocesos.net\/es\/wp-json\/wp\/v2\/pages\/467"}],"wp:featuredmedia":[{"embeddable":true,"href":"https:\/\/www.trabajodeprocesos.net\/es\/wp-json\/wp\/v2\/media\/511"}],"wp:attachment":[{"href":"https:\/\/www.trabajodeprocesos.net\/es\/wp-json\/wp\/v2\/media?parent=570"}],"curies":[{"name":"wp","href":"https:\/\/api.w.org\/{rel}","templated":true}]}}