{"id":560,"date":"2019-12-09T11:24:04","date_gmt":"2019-12-09T09:24:04","guid":{"rendered":"http:\/\/www.trabajodeprocesos.net\/?page_id=560"},"modified":"2020-10-07T13:23:11","modified_gmt":"2020-10-07T11:23:11","slug":"trabajo-individual","status":"publish","type":"page","link":"https:\/\/www.trabajodeprocesos.net\/es\/trabajo-de-procesos\/trabajo-individual\/","title":{"rendered":"Trabajo individual"},"content":{"rendered":"\t\t<div data-elementor-type=\"wp-page\" data-elementor-id=\"560\" class=\"elementor elementor-560\" data-elementor-settings=\"[]\">\n\t\t\t\t\t\t<div class=\"elementor-inner\">\n\t\t\t\t\t\t\t<div class=\"elementor-section-wrap\">\n\t\t\t\t\t\t\t<section class=\"elementor-section elementor-top-section elementor-element elementor-element-a16a54e elementor-section-narrow_boxed elementor-section-height-default elementor-section-height-default\" data-id=\"a16a54e\" data-element_type=\"section\">\n\t\t\t\t\t\t<div class=\"elementor-container elementor-column-gap-default\">\n\t\t\t\t\t\t\t<div class=\"elementor-row\">\n\t\t\t\t\t<div class=\"elementor-column elementor-col-100 elementor-top-column elementor-element elementor-element-2f33bf0\" data-id=\"2f33bf0\" data-element_type=\"column\">\n\t\t\t<div class=\"elementor-column-wrap elementor-element-populated\">\n\t\t\t\t\t\t\t<div class=\"elementor-widget-wrap\">\n\t\t\t\t\t\t<div class=\"elementor-element elementor-element-91fccb4 elementor-widget elementor-widget-text-editor\" data-id=\"91fccb4\" data-element_type=\"widget\" data-widget_type=\"text-editor.default\">\n\t\t\t\t<div class=\"elementor-widget-container\">\n\t\t\t\t\t<div class=\"elementor-text-editor elementor-clearfix\"><p><a href=\"http:\/\/www.trabajodeprocesos.net\/es\/trabajo-de-procesos\/\">Volver<\/a><\/p><\/div>\n\t\t\t\t<\/div>\n\t\t\t\t<\/div>\n\t\t\t\t<div class=\"elementor-element elementor-element-2201895 elementor-widget elementor-widget-text-editor\" data-id=\"2201895\" data-element_type=\"widget\" data-widget_type=\"text-editor.default\">\n\t\t\t\t<div class=\"elementor-widget-container\">\n\t\t\t\t\t<div class=\"elementor-text-editor elementor-clearfix\"><p><span style=\"font-weight: 400;\"><strong>Las sesiones individuales <\/strong>(lo que se suele llamar \u201cterapia\u201d)<strong> proporcionan un espacio y un tiempo para profundizar en nuestra propia consciencia y habilidad para involucrarnos creativamente en nuestra propia vida y en las comunidades de las que formamos parte.<\/strong> Trabajo de Procesos considera relevante cualquier se\u00f1al de comunicaci\u00f3n que aparezca tanto en el contenido verbal como no verbal: la forma de hablar, los sonidos, los movimientos, gestos y posturas, las emociones, las diversas sensaciones corporales y s\u00edntomas, los sue\u00f1os y visiones, los diversos estados de consciencia, las enfermedades y los estados cercanos a la muerte, los conflictos relacionales o cualquier evento del mundo que afecte a la persona. Explorando y apoyando tanto las se\u00f1ales con las que la persona se identifica como aquellas que le molestan o considera ajenas, vamos siguiendo y confiando en el proceso que est\u00e1 queriendo emerger en el momento.<\/span><\/p><p><span style=\"font-weight: 400;\">Trabajo de Procesos incluye <strong>numerosas influencias de otras metodolog\u00edas y filosof\u00edas<\/strong> que pueden ser \u00fatiles en una sesi\u00f3n individual, pero considera esencial prestar atenci\u00f3n a la respuesta que el propio proceso da ante cada intervenci\u00f3n, para as\u00ed adaptarse al mismo. Ante todo, la pr\u00e1ctica del Trabajo de Procesos sigue la visi\u00f3n de C.G. Jung cuando suger\u00eda: <em>\u201cConozca todas las teor\u00edas. Domine todas las t\u00e9cnicas, pero al tocar un alma humana sea apenas otra alma humana.\u201d<\/em><\/span><\/p><p><span style=\"font-weight: 400;\">Otra forma de aplicaci\u00f3n individual del Trabajo de Procesos es <strong>el trabajo en el empoderamiento<\/strong> (algo similar a lo que se suele llamar \u201ccoaching\u201d), en el cual se busca potenciar las habilidades y cualidades de la persona en su \u00e1mbito profesional o en determinados roles que ocupa, para tomar m\u00e1s consciencia de su poder personal y facilitar su capacidad de gesti\u00f3n y liderazgo.<\/span><\/p><\/div>\n\t\t\t\t<\/div>\n\t\t\t\t<\/div>\n\t\t\t\t\t\t<\/div>\n\t\t\t\t\t<\/div>\n\t\t<\/div>\n\t\t\t\t\t\t\t\t<\/div>\n\t\t\t\t\t<\/div>\n\t\t<\/section>\n\t\t\t\t<section class=\"elementor-section elementor-top-section elementor-element elementor-element-8a427ef elementor-section-narrow_boxed elementor-section-height-default elementor-section-height-default\" data-id=\"8a427ef\" data-element_type=\"section\" data-settings=\"{&quot;background_background&quot;:&quot;classic&quot;}\">\n\t\t\t\t\t\t<div class=\"elementor-container elementor-column-gap-default\">\n\t\t\t\t\t\t\t<div class=\"elementor-row\">\n\t\t\t\t\t<div class=\"elementor-column elementor-col-100 elementor-top-column elementor-element elementor-element-18f62c8\" data-id=\"18f62c8\" data-element_type=\"column\">\n\t\t\t<div class=\"elementor-column-wrap elementor-element-populated\">\n\t\t\t\t\t\t\t<div class=\"elementor-widget-wrap\">\n\t\t\t\t\t\t<div class=\"elementor-element elementor-element-0781252 elementor-widget elementor-widget-text-editor\" data-id=\"0781252\" data-element_type=\"widget\" data-widget_type=\"text-editor.default\">\n\t\t\t\t<div class=\"elementor-widget-container\">\n\t\t\t\t\t<div class=\"elementor-text-editor elementor-clearfix\"><p><span style=\"font-weight: 400;\">Puedes encontrar m\u00e1s informaci\u00f3n en los libros <em><strong>El cuerpo que sue\u00f1a<\/strong><\/em> de Arnold Mindell, <em><strong>A path made by walking<\/strong><\/em> de Julie Diamond, <em><strong>The dreambody toolkit<\/strong> <\/em>de Joe Goodbread y <em><strong>Alternative to therapy<\/strong><\/em> de Amy Mindell.<\/span><\/p><\/div>\n\t\t\t\t<\/div>\n\t\t\t\t<\/div>\n\t\t\t\t\t\t<\/div>\n\t\t\t\t\t<\/div>\n\t\t<\/div>\n\t\t\t\t\t\t\t\t<\/div>\n\t\t\t\t\t<\/div>\n\t\t<\/section>\n\t\t\t\t<section class=\"elementor-section elementor-top-section elementor-element elementor-element-16ef7c1 elementor-section-narrow_boxed elementor-section-height-default elementor-section-height-default\" data-id=\"16ef7c1\" data-element_type=\"section\">\n\t\t\t\t\t\t<div class=\"elementor-container elementor-column-gap-default\">\n\t\t\t\t\t\t\t<div class=\"elementor-row\">\n\t\t\t\t\t<div class=\"elementor-column elementor-col-100 elementor-top-column elementor-element elementor-element-a0b157b\" data-id=\"a0b157b\" data-element_type=\"column\">\n\t\t\t<div class=\"elementor-column-wrap\">\n\t\t\t\t\t\t\t<div class=\"elementor-widget-wrap\">\n\t\t\t\t\t\t\t\t<\/div>\n\t\t\t\t\t<\/div>\n\t\t<\/div>\n\t\t\t\t\t\t\t\t<\/div>\n\t\t\t\t\t<\/div>\n\t\t<\/section>\n\t\t\t\t\t\t<\/div>\n\t\t\t\t\t\t<\/div>\n\t\t\t\t\t<\/div>\n\t\t","protected":false},"excerpt":{"rendered":"<p>Volver Las sesiones individuales (lo que se suele llamar \u201cterapia\u201d) proporcionan un espacio y un tiempo para profundizar en nuestra propia consciencia y habilidad para involucrarnos creativamente en nuestra propia vida y en las comunidades de las que formamos parte. Trabajo de Procesos considera relevante cualquier se\u00f1al de comunicaci\u00f3n que aparezca tanto en el contenido [&hellip;]<\/p>\n","protected":false},"author":6,"featured_media":511,"parent":467,"menu_order":0,"comment_status":"closed","ping_status":"closed","template":"","meta":{"footnotes":""},"class_list":["post-560","page","type-page","status-publish","has-post-thumbnail","hentry"],"yoast_head":"<!-- This site is optimized with the Yoast SEO plugin v15.4 - https:\/\/yoast.com\/wordpress\/plugins\/seo\/ -->\n<title>Trabajo individual - Trabajo de Procesos<\/title>\n<meta name=\"robots\" content=\"index, follow, max-snippet:-1, max-image-preview:large, max-video-preview:-1\" \/>\n<link rel=\"canonical\" href=\"https:\/\/www.trabajodeprocesos.net\/es\/trabajo-de-procesos\/trabajo-individual\/\" \/>\n<meta property=\"og:locale\" content=\"es_ES\" \/>\n<meta property=\"og:type\" content=\"article\" \/>\n<meta property=\"og:title\" content=\"Trabajo individual - Trabajo de Procesos\" \/>\n<meta property=\"og:description\" content=\"Volver Las sesiones individuales (lo que se suele llamar \u201cterapia\u201d) proporcionan un espacio y un tiempo para profundizar en nuestra propia consciencia y habilidad para involucrarnos creativamente en nuestra propia vida y en las comunidades de las que formamos parte. Trabajo de Procesos considera relevante cualquier se\u00f1al de comunicaci\u00f3n que aparezca tanto en el contenido [&hellip;]\" \/>\n<meta property=\"og:url\" content=\"https:\/\/www.trabajodeprocesos.net\/es\/trabajo-de-procesos\/trabajo-individual\/\" \/>\n<meta property=\"og:site_name\" content=\"Trabajo de Procesos\" \/>\n<meta property=\"article:modified_time\" content=\"2020-10-07T11:23:11+00:00\" \/>\n<meta property=\"og:image\" content=\"https:\/\/www.trabajodeprocesos.net\/wp-content\/uploads\/2019\/12\/photo-1541701494587-cb58502866ab.jpg\" \/>\n\t<meta property=\"og:image:width\" content=\"1950\" \/>\n\t<meta property=\"og:image:height\" content=\"1300\" \/>\n<meta name=\"twitter:card\" content=\"summary_large_image\" \/>\n<meta name=\"twitter:label1\" content=\"Escrito por\">\n\t<meta name=\"twitter:data1\" content=\"Admin\">\n\t<meta name=\"twitter:label2\" content=\"Tiempo de lectura\">\n\t<meta name=\"twitter:data2\" content=\"2 minutos\">\n<script type=\"application\/ld+json\" class=\"yoast-schema-graph\">{\"@context\":\"https:\/\/schema.org\",\"@graph\":[{\"@type\":\"WebSite\",\"@id\":\"https:\/\/www.trabajodeprocesos.net\/es\/#website\",\"url\":\"https:\/\/www.trabajodeprocesos.net\/es\/\",\"name\":\"Trabajo de Procesos\",\"description\":\"\",\"potentialAction\":[{\"@type\":\"SearchAction\",\"target\":\"https:\/\/www.trabajodeprocesos.net\/es\/?s={search_term_string}\",\"query-input\":\"required name=search_term_string\"}],\"inLanguage\":\"es\"},{\"@type\":\"ImageObject\",\"@id\":\"https:\/\/www.trabajodeprocesos.net\/es\/trabajo-de-procesos\/trabajo-individual\/#primaryimage\",\"inLanguage\":\"es\",\"url\":\"https:\/\/www.trabajodeprocesos.net\/wp-content\/uploads\/2019\/12\/photo-1541701494587-cb58502866ab.jpg\",\"width\":1950,\"height\":1300},{\"@type\":\"WebPage\",\"@id\":\"https:\/\/www.trabajodeprocesos.net\/es\/trabajo-de-procesos\/trabajo-individual\/#webpage\",\"url\":\"https:\/\/www.trabajodeprocesos.net\/es\/trabajo-de-procesos\/trabajo-individual\/\",\"name\":\"Trabajo individual - Trabajo de Procesos\",\"isPartOf\":{\"@id\":\"https:\/\/www.trabajodeprocesos.net\/es\/#website\"},\"primaryImageOfPage\":{\"@id\":\"https:\/\/www.trabajodeprocesos.net\/es\/trabajo-de-procesos\/trabajo-individual\/#primaryimage\"},\"datePublished\":\"2019-12-09T09:24:04+00:00\",\"dateModified\":\"2020-10-07T11:23:11+00:00\",\"inLanguage\":\"es\",\"potentialAction\":[{\"@type\":\"ReadAction\",\"target\":[\"https:\/\/www.trabajodeprocesos.net\/es\/trabajo-de-procesos\/trabajo-individual\/\"]}]}]}<\/script>\n<!-- \/ Yoast SEO plugin. -->","_links":{"self":[{"href":"https:\/\/www.trabajodeprocesos.net\/es\/wp-json\/wp\/v2\/pages\/560","targetHints":{"allow":["GET"]}}],"collection":[{"href":"https:\/\/www.trabajodeprocesos.net\/es\/wp-json\/wp\/v2\/pages"}],"about":[{"href":"https:\/\/www.trabajodeprocesos.net\/es\/wp-json\/wp\/v2\/types\/page"}],"author":[{"embeddable":true,"href":"https:\/\/www.trabajodeprocesos.net\/es\/wp-json\/wp\/v2\/users\/6"}],"replies":[{"embeddable":true,"href":"https:\/\/www.trabajodeprocesos.net\/es\/wp-json\/wp\/v2\/comments?post=560"}],"version-history":[{"count":5,"href":"https:\/\/www.trabajodeprocesos.net\/es\/wp-json\/wp\/v2\/pages\/560\/revisions"}],"predecessor-version":[{"id":7087,"href":"https:\/\/www.trabajodeprocesos.net\/es\/wp-json\/wp\/v2\/pages\/560\/revisions\/7087"}],"up":[{"embeddable":true,"href":"https:\/\/www.trabajodeprocesos.net\/es\/wp-json\/wp\/v2\/pages\/467"}],"wp:featuredmedia":[{"embeddable":true,"href":"https:\/\/www.trabajodeprocesos.net\/es\/wp-json\/wp\/v2\/media\/511"}],"wp:attachment":[{"href":"https:\/\/www.trabajodeprocesos.net\/es\/wp-json\/wp\/v2\/media?parent=560"}],"curies":[{"name":"wp","href":"https:\/\/api.w.org\/{rel}","templated":true}]}}