{"id":467,"date":"2019-12-05T16:55:56","date_gmt":"2019-12-05T14:55:56","guid":{"rendered":"http:\/\/www.trabajodeprocesos.net\/?page_id=467"},"modified":"2020-11-17T10:45:20","modified_gmt":"2020-11-17T08:45:20","slug":"trabajo-de-procesos","status":"publish","type":"page","link":"https:\/\/www.trabajodeprocesos.net\/es\/trabajo-de-procesos\/","title":{"rendered":"Trabajo de Procesos"},"content":{"rendered":"\t\t<div data-elementor-type=\"wp-page\" data-elementor-id=\"467\" class=\"elementor elementor-467\" data-elementor-settings=\"[]\">\n\t\t\t\t\t\t<div class=\"elementor-inner\">\n\t\t\t\t\t\t\t<div class=\"elementor-section-wrap\">\n\t\t\t\t\t\t\t<section class=\"elementor-section elementor-top-section elementor-element elementor-element-e57f578 elementor-section-narrow_boxed elementor-section-height-default elementor-section-height-default\" data-id=\"e57f578\" data-element_type=\"section\">\n\t\t\t\t\t\t<div class=\"elementor-container elementor-column-gap-default\">\n\t\t\t\t\t\t\t<div class=\"elementor-row\">\n\t\t\t\t\t<div class=\"elementor-column elementor-col-100 elementor-top-column elementor-element elementor-element-637f842\" data-id=\"637f842\" data-element_type=\"column\">\n\t\t\t<div class=\"elementor-column-wrap elementor-element-populated\">\n\t\t\t\t\t\t\t<div class=\"elementor-widget-wrap\">\n\t\t\t\t\t\t<div class=\"elementor-element elementor-element-31791f6 elementor-widget elementor-widget-text-editor\" data-id=\"31791f6\" data-element_type=\"widget\" data-widget_type=\"text-editor.default\">\n\t\t\t\t<div class=\"elementor-widget-container\">\n\t\t\t\t\t<div class=\"elementor-text-editor elementor-clearfix\"><p><span style=\"font-weight: 400;\"><strong>El Trabajo de Procesos va dirigido a todas aquellas personas interesadas \u200b\u200ben explorar y profundizar la relaci\u00f3n consigo mismas, con otras personas, con su entorno y con el mundo<\/strong>. Esta mirada aporta nuevos enfoques y recursos a profesionales de servicios p\u00fablicos, del \u00e1mbito social o comunitario, as\u00ed como en las \u00e1reas de la facilitaci\u00f3n y el desarrollo organizacional y personal.<\/span><\/p><p><span style=\"font-weight: 400;\">Puede ser \u00fatil para cualquier persona interesada en el trabajo creativo y transformador con grupos y temas diversos, as\u00ed como en la indagaci\u00f3n y desarrollo de las habilidades y actitudes necesarias para facilitar las complejas experiencias que surgen en el mundo de hoy.<\/span><\/p><\/div>\n\t\t\t\t<\/div>\n\t\t\t\t<\/div>\n\t\t\t\t\t\t<\/div>\n\t\t\t\t\t<\/div>\n\t\t<\/div>\n\t\t\t\t\t\t\t\t<\/div>\n\t\t\t\t\t<\/div>\n\t\t<\/section>\n\t\t\t\t<section class=\"elementor-section elementor-top-section elementor-element elementor-element-eb44cad elementor-section-boxed elementor-section-height-default elementor-section-height-default\" data-id=\"eb44cad\" data-element_type=\"section\">\n\t\t\t\t\t\t<div class=\"elementor-container elementor-column-gap-default\">\n\t\t\t\t\t\t\t<div class=\"elementor-row\">\n\t\t\t\t\t<div class=\"elementor-column elementor-col-100 elementor-top-column elementor-element elementor-element-9428451\" data-id=\"9428451\" data-element_type=\"column\">\n\t\t\t<div class=\"elementor-column-wrap elementor-element-populated\">\n\t\t\t\t\t\t\t<div class=\"elementor-widget-wrap\">\n\t\t\t\t\t\t<div class=\"elementor-element elementor-element-952ddbd elementor-widget elementor-widget-image\" data-id=\"952ddbd\" data-element_type=\"widget\" data-widget_type=\"image.default\">\n\t\t\t\t<div class=\"elementor-widget-container\">\n\t\t\t\t\t<div class=\"elementor-image\">\n\t\t\t\t\t\t\t\t\t\t<img loading=\"lazy\" decoding=\"async\" width=\"1024\" height=\"499\" src=\"https:\/\/www.trabajodeprocesos.net\/wp-content\/uploads\/2019\/12\/metodologia-content-1024x499.jpg\" class=\"attachment-large size-large\" alt=\"\" srcset=\"https:\/\/www.trabajodeprocesos.net\/wp-content\/uploads\/2019\/12\/metodologia-content-1024x499.jpg 1024w, https:\/\/www.trabajodeprocesos.net\/wp-content\/uploads\/2019\/12\/metodologia-content-300x146.jpg 300w, https:\/\/www.trabajodeprocesos.net\/wp-content\/uploads\/2019\/12\/metodologia-content-768x375.jpg 768w, https:\/\/www.trabajodeprocesos.net\/wp-content\/uploads\/2019\/12\/metodologia-content.jpg 1335w\" sizes=\"auto, (max-width: 1024px) 100vw, 1024px\" \/>\t\t\t\t\t\t\t\t\t\t\t<\/div>\n\t\t\t\t<\/div>\n\t\t\t\t<\/div>\n\t\t\t\t\t\t<\/div>\n\t\t\t\t\t<\/div>\n\t\t<\/div>\n\t\t\t\t\t\t\t\t<\/div>\n\t\t\t\t\t<\/div>\n\t\t<\/section>\n\t\t\t\t<section class=\"elementor-section elementor-top-section elementor-element elementor-element-df7de6c elementor-section-narrow_boxed elementor-section-height-default elementor-section-height-default\" data-id=\"df7de6c\" data-element_type=\"section\">\n\t\t\t\t\t\t<div class=\"elementor-container elementor-column-gap-default\">\n\t\t\t\t\t\t\t<div class=\"elementor-row\">\n\t\t\t\t\t<div class=\"elementor-column elementor-col-100 elementor-top-column elementor-element elementor-element-280ed8f\" data-id=\"280ed8f\" data-element_type=\"column\">\n\t\t\t<div class=\"elementor-column-wrap elementor-element-populated\">\n\t\t\t\t\t\t\t<div class=\"elementor-widget-wrap\">\n\t\t\t\t\t\t<div class=\"elementor-element elementor-element-d0e44e4 elementor-widget elementor-widget-text-editor\" data-id=\"d0e44e4\" data-element_type=\"widget\" data-widget_type=\"text-editor.default\">\n\t\t\t\t<div class=\"elementor-widget-container\">\n\t\t\t\t\t<div class=\"elementor-text-editor elementor-clearfix\"><p><span style=\"font-weight: 400;\"><strong>Trabajo de Procesos se aplica en diferentes \u00e1reas para facilitar la transformaci\u00f3n y el crecimiento, tanto individual como colectivo.<\/strong> Estos dos niveles est\u00e1n ampliamente relacionados entre s\u00ed y nunca funcionan de manera aislada. Por tanto, se puede aplicar en cualquier \u00e1rea de trabajo, y alrededor del mundo se est\u00e1 adaptando y poniendo en pr\u00e1ctica de formas muy diversas. <strong>El Trabajo de Procesos te puede servir para:<\/strong><\/span><\/p><ul><li style=\"font-weight: 400;\"><span style=\"font-weight: 400;\">Iniciar un proceso de conocimiento personal<\/span><\/li><li style=\"font-weight: 400;\"><span style=\"font-weight: 400;\">Establecer relaciones m\u00e1s conscientes con los dem\u00e1s<\/span><\/li><li style=\"font-weight: 400;\"><span style=\"font-weight: 400;\">Crear grupos m\u00e1s dialogantes<\/span><\/li><li style=\"font-weight: 400;\"><span style=\"font-weight: 400;\">Difundir una cultura basada en la diversidad y la libertad<\/span><\/li><li style=\"font-weight: 400;\"><span style=\"font-weight: 400;\">Desarrollar tus habilidades y adquirir el conocimiento necesario para trabajar con organizaciones, con grupos, con parejas y con personas individuales.<\/span><\/li><\/ul><\/div>\n\t\t\t\t<\/div>\n\t\t\t\t<\/div>\n\t\t\t\t\t\t<\/div>\n\t\t\t\t\t<\/div>\n\t\t<\/div>\n\t\t\t\t\t\t\t\t<\/div>\n\t\t\t\t\t<\/div>\n\t\t<\/section>\n\t\t\t\t<section class=\"elementor-section elementor-top-section elementor-element elementor-element-4d1d37b elementor-section-boxed elementor-section-height-default elementor-section-height-default\" data-id=\"4d1d37b\" data-element_type=\"section\" data-settings=\"{&quot;background_background&quot;:&quot;classic&quot;}\">\n\t\t\t\t\t\t<div class=\"elementor-container elementor-column-gap-default\">\n\t\t\t\t\t\t\t<div class=\"elementor-row\">\n\t\t\t\t\t<div class=\"elementor-column elementor-col-100 elementor-top-column elementor-element elementor-element-0005fae\" data-id=\"0005fae\" data-element_type=\"column\">\n\t\t\t<div class=\"elementor-column-wrap elementor-element-populated\">\n\t\t\t\t\t\t\t<div class=\"elementor-widget-wrap\">\n\t\t\t\t\t\t<div class=\"elementor-element elementor-element-230172d elementor-widget elementor-widget-heading\" data-id=\"230172d\" data-element_type=\"widget\" data-widget_type=\"heading.default\">\n\t\t\t\t<div class=\"elementor-widget-container\">\n\t\t\t<h2 class=\"elementor-heading-title elementor-size-default\">\u00c1reas de Trabajo<\/h2>\t\t<\/div>\n\t\t\t\t<\/div>\n\t\t\t\t<section class=\"elementor-section elementor-inner-section elementor-element elementor-element-9e41fa1 elementor-section-boxed elementor-section-height-default elementor-section-height-default\" data-id=\"9e41fa1\" data-element_type=\"section\">\n\t\t\t\t\t\t<div class=\"elementor-container elementor-column-gap-default\">\n\t\t\t\t\t\t\t<div class=\"elementor-row\">\n\t\t\t\t\t<div class=\"elementor-column elementor-col-33 elementor-inner-column elementor-element elementor-element-f8ad168\" data-id=\"f8ad168\" data-element_type=\"column\" data-settings=\"{&quot;background_background&quot;:&quot;classic&quot;}\">\n\t\t\t<div class=\"elementor-column-wrap elementor-element-populated\">\n\t\t\t\t\t\t\t<div class=\"elementor-widget-wrap\">\n\t\t\t\t\t\t<div class=\"elementor-element elementor-element-4e1354d elementor-widget elementor-widget-heading\" data-id=\"4e1354d\" data-element_type=\"widget\" data-widget_type=\"heading.default\">\n\t\t\t\t<div class=\"elementor-widget-container\">\n\t\t\t<h3 class=\"elementor-heading-title elementor-size-default\">Trabajo interior<\/h3>\t\t<\/div>\n\t\t\t\t<\/div>\n\t\t\t\t<div class=\"elementor-element elementor-element-149d5e2 elementor-widget elementor-widget-text-editor\" data-id=\"149d5e2\" data-element_type=\"widget\" data-widget_type=\"text-editor.default\">\n\t\t\t\t<div class=\"elementor-widget-container\">\n\t\t\t\t\t<div class=\"elementor-text-editor elementor-clearfix\"><p><span style=\"font-weight: 400;\">El Trabajo Interior (Inner Work) es una pr\u00e1ctica din\u00e1mica de <\/span><b>atenci\u00f3n plena<\/b><span style=\"font-weight: 400;\">, que nos ayuda a conectarnos profundamente con los procesos creativos que nos mueven.<\/span><\/p><p><strong><a href=\"http:\/\/www.trabajodeprocesos.net\/es\/metodologia\/trabajo-interior\/\">Leer m\u00e1s<\/a><\/strong><\/p><\/div>\n\t\t\t\t<\/div>\n\t\t\t\t<\/div>\n\t\t\t\t\t\t<\/div>\n\t\t\t\t\t<\/div>\n\t\t<\/div>\n\t\t\t\t<div class=\"elementor-column elementor-col-33 elementor-inner-column elementor-element elementor-element-110b1df\" data-id=\"110b1df\" data-element_type=\"column\" data-settings=\"{&quot;background_background&quot;:&quot;classic&quot;}\">\n\t\t\t<div class=\"elementor-column-wrap elementor-element-populated\">\n\t\t\t\t\t\t\t<div class=\"elementor-widget-wrap\">\n\t\t\t\t\t\t<div class=\"elementor-element elementor-element-f3367ff elementor-widget elementor-widget-heading\" data-id=\"f3367ff\" data-element_type=\"widget\" data-widget_type=\"heading.default\">\n\t\t\t\t<div class=\"elementor-widget-container\">\n\t\t\t<h3 class=\"elementor-heading-title elementor-size-default\">Trabajo individual<\/h3>\t\t<\/div>\n\t\t\t\t<\/div>\n\t\t\t\t<div class=\"elementor-element elementor-element-563a223 elementor-widget elementor-widget-text-editor\" data-id=\"563a223\" data-element_type=\"widget\" data-widget_type=\"text-editor.default\">\n\t\t\t\t<div class=\"elementor-widget-container\">\n\t\t\t\t\t<div class=\"elementor-text-editor elementor-clearfix\"><p><span style=\"font-weight: 400;\">Las sesiones individuales (lo que se suele llamar \u201cterapia\u201d) proporcionan un espacio y un tiempo para profundizar en nuestra propia consciencia y habilidad para involucrarnos creativamente.<\/span><\/p><p><a href=\"http:\/\/www.trabajodeprocesos.net\/es\/metodologia\/trabajo-individual\/\"><strong>Leer m\u00e1s<\/strong><\/a><\/p><\/div>\n\t\t\t\t<\/div>\n\t\t\t\t<\/div>\n\t\t\t\t\t\t<\/div>\n\t\t\t\t\t<\/div>\n\t\t<\/div>\n\t\t\t\t<div class=\"elementor-column elementor-col-33 elementor-inner-column elementor-element elementor-element-acf3fb9\" data-id=\"acf3fb9\" data-element_type=\"column\" data-settings=\"{&quot;background_background&quot;:&quot;classic&quot;}\">\n\t\t\t<div class=\"elementor-column-wrap elementor-element-populated\">\n\t\t\t\t\t\t\t<div class=\"elementor-widget-wrap\">\n\t\t\t\t\t\t<div class=\"elementor-element elementor-element-57068eb elementor-widget elementor-widget-heading\" data-id=\"57068eb\" data-element_type=\"widget\" data-widget_type=\"heading.default\">\n\t\t\t\t<div class=\"elementor-widget-container\">\n\t\t\t<h3 class=\"elementor-heading-title elementor-size-default\">Trabajo con relaciones<\/h3>\t\t<\/div>\n\t\t\t\t<\/div>\n\t\t\t\t<div class=\"elementor-element elementor-element-5d01745 elementor-widget elementor-widget-text-editor\" data-id=\"5d01745\" data-element_type=\"widget\" data-widget_type=\"text-editor.default\">\n\t\t\t\t<div class=\"elementor-widget-container\">\n\t\t\t\t\t<div class=\"elementor-text-editor elementor-clearfix\"><p><span style=\"font-weight: 400;\">El trabajo relacional es una oportunidad para descubrir y profundizar en los<\/span><b> patrones creativos emergentes<\/b><span style=\"font-weight: 400;\"> que surgen de la interacci\u00f3n entre dos o m\u00e1s personas.<\/span><\/p><p><a href=\"http:\/\/www.trabajodeprocesos.net\/es\/metodologia\/trabajo-con-relaciones\/\"><strong>Leer m\u00e1s<\/strong><\/a><\/p><\/div>\n\t\t\t\t<\/div>\n\t\t\t\t<\/div>\n\t\t\t\t\t\t<\/div>\n\t\t\t\t\t<\/div>\n\t\t<\/div>\n\t\t\t\t\t\t\t\t<\/div>\n\t\t\t\t\t<\/div>\n\t\t<\/section>\n\t\t\t\t<section class=\"elementor-section elementor-inner-section elementor-element elementor-element-cbcf92f elementor-section-boxed elementor-section-height-default elementor-section-height-default\" data-id=\"cbcf92f\" data-element_type=\"section\">\n\t\t\t\t\t\t<div class=\"elementor-container elementor-column-gap-default\">\n\t\t\t\t\t\t\t<div class=\"elementor-row\">\n\t\t\t\t\t<div class=\"elementor-column elementor-col-33 elementor-inner-column elementor-element elementor-element-54f86c6\" data-id=\"54f86c6\" data-element_type=\"column\" data-settings=\"{&quot;background_background&quot;:&quot;classic&quot;}\">\n\t\t\t<div class=\"elementor-column-wrap elementor-element-populated\">\n\t\t\t\t\t\t\t<div class=\"elementor-widget-wrap\">\n\t\t\t\t\t\t<div class=\"elementor-element elementor-element-5bc1178 elementor-widget elementor-widget-heading\" data-id=\"5bc1178\" data-element_type=\"widget\" data-widget_type=\"heading.default\">\n\t\t\t\t<div class=\"elementor-widget-container\">\n\t\t\t<h3 class=\"elementor-heading-title elementor-size-default\">Grupos, WorldWork y Foros Abiertos<\/h3>\t\t<\/div>\n\t\t\t\t<\/div>\n\t\t\t\t<div class=\"elementor-element elementor-element-138c523 elementor-widget elementor-widget-text-editor\" data-id=\"138c523\" data-element_type=\"widget\" data-widget_type=\"text-editor.default\">\n\t\t\t\t<div class=\"elementor-widget-container\">\n\t\t\t\t\t<div class=\"elementor-text-editor elementor-clearfix\"><p><span style=\"font-weight: 400;\">El <\/span><b>Worldwork<\/b><span style=\"font-weight: 400;\"> es la aplicacio\u0301n del Trabajo de Procesos dentro de grupos y organizaciones. Se basa en el principio de <\/span><b>democracia profunda<\/b><\/p><p><a href=\"http:\/\/www.trabajodeprocesos.net\/es\/metodologia\/grupos-worldwork-y-foros-abiertos\/\"><strong>Leer m\u00e1s<\/strong><\/a><\/p><\/div>\n\t\t\t\t<\/div>\n\t\t\t\t<\/div>\n\t\t\t\t\t\t<\/div>\n\t\t\t\t\t<\/div>\n\t\t<\/div>\n\t\t\t\t<div class=\"elementor-column elementor-col-33 elementor-inner-column elementor-element elementor-element-9e3f47a\" data-id=\"9e3f47a\" data-element_type=\"column\" data-settings=\"{&quot;background_background&quot;:&quot;classic&quot;}\">\n\t\t\t<div class=\"elementor-column-wrap elementor-element-populated\">\n\t\t\t\t\t\t\t<div class=\"elementor-widget-wrap\">\n\t\t\t\t\t\t<div class=\"elementor-element elementor-element-0686e91 elementor-widget elementor-widget-heading\" data-id=\"0686e91\" data-element_type=\"widget\" data-widget_type=\"heading.default\">\n\t\t\t\t<div class=\"elementor-widget-container\">\n\t\t\t<h3 class=\"elementor-heading-title elementor-size-default\">Estados de conciencia alterados<\/h3>\t\t<\/div>\n\t\t\t\t<\/div>\n\t\t\t\t<div class=\"elementor-element elementor-element-a0375a7 elementor-widget elementor-widget-text-editor\" data-id=\"a0375a7\" data-element_type=\"widget\" data-widget_type=\"text-editor.default\">\n\t\t\t\t<div class=\"elementor-widget-container\">\n\t\t\t\t\t<div class=\"elementor-text-editor elementor-clearfix\"><p><span style=\"font-weight: 400;\">Trabajo de Procesos ofrece un<\/span><b> modelo no patologizador<\/b><span style=\"font-weight: 400;\"> para entender y trabajar con todo el rango de experiencias humanas. Existe un continuo que une los estados ordinarios de consciencia.<\/span><\/p><p><a href=\"http:\/\/www.trabajodeprocesos.net\/es\/metodologia\/estados-de-conciencia-alterados\/\"><strong>Leer m\u00e1s<\/strong><\/a><\/p><\/div>\n\t\t\t\t<\/div>\n\t\t\t\t<\/div>\n\t\t\t\t\t\t<\/div>\n\t\t\t\t\t<\/div>\n\t\t<\/div>\n\t\t\t\t<div class=\"elementor-column elementor-col-33 elementor-inner-column elementor-element elementor-element-a1335cd\" data-id=\"a1335cd\" data-element_type=\"column\">\n\t\t\t<div class=\"elementor-column-wrap\">\n\t\t\t\t\t\t\t<div class=\"elementor-widget-wrap\">\n\t\t\t\t\t\t\t\t<\/div>\n\t\t\t\t\t<\/div>\n\t\t<\/div>\n\t\t\t\t\t\t\t\t<\/div>\n\t\t\t\t\t<\/div>\n\t\t<\/section>\n\t\t\t\t\t\t<\/div>\n\t\t\t\t\t<\/div>\n\t\t<\/div>\n\t\t\t\t\t\t\t\t<\/div>\n\t\t\t\t\t<\/div>\n\t\t<\/section>\n\t\t\t\t\t\t<\/div>\n\t\t\t\t\t\t<\/div>\n\t\t\t\t\t<\/div>\n\t\t","protected":false},"excerpt":{"rendered":"<p>El Trabajo de Procesos va dirigido a todas aquellas personas interesadas \u200b\u200ben explorar y profundizar la relaci\u00f3n consigo mismas, con otras personas, con su entorno y con el mundo. Esta mirada aporta nuevos enfoques y recursos a profesionales de servicios p\u00fablicos, del \u00e1mbito social o comunitario, as\u00ed como en las \u00e1reas de la facilitaci\u00f3n y [&hellip;]<\/p>\n","protected":false},"author":6,"featured_media":511,"parent":0,"menu_order":0,"comment_status":"closed","ping_status":"closed","template":"","meta":{"footnotes":""},"class_list":["post-467","page","type-page","status-publish","has-post-thumbnail","hentry"],"yoast_head":"<!-- This site is optimized with the Yoast SEO plugin v15.4 - https:\/\/yoast.com\/wordpress\/plugins\/seo\/ -->\n<title>Trabajo de Procesos - Trabajo de Procesos<\/title>\n<meta name=\"robots\" content=\"index, follow, max-snippet:-1, max-image-preview:large, max-video-preview:-1\" \/>\n<link rel=\"canonical\" href=\"https:\/\/www.trabajodeprocesos.net\/es\/trabajo-de-procesos\/\" \/>\n<meta property=\"og:locale\" content=\"es_ES\" \/>\n<meta property=\"og:type\" content=\"article\" \/>\n<meta property=\"og:title\" content=\"Trabajo de Procesos - Trabajo de Procesos\" \/>\n<meta property=\"og:description\" content=\"El Trabajo de Procesos va dirigido a todas aquellas personas interesadas \u200b\u200ben explorar y profundizar la relaci\u00f3n consigo mismas, con otras personas, con su entorno y con el mundo. Esta mirada aporta nuevos enfoques y recursos a profesionales de servicios p\u00fablicos, del \u00e1mbito social o comunitario, as\u00ed como en las \u00e1reas de la facilitaci\u00f3n y [&hellip;]\" \/>\n<meta property=\"og:url\" content=\"https:\/\/www.trabajodeprocesos.net\/es\/trabajo-de-procesos\/\" \/>\n<meta property=\"og:site_name\" content=\"Trabajo de Procesos\" \/>\n<meta property=\"article:modified_time\" content=\"2020-11-17T08:45:20+00:00\" \/>\n<meta property=\"og:image\" content=\"https:\/\/www.trabajodeprocesos.net\/wp-content\/uploads\/2019\/12\/photo-1541701494587-cb58502866ab.jpg\" \/>\n\t<meta property=\"og:image:width\" content=\"1950\" \/>\n\t<meta property=\"og:image:height\" content=\"1300\" \/>\n<meta name=\"twitter:card\" content=\"summary_large_image\" \/>\n<meta name=\"twitter:label1\" content=\"Escrito por\">\n\t<meta name=\"twitter:data1\" content=\"Admin\">\n\t<meta name=\"twitter:label2\" content=\"Tiempo de lectura\">\n\t<meta name=\"twitter:data2\" content=\"2 minutos\">\n<script type=\"application\/ld+json\" class=\"yoast-schema-graph\">{\"@context\":\"https:\/\/schema.org\",\"@graph\":[{\"@type\":\"WebSite\",\"@id\":\"https:\/\/www.trabajodeprocesos.net\/es\/#website\",\"url\":\"https:\/\/www.trabajodeprocesos.net\/es\/\",\"name\":\"Trabajo de Procesos\",\"description\":\"\",\"potentialAction\":[{\"@type\":\"SearchAction\",\"target\":\"https:\/\/www.trabajodeprocesos.net\/es\/?s={search_term_string}\",\"query-input\":\"required name=search_term_string\"}],\"inLanguage\":\"es\"},{\"@type\":\"ImageObject\",\"@id\":\"https:\/\/www.trabajodeprocesos.net\/es\/trabajo-de-procesos\/#primaryimage\",\"inLanguage\":\"es\",\"url\":\"https:\/\/www.trabajodeprocesos.net\/wp-content\/uploads\/2019\/12\/photo-1541701494587-cb58502866ab.jpg\",\"width\":1950,\"height\":1300},{\"@type\":\"WebPage\",\"@id\":\"https:\/\/www.trabajodeprocesos.net\/es\/trabajo-de-procesos\/#webpage\",\"url\":\"https:\/\/www.trabajodeprocesos.net\/es\/trabajo-de-procesos\/\",\"name\":\"Trabajo de Procesos - Trabajo de Procesos\",\"isPartOf\":{\"@id\":\"https:\/\/www.trabajodeprocesos.net\/es\/#website\"},\"primaryImageOfPage\":{\"@id\":\"https:\/\/www.trabajodeprocesos.net\/es\/trabajo-de-procesos\/#primaryimage\"},\"datePublished\":\"2019-12-05T14:55:56+00:00\",\"dateModified\":\"2020-11-17T08:45:20+00:00\",\"inLanguage\":\"es\",\"potentialAction\":[{\"@type\":\"ReadAction\",\"target\":[\"https:\/\/www.trabajodeprocesos.net\/es\/trabajo-de-procesos\/\"]}]}]}<\/script>\n<!-- \/ Yoast SEO plugin. -->","_links":{"self":[{"href":"https:\/\/www.trabajodeprocesos.net\/es\/wp-json\/wp\/v2\/pages\/467","targetHints":{"allow":["GET"]}}],"collection":[{"href":"https:\/\/www.trabajodeprocesos.net\/es\/wp-json\/wp\/v2\/pages"}],"about":[{"href":"https:\/\/www.trabajodeprocesos.net\/es\/wp-json\/wp\/v2\/types\/page"}],"author":[{"embeddable":true,"href":"https:\/\/www.trabajodeprocesos.net\/es\/wp-json\/wp\/v2\/users\/6"}],"replies":[{"embeddable":true,"href":"https:\/\/www.trabajodeprocesos.net\/es\/wp-json\/wp\/v2\/comments?post=467"}],"version-history":[{"count":33,"href":"https:\/\/www.trabajodeprocesos.net\/es\/wp-json\/wp\/v2\/pages\/467\/revisions"}],"predecessor-version":[{"id":7224,"href":"https:\/\/www.trabajodeprocesos.net\/es\/wp-json\/wp\/v2\/pages\/467\/revisions\/7224"}],"wp:featuredmedia":[{"embeddable":true,"href":"https:\/\/www.trabajodeprocesos.net\/es\/wp-json\/wp\/v2\/media\/511"}],"wp:attachment":[{"href":"https:\/\/www.trabajodeprocesos.net\/es\/wp-json\/wp\/v2\/media?parent=467"}],"curies":[{"name":"wp","href":"https:\/\/api.w.org\/{rel}","templated":true}]}}