{"id":22955,"date":"2025-08-28T12:15:36","date_gmt":"2025-08-28T10:15:36","guid":{"rendered":"https:\/\/www.trabajodeprocesos.net\/?page_id=22955"},"modified":"2025-08-29T13:03:27","modified_gmt":"2025-08-29T11:03:27","slug":"pre-inscripcion-ano-base-madrid-2026","status":"publish","type":"page","link":"https:\/\/www.trabajodeprocesos.net\/es\/pre-inscripcion-ano-base-madrid-2026\/","title":{"rendered":"Pre-Inscripci\u00f3n A\u00f1o Base Madrid 2026"},"content":{"rendered":"\n<p class=\"has-text-align-center has-medium-font-size\">Te sugerimos que leas atentamente la siguiente informaci\u00f3n antes de proceder a la pre-inscripci\u00f3n.<\/p>\n\n\n\n<p><\/p>\n\n\n\n<figure class=\"wp-block-image size-large\"><img loading=\"lazy\" decoding=\"async\" width=\"1024\" height=\"576\" src=\"http:\/\/www.trabajodeprocesos.net\/wp-content\/uploads\/2025\/07\/12-de-julio-18.00-a-19.30hs-PRESENTACION-ONLINE-4-1024x576.png\" alt=\"\" class=\"wp-image-22832\" srcset=\"https:\/\/www.trabajodeprocesos.net\/wp-content\/uploads\/2025\/07\/12-de-julio-18.00-a-19.30hs-PRESENTACION-ONLINE-4-1024x576.png 1024w, https:\/\/www.trabajodeprocesos.net\/wp-content\/uploads\/2025\/07\/12-de-julio-18.00-a-19.30hs-PRESENTACION-ONLINE-4-300x169.png 300w, https:\/\/www.trabajodeprocesos.net\/wp-content\/uploads\/2025\/07\/12-de-julio-18.00-a-19.30hs-PRESENTACION-ONLINE-4-768x432.png 768w, https:\/\/www.trabajodeprocesos.net\/wp-content\/uploads\/2025\/07\/12-de-julio-18.00-a-19.30hs-PRESENTACION-ONLINE-4-1536x864.png 1536w, https:\/\/www.trabajodeprocesos.net\/wp-content\/uploads\/2025\/07\/12-de-julio-18.00-a-19.30hs-PRESENTACION-ONLINE-4.png 1920w\" sizes=\"auto, (max-width: 1024px) 100vw, 1024px\" \/><\/figure>\n\n\n\n<hr class=\"wp-block-separator has-alpha-channel-opacity is-style-dots\"\/>\n\n\n\n<p><strong>PROGRAMA<\/strong><\/p>\n\n\n\n<p>M\u00f3dulo 1:  Trabajo interior &#8211; 27 feb. al 1\u00ba marzo<\/p>\n\n\n\n<p>M\u00f3dulo 2: Propio conflicto &#8211; 10 al 12 de abril<\/p>\n\n\n\n<p>M\u00f3dulo 3: Estilos de facilitaci\u00f3n &#8211; 5 al 7 de junio<\/p>\n\n\n\n<p>M\u00f3dulo 4: Gesti\u00f3n de agresiones machistas en organizaciones &#8211; 25 al 27 de septiembre<\/p>\n\n\n\n<p>M\u00f3dulo 5: Discriminaci\u00f3n estructural &#8211; 23 al 25 de octubre<\/p>\n\n\n\n<p>M\u00f3dulo 6: Trauma colectivo y facilitaci\u00f3n &#8211; 27 al 29 de noviembre<\/p>\n\n\n\n<p><\/p>\n\n\n\n<p><strong>Horario<\/strong>*: viernes de 16 a 19, s\u00e1bado de 10h a 14h y de 15h30 a 18h, domingo de 10h 14h<\/p>\n\n\n\n<p class=\"has-small-font-size\">*los horarios pueden estar sujetos a modificaciones por parte de La Escuela.<\/p>\n\n\n\n<hr class=\"wp-block-separator has-alpha-channel-opacity is-style-dots\"\/>\n\n\n\n<p>Si deseas recibir el dossier, puedes solicitarlo escribi\u00e9ndonos a info@trabajodeprocesos.net <\/p>\n\n\n\n<hr class=\"wp-block-separator has-alpha-channel-opacity is-style-dots\"\/>\n\n\n\n<p><\/p>\n\n\n\n<p class=\"has-medium-font-size\"><strong>PREGUNTAS FRECUENTES SOBRE LA PRE-INSCRIPCI\u00d3N:<\/strong><\/p>\n\n\n\n<p><\/p>\n\n\n\n<p><strong>\u00bfQu\u00e9 opci\u00f3n selecciono en la casilla \u00abAlumno registrado en el centro\u00bb?<\/strong><\/p>\n\n\n\n<p>En el a<strong>partado \u00abDatos del alumno\u00bb<\/strong> se te pedir\u00e1 que rellenes con tus datos personales. Si no has realizado antes formaciones en La Escuela, entonces NO EST\u00c1S REGISTRADO\/A\/E en el centro. Selecciona la opci\u00f3n \u00abNO\u00bb para darte de alta y dejar tus datos.<\/p>\n\n\n\n<p><\/p>\n\n\n\n<p><\/p>\n\n\n\n<p><strong>\u00bfQu\u00e9 comprobante de pago debo adjuntar?<\/strong><\/p>\n\n\n\n<p>En primer lugar, tienes que tener en claro qu\u00e9 opci\u00f3n de pago elegir\u00e1s. Las opciones de pago son:<\/p>\n\n\n\n<ul class=\"wp-block-list\">\n<li>Un \u00fanico pago por el total del servicio contratado por transferencia.(\u20ac1640)<\/li>\n\n\n\n<li>Pago de matr\u00edcula al momento de la pre-inscripci\u00f3n (\u20ac410) + cobro 2 plazos: el pago se realizar\u00e1 en 2 plazos, siendo el primero en el mes de su contrataci\u00f3n y el segundo a los 6 meses. (2 pagos de \u20ac615)<\/li>\n\n\n\n<li>Pago de matr\u00edcula al momento de la pre-inscripci\u00f3n (\u20ac410) + cobro 3 plazos: el pago se realizar\u00e1 en 3 plazos, siendo el primero en el mes de su contrataci\u00f3n y el resto cada 3 meses. (3 pagos de \u20ac410)<\/li>\n\n\n\n<li>Pago de matr\u00edcula al momento de la pre-inscripci\u00f3n (\u20ac410) + cobro 6 plazos: el pago se realizar\u00e1 en 6 plazos, siendo el primero en el mes de su contrataci\u00f3n y el resto cada mes. (6 pagos de \u20ac205)<\/li>\n\n\n\n<li>Pago de matr\u00edcula al momento de la pre-inscripci\u00f3n (\u20ac410) + cobro 9 plazos: el pago se realizar\u00e1 en 9 plazos, siendo el primero en el mes de su contrataci\u00f3n y el resto cada mes. (el importe aproximado por pago ser\u00e1 de 137 ajust\u00e1ndose al redondeo)<\/li>\n\n\n\n<li>Pago de matr\u00edcula al momento de la pre-inscripci\u00f3n (\u20ac410) + cobro 10 plazos: el pago se realizar\u00e1 en 10 plazos, siendo el primero en el mes de su contrataci\u00f3n y el resto cada mes. (10 pagos de \u20ac123)<\/li>\n<\/ul>\n\n\n\n<p><\/p>\n\n\n\n<p>Una vez tengas claridad con la opci\u00f3n de pago que vas a escoger, en el formulario de pre-inscripci\u00f3n se te pedir\u00e1 que adjuntes el comprobante de pago de la siguiente manera:<\/p>\n\n\n\n<p>Ejemplo 1: si eliges la opci\u00f3n de \u00fanico pago, adjuntar\u00e1s el comprobante del total de la transferencia (\u20ac1640)<\/p>\n\n\n\n<p>Ejemplo 2: si eliges la opci\u00f3n de pago en 6 plazos, adjuntar\u00e1s el comprobante de la transferencia de la matr\u00edcula (\u20ac410) y en otra casilla, se te pedir\u00e1 que adjuntes el documento de \u00abAutorizaci\u00f3n de domiciliaci\u00f3n bancaria\u00bb rellenado y firmado por ti.<\/p>\n\n\n\n<p><em>IMPORTANTE: En cualquier opci\u00f3n de pago a plazos que elijas, tendr\u00e1s que realizar el pago de la matr\u00edcula y adjuntar el comprobante al formulario de pre-inscripci\u00f3n.<\/em><\/p>\n\n\n\n<p><\/p>\n\n\n\n<p>Para realizar la transferencia, debes hacerlo a nuestra cuenta:<\/p>\n\n\n\n<p>IBAN ES87 3025 0011 7114 0009 4123<\/p>\n\n\n\n<p>Caja Ingenieros Banca Cooperativa<\/p>\n\n\n\n<p><\/p>\n\n\n\n<p><\/p>\n\n\n\n<p><strong>\u00bfD\u00f3nde descargo el documento para la autorizaci\u00f3n de la domiciliaci\u00f3n bancaria?<\/strong><\/p>\n\n\n\n<p>En el mismo formulario, en el apartado \u00abConsentimiento y autorizaciones\u00bb aparece el \u00edtem \u00abAutorizaci\u00f3n domiciliaci\u00f3n bancaria\u00bb con un \u00edcono de descarga a la derecha similar a este: \u2b07\ufe0f<\/p>\n\n\n\n<p>Ah\u00ed lo descargas, lo rellenas, lo firmas y lo adjuntas en el apartado \u00abPago de matr\u00edcula\u00bb donde dice \u00abAutorizaci\u00f3n domiciliaci\u00f3n bancaria\u00bb + un \u00edcono de \u00abadjuntar\u00bb como este: \ud83d\udd17<\/p>\n\n\n\n<p><\/p>\n\n\n\n<p><\/p>\n\n\n\n<p><strong>\u00bfQu\u00e9 selecciono en la opci\u00f3n \u00abTipo cont.\u00bb?<\/strong><\/p>\n\n\n\n<p>Esta opci\u00f3n est\u00e1 para que puedas dejar los datos de la persona a la que emitiremos los recibos de pago. Si la factura va a tu nombre, entonces elige la opci\u00f3n \u00abel mismo alumno\u00bb. Si la factura va a nombre de una organizaci\u00f3n u empresa, selecciona la opci\u00f3n \u00abempresa\u00bb. <\/p>\n\n\n\n<p><\/p>\n\n\n\n<p><strong>\u00bfC\u00f3mo hago si quiero solicitar factura a nombre de mi empresa?<\/strong><\/p>\n\n\n\n<p>Si trabajas para una empresa u organizaci\u00f3n y quieres factura a su nombre, te pediremos que rellenes los datos de la misma en el apartado \u00abDatos de contacto\u00bb. Donde dice: \u00abTipo Cont.:\u00bb (tipo de contacto), tienes que elegir la opci\u00f3n \u00abempresa\u00bb. <\/p>\n\n\n\n<p><\/p>\n\n\n\n<p><strong>\u00bfC\u00f3mo s\u00e9 si puedo solicitar bonificaci\u00f3n Fundae?<\/strong><\/p>\n\n\n\n<p>La bonificaci\u00f3n Fundae se puede solicitar en caso de que seas trabajadore por cuenta ajena. En este caso tienes que comentarlo en tu empresa para que te informen de los cr\u00e9ditos disponibles que tienes para formaci\u00f3n, y escribirnos un correo comunicando que vas a solicitar la bonificaci\u00f3n a info@trabajodeprocesos.net. Te responderemos y te facilitaremos el contacto de la persona encargada de la gesti\u00f3n con Fundae.<\/p>\n\n\n\n<p><\/p>\n\n\n\n<p><\/p>\n\n\n\n<p><strong>Tengo problemas para introducir mi IBAN<\/strong><\/p>\n\n\n\n<p>Se te pedir\u00e1 que introduzcas el c\u00f3digo de tu IBAN para domiciliaci\u00f3n bancaria sin dejar espacios entre los n\u00fameros y letras.<\/p>\n\n\n\n<hr class=\"wp-block-separator has-alpha-channel-opacity is-style-dots\"\/>\n\n\n\n<p><em>Si tienes otra duda que no est\u00e9 resuelta aqu\u00ed, escr\u00edbenos a info@trabajodeprocesos.net y te responderemos a la brevedad.<\/em><\/p>\n\n\n\n<p><\/p>\n\n\n\n<p><\/p>\n\n\n\n<div class=\"wp-block-buttons is-content-justification-center is-layout-flex wp-container-core-buttons-is-layout-16018d1d wp-block-buttons-is-layout-flex\">\n<div class=\"wp-block-button is-style-fill\"><a class=\"wp-block-button__link has-white-color has-text-color has-background has-link-color wp-element-button\" href=\"http:\/\/s40.frmgq.es\/?on=51960153300000000087MADRID.AB&amp;c=1\" style=\"border-radius:15px;background:linear-gradient(135deg,rgb(122,220,180) 0%,rgb(0,208,130) 68%)\" target=\"_blank\" rel=\"noreferrer noopener\">PRE-INSCRIPCI\u00d3N<\/a><\/div>\n<\/div>\n","protected":false},"excerpt":{"rendered":"<p>Te sugerimos que leas atentamente la siguiente informaci\u00f3n antes de proceder a la pre-inscripci\u00f3n. PROGRAMA M\u00f3dulo 1: Trabajo interior &#8211; 27 feb. al 1\u00ba marzo M\u00f3dulo 2: Propio conflicto &#8211; 10 al 12 de abril M\u00f3dulo 3: Estilos de facilitaci\u00f3n &#8211; 5 al 7 de junio M\u00f3dulo 4: Gesti\u00f3n de agresiones machistas en organizaciones &#8211; [&hellip;]<\/p>\n","protected":false},"author":6,"featured_media":0,"parent":0,"menu_order":0,"comment_status":"closed","ping_status":"closed","template":"","meta":{"footnotes":""},"class_list":["post-22955","page","type-page","status-publish","hentry"],"yoast_head":"<!-- This site is optimized with the Yoast SEO plugin v15.4 - https:\/\/yoast.com\/wordpress\/plugins\/seo\/ -->\n<title>Pre-Inscripci\u00f3n A\u00f1o Base Madrid 2026 - Trabajo de Procesos<\/title>\n<meta name=\"robots\" content=\"index, follow, max-snippet:-1, max-image-preview:large, max-video-preview:-1\" \/>\n<link rel=\"canonical\" href=\"https:\/\/www.trabajodeprocesos.net\/es\/pre-inscripcion-ano-base-madrid-2026\/\" \/>\n<meta property=\"og:locale\" content=\"es_ES\" \/>\n<meta property=\"og:type\" content=\"article\" \/>\n<meta property=\"og:title\" content=\"Pre-Inscripci\u00f3n A\u00f1o Base Madrid 2026 - Trabajo de Procesos\" \/>\n<meta property=\"og:description\" content=\"Te sugerimos que leas atentamente la siguiente informaci\u00f3n antes de proceder a la pre-inscripci\u00f3n. PROGRAMA M\u00f3dulo 1: Trabajo interior &#8211; 27 feb. al 1\u00ba marzo M\u00f3dulo 2: Propio conflicto &#8211; 10 al 12 de abril M\u00f3dulo 3: Estilos de facilitaci\u00f3n &#8211; 5 al 7 de junio M\u00f3dulo 4: Gesti\u00f3n de agresiones machistas en organizaciones &#8211; [&hellip;]\" \/>\n<meta property=\"og:url\" content=\"https:\/\/www.trabajodeprocesos.net\/es\/pre-inscripcion-ano-base-madrid-2026\/\" \/>\n<meta property=\"og:site_name\" content=\"Trabajo de Procesos\" \/>\n<meta property=\"article:modified_time\" content=\"2025-08-29T11:03:27+00:00\" \/>\n<meta property=\"og:image\" content=\"https:\/\/www.trabajodeprocesos.net\/wp-content\/uploads\/2025\/07\/12-de-julio-18.00-a-19.30hs-PRESENTACION-ONLINE-4-1024x576.png\" \/>\n\t<meta property=\"og:image:width\" content=\"1024\" \/>\n\t<meta property=\"og:image:height\" content=\"576\" \/>\n<meta name=\"twitter:card\" content=\"summary_large_image\" \/>\n<meta name=\"twitter:label1\" content=\"Escrito por\">\n\t<meta name=\"twitter:data1\" content=\"Admin\">\n\t<meta name=\"twitter:label2\" content=\"Tiempo de lectura\">\n\t<meta name=\"twitter:data2\" content=\"3 minutos\">\n<script type=\"application\/ld+json\" class=\"yoast-schema-graph\">{\"@context\":\"https:\/\/schema.org\",\"@graph\":[{\"@type\":\"WebSite\",\"@id\":\"https:\/\/www.trabajodeprocesos.net\/es\/#website\",\"url\":\"https:\/\/www.trabajodeprocesos.net\/es\/\",\"name\":\"Trabajo de Procesos\",\"description\":\"\",\"potentialAction\":[{\"@type\":\"SearchAction\",\"target\":\"https:\/\/www.trabajodeprocesos.net\/es\/?s={search_term_string}\",\"query-input\":\"required name=search_term_string\"}],\"inLanguage\":\"es\"},{\"@type\":\"ImageObject\",\"@id\":\"https:\/\/www.trabajodeprocesos.net\/es\/pre-inscripcion-ano-base-madrid-2026\/#primaryimage\",\"inLanguage\":\"es\",\"url\":\"http:\/\/www.trabajodeprocesos.net\/wp-content\/uploads\/2025\/07\/12-de-julio-18.00-a-19.30hs-PRESENTACION-ONLINE-4-1024x576.png\"},{\"@type\":\"WebPage\",\"@id\":\"https:\/\/www.trabajodeprocesos.net\/es\/pre-inscripcion-ano-base-madrid-2026\/#webpage\",\"url\":\"https:\/\/www.trabajodeprocesos.net\/es\/pre-inscripcion-ano-base-madrid-2026\/\",\"name\":\"Pre-Inscripci\\u00f3n A\\u00f1o Base Madrid 2026 - Trabajo de Procesos\",\"isPartOf\":{\"@id\":\"https:\/\/www.trabajodeprocesos.net\/es\/#website\"},\"primaryImageOfPage\":{\"@id\":\"https:\/\/www.trabajodeprocesos.net\/es\/pre-inscripcion-ano-base-madrid-2026\/#primaryimage\"},\"datePublished\":\"2025-08-28T10:15:36+00:00\",\"dateModified\":\"2025-08-29T11:03:27+00:00\",\"inLanguage\":\"es\",\"potentialAction\":[{\"@type\":\"ReadAction\",\"target\":[\"https:\/\/www.trabajodeprocesos.net\/es\/pre-inscripcion-ano-base-madrid-2026\/\"]}]}]}<\/script>\n<!-- \/ Yoast SEO plugin. -->","_links":{"self":[{"href":"https:\/\/www.trabajodeprocesos.net\/es\/wp-json\/wp\/v2\/pages\/22955","targetHints":{"allow":["GET"]}}],"collection":[{"href":"https:\/\/www.trabajodeprocesos.net\/es\/wp-json\/wp\/v2\/pages"}],"about":[{"href":"https:\/\/www.trabajodeprocesos.net\/es\/wp-json\/wp\/v2\/types\/page"}],"author":[{"embeddable":true,"href":"https:\/\/www.trabajodeprocesos.net\/es\/wp-json\/wp\/v2\/users\/6"}],"replies":[{"embeddable":true,"href":"https:\/\/www.trabajodeprocesos.net\/es\/wp-json\/wp\/v2\/comments?post=22955"}],"version-history":[{"count":4,"href":"https:\/\/www.trabajodeprocesos.net\/es\/wp-json\/wp\/v2\/pages\/22955\/revisions"}],"predecessor-version":[{"id":22966,"href":"https:\/\/www.trabajodeprocesos.net\/es\/wp-json\/wp\/v2\/pages\/22955\/revisions\/22966"}],"wp:attachment":[{"href":"https:\/\/www.trabajodeprocesos.net\/es\/wp-json\/wp\/v2\/media?parent=22955"}],"curies":[{"name":"wp","href":"https:\/\/api.w.org\/{rel}","templated":true}]}}