{"id":21646,"date":"2024-10-09T10:28:55","date_gmt":"2024-10-09T08:28:55","guid":{"rendered":"http:\/\/www.trabajodeprocesos.net\/training-for-trainers-formacion-para-formadores\/"},"modified":"2025-07-28T17:31:58","modified_gmt":"2025-07-28T15:31:58","slug":"training-for-trainers-formacion-para-formadores","status":"publish","type":"page","link":"https:\/\/www.trabajodeprocesos.net\/en\/training-programs\/training-for-trainers-formacion-para-formadores\/","title":{"rendered":"Training of trainers \/\/ Formaci\u00f3n para formadores"},"content":{"rendered":"\t\t<div data-elementor-type=\"wp-page\" data-elementor-id=\"21646\" class=\"elementor elementor-21646 elementor-21631\" data-elementor-settings=\"[]\">\n\t\t\t\t\t\t<div class=\"elementor-inner\">\n\t\t\t\t\t\t\t<div class=\"elementor-section-wrap\">\n\t\t\t\t\t\t\t<section class=\"elementor-section elementor-top-section elementor-element elementor-element-b07336f elementor-section-boxed elementor-section-height-default elementor-section-height-default\" data-id=\"b07336f\" data-element_type=\"section\">\n\t\t\t\t\t\t<div class=\"elementor-container elementor-column-gap-default\">\n\t\t\t\t\t\t\t<div class=\"elementor-row\">\n\t\t\t\t\t<div class=\"elementor-column elementor-col-100 elementor-top-column elementor-element elementor-element-8946762\" data-id=\"8946762\" data-element_type=\"column\">\n\t\t\t<div class=\"elementor-column-wrap elementor-element-populated\">\n\t\t\t\t\t\t\t<div class=\"elementor-widget-wrap\">\n\t\t\t\t\t\t<div class=\"elementor-element elementor-element-e8025b8 elementor-widget elementor-widget-spacer\" data-id=\"e8025b8\" data-element_type=\"widget\" data-widget_type=\"spacer.default\">\n\t\t\t\t<div class=\"elementor-widget-container\">\n\t\t\t\t\t<div class=\"elementor-spacer\">\n\t\t\t<div class=\"elementor-spacer-inner\"><\/div>\n\t\t<\/div>\n\t\t\t\t<\/div>\n\t\t\t\t<\/div>\n\t\t\t\t<div class=\"elementor-element elementor-element-4bfa08e elementor-widget elementor-widget-text-editor\" data-id=\"4bfa08e\" data-element_type=\"widget\" data-widget_type=\"text-editor.default\">\n\t\t\t\t<div class=\"elementor-widget-container\">\n\t\t\t\t\t<div class=\"elementor-text-editor elementor-clearfix\"><p><strong>Are you looking for a way to continue your post-diploma learning, research, and growth as you continue using Processwork in your chosen field?<\/strong> Or have you ever considered being a Processwork trainer? Have you sometimes seen a favorite teacher teaching or working in the center and thought, &#8220;I want to do that&#8221;? Or perhaps you had a dream or an inner urge to enter the path of a trainer? <strong>We have an offering for you.<\/strong><\/p><p>&#8212;<\/p><p><strong>\u00bfEst\u00e1s buscando una manera de continuar tu aprendizaje, investigaci\u00f3n y crecimiento despu\u00e9s del diploma mientras sigues utilizando el Trabajo de Procesos en tu campo elegido?<\/strong> \u00bfO alguna vez has considerado ser formador de Trabajo de Procesos? \u00bfAlguna vez has visto a uno de tus maestros favoritos ense\u00f1ando o trabajando en el centro y has pensado: &#8220;Yo quiero hacer eso&#8221;? \u00bfO tal vez has tenido un sue\u00f1o o un impulso interno de entrar en el camino de ser formador? <strong>Tenemos una propuesta para ti.<\/strong><\/p><\/div>\n\t\t\t\t<\/div>\n\t\t\t\t<\/div>\n\t\t\t\t\t\t<\/div>\n\t\t\t\t\t<\/div>\n\t\t<\/div>\n\t\t\t\t\t\t\t\t<\/div>\n\t\t\t\t\t<\/div>\n\t\t<\/section>\n\t\t\t\t<section class=\"elementor-section elementor-top-section elementor-element elementor-element-15cf589 elementor-section-boxed elementor-section-height-default elementor-section-height-default\" data-id=\"15cf589\" data-element_type=\"section\">\n\t\t\t\t\t\t<div class=\"elementor-container elementor-column-gap-default\">\n\t\t\t\t\t\t\t<div class=\"elementor-row\">\n\t\t\t\t\t<div class=\"elementor-column elementor-col-100 elementor-top-column elementor-element elementor-element-2a777fa\" data-id=\"2a777fa\" data-element_type=\"column\">\n\t\t\t<div class=\"elementor-column-wrap elementor-element-populated\">\n\t\t\t\t\t\t\t<div class=\"elementor-widget-wrap\">\n\t\t\t\t\t\t<div class=\"elementor-element elementor-element-f4c1099 elementor-widget elementor-widget-image\" data-id=\"f4c1099\" data-element_type=\"widget\" data-widget_type=\"image.default\">\n\t\t\t\t<div class=\"elementor-widget-container\">\n\t\t\t\t\t<div class=\"elementor-image\">\n\t\t\t\t\t\t\t\t\t\t\t<a href=\"https:\/\/forms.gle\/6571kELRaA11TcoD7\">\n\t\t\t\t\t\t\t<img loading=\"lazy\" decoding=\"async\" width=\"1024\" height=\"682\" src=\"https:\/\/www.trabajodeprocesos.net\/wp-content\/uploads\/2025\/07\/dojo-trainers-version-horizontal-4-1024x682.png\" class=\"attachment-large size-large\" alt=\"\" srcset=\"https:\/\/www.trabajodeprocesos.net\/wp-content\/uploads\/2025\/07\/dojo-trainers-version-horizontal-4-1024x682.png 1024w, https:\/\/www.trabajodeprocesos.net\/wp-content\/uploads\/2025\/07\/dojo-trainers-version-horizontal-4-300x200.png 300w, https:\/\/www.trabajodeprocesos.net\/wp-content\/uploads\/2025\/07\/dojo-trainers-version-horizontal-4-768x512.png 768w, https:\/\/www.trabajodeprocesos.net\/wp-content\/uploads\/2025\/07\/dojo-trainers-version-horizontal-4.png 1280w\" sizes=\"auto, (max-width: 1024px) 100vw, 1024px\" \/>\t\t\t\t\t\t\t\t<\/a>\n\t\t\t\t\t\t\t\t\t\t\t<\/div>\n\t\t\t\t<\/div>\n\t\t\t\t<\/div>\n\t\t\t\t\t\t<\/div>\n\t\t\t\t\t<\/div>\n\t\t<\/div>\n\t\t\t\t\t\t\t\t<\/div>\n\t\t\t\t\t<\/div>\n\t\t<\/section>\n\t\t\t\t<section class=\"elementor-section elementor-top-section elementor-element elementor-element-fc53eba elementor-section-boxed elementor-section-height-default elementor-section-height-default\" data-id=\"fc53eba\" data-element_type=\"section\">\n\t\t\t\t\t\t<div class=\"elementor-container elementor-column-gap-default\">\n\t\t\t\t\t\t\t<div class=\"elementor-row\">\n\t\t\t\t\t<div class=\"elementor-column elementor-col-25 elementor-top-column elementor-element elementor-element-933e966\" data-id=\"933e966\" data-element_type=\"column\">\n\t\t\t<div class=\"elementor-column-wrap\">\n\t\t\t\t\t\t\t<div class=\"elementor-widget-wrap\">\n\t\t\t\t\t\t\t\t<\/div>\n\t\t\t\t\t<\/div>\n\t\t<\/div>\n\t\t\t\t<div class=\"elementor-column elementor-col-50 elementor-top-column elementor-element elementor-element-cab7cf4\" data-id=\"cab7cf4\" data-element_type=\"column\">\n\t\t\t<div class=\"elementor-column-wrap\">\n\t\t\t\t\t\t\t<div class=\"elementor-widget-wrap\">\n\t\t\t\t\t\t\t\t<\/div>\n\t\t\t\t\t<\/div>\n\t\t<\/div>\n\t\t\t\t<div class=\"elementor-column elementor-col-25 elementor-top-column elementor-element elementor-element-19bd728\" data-id=\"19bd728\" data-element_type=\"column\">\n\t\t\t<div class=\"elementor-column-wrap\">\n\t\t\t\t\t\t\t<div class=\"elementor-widget-wrap\">\n\t\t\t\t\t\t\t\t<\/div>\n\t\t\t\t\t<\/div>\n\t\t<\/div>\n\t\t\t\t\t\t\t\t<\/div>\n\t\t\t\t\t<\/div>\n\t\t<\/section>\n\t\t\t\t<section class=\"elementor-section elementor-top-section elementor-element elementor-element-a2420fe elementor-section-boxed elementor-section-height-default elementor-section-height-default\" data-id=\"a2420fe\" data-element_type=\"section\">\n\t\t\t\t\t\t<div class=\"elementor-container elementor-column-gap-default\">\n\t\t\t\t\t\t\t<div class=\"elementor-row\">\n\t\t\t\t\t<div class=\"elementor-column elementor-col-100 elementor-top-column elementor-element elementor-element-faf0d43\" data-id=\"faf0d43\" data-element_type=\"column\">\n\t\t\t<div class=\"elementor-column-wrap elementor-element-populated\">\n\t\t\t\t\t\t\t<div class=\"elementor-widget-wrap\">\n\t\t\t\t\t\t<div class=\"elementor-element elementor-element-b76239d elementor-widget elementor-widget-text-editor\" data-id=\"b76239d\" data-element_type=\"widget\" data-widget_type=\"text-editor.default\">\n\t\t\t\t<div class=\"elementor-widget-container\">\n\t\t\t\t\t<div class=\"elementor-text-editor elementor-clearfix\"><p>We all know from our own training that being a Processwork trainer is a rich and complex job. It offers opportunities for personal growth, learning, research, and community building. It can also put us on our biggest edges where we can continue to learn and grow.<\/p><p><strong>It&#8217;s not just about teaching in seminars but also serving in the many roles that are part of the job<\/strong>: instructor, training therapist, supervisor, study committee member, mentor, group facilitator, faculty member, and part of a team, etc. This can challenge even the most experienced of us.<\/p><p>As part of the Barcelona Processwork School, La Escuela and the Institute of Processwork and Deep Democracy (Spain), we invite you to join the Training of Trainers seminar &#8220;Embodying the Teacher&#8217;s Path: Exploring the Nature of Roles, Dreams, Teamwork, and Rank as Processwork Trainers.&#8221;<\/p><p>Over the 4 days, we will work on <strong>connecting to, or reconnecting to your life-myth being a trainer<\/strong>. We will take this into <strong>understanding the various roles<\/strong> that you fill as a trainer (training therapist, mentor, supervisor, examiner, faculty member). We will<strong> familiarize ourselves with the skills we need to fulfill our roles<\/strong>, such as troubleshooting problem student situations and addressing challenges to the school as a whole.<\/p><p>We will also emphasize the nature of teamwork, rank dynamics, and how systemic issues and diverse perspectives impact collaboration and student support. The final focus is on <strong>integrating insights<\/strong> and identifying practical <strong>next steps for continued growth.<\/strong><\/p><p>This seminar will be followed by online classes, deepening the work started during the seminar.<\/p><p>&#8212;&#8211;<\/p><p>CAST.<\/p><p>Todos sabemos por nuestra propia formaci\u00f3n que ser un formador de Trabajo de Procesos es un trabajo rico y complejo. Ofrece oportunidades de crecimiento personal, aprendizaje, investigaci\u00f3n y construcci\u00f3n de comunidad. Tambi\u00e9n puede llevarnos a nuestras fronteras m\u00e1s grandes, donde podemos seguir aprendiendo y creciendo.<br \/><br \/>No se trata solo de ense\u00f1ar en seminarios, sino tambi\u00e9n de desempe\u00f1ar los muchos roles que forman parte del trabajo: instructor, terapeuta en formaci\u00f3n, supervisor, miembro del comit\u00e9 de estudios, mentor, facilitador de grupos, miembro del equipo docente, entre otros. Esto puede ser un desaf\u00edo incluso para los m\u00e1s experimentados.<br \/><br \/>Como parte de la Escuela de Trabajo de Procesos de Barcelona, La Escuela y el Instituto de Trabajo de Procesos y Democracia Profunda (Espa\u00f1a), te invitamos a unirte al seminario de formaci\u00f3n de formadores &#8220;Encarnando el camino del maestro: Explorando la naturaleza de los roles, sue\u00f1os, trabajo en equipo y rango como formadores de Processwork&#8221;.<br \/><br \/>Durante los 4 d\u00edas trabajaremos en <strong>conectar o reconectar con tu mito de vida como formador.<\/strong> Llevaremos esto a la comprensi\u00f3n de los <strong>diversos roles que desempe\u00f1as como formador<\/strong> (terapeuta en formaci\u00f3n, mentor, supervisor, examinador, miembro del equipo docente). Nos familiarizaremos con las <strong>habilidades que necesitamos para cumplir con nuestros roles<\/strong>, como resolver situaciones problem\u00e1ticas con estudiantes y abordar los desaf\u00edos de la escuela en su conjunto.<br \/><br \/>Tambi\u00e9n haremos hincapi\u00e9 en la naturaleza del trabajo en equipo, las din\u00e1micas de rango y c\u00f3mo las cuestiones sist\u00e9micas y las perspectivas diversas impactan la colaboraci\u00f3n y el apoyo a los estudiantes. El enfoque final ser\u00e1 <strong>integrar los conocimientos adquiridos<\/strong> e identificar los <strong>pr\u00f3ximos pasos pr\u00e1cticos para un crecimiento continuo.<\/strong><br \/><br \/>Este seminario ser\u00e1 seguido por clases en l\u00ednea para profundizar el trabajo iniciado durante el seminario.<\/p><\/div>\n\t\t\t\t<\/div>\n\t\t\t\t<\/div>\n\t\t\t\t\t\t<\/div>\n\t\t\t\t\t<\/div>\n\t\t<\/div>\n\t\t\t\t\t\t\t\t<\/div>\n\t\t\t\t\t<\/div>\n\t\t<\/section>\n\t\t\t\t<section class=\"elementor-section elementor-top-section elementor-element elementor-element-11a5826 elementor-section-boxed elementor-section-height-default elementor-section-height-default\" data-id=\"11a5826\" data-element_type=\"section\">\n\t\t\t\t\t\t<div class=\"elementor-container elementor-column-gap-default\">\n\t\t\t\t\t\t\t<div class=\"elementor-row\">\n\t\t\t\t\t<div class=\"elementor-column elementor-col-100 elementor-top-column elementor-element elementor-element-d1d9060\" data-id=\"d1d9060\" data-element_type=\"column\">\n\t\t\t<div class=\"elementor-column-wrap elementor-element-populated\">\n\t\t\t\t\t\t\t<div class=\"elementor-widget-wrap\">\n\t\t\t\t\t\t<div class=\"elementor-element elementor-element-890ed50 elementor-widget-divider--view-line elementor-widget elementor-widget-divider\" data-id=\"890ed50\" data-element_type=\"widget\" data-widget_type=\"divider.default\">\n\t\t\t\t<div class=\"elementor-widget-container\">\n\t\t\t\t\t<div class=\"elementor-divider\">\n\t\t\t<span class=\"elementor-divider-separator\">\n\t\t\t\t\t\t<\/span>\n\t\t<\/div>\n\t\t\t\t<\/div>\n\t\t\t\t<\/div>\n\t\t\t\t\t\t<\/div>\n\t\t\t\t\t<\/div>\n\t\t<\/div>\n\t\t\t\t\t\t\t\t<\/div>\n\t\t\t\t\t<\/div>\n\t\t<\/section>\n\t\t\t\t<section class=\"elementor-section elementor-top-section elementor-element elementor-element-a45e1de elementor-section-boxed elementor-section-height-default elementor-section-height-default\" data-id=\"a45e1de\" data-element_type=\"section\">\n\t\t\t\t\t\t<div class=\"elementor-container elementor-column-gap-default\">\n\t\t\t\t\t\t\t<div class=\"elementor-row\">\n\t\t\t\t\t<div class=\"elementor-column elementor-col-100 elementor-top-column elementor-element elementor-element-47f730d\" data-id=\"47f730d\" data-element_type=\"column\">\n\t\t\t<div class=\"elementor-column-wrap elementor-element-populated\">\n\t\t\t\t\t\t\t<div class=\"elementor-widget-wrap\">\n\t\t\t\t\t\t<div class=\"elementor-element elementor-element-05557bc elementor-widget elementor-widget-text-editor\" data-id=\"05557bc\" data-element_type=\"widget\" data-widget_type=\"text-editor.default\">\n\t\t\t\t<div class=\"elementor-widget-container\">\n\t\t\t\t\t<div class=\"elementor-text-editor elementor-clearfix\"><p><b>DESCRIPTION \/\/ DESCRIPCI\u00d3N<\/b><\/p><p>1 dojo from January 23-23, 2026 \/\/ Dojo<b>\u00a0<\/b>del 23 al 26 de enero de 2026<\/p><p><span style=\"color: inherit; font-family: inherit; font-size: inherit; font-weight: inherit;\">Place \/\/ Lugar: to be confirmed \/\/ a confirmar &#8211; (Barcelona)<\/span><\/p><div>\u00a0<\/div><div><b>Horario\/\/ Schedule:<\/b><\/div><div>\u00a0<\/div><div>Viernes \/ Friday: 10-14 and 16 to 18 hs<\/div><div>S\u00e1bado \/ Saturday:\u00a010-14 and 15.30 to 18.30 hs<\/div><div>Domingo \/ Sunday:\u00a010-14 and 15.30 to 18.30 hs<\/div><div>Monday: 10-14 hs<\/div><div>\u00a0<\/div><div>\u00a0<\/div><\/div>\n\t\t\t\t<\/div>\n\t\t\t\t<\/div>\n\t\t\t\t\t\t<\/div>\n\t\t\t\t\t<\/div>\n\t\t<\/div>\n\t\t\t\t\t\t\t\t<\/div>\n\t\t\t\t\t<\/div>\n\t\t<\/section>\n\t\t\t\t<section class=\"elementor-section elementor-top-section elementor-element elementor-element-e5ada15 elementor-section-boxed elementor-section-height-default elementor-section-height-default\" data-id=\"e5ada15\" data-element_type=\"section\">\n\t\t\t\t\t\t<div class=\"elementor-container elementor-column-gap-default\">\n\t\t\t\t\t\t\t<div class=\"elementor-row\">\n\t\t\t\t\t<div class=\"elementor-column elementor-col-100 elementor-top-column elementor-element elementor-element-5738922\" data-id=\"5738922\" data-element_type=\"column\">\n\t\t\t<div class=\"elementor-column-wrap elementor-element-populated\">\n\t\t\t\t\t\t\t<div class=\"elementor-widget-wrap\">\n\t\t\t\t\t\t<div class=\"elementor-element elementor-element-76f5318 elementor-align-center elementor-button-info elementor-widget elementor-widget-button\" data-id=\"76f5318\" data-element_type=\"widget\" data-widget_type=\"button.default\">\n\t\t\t\t<div class=\"elementor-widget-container\">\n\t\t\t\t\t<div class=\"elementor-button-wrapper\">\n\t\t\t<a href=\"https:\/\/forms.gle\/6571kELRaA11TcoD7\" class=\"elementor-button-link elementor-button elementor-size-md\" role=\"button\">\n\t\t\t\t\t\t<span class=\"elementor-button-content-wrapper\">\n\t\t\t\t\t\t<span class=\"elementor-button-text\">Register Now \/\/ Inscripci\u00f3n<\/span>\n\t\t<\/span>\n\t\t\t\t\t<\/a>\n\t\t<\/div>\n\t\t\t\t<\/div>\n\t\t\t\t<\/div>\n\t\t\t\t\t\t<\/div>\n\t\t\t\t\t<\/div>\n\t\t<\/div>\n\t\t\t\t\t\t\t\t<\/div>\n\t\t\t\t\t<\/div>\n\t\t<\/section>\n\t\t\t\t<section class=\"elementor-section elementor-top-section elementor-element elementor-element-58be8ca elementor-section-boxed elementor-section-height-default elementor-section-height-default\" data-id=\"58be8ca\" data-element_type=\"section\">\n\t\t\t\t\t\t<div class=\"elementor-container elementor-column-gap-default\">\n\t\t\t\t\t\t\t<div class=\"elementor-row\">\n\t\t\t\t\t<div class=\"elementor-column elementor-col-100 elementor-top-column elementor-element elementor-element-832658e\" data-id=\"832658e\" data-element_type=\"column\">\n\t\t\t<div class=\"elementor-column-wrap elementor-element-populated\">\n\t\t\t\t\t\t\t<div class=\"elementor-widget-wrap\">\n\t\t\t\t\t\t<div class=\"elementor-element elementor-element-1b3a378 elementor-widget elementor-widget-spacer\" data-id=\"1b3a378\" data-element_type=\"widget\" data-widget_type=\"spacer.default\">\n\t\t\t\t<div class=\"elementor-widget-container\">\n\t\t\t\t\t<div class=\"elementor-spacer\">\n\t\t\t<div class=\"elementor-spacer-inner\"><\/div>\n\t\t<\/div>\n\t\t\t\t<\/div>\n\t\t\t\t<\/div>\n\t\t\t\t\t\t<\/div>\n\t\t\t\t\t<\/div>\n\t\t<\/div>\n\t\t\t\t\t\t\t\t<\/div>\n\t\t\t\t\t<\/div>\n\t\t<\/section>\n\t\t\t\t\t\t<\/div>\n\t\t\t\t\t\t<\/div>\n\t\t\t\t\t<\/div>\n\t\t","protected":false},"excerpt":{"rendered":"<p>Are you looking for a way to continue your post-diploma learning, research, and growth as you continue using Processwork in your chosen field? Or have you ever considered being a Processwork trainer? Have you sometimes seen a favorite teacher teaching or working in the center and thought, &#8220;I want to do that&#8221;? Or perhaps you [&hellip;]<\/p>\n","protected":false},"author":6,"featured_media":589,"parent":1112,"menu_order":0,"comment_status":"closed","ping_status":"closed","template":"","meta":{"footnotes":""},"class_list":["post-21646","page","type-page","status-publish","has-post-thumbnail","hentry"],"yoast_head":"<!-- This site is optimized with the Yoast SEO plugin v15.4 - https:\/\/yoast.com\/wordpress\/plugins\/seo\/ -->\n<title>Training of trainers \/\/ Formaci\u00f3n para formadores - Trabajo de Procesos<\/title>\n<meta name=\"robots\" content=\"index, follow, max-snippet:-1, max-image-preview:large, max-video-preview:-1\" \/>\n<link rel=\"canonical\" href=\"https:\/\/www.trabajodeprocesos.net\/en\/training-programs\/training-for-trainers-formacion-para-formadores\/\" \/>\n<meta property=\"og:locale\" content=\"en_US\" \/>\n<meta property=\"og:type\" content=\"article\" \/>\n<meta property=\"og:title\" content=\"Training of trainers \/\/ Formaci\u00f3n para formadores - Trabajo de Procesos\" \/>\n<meta property=\"og:description\" content=\"Are you looking for a way to continue your post-diploma learning, research, and growth as you continue using Processwork in your chosen field? Or have you ever considered being a Processwork trainer? Have you sometimes seen a favorite teacher teaching or working in the center and thought, &#8220;I want to do that&#8221;? Or perhaps you [&hellip;]\" \/>\n<meta property=\"og:url\" content=\"https:\/\/www.trabajodeprocesos.net\/en\/training-programs\/training-for-trainers-formacion-para-formadores\/\" \/>\n<meta property=\"og:site_name\" content=\"Trabajo de Procesos\" \/>\n<meta property=\"article:modified_time\" content=\"2025-07-28T15:31:58+00:00\" \/>\n<meta property=\"og:image\" content=\"https:\/\/www.trabajodeprocesos.net\/wp-content\/uploads\/2019\/12\/formacion-talleres.jpg\" \/>\n\t<meta property=\"og:image:width\" content=\"1920\" \/>\n\t<meta property=\"og:image:height\" content=\"470\" \/>\n<meta name=\"twitter:card\" content=\"summary_large_image\" \/>\n<meta name=\"twitter:label1\" content=\"Written by\">\n\t<meta name=\"twitter:data1\" content=\"Admin\">\n\t<meta name=\"twitter:label2\" content=\"Est. reading time\">\n\t<meta name=\"twitter:data2\" content=\"3 minutes\">\n<script type=\"application\/ld+json\" class=\"yoast-schema-graph\">{\"@context\":\"https:\/\/schema.org\",\"@graph\":[{\"@type\":\"WebSite\",\"@id\":\"https:\/\/www.trabajodeprocesos.net\/en\/#website\",\"url\":\"https:\/\/www.trabajodeprocesos.net\/en\/\",\"name\":\"Trabajo de Procesos\",\"description\":\"\",\"potentialAction\":[{\"@type\":\"SearchAction\",\"target\":\"https:\/\/www.trabajodeprocesos.net\/en\/?s={search_term_string}\",\"query-input\":\"required name=search_term_string\"}],\"inLanguage\":\"en-US\"},{\"@type\":\"ImageObject\",\"@id\":\"https:\/\/www.trabajodeprocesos.net\/en\/training-programs\/training-for-trainers-formacion-para-formadores\/#primaryimage\",\"inLanguage\":\"en-US\",\"url\":\"https:\/\/www.trabajodeprocesos.net\/wp-content\/uploads\/2019\/12\/formacion-talleres.jpg\",\"width\":1920,\"height\":470},{\"@type\":\"WebPage\",\"@id\":\"https:\/\/www.trabajodeprocesos.net\/en\/training-programs\/training-for-trainers-formacion-para-formadores\/#webpage\",\"url\":\"https:\/\/www.trabajodeprocesos.net\/en\/training-programs\/training-for-trainers-formacion-para-formadores\/\",\"name\":\"Training of trainers \/\/ Formaci\\u00f3n para formadores - Trabajo de Procesos\",\"isPartOf\":{\"@id\":\"https:\/\/www.trabajodeprocesos.net\/en\/#website\"},\"primaryImageOfPage\":{\"@id\":\"https:\/\/www.trabajodeprocesos.net\/en\/training-programs\/training-for-trainers-formacion-para-formadores\/#primaryimage\"},\"datePublished\":\"2024-10-09T08:28:55+00:00\",\"dateModified\":\"2025-07-28T15:31:58+00:00\",\"inLanguage\":\"en-US\",\"potentialAction\":[{\"@type\":\"ReadAction\",\"target\":[\"https:\/\/www.trabajodeprocesos.net\/en\/training-programs\/training-for-trainers-formacion-para-formadores\/\"]}]}]}<\/script>\n<!-- \/ Yoast SEO plugin. -->","_links":{"self":[{"href":"https:\/\/www.trabajodeprocesos.net\/en\/wp-json\/wp\/v2\/pages\/21646","targetHints":{"allow":["GET"]}}],"collection":[{"href":"https:\/\/www.trabajodeprocesos.net\/en\/wp-json\/wp\/v2\/pages"}],"about":[{"href":"https:\/\/www.trabajodeprocesos.net\/en\/wp-json\/wp\/v2\/types\/page"}],"author":[{"embeddable":true,"href":"https:\/\/www.trabajodeprocesos.net\/en\/wp-json\/wp\/v2\/users\/6"}],"replies":[{"embeddable":true,"href":"https:\/\/www.trabajodeprocesos.net\/en\/wp-json\/wp\/v2\/comments?post=21646"}],"version-history":[{"count":27,"href":"https:\/\/www.trabajodeprocesos.net\/en\/wp-json\/wp\/v2\/pages\/21646\/revisions"}],"predecessor-version":[{"id":22850,"href":"https:\/\/www.trabajodeprocesos.net\/en\/wp-json\/wp\/v2\/pages\/21646\/revisions\/22850"}],"up":[{"embeddable":true,"href":"https:\/\/www.trabajodeprocesos.net\/en\/wp-json\/wp\/v2\/pages\/1112"}],"wp:featuredmedia":[{"embeddable":true,"href":"https:\/\/www.trabajodeprocesos.net\/en\/wp-json\/wp\/v2\/media\/589"}],"wp:attachment":[{"href":"https:\/\/www.trabajodeprocesos.net\/en\/wp-json\/wp\/v2\/media?parent=21646"}],"curies":[{"name":"wp","href":"https:\/\/api.w.org\/{rel}","templated":true}]}}