{"id":1133,"date":"2020-06-29T17:15:03","date_gmt":"2020-06-29T15:15:03","guid":{"rendered":"http:\/\/www.trabajodeprocesos.net\/kate-jobe\/"},"modified":"2020-11-25T13:18:20","modified_gmt":"2020-11-25T11:18:20","slug":"kate-jobe","status":"publish","type":"page","link":"https:\/\/www.trabajodeprocesos.net\/en\/teaching-team\/kate-jobe\/","title":{"rendered":"Kate Jobe"},"content":{"rendered":"\t\t<div data-elementor-type=\"wp-page\" data-elementor-id=\"1133\" class=\"elementor elementor-1133 elementor-960\" data-elementor-settings=\"[]\">\n\t\t\t\t\t\t<div class=\"elementor-inner\">\n\t\t\t\t\t\t\t<div class=\"elementor-section-wrap\">\n\t\t\t\t\t\t\t<section class=\"elementor-section elementor-top-section elementor-element elementor-element-c277ab7 elementor-section-boxed elementor-section-height-default elementor-section-height-default\" data-id=\"c277ab7\" data-element_type=\"section\">\n\t\t\t\t\t\t<div class=\"elementor-container elementor-column-gap-default\">\n\t\t\t\t\t\t\t<div class=\"elementor-row\">\n\t\t\t\t\t<div class=\"elementor-column elementor-col-100 elementor-top-column elementor-element elementor-element-3ab7bf5\" data-id=\"3ab7bf5\" data-element_type=\"column\">\n\t\t\t<div class=\"elementor-column-wrap elementor-element-populated\">\n\t\t\t\t\t\t\t<div class=\"elementor-widget-wrap\">\n\t\t\t\t\t\t<div class=\"elementor-element elementor-element-92f372d elementor-widget elementor-widget-image\" data-id=\"92f372d\" data-element_type=\"widget\" data-widget_type=\"image.default\">\n\t\t\t\t<div class=\"elementor-widget-container\">\n\t\t\t\t\t<div class=\"elementor-image\">\n\t\t\t\t\t\t\t\t\t\t<img loading=\"lazy\" decoding=\"async\" width=\"301\" height=\"301\" src=\"https:\/\/www.trabajodeprocesos.net\/wp-content\/uploads\/2020\/06\/kate2.png\" class=\"attachment-large size-large\" alt=\"\" srcset=\"https:\/\/www.trabajodeprocesos.net\/wp-content\/uploads\/2020\/06\/kate2.png 301w, https:\/\/www.trabajodeprocesos.net\/wp-content\/uploads\/2020\/06\/kate2-150x150.png 150w\" sizes=\"auto, (max-width: 301px) 100vw, 301px\" \/>\t\t\t\t\t\t\t\t\t\t\t<\/div>\n\t\t\t\t<\/div>\n\t\t\t\t<\/div>\n\t\t\t\t\t\t<\/div>\n\t\t\t\t\t<\/div>\n\t\t<\/div>\n\t\t\t\t\t\t\t\t<\/div>\n\t\t\t\t\t<\/div>\n\t\t<\/section>\n\t\t\t\t<section class=\"elementor-section elementor-top-section elementor-element elementor-element-7e1bbc2 elementor-section-narrow_boxed elementor-section-height-default elementor-section-height-default\" data-id=\"7e1bbc2\" data-element_type=\"section\">\n\t\t\t\t\t\t<div class=\"elementor-container elementor-column-gap-default\">\n\t\t\t\t\t\t\t<div class=\"elementor-row\">\n\t\t\t\t\t<div class=\"elementor-column elementor-col-100 elementor-top-column elementor-element elementor-element-ccce642\" data-id=\"ccce642\" data-element_type=\"column\">\n\t\t\t<div class=\"elementor-column-wrap elementor-element-populated\">\n\t\t\t\t\t\t\t<div class=\"elementor-widget-wrap\">\n\t\t\t\t\t\t<div class=\"elementor-element elementor-element-cdfea4f elementor-widget elementor-widget-text-editor\" data-id=\"cdfea4f\" data-element_type=\"widget\" data-widget_type=\"text-editor.default\">\n\t\t\t\t<div class=\"elementor-widget-container\">\n\t\t\t\t\t<div class=\"elementor-text-editor elementor-clearfix\"><p style=\"text-align: left;\">\n<\/p><p style=\"text-align: left;\">Kate Jobe is known for her expertise in working with movement as a means to unfold the deep messages that are expressed through the body and through the seemingly unsurmountable challenges that occur in life. She works with individuals in psychological counselling and coaching and with organizational development and conflict work in groups and organizations in her practice in Winterthur, Switzerland where she lives.<\/p>\n<p style=\"text-align: left;\">She is passionate about the body\u2019s role in healing the past and in revealing the life path forward. Kate is a founder of the Processwork Institute (PWI) in Portland, IAPOP and Processwork Ireland in Dublin. She has taught and practiced Processwork for over 30 years and has facilitated political and social hot spots. She is currently on the faculty of Institut f\u00fcr Prozessarbeit (IPA) in Z\u00fcrich, PWI and Z\u00fcrich-run training programs in Russia. Kate is the founder and CEO of Lao Tse Press, Inc., publisher of the Journal of Process Oriented Psychology and various books by Arnold Mindell and others. She is a Registered Somatic Movement Therapist\/Educator, MA, and Certified Laban Movement Analysts. Kate is passionate about creativity and stays close to hers through painting, gardening and cooking.<\/p><p style=\"text-align: left;\"><br><\/p><p style=\"text-align: left;\"><br><\/p>\n<p style=\"text-align: left;\">\n<\/p><p style=\"text-align: left;\">\n<\/p><\/div>\n\t\t\t\t<\/div>\n\t\t\t\t<\/div>\n\t\t\t\t\t\t<\/div>\n\t\t\t\t\t<\/div>\n\t\t<\/div>\n\t\t\t\t\t\t\t\t<\/div>\n\t\t\t\t\t<\/div>\n\t\t<\/section>\n\t\t\t\t\t\t<\/div>\n\t\t\t\t\t\t<\/div>\n\t\t\t\t\t<\/div>\n\t\t","protected":false},"excerpt":{"rendered":"<p>Kate Jobe is known for her expertise in working with movement as a means to unfold the deep messages that are expressed through the body and through the seemingly unsurmountable challenges that occur in life. She works with individuals in psychological counselling and coaching and with organizational development and conflict work in groups and organizations [&hellip;]<\/p>\n","protected":false},"author":2,"featured_media":0,"parent":1176,"menu_order":0,"comment_status":"closed","ping_status":"closed","template":"","meta":{"footnotes":""},"class_list":["post-1133","page","type-page","status-publish","hentry"],"yoast_head":"<!-- This site is optimized with the Yoast SEO plugin v15.4 - https:\/\/yoast.com\/wordpress\/plugins\/seo\/ -->\n<title>Kate Jobe - Trabajo de Procesos<\/title>\n<meta name=\"robots\" content=\"index, follow, max-snippet:-1, max-image-preview:large, max-video-preview:-1\" \/>\n<link rel=\"canonical\" href=\"https:\/\/www.trabajodeprocesos.net\/en\/teaching-team\/kate-jobe\/\" \/>\n<meta property=\"og:locale\" content=\"en_US\" \/>\n<meta property=\"og:type\" content=\"article\" \/>\n<meta property=\"og:title\" content=\"Kate Jobe - Trabajo de Procesos\" \/>\n<meta property=\"og:description\" content=\"Kate Jobe is known for her expertise in working with movement as a means to unfold the deep messages that are expressed through the body and through the seemingly unsurmountable challenges that occur in life. She works with individuals in psychological counselling and coaching and with organizational development and conflict work in groups and organizations [&hellip;]\" \/>\n<meta property=\"og:url\" content=\"https:\/\/www.trabajodeprocesos.net\/en\/teaching-team\/kate-jobe\/\" \/>\n<meta property=\"og:site_name\" content=\"Trabajo de Procesos\" \/>\n<meta property=\"article:modified_time\" content=\"2020-11-25T11:18:20+00:00\" \/>\n<meta property=\"og:image\" content=\"http:\/\/www.trabajodeprocesos.net\/wp-content\/uploads\/2020\/06\/kate2.png\" \/>\n<meta name=\"twitter:card\" content=\"summary_large_image\" \/>\n<meta name=\"twitter:label1\" content=\"Written by\">\n\t<meta name=\"twitter:data1\" content=\"Whads Media Studios\">\n\t<meta name=\"twitter:label2\" content=\"Est. reading time\">\n\t<meta name=\"twitter:data2\" content=\"1 minute\">\n<script type=\"application\/ld+json\" class=\"yoast-schema-graph\">{\"@context\":\"https:\/\/schema.org\",\"@graph\":[{\"@type\":\"WebSite\",\"@id\":\"https:\/\/www.trabajodeprocesos.net\/en\/#website\",\"url\":\"https:\/\/www.trabajodeprocesos.net\/en\/\",\"name\":\"Trabajo de Procesos\",\"description\":\"\",\"potentialAction\":[{\"@type\":\"SearchAction\",\"target\":\"https:\/\/www.trabajodeprocesos.net\/en\/?s={search_term_string}\",\"query-input\":\"required name=search_term_string\"}],\"inLanguage\":\"en-US\"},{\"@type\":\"ImageObject\",\"@id\":\"https:\/\/www.trabajodeprocesos.net\/en\/teaching-team\/kate-jobe\/#primaryimage\",\"inLanguage\":\"en-US\",\"url\":\"http:\/\/www.trabajodeprocesos.net\/wp-content\/uploads\/2020\/06\/kate2.png\"},{\"@type\":\"WebPage\",\"@id\":\"https:\/\/www.trabajodeprocesos.net\/en\/teaching-team\/kate-jobe\/#webpage\",\"url\":\"https:\/\/www.trabajodeprocesos.net\/en\/teaching-team\/kate-jobe\/\",\"name\":\"Kate Jobe - Trabajo de Procesos\",\"isPartOf\":{\"@id\":\"https:\/\/www.trabajodeprocesos.net\/en\/#website\"},\"primaryImageOfPage\":{\"@id\":\"https:\/\/www.trabajodeprocesos.net\/en\/teaching-team\/kate-jobe\/#primaryimage\"},\"datePublished\":\"2020-06-29T15:15:03+00:00\",\"dateModified\":\"2020-11-25T11:18:20+00:00\",\"inLanguage\":\"en-US\",\"potentialAction\":[{\"@type\":\"ReadAction\",\"target\":[\"https:\/\/www.trabajodeprocesos.net\/en\/teaching-team\/kate-jobe\/\"]}]}]}<\/script>\n<!-- \/ Yoast SEO plugin. -->","_links":{"self":[{"href":"https:\/\/www.trabajodeprocesos.net\/en\/wp-json\/wp\/v2\/pages\/1133","targetHints":{"allow":["GET"]}}],"collection":[{"href":"https:\/\/www.trabajodeprocesos.net\/en\/wp-json\/wp\/v2\/pages"}],"about":[{"href":"https:\/\/www.trabajodeprocesos.net\/en\/wp-json\/wp\/v2\/types\/page"}],"author":[{"embeddable":true,"href":"https:\/\/www.trabajodeprocesos.net\/en\/wp-json\/wp\/v2\/users\/2"}],"replies":[{"embeddable":true,"href":"https:\/\/www.trabajodeprocesos.net\/en\/wp-json\/wp\/v2\/comments?post=1133"}],"version-history":[{"count":7,"href":"https:\/\/www.trabajodeprocesos.net\/en\/wp-json\/wp\/v2\/pages\/1133\/revisions"}],"predecessor-version":[{"id":7994,"href":"https:\/\/www.trabajodeprocesos.net\/en\/wp-json\/wp\/v2\/pages\/1133\/revisions\/7994"}],"up":[{"embeddable":true,"href":"https:\/\/www.trabajodeprocesos.net\/en\/wp-json\/wp\/v2\/pages\/1176"}],"wp:attachment":[{"href":"https:\/\/www.trabajodeprocesos.net\/en\/wp-json\/wp\/v2\/media?parent=1133"}],"curies":[{"name":"wp","href":"https:\/\/api.w.org\/{rel}","templated":true}]}}