{"id":1093,"date":"2020-06-29T11:24:30","date_gmt":"2020-06-29T09:24:30","guid":{"rendered":"http:\/\/www.trabajodeprocesos.net\/process-work\/altered-states-of-consciousness\/"},"modified":"2020-10-07T13:41:34","modified_gmt":"2020-10-07T11:41:34","slug":"altered-states-of-consciousness","status":"publish","type":"page","link":"https:\/\/www.trabajodeprocesos.net\/en\/process-work\/altered-states-of-consciousness\/","title":{"rendered":"Altered States of Consciousness"},"content":{"rendered":"\t\t<div data-elementor-type=\"wp-page\" data-elementor-id=\"1093\" class=\"elementor elementor-1093 elementor-573\" data-elementor-settings=\"[]\">\n\t\t\t\t\t\t<div class=\"elementor-inner\">\n\t\t\t\t\t\t\t<div class=\"elementor-section-wrap\">\n\t\t\t\t\t\t\t<section class=\"elementor-section elementor-top-section elementor-element elementor-element-8a3a44f elementor-section-narrow_boxed elementor-section-height-default elementor-section-height-default\" data-id=\"8a3a44f\" data-element_type=\"section\">\n\t\t\t\t\t\t<div class=\"elementor-container elementor-column-gap-default\">\n\t\t\t\t\t\t\t<div class=\"elementor-row\">\n\t\t\t\t\t<div class=\"elementor-column elementor-col-100 elementor-top-column elementor-element elementor-element-09d7508\" data-id=\"09d7508\" data-element_type=\"column\">\n\t\t\t<div class=\"elementor-column-wrap elementor-element-populated\">\n\t\t\t\t\t\t\t<div class=\"elementor-widget-wrap\">\n\t\t\t\t\t\t<div class=\"elementor-element elementor-element-52f72a7 elementor-widget elementor-widget-text-editor\" data-id=\"52f72a7\" data-element_type=\"widget\" data-widget_type=\"text-editor.default\">\n\t\t\t\t<div class=\"elementor-widget-container\">\n\t\t\t\t\t<div class=\"elementor-text-editor elementor-clearfix\"><p><a href=\"http:\/\/www.trabajodeprocesos.net\/en\/process-work\/\">Back<\/a><\/p><\/div>\n\t\t\t\t<\/div>\n\t\t\t\t<\/div>\n\t\t\t\t<div class=\"elementor-element elementor-element-40b6078 elementor-widget elementor-widget-text-editor\" data-id=\"40b6078\" data-element_type=\"widget\" data-widget_type=\"text-editor.default\">\n\t\t\t\t<div class=\"elementor-widget-container\">\n\t\t\t\t\t<div class=\"elementor-text-editor elementor-clearfix\"><p><span style=\"font-weight: 400;\">Process Work offers a<\/span> <b>non-pathologizing model<\/b><span style=\"font-weight: 400;\"> to understand and work with the full range of human experiences. We can imagine this range as a continuum which unites all states. On the continuum, there are ordinary states which are considered normal by a specific culture and historical moment. Further along, there are altered and extreme states which may be more unknown to us. Some of these states may even result in our hospitalisation or incarceration. Other unusual states of consciousness include addiction, coma, near-death experiences, and psychiatric conditions. Process Work\u2019s Deep Democracy approach values and supports all states and experiences, offering the skills and tools needed to discover new meanings and possibilities. The goal is to increase the individual\u2019s ability to move with freedom and awareness through the continuum of their experience.<\/span><\/p>\n<p><span style=\"font-weight: 400;\">Process Work sees altered states from<\/span><b> an individual and cultural perspective<\/b><span style=\"font-weight: 400;\"> In the individual, states and experiences are like messengers bringing useful insights.<\/span><b> <\/b><span style=\"font-weight: 400;\">In social spaces, altered states usually express the most marginalized and invisible parts of a family or societal belief system. Given how deeply these two perspectives intersect, Process Work endeavours to engage both in its methodologies.<\/span><\/p><\/div>\n\t\t\t\t<\/div>\n\t\t\t\t<\/div>\n\t\t\t\t\t\t<\/div>\n\t\t\t\t\t<\/div>\n\t\t<\/div>\n\t\t\t\t\t\t\t\t<\/div>\n\t\t\t\t\t<\/div>\n\t\t<\/section>\n\t\t\t\t<section class=\"elementor-section elementor-top-section elementor-element elementor-element-9877328 elementor-section-narrow_boxed elementor-section-height-default elementor-section-height-default\" data-id=\"9877328\" data-element_type=\"section\" data-settings=\"{&quot;background_background&quot;:&quot;classic&quot;}\">\n\t\t\t\t\t\t<div class=\"elementor-container elementor-column-gap-default\">\n\t\t\t\t\t\t\t<div class=\"elementor-row\">\n\t\t\t\t\t<div class=\"elementor-column elementor-col-100 elementor-top-column elementor-element elementor-element-be9cdce\" data-id=\"be9cdce\" data-element_type=\"column\">\n\t\t\t<div class=\"elementor-column-wrap elementor-element-populated\">\n\t\t\t\t\t\t\t<div class=\"elementor-widget-wrap\">\n\t\t\t\t\t\t<div class=\"elementor-element elementor-element-f7d531a elementor-widget elementor-widget-text-editor\" data-id=\"f7d531a\" data-element_type=\"widget\" data-widget_type=\"text-editor.default\">\n\t\t\t\t<div class=\"elementor-widget-container\">\n\t\t\t\t\t<div class=\"elementor-text-editor elementor-clearfix\"><p><span style=\"font-weight: 400;\">You can find more information in the books<\/span><i><span style=\"font-weight: 400;\"> <strong>City Shadows: Psychological Interventions in Psychiatry<\/strong><\/span><\/i><span style=\"font-weight: 400;\">,  <\/span><i><span style=\"font-weight: 400;\"><strong>Coma: the Dreambody near Death <\/strong><\/span><\/i><span style=\"font-weight: 400;\">and <\/span><i><span style=\"font-weight: 400;\"><strong>El Cuerpo del Cham\u00e1n<\/strong><\/span><\/i><span style=\"font-weight: 400;\"> by Arnold Mindell; <\/span><i><span style=\"font-weight: 400;\"><strong>Coma: a Healing Journey<\/strong><\/span><\/i><span style=\"font-weight: 400;\"> by Amy Mindell; and<\/span><i><span style=\"font-weight: 400;\"> <strong>Outside Mental Health. Voices and Visions of Madness<\/strong><\/span><\/i> <span style=\"font-weight: 400;\">and<\/span><i><span style=\"font-weight: 400;\"><strong>Discontinuaci\u00f3n del Uso de Drogas Psiqui\u00e1tricas: Una Gu\u00eda Basada en la Reducci\u00f3n del Da\u00f1o<\/strong><\/span><\/i><span style=\"font-weight: 400;\"> by Will Hall.<\/span><\/p>\n<\/div>\n\t\t\t\t<\/div>\n\t\t\t\t<\/div>\n\t\t\t\t\t\t<\/div>\n\t\t\t\t\t<\/div>\n\t\t<\/div>\n\t\t\t\t\t\t\t\t<\/div>\n\t\t\t\t\t<\/div>\n\t\t<\/section>\n\t\t\t\t<section class=\"elementor-section elementor-top-section elementor-element elementor-element-2179945 elementor-section-narrow_boxed elementor-section-height-default elementor-section-height-default\" data-id=\"2179945\" data-element_type=\"section\">\n\t\t\t\t\t\t<div class=\"elementor-container elementor-column-gap-default\">\n\t\t\t\t\t\t\t<div class=\"elementor-row\">\n\t\t\t\t\t<div class=\"elementor-column elementor-col-100 elementor-top-column elementor-element elementor-element-b1844bb\" data-id=\"b1844bb\" data-element_type=\"column\">\n\t\t\t<div class=\"elementor-column-wrap\">\n\t\t\t\t\t\t\t<div class=\"elementor-widget-wrap\">\n\t\t\t\t\t\t\t\t<\/div>\n\t\t\t\t\t<\/div>\n\t\t<\/div>\n\t\t\t\t\t\t\t\t<\/div>\n\t\t\t\t\t<\/div>\n\t\t<\/section>\n\t\t\t\t\t\t<\/div>\n\t\t\t\t\t\t<\/div>\n\t\t\t\t\t<\/div>\n\t\t","protected":false},"excerpt":{"rendered":"<p>Back Process Work offers a non-pathologizing model to understand and work with the full range of human experiences. We can imagine this range as a continuum which unites all states. On the continuum, there are ordinary states which are considered normal by a specific culture and historical moment. Further along, there are altered and extreme [&hellip;]<\/p>\n","protected":false},"author":6,"featured_media":513,"parent":1083,"menu_order":0,"comment_status":"closed","ping_status":"closed","template":"","meta":{"footnotes":""},"class_list":["post-1093","page","type-page","status-publish","has-post-thumbnail","hentry"],"yoast_head":"<!-- This site is optimized with the Yoast SEO plugin v15.4 - https:\/\/yoast.com\/wordpress\/plugins\/seo\/ -->\n<title>Altered States of Consciousness - Trabajo de Procesos<\/title>\n<meta name=\"robots\" content=\"index, follow, max-snippet:-1, max-image-preview:large, max-video-preview:-1\" \/>\n<link rel=\"canonical\" href=\"https:\/\/www.trabajodeprocesos.net\/en\/process-work\/altered-states-of-consciousness\/\" \/>\n<meta property=\"og:locale\" content=\"en_US\" \/>\n<meta property=\"og:type\" content=\"article\" \/>\n<meta property=\"og:title\" content=\"Altered States of Consciousness - Trabajo de Procesos\" \/>\n<meta property=\"og:description\" content=\"Back Process Work offers a non-pathologizing model to understand and work with the full range of human experiences. We can imagine this range as a continuum which unites all states. On the continuum, there are ordinary states which are considered normal by a specific culture and historical moment. Further along, there are altered and extreme [&hellip;]\" \/>\n<meta property=\"og:url\" content=\"https:\/\/www.trabajodeprocesos.net\/en\/process-work\/altered-states-of-consciousness\/\" \/>\n<meta property=\"og:site_name\" content=\"Trabajo de Procesos\" \/>\n<meta property=\"article:modified_time\" content=\"2020-10-07T11:41:34+00:00\" \/>\n<meta property=\"og:image\" content=\"https:\/\/www.trabajodeprocesos.net\/wp-content\/uploads\/2019\/12\/photo-1541701494587-cb58502866ab.jpg\" \/>\n\t<meta property=\"og:image:width\" content=\"1950\" \/>\n\t<meta property=\"og:image:height\" content=\"1300\" \/>\n<meta name=\"twitter:card\" content=\"summary_large_image\" \/>\n<meta name=\"twitter:label1\" content=\"Written by\">\n\t<meta name=\"twitter:data1\" content=\"Admin\">\n\t<meta name=\"twitter:label2\" content=\"Est. reading time\">\n\t<meta name=\"twitter:data2\" content=\"1 minute\">\n<script type=\"application\/ld+json\" class=\"yoast-schema-graph\">{\"@context\":\"https:\/\/schema.org\",\"@graph\":[{\"@type\":\"WebSite\",\"@id\":\"https:\/\/www.trabajodeprocesos.net\/en\/#website\",\"url\":\"https:\/\/www.trabajodeprocesos.net\/en\/\",\"name\":\"Trabajo de Procesos\",\"description\":\"\",\"potentialAction\":[{\"@type\":\"SearchAction\",\"target\":\"https:\/\/www.trabajodeprocesos.net\/en\/?s={search_term_string}\",\"query-input\":\"required name=search_term_string\"}],\"inLanguage\":\"en-US\"},{\"@type\":\"ImageObject\",\"@id\":\"https:\/\/www.trabajodeprocesos.net\/en\/process-work\/altered-states-of-consciousness\/#primaryimage\",\"inLanguage\":\"en-US\",\"url\":\"https:\/\/www.trabajodeprocesos.net\/wp-content\/uploads\/2019\/12\/photo-1541701494587-cb58502866ab.jpg\",\"width\":1950,\"height\":1300},{\"@type\":\"WebPage\",\"@id\":\"https:\/\/www.trabajodeprocesos.net\/en\/process-work\/altered-states-of-consciousness\/#webpage\",\"url\":\"https:\/\/www.trabajodeprocesos.net\/en\/process-work\/altered-states-of-consciousness\/\",\"name\":\"Altered States of Consciousness - Trabajo de Procesos\",\"isPartOf\":{\"@id\":\"https:\/\/www.trabajodeprocesos.net\/en\/#website\"},\"primaryImageOfPage\":{\"@id\":\"https:\/\/www.trabajodeprocesos.net\/en\/process-work\/altered-states-of-consciousness\/#primaryimage\"},\"datePublished\":\"2020-06-29T09:24:30+00:00\",\"dateModified\":\"2020-10-07T11:41:34+00:00\",\"inLanguage\":\"en-US\",\"potentialAction\":[{\"@type\":\"ReadAction\",\"target\":[\"https:\/\/www.trabajodeprocesos.net\/en\/process-work\/altered-states-of-consciousness\/\"]}]}]}<\/script>\n<!-- \/ Yoast SEO plugin. -->","_links":{"self":[{"href":"https:\/\/www.trabajodeprocesos.net\/en\/wp-json\/wp\/v2\/pages\/1093","targetHints":{"allow":["GET"]}}],"collection":[{"href":"https:\/\/www.trabajodeprocesos.net\/en\/wp-json\/wp\/v2\/pages"}],"about":[{"href":"https:\/\/www.trabajodeprocesos.net\/en\/wp-json\/wp\/v2\/types\/page"}],"author":[{"embeddable":true,"href":"https:\/\/www.trabajodeprocesos.net\/en\/wp-json\/wp\/v2\/users\/6"}],"replies":[{"embeddable":true,"href":"https:\/\/www.trabajodeprocesos.net\/en\/wp-json\/wp\/v2\/comments?post=1093"}],"version-history":[{"count":5,"href":"https:\/\/www.trabajodeprocesos.net\/en\/wp-json\/wp\/v2\/pages\/1093\/revisions"}],"predecessor-version":[{"id":7103,"href":"https:\/\/www.trabajodeprocesos.net\/en\/wp-json\/wp\/v2\/pages\/1093\/revisions\/7103"}],"up":[{"embeddable":true,"href":"https:\/\/www.trabajodeprocesos.net\/en\/wp-json\/wp\/v2\/pages\/1083"}],"wp:featuredmedia":[{"embeddable":true,"href":"https:\/\/www.trabajodeprocesos.net\/en\/wp-json\/wp\/v2\/media\/513"}],"wp:attachment":[{"href":"https:\/\/www.trabajodeprocesos.net\/en\/wp-json\/wp\/v2\/media?parent=1093"}],"curies":[{"name":"wp","href":"https:\/\/api.w.org\/{rel}","templated":true}]}}