{"id":998,"date":"2020-06-26T12:42:28","date_gmt":"2020-06-26T10:42:28","guid":{"rendered":"http:\/\/www.trabajodeprocesos.net\/treball-de-processos\/grups-worldwork-i-forums-oberts\/"},"modified":"2020-10-07T13:26:59","modified_gmt":"2020-10-07T11:26:59","slug":"grups-worldwork-i-forums-oberts","status":"publish","type":"page","link":"https:\/\/www.trabajodeprocesos.net\/ca\/treball-de-processos\/grups-worldwork-i-forums-oberts\/","title":{"rendered":"Grups, WorldWork i F\u00f2rums Oberts"},"content":{"rendered":"\t\t<div data-elementor-type=\"wp-page\" data-elementor-id=\"998\" class=\"elementor elementor-998 elementor-570\" data-elementor-settings=\"[]\">\n\t\t\t\t\t\t<div class=\"elementor-inner\">\n\t\t\t\t\t\t\t<div class=\"elementor-section-wrap\">\n\t\t\t\t\t\t\t<section class=\"elementor-section elementor-top-section elementor-element elementor-element-16677cb elementor-section-narrow_boxed elementor-section-height-default elementor-section-height-default\" data-id=\"16677cb\" data-element_type=\"section\">\n\t\t\t\t\t\t<div class=\"elementor-container elementor-column-gap-default\">\n\t\t\t\t\t\t\t<div class=\"elementor-row\">\n\t\t\t\t\t<div class=\"elementor-column elementor-col-100 elementor-top-column elementor-element elementor-element-ebb5441\" data-id=\"ebb5441\" data-element_type=\"column\">\n\t\t\t<div class=\"elementor-column-wrap elementor-element-populated\">\n\t\t\t\t\t\t\t<div class=\"elementor-widget-wrap\">\n\t\t\t\t\t\t<div class=\"elementor-element elementor-element-4a00d51 elementor-widget elementor-widget-text-editor\" data-id=\"4a00d51\" data-element_type=\"widget\" data-widget_type=\"text-editor.default\">\n\t\t\t\t<div class=\"elementor-widget-container\">\n\t\t\t\t\t<div class=\"elementor-text-editor elementor-clearfix\"><p><a href=\"http:\/\/www.trabajodeprocesos.net\/ca\/treball-de-processos\/\">Tornar<\/a><\/p><\/div>\n\t\t\t\t<\/div>\n\t\t\t\t<\/div>\n\t\t\t\t<div class=\"elementor-element elementor-element-5e3bed4 elementor-widget elementor-widget-text-editor\" data-id=\"5e3bed4\" data-element_type=\"widget\" data-widget_type=\"text-editor.default\">\n\t\t\t\t<div class=\"elementor-widget-container\">\n\t\t\t\t\t<div class=\"elementor-text-editor elementor-clearfix\"><p><span style=\"font-weight: 400;\">El<\/span><b>Treball Global<\/b><span style=\"font-weight: 400;\"> \u00e9s l\u2019aplicaci\u00f3 del Treball de Processos a grups i organitzacions. Es basa en el principi de <\/span><b>democr\u00e0cia profunda<\/b> <span style=\"font-weight: 400;\">que posa l\u2019accent a escoltar i valorar totes les veus i dimensions que conformen l\u2019experi\u00e8ncia, tant les m\u00e9s reconegudes i acceptades com aquelles que estan en desacord amb el consens majoritari.<\/span><\/p>\n<p><span style=\"font-weight: 400;\">El Treball Global parteix de la idea que la transformaci\u00f3 social est\u00e0 impl\u00edcita en les tensions i conflictes d\u2019un grup i en la diversitat que el caracteritza. Aquestes din\u00e0miques es poden observar en petits grups i col\u00b7lectius, empreses, institucions, comunitats, barris, regions i pa\u00efsos sencers Entre algunes aplicacions del Worldwork hi ha el treball comunitari, el desenvolupament organitzacional, l\u2019acompanyament a col\u00b7lectius i la facilitaci\u00f3 de conflictes i de la diversitat en petits i grans grups.<\/span><\/p>\n<p><span style=\"font-weight: 400;\">Un dels formats en els que s\u2019aplica el Worldwork s\u00f3n els<\/span><b>F\u00f2rums Oberts.<\/b><span style=\"font-weight: 400;\">. Els f\u00f2rums reuneixen a la gent per a tenir un di\u00e0leg m\u00e9s profund sobre assumptes particulars de la comunitat i per a processar les polaritzacions i els conflictes. Com a comunitats, necessitem tenir consci\u00e8ncia de la riquesa que la nostra complexitat i diversitat poden aportar. Aquest potencial, sovint sense explotar, emergeix quan es faciliten les interaccions, incloent totes les veus i punts de vista, moltes de les quals freq\u00fcentment estan marginades o invisibilitzades.<\/span><\/p>\n<\/div>\n\t\t\t\t<\/div>\n\t\t\t\t<\/div>\n\t\t\t\t\t\t<\/div>\n\t\t\t\t\t<\/div>\n\t\t<\/div>\n\t\t\t\t\t\t\t\t<\/div>\n\t\t\t\t\t<\/div>\n\t\t<\/section>\n\t\t\t\t<section class=\"elementor-section elementor-top-section elementor-element elementor-element-aee4fe2 elementor-section-narrow_boxed elementor-section-height-default elementor-section-height-default\" data-id=\"aee4fe2\" data-element_type=\"section\" data-settings=\"{&quot;background_background&quot;:&quot;classic&quot;}\">\n\t\t\t\t\t\t<div class=\"elementor-container elementor-column-gap-default\">\n\t\t\t\t\t\t\t<div class=\"elementor-row\">\n\t\t\t\t\t<div class=\"elementor-column elementor-col-100 elementor-top-column elementor-element elementor-element-c91baec\" data-id=\"c91baec\" data-element_type=\"column\">\n\t\t\t<div class=\"elementor-column-wrap elementor-element-populated\">\n\t\t\t\t\t\t\t<div class=\"elementor-widget-wrap\">\n\t\t\t\t\t\t<div class=\"elementor-element elementor-element-d5dae36 elementor-widget elementor-widget-text-editor\" data-id=\"d5dae36\" data-element_type=\"widget\" data-widget_type=\"text-editor.default\">\n\t\t\t\t<div class=\"elementor-widget-container\">\n\t\t\t\t\t<div class=\"elementor-text-editor elementor-clearfix\"><p><span style=\"font-weight: 400;\">Pots trobar m\u00e9s informaci\u00f3 als llibres<\/span><i><span style=\"font-weight: 400;\"><strong>Sentados en el fuego i<\/strong><\/span><\/i><span style=\"font-weight: 400;\"><em><strong>La Democracia Profunda de los Foros Abiertos <\/strong><\/em>d&#8217; Arnold Mindell.<\/span><\/p>\n<\/div>\n\t\t\t\t<\/div>\n\t\t\t\t<\/div>\n\t\t\t\t\t\t<\/div>\n\t\t\t\t\t<\/div>\n\t\t<\/div>\n\t\t\t\t\t\t\t\t<\/div>\n\t\t\t\t\t<\/div>\n\t\t<\/section>\n\t\t\t\t<section class=\"elementor-section elementor-top-section elementor-element elementor-element-23ec57e elementor-section-narrow_boxed elementor-section-height-default elementor-section-height-default\" data-id=\"23ec57e\" data-element_type=\"section\">\n\t\t\t\t\t\t<div class=\"elementor-container elementor-column-gap-default\">\n\t\t\t\t\t\t\t<div class=\"elementor-row\">\n\t\t\t\t\t<div class=\"elementor-column elementor-col-100 elementor-top-column elementor-element elementor-element-6044939\" data-id=\"6044939\" data-element_type=\"column\">\n\t\t\t<div class=\"elementor-column-wrap\">\n\t\t\t\t\t\t\t<div class=\"elementor-widget-wrap\">\n\t\t\t\t\t\t\t\t<\/div>\n\t\t\t\t\t<\/div>\n\t\t<\/div>\n\t\t\t\t\t\t\t\t<\/div>\n\t\t\t\t\t<\/div>\n\t\t<\/section>\n\t\t\t\t\t\t<\/div>\n\t\t\t\t\t\t<\/div>\n\t\t\t\t\t<\/div>\n\t\t","protected":false},"excerpt":{"rendered":"<p>Tornar ElTreball Global \u00e9s l\u2019aplicaci\u00f3 del Treball de Processos a grups i organitzacions. Es basa en el principi de democr\u00e0cia profunda que posa l\u2019accent a escoltar i valorar totes les veus i dimensions que conformen l\u2019experi\u00e8ncia, tant les m\u00e9s reconegudes i acceptades com aquelles que estan en desacord amb el consens majoritari. El Treball Global [&hellip;]<\/p>\n","protected":false},"author":6,"featured_media":512,"parent":978,"menu_order":0,"comment_status":"closed","ping_status":"closed","template":"","meta":{"footnotes":""},"class_list":["post-998","page","type-page","status-publish","has-post-thumbnail","hentry"],"yoast_head":"<!-- This site is optimized with the Yoast SEO plugin v15.4 - https:\/\/yoast.com\/wordpress\/plugins\/seo\/ -->\n<title>Grups, WorldWork i F\u00f2rums Oberts - Trabajo de Procesos<\/title>\n<meta name=\"robots\" content=\"index, follow, max-snippet:-1, max-image-preview:large, max-video-preview:-1\" \/>\n<link rel=\"canonical\" href=\"https:\/\/www.trabajodeprocesos.net\/ca\/treball-de-processos\/grups-worldwork-i-forums-oberts\/\" \/>\n<meta property=\"og:locale\" content=\"ca_ES\" \/>\n<meta property=\"og:type\" content=\"article\" \/>\n<meta property=\"og:title\" content=\"Grups, WorldWork i F\u00f2rums Oberts - Trabajo de Procesos\" \/>\n<meta property=\"og:description\" content=\"Tornar ElTreball Global \u00e9s l\u2019aplicaci\u00f3 del Treball de Processos a grups i organitzacions. Es basa en el principi de democr\u00e0cia profunda que posa l\u2019accent a escoltar i valorar totes les veus i dimensions que conformen l\u2019experi\u00e8ncia, tant les m\u00e9s reconegudes i acceptades com aquelles que estan en desacord amb el consens majoritari. El Treball Global [&hellip;]\" \/>\n<meta property=\"og:url\" content=\"https:\/\/www.trabajodeprocesos.net\/ca\/treball-de-processos\/grups-worldwork-i-forums-oberts\/\" \/>\n<meta property=\"og:site_name\" content=\"Trabajo de Procesos\" \/>\n<meta property=\"article:modified_time\" content=\"2020-10-07T11:26:59+00:00\" \/>\n<meta property=\"og:image\" content=\"https:\/\/www.trabajodeprocesos.net\/wp-content\/uploads\/2019\/12\/photo-1541701494587-cb58502866ab.jpg\" \/>\n\t<meta property=\"og:image:width\" content=\"1950\" \/>\n\t<meta property=\"og:image:height\" content=\"1300\" \/>\n<meta name=\"twitter:card\" content=\"summary_large_image\" \/>\n<meta name=\"twitter:label1\" content=\"Escrit per\">\n\t<meta name=\"twitter:data1\" content=\"Admin\">\n\t<meta name=\"twitter:label2\" content=\"Temps estimat de lectura\">\n\t<meta name=\"twitter:data2\" content=\"1 minut\">\n<script type=\"application\/ld+json\" class=\"yoast-schema-graph\">{\"@context\":\"https:\/\/schema.org\",\"@graph\":[{\"@type\":\"WebSite\",\"@id\":\"https:\/\/www.trabajodeprocesos.net\/ca\/#website\",\"url\":\"https:\/\/www.trabajodeprocesos.net\/ca\/\",\"name\":\"Trabajo de Procesos\",\"description\":\"\",\"potentialAction\":[{\"@type\":\"SearchAction\",\"target\":\"https:\/\/www.trabajodeprocesos.net\/ca\/?s={search_term_string}\",\"query-input\":\"required name=search_term_string\"}],\"inLanguage\":\"ca\"},{\"@type\":\"ImageObject\",\"@id\":\"https:\/\/www.trabajodeprocesos.net\/ca\/treball-de-processos\/grups-worldwork-i-forums-oberts\/#primaryimage\",\"inLanguage\":\"ca\",\"url\":\"https:\/\/www.trabajodeprocesos.net\/wp-content\/uploads\/2019\/12\/photo-1541701494587-cb58502866ab.jpg\",\"width\":1950,\"height\":1300},{\"@type\":\"WebPage\",\"@id\":\"https:\/\/www.trabajodeprocesos.net\/ca\/treball-de-processos\/grups-worldwork-i-forums-oberts\/#webpage\",\"url\":\"https:\/\/www.trabajodeprocesos.net\/ca\/treball-de-processos\/grups-worldwork-i-forums-oberts\/\",\"name\":\"Grups, WorldWork i F\\u00f2rums Oberts - Trabajo de Procesos\",\"isPartOf\":{\"@id\":\"https:\/\/www.trabajodeprocesos.net\/ca\/#website\"},\"primaryImageOfPage\":{\"@id\":\"https:\/\/www.trabajodeprocesos.net\/ca\/treball-de-processos\/grups-worldwork-i-forums-oberts\/#primaryimage\"},\"datePublished\":\"2020-06-26T10:42:28+00:00\",\"dateModified\":\"2020-10-07T11:26:59+00:00\",\"inLanguage\":\"ca\",\"potentialAction\":[{\"@type\":\"ReadAction\",\"target\":[\"https:\/\/www.trabajodeprocesos.net\/ca\/treball-de-processos\/grups-worldwork-i-forums-oberts\/\"]}]}]}<\/script>\n<!-- \/ Yoast SEO plugin. -->","_links":{"self":[{"href":"https:\/\/www.trabajodeprocesos.net\/ca\/wp-json\/wp\/v2\/pages\/998","targetHints":{"allow":["GET"]}}],"collection":[{"href":"https:\/\/www.trabajodeprocesos.net\/ca\/wp-json\/wp\/v2\/pages"}],"about":[{"href":"https:\/\/www.trabajodeprocesos.net\/ca\/wp-json\/wp\/v2\/types\/page"}],"author":[{"embeddable":true,"href":"https:\/\/www.trabajodeprocesos.net\/ca\/wp-json\/wp\/v2\/users\/6"}],"replies":[{"embeddable":true,"href":"https:\/\/www.trabajodeprocesos.net\/ca\/wp-json\/wp\/v2\/comments?post=998"}],"version-history":[{"count":2,"href":"https:\/\/www.trabajodeprocesos.net\/ca\/wp-json\/wp\/v2\/pages\/998\/revisions"}],"predecessor-version":[{"id":7095,"href":"https:\/\/www.trabajodeprocesos.net\/ca\/wp-json\/wp\/v2\/pages\/998\/revisions\/7095"}],"up":[{"embeddable":true,"href":"https:\/\/www.trabajodeprocesos.net\/ca\/wp-json\/wp\/v2\/pages\/978"}],"wp:featuredmedia":[{"embeddable":true,"href":"https:\/\/www.trabajodeprocesos.net\/ca\/wp-json\/wp\/v2\/media\/512"}],"wp:attachment":[{"href":"https:\/\/www.trabajodeprocesos.net\/ca\/wp-json\/wp\/v2\/media?parent=998"}],"curies":[{"name":"wp","href":"https:\/\/api.w.org\/{rel}","templated":true}]}}