{"id":994,"date":"2020-06-26T12:39:47","date_gmt":"2020-06-26T10:39:47","guid":{"rendered":"http:\/\/www.trabajodeprocesos.net\/treball-de-processos\/treball-amb-relacions\/"},"modified":"2020-10-07T13:26:39","modified_gmt":"2020-10-07T11:26:39","slug":"treball-amb-relacions","status":"publish","type":"page","link":"https:\/\/www.trabajodeprocesos.net\/ca\/treball-de-processos\/treball-amb-relacions\/","title":{"rendered":"Treball amb relacions"},"content":{"rendered":"\t\t<div data-elementor-type=\"wp-page\" data-elementor-id=\"994\" class=\"elementor elementor-994 elementor-565\" data-elementor-settings=\"[]\">\n\t\t\t\t\t\t<div class=\"elementor-inner\">\n\t\t\t\t\t\t\t<div class=\"elementor-section-wrap\">\n\t\t\t\t\t\t\t<section class=\"elementor-section elementor-top-section elementor-element elementor-element-b50f217 elementor-section-narrow_boxed elementor-section-height-default elementor-section-height-default\" data-id=\"b50f217\" data-element_type=\"section\">\n\t\t\t\t\t\t<div class=\"elementor-container elementor-column-gap-default\">\n\t\t\t\t\t\t\t<div class=\"elementor-row\">\n\t\t\t\t\t<div class=\"elementor-column elementor-col-100 elementor-top-column elementor-element elementor-element-21b82d1\" data-id=\"21b82d1\" data-element_type=\"column\">\n\t\t\t<div class=\"elementor-column-wrap elementor-element-populated\">\n\t\t\t\t\t\t\t<div class=\"elementor-widget-wrap\">\n\t\t\t\t\t\t<div class=\"elementor-element elementor-element-8bdb4ea elementor-widget elementor-widget-text-editor\" data-id=\"8bdb4ea\" data-element_type=\"widget\" data-widget_type=\"text-editor.default\">\n\t\t\t\t<div class=\"elementor-widget-container\">\n\t\t\t\t\t<div class=\"elementor-text-editor elementor-clearfix\"><p><a href=\"http:\/\/www.trabajodeprocesos.net\/ca\/treball-de-processos\/\">Tornar<\/a><\/p><\/div>\n\t\t\t\t<\/div>\n\t\t\t\t<\/div>\n\t\t\t\t<div class=\"elementor-element elementor-element-5ec8759 elementor-widget elementor-widget-text-editor\" data-id=\"5ec8759\" data-element_type=\"widget\" data-widget_type=\"text-editor.default\">\n\t\t\t\t<div class=\"elementor-widget-container\">\n\t\t\t\t\t<div class=\"elementor-text-editor elementor-clearfix\"><p><span style=\"font-weight: 400;\">El treball relacional \u00e9s una oportunitat per a descobrir i aprofundir en els<\/span><b>patrons creatius emergents<\/b><span style=\"font-weight: 400;\"> que sorgeixen de la interacci\u00f3 entre dues o m\u00e9s persones. En ocasions \u00e9s necessari explorar els reptes que apareixen en relaci\u00f3, com s\u00f3n les cr\u00edtiques, l\u2019autoestima, el conflicte, al depend\u00e8ncia, les addiccions, l\u2019ab\u00fas i les lluites de poder.<\/span><\/p>\n<p><span style=\"font-weight: 400;\">Tamb\u00e9 permet prendre consci\u00e8ncia de temes relacionats amb la diversitat, com l\u2019economia, la religi\u00f3, l\u2019edat, l\u2019\u00e8tnia, el g\u00e8nere o l\u2019orientaci\u00f3 sexual. Donant suport al proc\u00e9s individual de cada persona, aix\u00ed com al proc\u00e9s de la relaci\u00f3 i al mite inicial del que sorgeix, trobem nous recursos i patrons que permeten relacions m\u00e9s sostenibles i duradores.<\/span><\/p>\n<\/div>\n\t\t\t\t<\/div>\n\t\t\t\t<\/div>\n\t\t\t\t\t\t<\/div>\n\t\t\t\t\t<\/div>\n\t\t<\/div>\n\t\t\t\t\t\t\t\t<\/div>\n\t\t\t\t\t<\/div>\n\t\t<\/section>\n\t\t\t\t<section class=\"elementor-section elementor-top-section elementor-element elementor-element-ab4e85d elementor-section-narrow_boxed elementor-section-height-default elementor-section-height-default\" data-id=\"ab4e85d\" data-element_type=\"section\" data-settings=\"{&quot;background_background&quot;:&quot;classic&quot;}\">\n\t\t\t\t\t\t<div class=\"elementor-container elementor-column-gap-default\">\n\t\t\t\t\t\t\t<div class=\"elementor-row\">\n\t\t\t\t\t<div class=\"elementor-column elementor-col-100 elementor-top-column elementor-element elementor-element-280d02f\" data-id=\"280d02f\" data-element_type=\"column\">\n\t\t\t<div class=\"elementor-column-wrap elementor-element-populated\">\n\t\t\t\t\t\t\t<div class=\"elementor-widget-wrap\">\n\t\t\t\t\t\t<div class=\"elementor-element elementor-element-a9c1ce5 elementor-widget elementor-widget-text-editor\" data-id=\"a9c1ce5\" data-element_type=\"widget\" data-widget_type=\"text-editor.default\">\n\t\t\t\t<div class=\"elementor-widget-container\">\n\t\t\t\t\t<div class=\"elementor-text-editor elementor-clearfix\"><p><span style=\"font-weight: 400;\">Pots trobar m\u00e9s informaci\u00f3 als llibres<strong><em>The Dreambody in Relationships<\/em><\/strong> d&#8217;Arnold Mindell i <em><strong>Befriending Conflict<\/strong><\/em>de Joe Goodbread.<\/span><\/p>\n<\/div>\n\t\t\t\t<\/div>\n\t\t\t\t<\/div>\n\t\t\t\t\t\t<\/div>\n\t\t\t\t\t<\/div>\n\t\t<\/div>\n\t\t\t\t\t\t\t\t<\/div>\n\t\t\t\t\t<\/div>\n\t\t<\/section>\n\t\t\t\t<section class=\"elementor-section elementor-top-section elementor-element elementor-element-139a80a elementor-section-narrow_boxed elementor-section-height-default elementor-section-height-default\" data-id=\"139a80a\" data-element_type=\"section\">\n\t\t\t\t\t\t<div class=\"elementor-container elementor-column-gap-default\">\n\t\t\t\t\t\t\t<div class=\"elementor-row\">\n\t\t\t\t\t<div class=\"elementor-column elementor-col-100 elementor-top-column elementor-element elementor-element-34eaca7\" data-id=\"34eaca7\" data-element_type=\"column\">\n\t\t\t<div class=\"elementor-column-wrap\">\n\t\t\t\t\t\t\t<div class=\"elementor-widget-wrap\">\n\t\t\t\t\t\t\t\t<\/div>\n\t\t\t\t\t<\/div>\n\t\t<\/div>\n\t\t\t\t\t\t\t\t<\/div>\n\t\t\t\t\t<\/div>\n\t\t<\/section>\n\t\t\t\t\t\t<\/div>\n\t\t\t\t\t\t<\/div>\n\t\t\t\t\t<\/div>\n\t\t","protected":false},"excerpt":{"rendered":"<p>Tornar El treball relacional \u00e9s una oportunitat per a descobrir i aprofundir en elspatrons creatius emergents que sorgeixen de la interacci\u00f3 entre dues o m\u00e9s persones. En ocasions \u00e9s necessari explorar els reptes que apareixen en relaci\u00f3, com s\u00f3n les cr\u00edtiques, l\u2019autoestima, el conflicte, al depend\u00e8ncia, les addiccions, l\u2019ab\u00fas i les lluites de poder. Tamb\u00e9 [&hellip;]<\/p>\n","protected":false},"author":6,"featured_media":512,"parent":978,"menu_order":0,"comment_status":"closed","ping_status":"closed","template":"","meta":{"footnotes":""},"class_list":["post-994","page","type-page","status-publish","has-post-thumbnail","hentry"],"yoast_head":"<!-- This site is optimized with the Yoast SEO plugin v15.4 - https:\/\/yoast.com\/wordpress\/plugins\/seo\/ -->\n<title>Treball amb relacions - Trabajo de Procesos<\/title>\n<meta name=\"robots\" content=\"index, follow, max-snippet:-1, max-image-preview:large, max-video-preview:-1\" \/>\n<link rel=\"canonical\" href=\"https:\/\/www.trabajodeprocesos.net\/ca\/treball-de-processos\/treball-amb-relacions\/\" \/>\n<meta property=\"og:locale\" content=\"ca_ES\" \/>\n<meta property=\"og:type\" content=\"article\" \/>\n<meta property=\"og:title\" content=\"Treball amb relacions - Trabajo de Procesos\" \/>\n<meta property=\"og:description\" content=\"Tornar El treball relacional \u00e9s una oportunitat per a descobrir i aprofundir en elspatrons creatius emergents que sorgeixen de la interacci\u00f3 entre dues o m\u00e9s persones. En ocasions \u00e9s necessari explorar els reptes que apareixen en relaci\u00f3, com s\u00f3n les cr\u00edtiques, l\u2019autoestima, el conflicte, al depend\u00e8ncia, les addiccions, l\u2019ab\u00fas i les lluites de poder. Tamb\u00e9 [&hellip;]\" \/>\n<meta property=\"og:url\" content=\"https:\/\/www.trabajodeprocesos.net\/ca\/treball-de-processos\/treball-amb-relacions\/\" \/>\n<meta property=\"og:site_name\" content=\"Trabajo de Procesos\" \/>\n<meta property=\"article:modified_time\" content=\"2020-10-07T11:26:39+00:00\" \/>\n<meta property=\"og:image\" content=\"https:\/\/www.trabajodeprocesos.net\/wp-content\/uploads\/2019\/12\/photo-1541701494587-cb58502866ab.jpg\" \/>\n\t<meta property=\"og:image:width\" content=\"1950\" \/>\n\t<meta property=\"og:image:height\" content=\"1300\" \/>\n<meta name=\"twitter:card\" content=\"summary_large_image\" \/>\n<meta name=\"twitter:label1\" content=\"Escrit per\">\n\t<meta name=\"twitter:data1\" content=\"Admin\">\n\t<meta name=\"twitter:label2\" content=\"Temps estimat de lectura\">\n\t<meta name=\"twitter:data2\" content=\"1 minut\">\n<script type=\"application\/ld+json\" class=\"yoast-schema-graph\">{\"@context\":\"https:\/\/schema.org\",\"@graph\":[{\"@type\":\"WebSite\",\"@id\":\"https:\/\/www.trabajodeprocesos.net\/ca\/#website\",\"url\":\"https:\/\/www.trabajodeprocesos.net\/ca\/\",\"name\":\"Trabajo de Procesos\",\"description\":\"\",\"potentialAction\":[{\"@type\":\"SearchAction\",\"target\":\"https:\/\/www.trabajodeprocesos.net\/ca\/?s={search_term_string}\",\"query-input\":\"required name=search_term_string\"}],\"inLanguage\":\"ca\"},{\"@type\":\"ImageObject\",\"@id\":\"https:\/\/www.trabajodeprocesos.net\/ca\/treball-de-processos\/treball-amb-relacions\/#primaryimage\",\"inLanguage\":\"ca\",\"url\":\"https:\/\/www.trabajodeprocesos.net\/wp-content\/uploads\/2019\/12\/photo-1541701494587-cb58502866ab.jpg\",\"width\":1950,\"height\":1300},{\"@type\":\"WebPage\",\"@id\":\"https:\/\/www.trabajodeprocesos.net\/ca\/treball-de-processos\/treball-amb-relacions\/#webpage\",\"url\":\"https:\/\/www.trabajodeprocesos.net\/ca\/treball-de-processos\/treball-amb-relacions\/\",\"name\":\"Treball amb relacions - Trabajo de Procesos\",\"isPartOf\":{\"@id\":\"https:\/\/www.trabajodeprocesos.net\/ca\/#website\"},\"primaryImageOfPage\":{\"@id\":\"https:\/\/www.trabajodeprocesos.net\/ca\/treball-de-processos\/treball-amb-relacions\/#primaryimage\"},\"datePublished\":\"2020-06-26T10:39:47+00:00\",\"dateModified\":\"2020-10-07T11:26:39+00:00\",\"inLanguage\":\"ca\",\"potentialAction\":[{\"@type\":\"ReadAction\",\"target\":[\"https:\/\/www.trabajodeprocesos.net\/ca\/treball-de-processos\/treball-amb-relacions\/\"]}]}]}<\/script>\n<!-- \/ Yoast SEO plugin. -->","_links":{"self":[{"href":"https:\/\/www.trabajodeprocesos.net\/ca\/wp-json\/wp\/v2\/pages\/994","targetHints":{"allow":["GET"]}}],"collection":[{"href":"https:\/\/www.trabajodeprocesos.net\/ca\/wp-json\/wp\/v2\/pages"}],"about":[{"href":"https:\/\/www.trabajodeprocesos.net\/ca\/wp-json\/wp\/v2\/types\/page"}],"author":[{"embeddable":true,"href":"https:\/\/www.trabajodeprocesos.net\/ca\/wp-json\/wp\/v2\/users\/6"}],"replies":[{"embeddable":true,"href":"https:\/\/www.trabajodeprocesos.net\/ca\/wp-json\/wp\/v2\/comments?post=994"}],"version-history":[{"count":4,"href":"https:\/\/www.trabajodeprocesos.net\/ca\/wp-json\/wp\/v2\/pages\/994\/revisions"}],"predecessor-version":[{"id":7094,"href":"https:\/\/www.trabajodeprocesos.net\/ca\/wp-json\/wp\/v2\/pages\/994\/revisions\/7094"}],"up":[{"embeddable":true,"href":"https:\/\/www.trabajodeprocesos.net\/ca\/wp-json\/wp\/v2\/pages\/978"}],"wp:featuredmedia":[{"embeddable":true,"href":"https:\/\/www.trabajodeprocesos.net\/ca\/wp-json\/wp\/v2\/media\/512"}],"wp:attachment":[{"href":"https:\/\/www.trabajodeprocesos.net\/ca\/wp-json\/wp\/v2\/media?parent=994"}],"curies":[{"name":"wp","href":"https:\/\/api.w.org\/{rel}","templated":true}]}}