{"id":991,"date":"2020-06-26T12:35:43","date_gmt":"2020-06-26T10:35:43","guid":{"rendered":"http:\/\/www.trabajodeprocesos.net\/treball-de-processos\/treball-interior\/"},"modified":"2020-10-07T13:25:55","modified_gmt":"2020-10-07T11:25:55","slug":"treball-interior","status":"publish","type":"page","link":"https:\/\/www.trabajodeprocesos.net\/ca\/treball-de-processos\/treball-interior\/","title":{"rendered":"Treball interior"},"content":{"rendered":"\t\t<div data-elementor-type=\"wp-page\" data-elementor-id=\"991\" class=\"elementor elementor-991 elementor-555\" data-elementor-settings=\"[]\">\n\t\t\t\t\t\t<div class=\"elementor-inner\">\n\t\t\t\t\t\t\t<div class=\"elementor-section-wrap\">\n\t\t\t\t\t\t\t<section class=\"elementor-section elementor-top-section elementor-element elementor-element-d526171 elementor-section-narrow_boxed elementor-section-height-default elementor-section-height-default\" data-id=\"d526171\" data-element_type=\"section\">\n\t\t\t\t\t\t<div class=\"elementor-container elementor-column-gap-default\">\n\t\t\t\t\t\t\t<div class=\"elementor-row\">\n\t\t\t\t\t<div class=\"elementor-column elementor-col-100 elementor-top-column elementor-element elementor-element-d0d982a\" data-id=\"d0d982a\" data-element_type=\"column\">\n\t\t\t<div class=\"elementor-column-wrap elementor-element-populated\">\n\t\t\t\t\t\t\t<div class=\"elementor-widget-wrap\">\n\t\t\t\t\t\t<div class=\"elementor-element elementor-element-6b70516 elementor-widget elementor-widget-text-editor\" data-id=\"6b70516\" data-element_type=\"widget\" data-widget_type=\"text-editor.default\">\n\t\t\t\t<div class=\"elementor-widget-container\">\n\t\t\t\t\t<div class=\"elementor-text-editor elementor-clearfix\"><p><a href=\"http:\/\/www.trabajodeprocesos.net\/ca\/treball-de-processos\/\">Tornar<\/a><\/p><\/div>\n\t\t\t\t<\/div>\n\t\t\t\t<\/div>\n\t\t\t\t<div class=\"elementor-element elementor-element-11d0be2 elementor-widget elementor-widget-text-editor\" data-id=\"11d0be2\" data-element_type=\"widget\" data-widget_type=\"text-editor.default\">\n\t\t\t\t<div class=\"elementor-widget-container\">\n\t\t\t\t\t<div class=\"elementor-text-editor elementor-clearfix\"><p><strong>El treball interior (Inner Work) \u00e9s una pr\u00e0ctica din\u00e0mica d\u2019atenci\u00f3 plena<\/strong><span style=\"font-weight: 400;\"><strong>que ens ajuda a connectar-nos profundament amb els processos creatius que ens mouen.<\/strong> \u00c9s un enfocament en el que cada persona pot desplegar per s\u00ed mateixa el significat inherent a les senyals i experi\u00e8ncies pr\u00e8viament marginades. Els criteris que s\u2019expliquen a continuaci\u00f3 sobre les sessions individuals, s\u2019apliquen a una mateixa amb el Treball Interior, empoderant a cada \u00e9sser hum\u00e0 en la capacitat de ser el seu \u00abpropi terapeuta\u00bb.<\/span><\/p>\n<p><span style=\"font-weight: 400;\">La perspectiva de la Democr\u00e0cia Profunda (explicada m\u00e9s endavant parlant de Treball Global) s\u2019aplica igualment al treball interior: totes les teves veus, els que tenen m\u00e9s poder i les que ni tan sols coneixes, s\u00f3n importants i necessiten suport per expressar-se. Per exemple, la part de tu que vol sentir harmonia o meditar i ser capa\u00e7 de desaferrar-se dels problemes del m\u00f3n, i la part de tu que sent r\u00e0bia pel soroll que ve del carrer i les injust\u00edcies socials, ambdues s\u00f3n necess\u00e0ries, juntament amb totes les altres, en el proc\u00e9s que est\u00e0 intentant viure a trav\u00e9s de la teva experi\u00e8ncia.<\/span><\/p>\n<\/div>\n\t\t\t\t<\/div>\n\t\t\t\t<\/div>\n\t\t\t\t\t\t<\/div>\n\t\t\t\t\t<\/div>\n\t\t<\/div>\n\t\t\t\t\t\t\t\t<\/div>\n\t\t\t\t\t<\/div>\n\t\t<\/section>\n\t\t\t\t<section class=\"elementor-section elementor-top-section elementor-element elementor-element-40fd48b elementor-section-narrow_boxed elementor-section-height-default elementor-section-height-default\" data-id=\"40fd48b\" data-element_type=\"section\" data-settings=\"{&quot;background_background&quot;:&quot;classic&quot;}\">\n\t\t\t\t\t\t<div class=\"elementor-container elementor-column-gap-default\">\n\t\t\t\t\t\t\t<div class=\"elementor-row\">\n\t\t\t\t\t<div class=\"elementor-column elementor-col-100 elementor-top-column elementor-element elementor-element-3c8f28e\" data-id=\"3c8f28e\" data-element_type=\"column\">\n\t\t\t<div class=\"elementor-column-wrap elementor-element-populated\">\n\t\t\t\t\t\t\t<div class=\"elementor-widget-wrap\">\n\t\t\t\t\t\t<div class=\"elementor-element elementor-element-72969e1 elementor-widget elementor-widget-text-editor\" data-id=\"72969e1\" data-element_type=\"widget\" data-widget_type=\"text-editor.default\">\n\t\t\t\t<div class=\"elementor-widget-container\">\n\t\t\t\t\t<div class=\"elementor-text-editor elementor-clearfix\"><p><span style=\"font-weight: 400;\">Pots trobar m\u00e9s informaci\u00f3 als llibres d\u2019Arnold Mindell <\/span><i><span style=\"font-weight: 400;\">\u00abWorking on yourself alone\u00bb i \u00abEl cuerpo del cham\u00e1n\u00bb.<\/span><\/i><\/p><\/div>\n\t\t\t\t<\/div>\n\t\t\t\t<\/div>\n\t\t\t\t\t\t<\/div>\n\t\t\t\t\t<\/div>\n\t\t<\/div>\n\t\t\t\t\t\t\t\t<\/div>\n\t\t\t\t\t<\/div>\n\t\t<\/section>\n\t\t\t\t<section class=\"elementor-section elementor-top-section elementor-element elementor-element-4be9443 elementor-section-narrow_boxed elementor-section-height-default elementor-section-height-default\" data-id=\"4be9443\" data-element_type=\"section\">\n\t\t\t\t\t\t<div class=\"elementor-container elementor-column-gap-default\">\n\t\t\t\t\t\t\t<div class=\"elementor-row\">\n\t\t\t\t\t<div class=\"elementor-column elementor-col-100 elementor-top-column elementor-element elementor-element-28852b2\" data-id=\"28852b2\" data-element_type=\"column\">\n\t\t\t<div class=\"elementor-column-wrap\">\n\t\t\t\t\t\t\t<div class=\"elementor-widget-wrap\">\n\t\t\t\t\t\t\t\t<\/div>\n\t\t\t\t\t<\/div>\n\t\t<\/div>\n\t\t\t\t\t\t\t\t<\/div>\n\t\t\t\t\t<\/div>\n\t\t<\/section>\n\t\t\t\t\t\t<\/div>\n\t\t\t\t\t\t<\/div>\n\t\t\t\t\t<\/div>\n\t\t","protected":false},"excerpt":{"rendered":"<p>Tornar El treball interior (Inner Work) \u00e9s una pr\u00e0ctica din\u00e0mica d\u2019atenci\u00f3 plenaque ens ajuda a connectar-nos profundament amb els processos creatius que ens mouen. \u00c9s un enfocament en el que cada persona pot desplegar per s\u00ed mateixa el significat inherent a les senyals i experi\u00e8ncies pr\u00e8viament marginades. Els criteris que s\u2019expliquen a continuaci\u00f3 sobre les [&hellip;]<\/p>\n","protected":false},"author":6,"featured_media":512,"parent":978,"menu_order":0,"comment_status":"closed","ping_status":"closed","template":"","meta":{"footnotes":""},"class_list":["post-991","page","type-page","status-publish","has-post-thumbnail","hentry"],"yoast_head":"<!-- This site is optimized with the Yoast SEO plugin v15.4 - https:\/\/yoast.com\/wordpress\/plugins\/seo\/ -->\n<title>Treball interior - Trabajo de Procesos<\/title>\n<meta name=\"robots\" content=\"index, follow, max-snippet:-1, max-image-preview:large, max-video-preview:-1\" \/>\n<link rel=\"canonical\" href=\"https:\/\/www.trabajodeprocesos.net\/ca\/treball-de-processos\/treball-interior\/\" \/>\n<meta property=\"og:locale\" content=\"ca_ES\" \/>\n<meta property=\"og:type\" content=\"article\" \/>\n<meta property=\"og:title\" content=\"Treball interior - Trabajo de Procesos\" \/>\n<meta property=\"og:description\" content=\"Tornar El treball interior (Inner Work) \u00e9s una pr\u00e0ctica din\u00e0mica d\u2019atenci\u00f3 plenaque ens ajuda a connectar-nos profundament amb els processos creatius que ens mouen. \u00c9s un enfocament en el que cada persona pot desplegar per s\u00ed mateixa el significat inherent a les senyals i experi\u00e8ncies pr\u00e8viament marginades. Els criteris que s\u2019expliquen a continuaci\u00f3 sobre les [&hellip;]\" \/>\n<meta property=\"og:url\" content=\"https:\/\/www.trabajodeprocesos.net\/ca\/treball-de-processos\/treball-interior\/\" \/>\n<meta property=\"og:site_name\" content=\"Trabajo de Procesos\" \/>\n<meta property=\"article:modified_time\" content=\"2020-10-07T11:25:55+00:00\" \/>\n<meta property=\"og:image\" content=\"https:\/\/www.trabajodeprocesos.net\/wp-content\/uploads\/2019\/12\/photo-1541701494587-cb58502866ab.jpg\" \/>\n\t<meta property=\"og:image:width\" content=\"1950\" \/>\n\t<meta property=\"og:image:height\" content=\"1300\" \/>\n<meta name=\"twitter:card\" content=\"summary_large_image\" \/>\n<meta name=\"twitter:label1\" content=\"Escrit per\">\n\t<meta name=\"twitter:data1\" content=\"Admin\">\n\t<meta name=\"twitter:label2\" content=\"Temps estimat de lectura\">\n\t<meta name=\"twitter:data2\" content=\"1 minut\">\n<script type=\"application\/ld+json\" class=\"yoast-schema-graph\">{\"@context\":\"https:\/\/schema.org\",\"@graph\":[{\"@type\":\"WebSite\",\"@id\":\"https:\/\/www.trabajodeprocesos.net\/ca\/#website\",\"url\":\"https:\/\/www.trabajodeprocesos.net\/ca\/\",\"name\":\"Trabajo de Procesos\",\"description\":\"\",\"potentialAction\":[{\"@type\":\"SearchAction\",\"target\":\"https:\/\/www.trabajodeprocesos.net\/ca\/?s={search_term_string}\",\"query-input\":\"required name=search_term_string\"}],\"inLanguage\":\"ca\"},{\"@type\":\"ImageObject\",\"@id\":\"https:\/\/www.trabajodeprocesos.net\/ca\/treball-de-processos\/treball-interior\/#primaryimage\",\"inLanguage\":\"ca\",\"url\":\"https:\/\/www.trabajodeprocesos.net\/wp-content\/uploads\/2019\/12\/photo-1541701494587-cb58502866ab.jpg\",\"width\":1950,\"height\":1300},{\"@type\":\"WebPage\",\"@id\":\"https:\/\/www.trabajodeprocesos.net\/ca\/treball-de-processos\/treball-interior\/#webpage\",\"url\":\"https:\/\/www.trabajodeprocesos.net\/ca\/treball-de-processos\/treball-interior\/\",\"name\":\"Treball interior - Trabajo de Procesos\",\"isPartOf\":{\"@id\":\"https:\/\/www.trabajodeprocesos.net\/ca\/#website\"},\"primaryImageOfPage\":{\"@id\":\"https:\/\/www.trabajodeprocesos.net\/ca\/treball-de-processos\/treball-interior\/#primaryimage\"},\"datePublished\":\"2020-06-26T10:35:43+00:00\",\"dateModified\":\"2020-10-07T11:25:55+00:00\",\"inLanguage\":\"ca\",\"potentialAction\":[{\"@type\":\"ReadAction\",\"target\":[\"https:\/\/www.trabajodeprocesos.net\/ca\/treball-de-processos\/treball-interior\/\"]}]}]}<\/script>\n<!-- \/ Yoast SEO plugin. -->","_links":{"self":[{"href":"https:\/\/www.trabajodeprocesos.net\/ca\/wp-json\/wp\/v2\/pages\/991","targetHints":{"allow":["GET"]}}],"collection":[{"href":"https:\/\/www.trabajodeprocesos.net\/ca\/wp-json\/wp\/v2\/pages"}],"about":[{"href":"https:\/\/www.trabajodeprocesos.net\/ca\/wp-json\/wp\/v2\/types\/page"}],"author":[{"embeddable":true,"href":"https:\/\/www.trabajodeprocesos.net\/ca\/wp-json\/wp\/v2\/users\/6"}],"replies":[{"embeddable":true,"href":"https:\/\/www.trabajodeprocesos.net\/ca\/wp-json\/wp\/v2\/comments?post=991"}],"version-history":[{"count":3,"href":"https:\/\/www.trabajodeprocesos.net\/ca\/wp-json\/wp\/v2\/pages\/991\/revisions"}],"predecessor-version":[{"id":7092,"href":"https:\/\/www.trabajodeprocesos.net\/ca\/wp-json\/wp\/v2\/pages\/991\/revisions\/7092"}],"up":[{"embeddable":true,"href":"https:\/\/www.trabajodeprocesos.net\/ca\/wp-json\/wp\/v2\/pages\/978"}],"wp:featuredmedia":[{"embeddable":true,"href":"https:\/\/www.trabajodeprocesos.net\/ca\/wp-json\/wp\/v2\/media\/512"}],"wp:attachment":[{"href":"https:\/\/www.trabajodeprocesos.net\/ca\/wp-json\/wp\/v2\/media?parent=991"}],"curies":[{"name":"wp","href":"https:\/\/api.w.org\/{rel}","templated":true}]}}