{"id":985,"date":"2020-06-19T13:43:11","date_gmt":"2020-06-19T11:43:11","guid":{"rendered":"http:\/\/www.trabajodeprocesos.net\/treball-de-processos\/treball-individual\/"},"modified":"2020-10-07T13:26:17","modified_gmt":"2020-10-07T11:26:17","slug":"treball-individual","status":"publish","type":"page","link":"https:\/\/www.trabajodeprocesos.net\/ca\/treball-de-processos\/treball-individual\/","title":{"rendered":"Treball individual"},"content":{"rendered":"\t\t<div data-elementor-type=\"wp-page\" data-elementor-id=\"985\" class=\"elementor elementor-985 elementor-560\" data-elementor-settings=\"[]\">\n\t\t\t\t\t\t<div class=\"elementor-inner\">\n\t\t\t\t\t\t\t<div class=\"elementor-section-wrap\">\n\t\t\t\t\t\t\t<section class=\"elementor-section elementor-top-section elementor-element elementor-element-a16a54e elementor-section-narrow_boxed elementor-section-height-default elementor-section-height-default\" data-id=\"a16a54e\" data-element_type=\"section\">\n\t\t\t\t\t\t<div class=\"elementor-container elementor-column-gap-default\">\n\t\t\t\t\t\t\t<div class=\"elementor-row\">\n\t\t\t\t\t<div class=\"elementor-column elementor-col-100 elementor-top-column elementor-element elementor-element-2f33bf0\" data-id=\"2f33bf0\" data-element_type=\"column\">\n\t\t\t<div class=\"elementor-column-wrap elementor-element-populated\">\n\t\t\t\t\t\t\t<div class=\"elementor-widget-wrap\">\n\t\t\t\t\t\t<div class=\"elementor-element elementor-element-91fccb4 elementor-widget elementor-widget-text-editor\" data-id=\"91fccb4\" data-element_type=\"widget\" data-widget_type=\"text-editor.default\">\n\t\t\t\t<div class=\"elementor-widget-container\">\n\t\t\t\t\t<div class=\"elementor-text-editor elementor-clearfix\"><p><a href=\"http:\/\/www.trabajodeprocesos.net\/ca\/treball-de-processos\/\">Tornar<\/a><\/p><\/div>\n\t\t\t\t<\/div>\n\t\t\t\t<\/div>\n\t\t\t\t<div class=\"elementor-element elementor-element-2201895 elementor-widget elementor-widget-text-editor\" data-id=\"2201895\" data-element_type=\"widget\" data-widget_type=\"text-editor.default\">\n\t\t\t\t<div class=\"elementor-widget-container\">\n\t\t\t\t\t<div class=\"elementor-text-editor elementor-clearfix\"><p><span style=\"font-weight: 400;\"><strong>Les sessions individuals<\/strong> (el que es sol anomenar \u00abter\u00e0pia\u00bb) <strong>proporcionen un espai i un temps per a aprofundir en la nostra pr\u00f2pia consci\u00e8ncia i habilitat per a involucrar-nos creativament en la nostra pr\u00f2pia vida i en les comunitats de les que formem part.<\/strong> El Treball de Processos considera rellevant qualsevol senyal de comunicaci\u00f3 que aparegui tant en el contingut verbal com en el no verbal: la manera de parlar, els sons, els moviments, gestos i postures, les emocions, les diverses sensacions corporals i s\u00edmptomes, els somnis i visions, els diversos estats de consci\u00e8ncia, les malalties i els estats propers a la mort, els conflictes relacionals o qualsevol fet del m\u00f3n que afecti a la persona Explorant i donant suport tant a les senyals amb les que la persona s\u2019identifica com aquelles que li molesten o considera alienes, anem seguint i confiant en el proc\u00e9s que est\u00e0 volent emergir al moment.<\/span><\/p>\n<p><span style=\"font-weight: 400;\">El Treball de Processos inclou <strong>nombroses influ\u00e8ncies d\u2019altres metodologies i filosofies<\/strong> que poden ser \u00fatils en una sessi\u00f3 individual, per\u00f2 considera essencial posar atenci\u00f3 a la resposta que d\u00f3na el propi proc\u00e9s davant de cada intervenci\u00f3, per aix\u00ed adaptar-s\u2019hi. Per sobre de tot, la pr\u00e0ctica de Treball de Processos segueix la visi\u00f3 de CG Jung quan suggeria: <em>\u00abConegui totes les teories. Domini totes les t\u00e8cniques, per\u00f2 al tocar una \u00e0nima humana sigui tan sols una altra \u00e0nima humana\u00bb.<\/em><\/span><\/p>\n<p><span style=\"font-weight: 400;\">Una altra aplicaci\u00f3 individual del Treball de Processos \u00e9s <strong>el treball d&#8217;empoderament<\/strong> (quelcom semblant al que se sol anomenar \u00abcoaching\u00bb), en el que es busca potenciar les habilitats i qualitats de la persona al seu \u00e0mbit professional o en determinats rols que ocupa, epr a prendre consci\u00e8ncia del seu poder personal i facilitar la seva capacitat de gesti\u00f3 i lideratge.<\/span><\/p>\n<\/div>\n\t\t\t\t<\/div>\n\t\t\t\t<\/div>\n\t\t\t\t\t\t<\/div>\n\t\t\t\t\t<\/div>\n\t\t<\/div>\n\t\t\t\t\t\t\t\t<\/div>\n\t\t\t\t\t<\/div>\n\t\t<\/section>\n\t\t\t\t<section class=\"elementor-section elementor-top-section elementor-element elementor-element-8a427ef elementor-section-narrow_boxed elementor-section-height-default elementor-section-height-default\" data-id=\"8a427ef\" data-element_type=\"section\" data-settings=\"{&quot;background_background&quot;:&quot;classic&quot;}\">\n\t\t\t\t\t\t<div class=\"elementor-container elementor-column-gap-default\">\n\t\t\t\t\t\t\t<div class=\"elementor-row\">\n\t\t\t\t\t<div class=\"elementor-column elementor-col-100 elementor-top-column elementor-element elementor-element-18f62c8\" data-id=\"18f62c8\" data-element_type=\"column\">\n\t\t\t<div class=\"elementor-column-wrap elementor-element-populated\">\n\t\t\t\t\t\t\t<div class=\"elementor-widget-wrap\">\n\t\t\t\t\t\t<div class=\"elementor-element elementor-element-0781252 elementor-widget elementor-widget-text-editor\" data-id=\"0781252\" data-element_type=\"widget\" data-widget_type=\"text-editor.default\">\n\t\t\t\t<div class=\"elementor-widget-container\">\n\t\t\t\t\t<div class=\"elementor-text-editor elementor-clearfix\"><p><span style=\"font-weight: 400;\">Pots trobar m\u00e9s informaci\u00f3 al llibres <\/span><i><span style=\"font-weight: 400;\"><strong>El cuerpo que sue\u00f1a<\/strong>\u00a0<\/span><\/i><span style=\"font-weight: 400;\">d\u2019Arnold Mindell, <\/span><strong><i>A path made by walking<\/i><\/strong><span style=\"font-weight: 400;\"><strong>\u00a0<\/strong>de Julie Diamond i Lee Spark Jones, <\/span><i><span style=\"font-weight: 400;\"><strong>The dreambody toolkit<\/strong>\u00a0<\/span><\/i><span style=\"font-weight: 400;\">de Joe Goodbread i <\/span><strong><i>Alternative to therapy <\/i><\/strong><span style=\"font-weight: 400;\">d\u2019Amy Mindell.<\/span><\/p><\/div>\n\t\t\t\t<\/div>\n\t\t\t\t<\/div>\n\t\t\t\t\t\t<\/div>\n\t\t\t\t\t<\/div>\n\t\t<\/div>\n\t\t\t\t\t\t\t\t<\/div>\n\t\t\t\t\t<\/div>\n\t\t<\/section>\n\t\t\t\t<section class=\"elementor-section elementor-top-section elementor-element elementor-element-16ef7c1 elementor-section-narrow_boxed elementor-section-height-default elementor-section-height-default\" data-id=\"16ef7c1\" data-element_type=\"section\">\n\t\t\t\t\t\t<div class=\"elementor-container elementor-column-gap-default\">\n\t\t\t\t\t\t\t<div class=\"elementor-row\">\n\t\t\t\t\t<div class=\"elementor-column elementor-col-100 elementor-top-column elementor-element elementor-element-a0b157b\" data-id=\"a0b157b\" data-element_type=\"column\">\n\t\t\t<div class=\"elementor-column-wrap\">\n\t\t\t\t\t\t\t<div class=\"elementor-widget-wrap\">\n\t\t\t\t\t\t\t\t<\/div>\n\t\t\t\t\t<\/div>\n\t\t<\/div>\n\t\t\t\t\t\t\t\t<\/div>\n\t\t\t\t\t<\/div>\n\t\t<\/section>\n\t\t\t\t\t\t<\/div>\n\t\t\t\t\t\t<\/div>\n\t\t\t\t\t<\/div>\n\t\t","protected":false},"excerpt":{"rendered":"<p>Tornar Les sessions individuals (el que es sol anomenar \u00abter\u00e0pia\u00bb) proporcionen un espai i un temps per a aprofundir en la nostra pr\u00f2pia consci\u00e8ncia i habilitat per a involucrar-nos creativament en la nostra pr\u00f2pia vida i en les comunitats de les que formem part. El Treball de Processos considera rellevant qualsevol senyal de comunicaci\u00f3 que [&hellip;]<\/p>\n","protected":false},"author":6,"featured_media":512,"parent":978,"menu_order":0,"comment_status":"closed","ping_status":"closed","template":"","meta":{"footnotes":""},"class_list":["post-985","page","type-page","status-publish","has-post-thumbnail","hentry"],"yoast_head":"<!-- This site is optimized with the Yoast SEO plugin v15.4 - https:\/\/yoast.com\/wordpress\/plugins\/seo\/ -->\n<title>Treball individual - Trabajo de Procesos<\/title>\n<meta name=\"robots\" content=\"index, follow, max-snippet:-1, max-image-preview:large, max-video-preview:-1\" \/>\n<link rel=\"canonical\" href=\"https:\/\/www.trabajodeprocesos.net\/ca\/treball-de-processos\/treball-individual\/\" \/>\n<meta property=\"og:locale\" content=\"ca_ES\" \/>\n<meta property=\"og:type\" content=\"article\" \/>\n<meta property=\"og:title\" content=\"Treball individual - Trabajo de Procesos\" \/>\n<meta property=\"og:description\" content=\"Tornar Les sessions individuals (el que es sol anomenar \u00abter\u00e0pia\u00bb) proporcionen un espai i un temps per a aprofundir en la nostra pr\u00f2pia consci\u00e8ncia i habilitat per a involucrar-nos creativament en la nostra pr\u00f2pia vida i en les comunitats de les que formem part. El Treball de Processos considera rellevant qualsevol senyal de comunicaci\u00f3 que [&hellip;]\" \/>\n<meta property=\"og:url\" content=\"https:\/\/www.trabajodeprocesos.net\/ca\/treball-de-processos\/treball-individual\/\" \/>\n<meta property=\"og:site_name\" content=\"Trabajo de Procesos\" \/>\n<meta property=\"article:modified_time\" content=\"2020-10-07T11:26:17+00:00\" \/>\n<meta property=\"og:image\" content=\"https:\/\/www.trabajodeprocesos.net\/wp-content\/uploads\/2019\/12\/photo-1541701494587-cb58502866ab.jpg\" \/>\n\t<meta property=\"og:image:width\" content=\"1950\" \/>\n\t<meta property=\"og:image:height\" content=\"1300\" \/>\n<meta name=\"twitter:card\" content=\"summary_large_image\" \/>\n<meta name=\"twitter:label1\" content=\"Escrit per\">\n\t<meta name=\"twitter:data1\" content=\"Admin\">\n\t<meta name=\"twitter:label2\" content=\"Temps estimat de lectura\">\n\t<meta name=\"twitter:data2\" content=\"2 minuts\">\n<script type=\"application\/ld+json\" class=\"yoast-schema-graph\">{\"@context\":\"https:\/\/schema.org\",\"@graph\":[{\"@type\":\"WebSite\",\"@id\":\"https:\/\/www.trabajodeprocesos.net\/ca\/#website\",\"url\":\"https:\/\/www.trabajodeprocesos.net\/ca\/\",\"name\":\"Trabajo de Procesos\",\"description\":\"\",\"potentialAction\":[{\"@type\":\"SearchAction\",\"target\":\"https:\/\/www.trabajodeprocesos.net\/ca\/?s={search_term_string}\",\"query-input\":\"required name=search_term_string\"}],\"inLanguage\":\"ca\"},{\"@type\":\"ImageObject\",\"@id\":\"https:\/\/www.trabajodeprocesos.net\/ca\/treball-de-processos\/treball-individual\/#primaryimage\",\"inLanguage\":\"ca\",\"url\":\"https:\/\/www.trabajodeprocesos.net\/wp-content\/uploads\/2019\/12\/photo-1541701494587-cb58502866ab.jpg\",\"width\":1950,\"height\":1300},{\"@type\":\"WebPage\",\"@id\":\"https:\/\/www.trabajodeprocesos.net\/ca\/treball-de-processos\/treball-individual\/#webpage\",\"url\":\"https:\/\/www.trabajodeprocesos.net\/ca\/treball-de-processos\/treball-individual\/\",\"name\":\"Treball individual - Trabajo de Procesos\",\"isPartOf\":{\"@id\":\"https:\/\/www.trabajodeprocesos.net\/ca\/#website\"},\"primaryImageOfPage\":{\"@id\":\"https:\/\/www.trabajodeprocesos.net\/ca\/treball-de-processos\/treball-individual\/#primaryimage\"},\"datePublished\":\"2020-06-19T11:43:11+00:00\",\"dateModified\":\"2020-10-07T11:26:17+00:00\",\"inLanguage\":\"ca\",\"potentialAction\":[{\"@type\":\"ReadAction\",\"target\":[\"https:\/\/www.trabajodeprocesos.net\/ca\/treball-de-processos\/treball-individual\/\"]}]}]}<\/script>\n<!-- \/ Yoast SEO plugin. -->","_links":{"self":[{"href":"https:\/\/www.trabajodeprocesos.net\/ca\/wp-json\/wp\/v2\/pages\/985","targetHints":{"allow":["GET"]}}],"collection":[{"href":"https:\/\/www.trabajodeprocesos.net\/ca\/wp-json\/wp\/v2\/pages"}],"about":[{"href":"https:\/\/www.trabajodeprocesos.net\/ca\/wp-json\/wp\/v2\/types\/page"}],"author":[{"embeddable":true,"href":"https:\/\/www.trabajodeprocesos.net\/ca\/wp-json\/wp\/v2\/users\/6"}],"replies":[{"embeddable":true,"href":"https:\/\/www.trabajodeprocesos.net\/ca\/wp-json\/wp\/v2\/comments?post=985"}],"version-history":[{"count":5,"href":"https:\/\/www.trabajodeprocesos.net\/ca\/wp-json\/wp\/v2\/pages\/985\/revisions"}],"predecessor-version":[{"id":7093,"href":"https:\/\/www.trabajodeprocesos.net\/ca\/wp-json\/wp\/v2\/pages\/985\/revisions\/7093"}],"up":[{"embeddable":true,"href":"https:\/\/www.trabajodeprocesos.net\/ca\/wp-json\/wp\/v2\/pages\/978"}],"wp:featuredmedia":[{"embeddable":true,"href":"https:\/\/www.trabajodeprocesos.net\/ca\/wp-json\/wp\/v2\/media\/512"}],"wp:attachment":[{"href":"https:\/\/www.trabajodeprocesos.net\/ca\/wp-json\/wp\/v2\/media?parent=985"}],"curies":[{"name":"wp","href":"https:\/\/api.w.org\/{rel}","templated":true}]}}