{"id":9835,"date":"2021-01-29T11:15:42","date_gmt":"2021-01-29T09:15:42","guid":{"rendered":"http:\/\/www.trabajodeprocesos.net\/?page_id=9835"},"modified":"2021-01-29T11:15:43","modified_gmt":"2021-01-29T09:15:43","slug":"clausula-us-imatge-alumnes-i-participants-activitats","status":"publish","type":"page","link":"https:\/\/www.trabajodeprocesos.net\/ca\/clausula-us-imatge-alumnes-i-participants-activitats\/","title":{"rendered":"Cl\u00e0usula \u00fas imatge alumnes i participants activitats"},"content":{"rendered":"\n<p><\/p>\n\n\n\n<p>En compliment del que disposa el Reglament (UE) 2016\/679 de 27 d\u2019abril de 2016 (RGPD) i la Llei Org\u00e0nica 3\/2018 de 5 de desembre, de Protecci\u00f3 de Dades personals i Garantia dels Drets Digitals (LOPDGDD), resta de normativa legal vigent en mat\u00e8ria de protecci\u00f3 de dades personals i el dret a la pr\u00f2pia imatge (Llei Org\u00e0nica 1\/1982 de 5 de maig) els informem que la direcci\u00f3 de ASSOCIACI\u00d3 INSTITUT TREBALL dE PROCESSOS i DEMOCR\u00c0CIA pROFUNDA, els sol\u00b7licita autoritzaci\u00f3 per publicar fotografies on apareguin alumnes on puguin ser identificables per tal de publicar-les a la web de l\u2019Associaci\u00f3 i en xarxes socials, per informar de les activitats i cursos.<\/p>\n\n\n\n<p>Aquestes dades es conservaran mentre duri la finalitat per a la qual s\u2019han obtingut i sempre que no exerceixin cap dret dels que els emparen. No es comunicaran a tercers, excepte per obligaci\u00f3 legal, ni tampoc es realitzar\u00e0 cap transfer\u00e8ncia internacional de dades sense el seu consentiment previ. Un cop les imatges ja no siguin necess\u00e0ries, aquestes es guardaran degudament bloquejades amb les mesures de seguretat pertinents.<\/p>\n\n\n\n<p>Aix\u00ed mateix, l\u2019informem que t\u00e9 dret a sol\u00b7licitar l\u2019acc\u00e9s, rectificaci\u00f3, portabilitat i supressi\u00f3 de les dades i la limitaci\u00f3 i oposici\u00f3 al seu tractament dirigint-ASSOCIACI\u00d3 INSTITUT TREBALL DE PROCESSOS I DEMOCR\u00c0CIA PROFUNDA, amb domicili a Carrer Blai 17 4t 1r, 08004 BARCELONA , (Barcelona) o enviant un correu electr\u00f2nic a info@trabajodeprocesos.net, juntament amb una fotoc\u00f2pia del seu DNI o document an\u00e0leg en dret, indicant el tipus de dret que vol exercir. T\u00e9 dret a retirar el consentiment donat en qualsevol moment. La retirada del consentiment no afectar\u00e0 la licitud del tractament efectuat pr\u00e8viament. Tamb\u00e9 t\u00e9 dret a presentar una reclamaci\u00f3, si considera que el tractament de dades personals no s\u2019ajusta a la normativa vigent, davant l\u2019Autoritat de control (www.agpd.es).<\/p>\n\n\n\n<p>Amb l\u2019acceptaci\u00f3 \/ signatura del present document \/ text, el sotasignat (o representant legal) es considera informat i atorga el seu consentiment per al tractament esmentat.<\/p>\n","protected":false},"excerpt":{"rendered":"<p>En compliment del que disposa el Reglament (UE) 2016\/679 de 27 d\u2019abril de 2016 (RGPD) i la Llei Org\u00e0nica 3\/2018 de 5 de desembre, de Protecci\u00f3 de Dades personals i Garantia dels Drets Digitals (LOPDGDD), resta de normativa legal vigent en mat\u00e8ria de protecci\u00f3 de dades personals i el dret a la pr\u00f2pia imatge (Llei [&hellip;]<\/p>\n","protected":false},"author":6,"featured_media":0,"parent":0,"menu_order":0,"comment_status":"closed","ping_status":"closed","template":"","meta":{"footnotes":""},"class_list":["post-9835","page","type-page","status-publish","hentry"],"yoast_head":"<!-- This site is optimized with the Yoast SEO plugin v15.4 - https:\/\/yoast.com\/wordpress\/plugins\/seo\/ -->\n<title>Cl\u00e0usula \u00fas imatge alumnes i participants activitats - Trabajo de Procesos<\/title>\n<meta name=\"robots\" content=\"index, follow, max-snippet:-1, max-image-preview:large, max-video-preview:-1\" \/>\n<link rel=\"canonical\" href=\"https:\/\/www.trabajodeprocesos.net\/ca\/clausula-us-imatge-alumnes-i-participants-activitats\/\" \/>\n<meta property=\"og:locale\" content=\"ca_ES\" \/>\n<meta property=\"og:type\" content=\"article\" \/>\n<meta property=\"og:title\" content=\"Cl\u00e0usula \u00fas imatge alumnes i participants activitats - Trabajo de Procesos\" \/>\n<meta property=\"og:description\" content=\"En compliment del que disposa el Reglament (UE) 2016\/679 de 27 d\u2019abril de 2016 (RGPD) i la Llei Org\u00e0nica 3\/2018 de 5 de desembre, de Protecci\u00f3 de Dades personals i Garantia dels Drets Digitals (LOPDGDD), resta de normativa legal vigent en mat\u00e8ria de protecci\u00f3 de dades personals i el dret a la pr\u00f2pia imatge (Llei [&hellip;]\" \/>\n<meta property=\"og:url\" content=\"https:\/\/www.trabajodeprocesos.net\/ca\/clausula-us-imatge-alumnes-i-participants-activitats\/\" \/>\n<meta property=\"og:site_name\" content=\"Trabajo de Procesos\" \/>\n<meta property=\"article:modified_time\" content=\"2021-01-29T09:15:43+00:00\" \/>\n<meta name=\"twitter:card\" content=\"summary_large_image\" \/>\n<meta name=\"twitter:label1\" content=\"Escrit per\">\n\t<meta name=\"twitter:data1\" content=\"Admin\">\n\t<meta name=\"twitter:label2\" content=\"Temps estimat de lectura\">\n\t<meta name=\"twitter:data2\" content=\"1 minut\">\n<script type=\"application\/ld+json\" class=\"yoast-schema-graph\">{\"@context\":\"https:\/\/schema.org\",\"@graph\":[{\"@type\":\"WebSite\",\"@id\":\"https:\/\/www.trabajodeprocesos.net\/ca\/#website\",\"url\":\"https:\/\/www.trabajodeprocesos.net\/ca\/\",\"name\":\"Trabajo de Procesos\",\"description\":\"\",\"potentialAction\":[{\"@type\":\"SearchAction\",\"target\":\"https:\/\/www.trabajodeprocesos.net\/ca\/?s={search_term_string}\",\"query-input\":\"required name=search_term_string\"}],\"inLanguage\":\"ca\"},{\"@type\":\"WebPage\",\"@id\":\"https:\/\/www.trabajodeprocesos.net\/ca\/clausula-us-imatge-alumnes-i-participants-activitats\/#webpage\",\"url\":\"https:\/\/www.trabajodeprocesos.net\/ca\/clausula-us-imatge-alumnes-i-participants-activitats\/\",\"name\":\"Cl\\u00e0usula \\u00fas imatge alumnes i participants activitats - Trabajo de Procesos\",\"isPartOf\":{\"@id\":\"https:\/\/www.trabajodeprocesos.net\/ca\/#website\"},\"datePublished\":\"2021-01-29T09:15:42+00:00\",\"dateModified\":\"2021-01-29T09:15:43+00:00\",\"inLanguage\":\"ca\",\"potentialAction\":[{\"@type\":\"ReadAction\",\"target\":[\"https:\/\/www.trabajodeprocesos.net\/ca\/clausula-us-imatge-alumnes-i-participants-activitats\/\"]}]}]}<\/script>\n<!-- \/ Yoast SEO plugin. -->","_links":{"self":[{"href":"https:\/\/www.trabajodeprocesos.net\/ca\/wp-json\/wp\/v2\/pages\/9835","targetHints":{"allow":["GET"]}}],"collection":[{"href":"https:\/\/www.trabajodeprocesos.net\/ca\/wp-json\/wp\/v2\/pages"}],"about":[{"href":"https:\/\/www.trabajodeprocesos.net\/ca\/wp-json\/wp\/v2\/types\/page"}],"author":[{"embeddable":true,"href":"https:\/\/www.trabajodeprocesos.net\/ca\/wp-json\/wp\/v2\/users\/6"}],"replies":[{"embeddable":true,"href":"https:\/\/www.trabajodeprocesos.net\/ca\/wp-json\/wp\/v2\/comments?post=9835"}],"version-history":[{"count":1,"href":"https:\/\/www.trabajodeprocesos.net\/ca\/wp-json\/wp\/v2\/pages\/9835\/revisions"}],"predecessor-version":[{"id":9836,"href":"https:\/\/www.trabajodeprocesos.net\/ca\/wp-json\/wp\/v2\/pages\/9835\/revisions\/9836"}],"wp:attachment":[{"href":"https:\/\/www.trabajodeprocesos.net\/ca\/wp-json\/wp\/v2\/media?parent=9835"}],"curies":[{"name":"wp","href":"https:\/\/api.w.org\/{rel}","templated":true}]}}