{"id":9817,"date":"2021-01-28T16:23:15","date_gmt":"2021-01-28T14:23:15","guid":{"rendered":"http:\/\/www.trabajodeprocesos.net\/?page_id=9817"},"modified":"2022-05-20T11:43:26","modified_gmt":"2022-05-20T09:43:26","slug":"politica-de-pagaments","status":"publish","type":"page","link":"https:\/\/www.trabajodeprocesos.net\/ca\/politica-de-pagaments\/","title":{"rendered":"Pol\u00edtica de pagaments"},"content":{"rendered":"\t\t<div data-elementor-type=\"wp-page\" data-elementor-id=\"9817\" class=\"elementor elementor-9817 elementor-9815\" data-elementor-settings=\"[]\">\n\t\t\t\t\t\t<div class=\"elementor-inner\">\n\t\t\t\t\t\t\t<div class=\"elementor-section-wrap\">\n\t\t\t\t\t\t\t<section class=\"elementor-section elementor-top-section elementor-element elementor-element-54a87b84 elementor-section-boxed elementor-section-height-default elementor-section-height-default\" data-id=\"54a87b84\" data-element_type=\"section\">\n\t\t\t\t\t\t<div class=\"elementor-container elementor-column-gap-default\">\n\t\t\t\t\t\t\t<div class=\"elementor-row\">\n\t\t\t\t\t<div class=\"elementor-column elementor-col-100 elementor-top-column elementor-element elementor-element-2e773fe3\" data-id=\"2e773fe3\" data-element_type=\"column\">\n\t\t\t<div class=\"elementor-column-wrap elementor-element-populated\">\n\t\t\t\t\t\t\t<div class=\"elementor-widget-wrap\">\n\t\t\t\t\t\t<div class=\"elementor-element elementor-element-270084c1 elementor-widget elementor-widget-text-editor\" data-id=\"270084c1\" data-element_type=\"widget\" data-widget_type=\"text-editor.default\">\n\t\t\t\t<div class=\"elementor-widget-container\">\n\t\t\t\t\t<div class=\"elementor-text-editor elementor-clearfix\"><p><\/p>\n<ul>\n<li>CONDICIONS GENERALS DE CONTRACTACI\u00d3<\/li>\n<\/ul>\n<p><\/p>\n<p><\/p>\n<ol>\n<li>PARTS I ACCEPTACI\u00d3 DE LES CONDICIONS GENERALS DE CONTRACTACI\u00d3:<br>D&#8217;una banda, el prove\u00efdor dels productes, ASSOCIACI\u00d3 INSTITUT TREBALL DE PROCESSOS I DEMOCR\u00c0CIA PROFUNDA (des d&#8217;ara tamb\u00e9 l&#8217;Institut), amb domicili social a Carrer Blai 17 4t 1r, 08004 BARCELONA, (Barcelona), N.I.F. G66067372, e-mail: info@trabajodeprocesos.net, sent titular de la p\u00e0gina web www.trabajodeprocesos.net, exposa el document contractual que regir\u00e0 la contractaci\u00f3 de productes a trav\u00e9s de la p\u00e0gina web ressenyat<br>I d&#8217;una altra, l&#8217;Usuari &#8211; Client (en endavant l&#8217;Usuari), que cedir\u00e0 les seves dades personals a l&#8217;Institut, sobre els quals t\u00e9 responsabilitat plena d&#8217;\u00fas i cust\u00f2dia, sent responsable de la veracitat de les dades personals facilitades a l&#8217;Institut.<br>DOS ACCEPTEN el present document, i comporta que l&#8217;usuari:<br>a. Ha llegit, ent\u00e9n i compr\u00e8n el aqu\u00ed exposat.<br>b. Que \u00e9s una persona major d&#8217;edat i amb capacitat suficient per contractar.<br>c. Que assumeix totes les obligacions aqu\u00ed disposades.<br>d. Que ha llegit i accepta les presents condicions generals de compra des del moment que adquireixi qualsevol curs ofertat.<br>Aquest document pot ser impr\u00e8s i emmagatzemat pels Usuaris.<br>L&#8217;Institut posa a disposici\u00f3 d&#8217;aquests la direcci\u00f3 de correu electr\u00f2nic&nbsp;<span style=\"font-weight: 600; box-sizing: inherit; border-radius: 2px; background-color: rgba(25, 30, 35, 0.2); color: #191e23; font-family: 'Noto Serif'; white-space: pre-wrap;\" data-rich-text-format-boundary=\"true\">info@trabajodeprocesos.net<\/span>&nbsp;perqu\u00e8 plantegin qualsevol dubte sobre aquestes condicions.<br>Les presents condicions tindran un per\u00edode de validesa indefinit i seran aplicables a totes les contractacions realitzades a trav\u00e9s de la p\u00e0gina web de l&#8217;Institut.<br>L&#8217;Institut es reserva el dret de modificar unilateralment aquestes Condicions Generals, sense que aix\u00f2 pugui afectar els cursos \/ activitat que van ser adquirits pr\u00e8viament a la modificaci\u00f3, per tal de millorar els cursos \/ activitats oferts.<br>La responsabilitat civil de l&#8217;INSTITUT pels cursos \/ tallers \/ activitats subministrats queda limitada a l&#8217;import dels mateixos, l&#8217;usuari renuncia a reclamar qualsevol responsabilitat a l&#8217;Institut per qualsevol concepte en qualsevol cas d&#8217;insatisfacci\u00f3 dels cursos \/ activitats oferts a la web www.trabajodeprocesos.net.<\/li>\n<li>OBJECTE DEL CONTRACTE:<br>2.1 \u00c0mbit d&#8217;aplicaci\u00f3: El present contracte t\u00e9 per objecte regular la relaci\u00f3 contractual de compravenda nascuda entre l&#8217;Institut i l&#8217;usuari en el moment en qu\u00e8 aquest accepta aquestes condicions de compra durant el proc\u00e9s de contractaci\u00f3 en l\u00ednia verificant la casella corresponent. Aquestes CGC s&#8217;aplicaran a partir de el moment en que es realitzi la compra.<br>La relaci\u00f3 contractual de compravenda comporta la realitzaci\u00f3 a canvi d&#8217;un preu determinat i p\u00fablicament exposat a trav\u00e9s de la p\u00e0gina web, d&#8217;un curs \/ taller \/ activitat concret, que l&#8217;usuari hagi triat.<br>2.2 Territori d&#8217;aplicaci\u00f3: La botiga virtual de www.trabajodeprocesos.net est\u00e0 activa per a tot Espanya i per a tothom.<br>2.3 Acceptaci\u00f3 de client: La validaci\u00f3 d&#8217;un sol\u00b7licitud d&#8217;un curs \/ taller a trav\u00e9s del web www.trabajodeprocesos.net es realitza per l&#8217;acceptaci\u00f3 autom\u00e0tica de les CGC i pagament.<\/li>\n<li>INFORMACI\u00d3 SUBMINISTRADA A LA WEB www.trabajodeprocesos.net:<br>3.1 Publicaci\u00f3 de preus: Els preus dels cursos \/ activitats s\u00f3n els mostrats en cada curs a la nostra web www.trabajodeprocesos.net<br>3.2 Informaci\u00f3 de cursos\/activitats: Els continguts de www.trabajodeprocesos.net estan en constant renovaci\u00f3 i actualitzaci\u00f3 per oferir als nostres alumnes la informaci\u00f3 m\u00e9s completa i detallada possible. Totes les informacions contractuals presents a la www.trabajodeprocesos.net es mostren en llengua catalana (catal\u00e0).<br>3.3 Dret d&#8217;Anul\u00b7laci\u00f3: L&#8217;Institut es reserva el dret d&#8217;anul\u00b7laci\u00f3 de la realitzaci\u00f3 d&#8217;un curs \/ taller \/ activitat determinat que no compleixi amb els requisits de qualitat impostos a tots els cursos \/ activitats de www.trabajodeprocesos.net. Per al cas que es detect\u00e9s aquesta manca de qualitat, l&#8217;Institut procedir\u00e0 a el reintegrament de el cost d&#8217;aquest curs \/ activitat.&nbsp; &nbsp; &nbsp; &nbsp; &nbsp; &nbsp; &nbsp; &nbsp; &nbsp; &nbsp; &nbsp; &nbsp; &nbsp; &nbsp; &nbsp; &nbsp; &nbsp; &nbsp; &nbsp; &nbsp; &nbsp; &nbsp; &nbsp; &nbsp; &nbsp; &nbsp; &nbsp; &nbsp; &nbsp; &nbsp; &nbsp; &nbsp; &nbsp; &nbsp; &nbsp; &nbsp; &nbsp; &nbsp; &nbsp; &nbsp; &nbsp; &nbsp; &nbsp; &nbsp; &nbsp; &nbsp; &nbsp; &nbsp; &nbsp; &nbsp; &nbsp; &nbsp; &nbsp; &nbsp; &nbsp; &nbsp; &nbsp; &nbsp; &nbsp; &nbsp; &nbsp; &nbsp; &nbsp; &nbsp; &nbsp; &nbsp; &nbsp; &nbsp; &nbsp; &nbsp; &nbsp; &nbsp; &nbsp; 3.4 L&#8217;ESCOLA ES RESERVA EL DRET DE CANCEL\u00b7LACI\u00d3 DE L&#8217;ACTIVITAT SI NO HI HA UN NOMBRE M\u00cdNIM DE PARTICIPANTS INSCRITS ABANS DE LA DATA INDICADA PER A CADA ACTIVITAT. EN CAS DE CANCEL\u00b7LACI\u00d3 PER AQUEST MOTIU L&#8217;ESCOLA RETORNAR\u00c0 L&#8217;IMPORT PAGUAT PER LA FORMACI\u00d3 DIA ENTRENAMENT- NO ES FAR\u00c0 C\u00c0RREC D&#8217;ALTRES DESPESES DE LES PARTICIPANTS DERIVADES DE LA SEVA PARTICIPACI\u00d3 EN L&#8217;ACTIVITAT DE FORMACI\u00d3 DE L&#8217;ESCOLA.<\/li>\n<li>PROCEDIMENT DE COMPRA:<br>L&#8217;usuari per poder accedir als cursos \/ tallers \/ activitat oferts per l&#8217;Institut, haur\u00e0 d&#8217;accedir a la p\u00e0gina web i proporcionar de manera lliure i volunt\u00e0ria les dades personals que li seran requerits.<br>Un cop ha llegit tota la informaci\u00f3 sobre els cursos \/ tallers \/ activitats de l&#8217;Institut i ja sap quin \u00e9s el curs \/ taller que va a realitzar, s&#8217;informa que de conformitat amb el que exigeix l&#8217;art. 27 de la Llei 34\/2002 de Serveis de la Societat de la Informaci\u00f3 i de Comer\u00e7 Electr\u00f2nic, el procediment de contractaci\u00f3 seguir\u00e0 els seg\u00fcents passos:\n<ol>\n<li>.triar el curs \/ taller fent clic, i<\/li>\n<li>Se sol\u00b7licitar\u00e0 les credencials de l&#8217;usuari, mitjan\u00e7ant tres formes:<br>a. el registre de l&#8217;usuari: s&#8217;haur\u00e0 d&#8217;emplenar un formulari de recollida de dades. Un cop emplenat el formulari de dades personals del seu inter\u00e8s pel curs, aquest rebr\u00e0 a l&#8217;adre\u00e7a de correu electr\u00f2nic indicada per vost\u00e8, un correu electr\u00f2nic de confirmaci\u00f3 de l&#8217;registre.<\/li>\n<li>Un cop registrat, haur\u00e0 de marcar la casella d&#8217;acceptaci\u00f3 de les cl\u00e0usules generals de contractaci\u00f3 i la casella d&#8217;acceptaci\u00f3 de la Pol\u00edtica de Privacitat de l&#8217;Institut (https:\/\/www.trabajodeprocesos.net\/es\/politica-de-privacidad\/) .<\/li>\n<li>Per finalitzar el proc\u00e9s, passar\u00e0 a la passarel\u00b7la de pagament per a realitzar el pagament mitjan\u00e7ant transfer\u00e8ncia banc\u00e0ria (zona \u20ac) o Paypal nom\u00e9s fora zona \u20ac) i a m\u00e9s el participant ha d&#8217;afegir 7% despeses pagament que van a compte seu.<\/li>\n<\/ol>\n<\/li>\n<li>PREUS I TERMINIS DE LA VALIDESA DELS CURSOS\/ACTIVITATS:<br>Tots els preus exposats a la botiga www.trabajodeprocesos.net, inclouen l&#8217;IVA vigent en el moment de la compra (apareixer\u00e0 desglossat en el moment de la compra). Tots els preus que consten al web s\u00f3n v\u00e0lids i s&#8217;expressaran en la moneda Euro (\u20ac).<br>L&#8217;usuari rebr\u00e0 la factura de la comanda a l&#8217;adre\u00e7a de correu electr\u00f2nic proporcionada per l&#8217;usuari un cop realitzada la compra, SI LA SOL\u00b7LICITA.<br>Les dades registrades pels diferents m\u00e8todes de pagament constitueixen una prova de la data en qu\u00e8 es van realitzar les transaccions financeres.<\/li>\n<li>FORMES DE PAGAMENT:<br>6.1 Pagament mitjan\u00e7ant transfer\u00e8ncia o ingr\u00e9s a compte: A l&#8217;hora de finalitzar la inscripci\u00f3 l&#8217;usuari rebr\u00e0 les instruccions amb el n\u00famero de compte per abonar la sol\u00b7licitud d&#8217;El curs \/ taller. \u00c9s fonamental que s&#8217;indiqui clarament el nom de l&#8217;alumne en l&#8217;ordre de transfer\u00e8ncia. S&#8217;haur\u00e0 de realitzar la transfer\u00e8ncia en un termini de 7 dies, en cas contrari ser\u00e0 cancel\u00b7lat en el nostre sistema.<br>6.2 PayPal: Un cop finalitzada la inscripci\u00f3, se li redigir\u00e1 al web oficial de PayPal on podr\u00e0 fer el pagament. Un cop realitzat el pagament correctament, la seva comanda estar\u00e0 finalitzat i s&#8217;enviar\u00e0 un correu electr\u00f2nic amb el resum de la seva compra,&nbsp; i a m\u00e9s el participant ha d&#8217;afegir 7% despeses pagament que van a compte seu.<\/li>\n<li>DEVOLUCIONS<br>Hi ha dret de devoluci\u00f3 de diners abans de l&#8217;inici de curs\/activitat, sempre que s&#8217;informi per escrit enviant un correu a info@trabajodeprocesos.net amb el nom de la inscripci\u00f3 i el n\u00famero de compte corrent en el qual s&#8217;haur\u00e0 de fer la devoluci\u00f3, en els casos seg\u00fcents:\n<ol>\n<li>Si s&#8217;avisa20 dies naturals abans de l&#8217;inici de curs, se us retornar\u00e0 l&#8217;import abonat restant el 10% en concepte de despeses administratives i de gesti\u00f3.<\/li>\n<li>Si es cancel\u00b7la la inscripci\u00f3 fins a 10 dies naturals abans de l&#8217;inici de la formaci\u00f3 \/ activitat es retornar\u00e0 l&#8217;import abonat restant el 50%.<\/li>\n<li>Si es cancel\u00b7la la inscripci\u00f3 dins dels 5 dies abans de l&#8217;inici de l&#8217;activitat no es retorna RES.<\/li>\n<li>Sols es retorna la quantitat \u00edntegra de l&#8217;import abonat en qualsevol cas si la cancel\u00b7laci\u00f3 es deu a:\n<ul>\n<li>Raons m\u00e8diques que t&#8217;impedeixin realitzar la formaci\u00f3 i personal sanitari proporciona la certificaci\u00f3<\/li>\n<li>Causes m\u00e8diques extremes d&#8217;algun familiar de primer grau o persona molt propera i personal sanitari proporciona la certificaci\u00f3.<\/li>\n<li>Obligacions civils imposades per les autoritats, (deure de car\u00e0cter p\u00fablic, ex. Judici, obligaci\u00f3 d&#8217;estar en un mesa electoral) despr\u00e9s de la data de realitzaci\u00f3 de la inscripci\u00f3 o matriculaci\u00f3.<\/li>\n<li>Mort d&#8217;una persona familiar o persona molt propera.<\/li>\n<li>Alguna altra ra\u00f3 que per tu sigui de vital import\u00e0ncia i creguis que hem de considerar.<\/li>\n<li>Un cop iniciat el curs\/activitat, no podr\u00e0 fer-se cap devoluci\u00f3 i en cas que no s&#8217;assisteixi a algun dels m\u00f2duls o dies de formaci\u00f3, no es podr\u00e0 retornar l&#8217;import de l&#8217;pagament abonat.<\/li>\n<li>Es podr\u00e0 pactar una baixa de el curs\/activitat si es d\u00f3na alguna causa de for\u00e7a major com les previstes en el punt 3, en aquest cas no hi haur\u00e0 l&#8217;obligaci\u00f3 d&#8217;abonar els pagaments que quedin pendents.<\/li>\n<li>Les devolucions es realitzen dins dels 15 dies naturals seg\u00fcents a la recepci\u00f3 de la notificaci\u00f3 de cancel\u00b7laci\u00f3. No es faran devolucions de l&#8217;import abonat per cancel\u00b7lacions fetes amb 10 dies o menys abans de l&#8217;inici de la formaci\u00f3, quan la formaci\u00f3\/activitat hagi comen\u00e7at o despr\u00e9s d&#8217;haver finalitzat.<\/li>\n<\/ul>\n<\/li>\n<\/ol>\n<\/li>\n<\/ol>\n<p><\/p>\n<p><\/p>\n<p>DRET DE DESISTIMENT:<br>8.1 Dret de desistiment: L&#8217;usuari t\u00e9 dret a l&#8217;exercici de el dret de desistiment, i per aix\u00f2 compta amb un termini de 14 dies naturals des del pagament de la inscripci\u00f3, sense penalitzaci\u00f3 per al seu exercici; s&#8217;ha de fer el reintegrament a l&#8217;consumidor de l&#8217;import total de la compra, \u00e9s a dir, el preu de el curs \/ taller \/ activitat dins dels 14 dies seg\u00fcents a l&#8217;exercici de el dret de desistiment per part de l&#8217;usuari \/ consumidor.<br>Per dur a terme aquest dret de desistiment pot omplir aquest formulari (<a href=\"http:\/\/www.trabajodeprocesos.net\/wp-content\/uploads\/2021\/02\/Formulario-derecho-desestimiento.docx\">FORMULARI DE DESISTIMENT<\/a>, dins el termini m\u00e0xim dels catorze (14) dies naturals seg\u00fcents a l&#8217;pagament de el curs \/ taller al costat de les seves dades de contacte. Podr\u00e0 remetre&#8217;ns a trav\u00e9s del mail info@trabajodeprocesos.net o per correu postal, sempre dins dels 14 dies naturals a el pagament de el curs.<\/p>\n<p><\/p>\n<p><\/p>\n<p>Llei aplicable i jurisdicci\u00f3:<br>Aquestes condicions es regiran o interpretaran d&#8217;acord amb la legislaci\u00f3 espanyola en all\u00f2 que no estigui expressament establert. L&#8217;Institut i l&#8217;usuari, acorden sotmetre qualsevol controv\u00e8rsia que pogu\u00e9s suscitar-se de la inscripci\u00f3 dels cursos o tallers objecte d&#8217;aquestes Condicions, als Jutjats i Tribunals de domicili de l&#8217;Institut.<\/p>\n<p><\/p>\n<p><\/p>\n<p><\/p>\n<p><\/p>\n<p><\/p>\n<p><\/p>\n<p><\/p>\n<p><\/p>\n<p>Actualitzat: Maig de 2022<\/p>\n<p><\/p><\/div>\n\t\t\t\t<\/div>\n\t\t\t\t<\/div>\n\t\t\t\t\t\t<\/div>\n\t\t\t\t\t<\/div>\n\t\t<\/div>\n\t\t\t\t\t\t\t\t<\/div>\n\t\t\t\t\t<\/div>\n\t\t<\/section>\n\t\t\t\t\t\t<\/div>\n\t\t\t\t\t\t<\/div>\n\t\t\t\t\t<\/div>\n\t\t","protected":false},"excerpt":{"rendered":"<p>CONDICIONS GENERALS DE CONTRACTACI\u00d3 PARTS I ACCEPTACI\u00d3 DE LES CONDICIONS GENERALS DE CONTRACTACI\u00d3:D&#8217;una banda, el prove\u00efdor dels productes, ASSOCIACI\u00d3 INSTITUT TREBALL DE PROCESSOS I DEMOCR\u00c0CIA PROFUNDA (des d&#8217;ara tamb\u00e9 l&#8217;Institut), amb domicili social a Carrer Blai 17 4t 1r, 08004 BARCELONA, (Barcelona), N.I.F. G66067372, e-mail: info@trabajodeprocesos.net, sent titular de la p\u00e0gina web www.trabajodeprocesos.net, exposa el [&hellip;]<\/p>\n","protected":false},"author":6,"featured_media":0,"parent":0,"menu_order":0,"comment_status":"closed","ping_status":"closed","template":"","meta":{"footnotes":""},"class_list":["post-9817","page","type-page","status-publish","hentry"],"yoast_head":"<!-- This site is optimized with the Yoast SEO plugin v15.4 - https:\/\/yoast.com\/wordpress\/plugins\/seo\/ -->\n<title>Pol\u00edtica de pagaments - Trabajo de Procesos<\/title>\n<meta name=\"robots\" content=\"index, follow, max-snippet:-1, max-image-preview:large, max-video-preview:-1\" \/>\n<link rel=\"canonical\" href=\"https:\/\/www.trabajodeprocesos.net\/ca\/politica-de-pagaments\/\" \/>\n<meta property=\"og:locale\" content=\"ca_ES\" \/>\n<meta property=\"og:type\" content=\"article\" \/>\n<meta property=\"og:title\" content=\"Pol\u00edtica de pagaments - Trabajo de Procesos\" \/>\n<meta property=\"og:description\" content=\"CONDICIONS GENERALS DE CONTRACTACI\u00d3 PARTS I ACCEPTACI\u00d3 DE LES CONDICIONS GENERALS DE CONTRACTACI\u00d3:D&#8217;una banda, el prove\u00efdor dels productes, ASSOCIACI\u00d3 INSTITUT TREBALL DE PROCESSOS I DEMOCR\u00c0CIA PROFUNDA (des d&#8217;ara tamb\u00e9 l&#8217;Institut), amb domicili social a Carrer Blai 17 4t 1r, 08004 BARCELONA, (Barcelona), N.I.F. G66067372, e-mail: info@trabajodeprocesos.net, sent titular de la p\u00e0gina web www.trabajodeprocesos.net, exposa el [&hellip;]\" \/>\n<meta property=\"og:url\" content=\"https:\/\/www.trabajodeprocesos.net\/ca\/politica-de-pagaments\/\" \/>\n<meta property=\"og:site_name\" content=\"Trabajo de Procesos\" \/>\n<meta property=\"article:modified_time\" content=\"2022-05-20T09:43:26+00:00\" \/>\n<meta name=\"twitter:card\" content=\"summary_large_image\" \/>\n<meta name=\"twitter:label1\" content=\"Escrit per\">\n\t<meta name=\"twitter:data1\" content=\"Admin\">\n\t<meta name=\"twitter:label2\" content=\"Temps estimat de lectura\">\n\t<meta name=\"twitter:data2\" content=\"7 minuts\">\n<script type=\"application\/ld+json\" class=\"yoast-schema-graph\">{\"@context\":\"https:\/\/schema.org\",\"@graph\":[{\"@type\":\"WebSite\",\"@id\":\"https:\/\/www.trabajodeprocesos.net\/ca\/#website\",\"url\":\"https:\/\/www.trabajodeprocesos.net\/ca\/\",\"name\":\"Trabajo de Procesos\",\"description\":\"\",\"potentialAction\":[{\"@type\":\"SearchAction\",\"target\":\"https:\/\/www.trabajodeprocesos.net\/ca\/?s={search_term_string}\",\"query-input\":\"required name=search_term_string\"}],\"inLanguage\":\"ca\"},{\"@type\":\"WebPage\",\"@id\":\"https:\/\/www.trabajodeprocesos.net\/ca\/politica-de-pagaments\/#webpage\",\"url\":\"https:\/\/www.trabajodeprocesos.net\/ca\/politica-de-pagaments\/\",\"name\":\"Pol\\u00edtica de pagaments - Trabajo de Procesos\",\"isPartOf\":{\"@id\":\"https:\/\/www.trabajodeprocesos.net\/ca\/#website\"},\"datePublished\":\"2021-01-28T14:23:15+00:00\",\"dateModified\":\"2022-05-20T09:43:26+00:00\",\"inLanguage\":\"ca\",\"potentialAction\":[{\"@type\":\"ReadAction\",\"target\":[\"https:\/\/www.trabajodeprocesos.net\/ca\/politica-de-pagaments\/\"]}]}]}<\/script>\n<!-- \/ Yoast SEO plugin. -->","_links":{"self":[{"href":"https:\/\/www.trabajodeprocesos.net\/ca\/wp-json\/wp\/v2\/pages\/9817","targetHints":{"allow":["GET"]}}],"collection":[{"href":"https:\/\/www.trabajodeprocesos.net\/ca\/wp-json\/wp\/v2\/pages"}],"about":[{"href":"https:\/\/www.trabajodeprocesos.net\/ca\/wp-json\/wp\/v2\/types\/page"}],"author":[{"embeddable":true,"href":"https:\/\/www.trabajodeprocesos.net\/ca\/wp-json\/wp\/v2\/users\/6"}],"replies":[{"embeddable":true,"href":"https:\/\/www.trabajodeprocesos.net\/ca\/wp-json\/wp\/v2\/comments?post=9817"}],"version-history":[{"count":20,"href":"https:\/\/www.trabajodeprocesos.net\/ca\/wp-json\/wp\/v2\/pages\/9817\/revisions"}],"predecessor-version":[{"id":14167,"href":"https:\/\/www.trabajodeprocesos.net\/ca\/wp-json\/wp\/v2\/pages\/9817\/revisions\/14167"}],"wp:attachment":[{"href":"https:\/\/www.trabajodeprocesos.net\/ca\/wp-json\/wp\/v2\/media?parent=9817"}],"curies":[{"name":"wp","href":"https:\/\/api.w.org\/{rel}","templated":true}]}}