{"id":978,"date":"2020-06-19T13:33:35","date_gmt":"2020-06-19T11:33:35","guid":{"rendered":"http:\/\/www.trabajodeprocesos.net\/treball-de-processos\/"},"modified":"2020-10-23T09:40:33","modified_gmt":"2020-10-23T07:40:33","slug":"treball-de-processos","status":"publish","type":"page","link":"https:\/\/www.trabajodeprocesos.net\/ca\/treball-de-processos\/","title":{"rendered":"Treball de Processos"},"content":{"rendered":"\t\t<div data-elementor-type=\"wp-page\" data-elementor-id=\"978\" class=\"elementor elementor-978 elementor-467\" data-elementor-settings=\"[]\">\n\t\t\t\t\t\t<div class=\"elementor-inner\">\n\t\t\t\t\t\t\t<div class=\"elementor-section-wrap\">\n\t\t\t\t\t\t\t<section class=\"elementor-section elementor-top-section elementor-element elementor-element-e57f578 elementor-section-narrow_boxed elementor-section-height-default elementor-section-height-default\" data-id=\"e57f578\" data-element_type=\"section\">\n\t\t\t\t\t\t<div class=\"elementor-container elementor-column-gap-default\">\n\t\t\t\t\t\t\t<div class=\"elementor-row\">\n\t\t\t\t\t<div class=\"elementor-column elementor-col-100 elementor-top-column elementor-element elementor-element-637f842\" data-id=\"637f842\" data-element_type=\"column\">\n\t\t\t<div class=\"elementor-column-wrap elementor-element-populated\">\n\t\t\t\t\t\t\t<div class=\"elementor-widget-wrap\">\n\t\t\t\t\t\t<div class=\"elementor-element elementor-element-31791f6 elementor-widget elementor-widget-text-editor\" data-id=\"31791f6\" data-element_type=\"widget\" data-widget_type=\"text-editor.default\">\n\t\t\t\t<div class=\"elementor-widget-container\">\n\t\t\t\t\t<div class=\"elementor-text-editor elementor-clearfix\"><p><span style=\"font-weight: 400;\"><strong>El Treball de Processos va dirigit a totes aquelles persones interessades a explorar i aprofundir la relaci\u00f3 amb elles mateixes, amb altres persones, amb el seu entorn i amb el m\u00f3n.<\/strong> Aquesta mirada aporta nous enfocaments recursos a professionals de serveis p\u00fablics, de l\u2019\u00e0mbit social o comunitari, aix\u00ed com a les \u00e0rees de la facilitaci\u00f3 i el desenvolupament organitzacional i personal.<\/span><\/p>\n<p><span style=\"font-weight: 400;\">Pot ser \u00fatil per a qualsevol persona interessada en el treball creatiu i transformador amb grups i temes diversos, aix\u00ed com en la indagaci\u00f3 i el desenvolupament de les habilitats i actituds necess\u00e0ries per a facilitar les complexes experi\u00e8ncies que sorgeixen al m\u00f3n d\u2019avui en dia.<\/span><\/p>\n<\/div>\n\t\t\t\t<\/div>\n\t\t\t\t<\/div>\n\t\t\t\t\t\t<\/div>\n\t\t\t\t\t<\/div>\n\t\t<\/div>\n\t\t\t\t\t\t\t\t<\/div>\n\t\t\t\t\t<\/div>\n\t\t<\/section>\n\t\t\t\t<section class=\"elementor-section elementor-top-section elementor-element elementor-element-eb44cad elementor-section-boxed elementor-section-height-default elementor-section-height-default\" data-id=\"eb44cad\" data-element_type=\"section\">\n\t\t\t\t\t\t<div class=\"elementor-container elementor-column-gap-default\">\n\t\t\t\t\t\t\t<div class=\"elementor-row\">\n\t\t\t\t\t<div class=\"elementor-column elementor-col-100 elementor-top-column elementor-element elementor-element-9428451\" data-id=\"9428451\" data-element_type=\"column\">\n\t\t\t<div class=\"elementor-column-wrap elementor-element-populated\">\n\t\t\t\t\t\t\t<div class=\"elementor-widget-wrap\">\n\t\t\t\t\t\t<div class=\"elementor-element elementor-element-952ddbd elementor-widget elementor-widget-image\" data-id=\"952ddbd\" data-element_type=\"widget\" data-widget_type=\"image.default\">\n\t\t\t\t<div class=\"elementor-widget-container\">\n\t\t\t\t\t<div class=\"elementor-image\">\n\t\t\t\t\t\t\t\t\t\t<img loading=\"lazy\" decoding=\"async\" width=\"1024\" height=\"499\" src=\"https:\/\/www.trabajodeprocesos.net\/wp-content\/uploads\/2019\/12\/metodologia-content-1024x499.jpg\" class=\"attachment-large size-large\" alt=\"\" srcset=\"https:\/\/www.trabajodeprocesos.net\/wp-content\/uploads\/2019\/12\/metodologia-content-1024x499.jpg 1024w, https:\/\/www.trabajodeprocesos.net\/wp-content\/uploads\/2019\/12\/metodologia-content-300x146.jpg 300w, https:\/\/www.trabajodeprocesos.net\/wp-content\/uploads\/2019\/12\/metodologia-content-768x375.jpg 768w, https:\/\/www.trabajodeprocesos.net\/wp-content\/uploads\/2019\/12\/metodologia-content.jpg 1335w\" sizes=\"auto, (max-width: 1024px) 100vw, 1024px\" \/>\t\t\t\t\t\t\t\t\t\t\t<\/div>\n\t\t\t\t<\/div>\n\t\t\t\t<\/div>\n\t\t\t\t\t\t<\/div>\n\t\t\t\t\t<\/div>\n\t\t<\/div>\n\t\t\t\t\t\t\t\t<\/div>\n\t\t\t\t\t<\/div>\n\t\t<\/section>\n\t\t\t\t<section class=\"elementor-section elementor-top-section elementor-element elementor-element-df7de6c elementor-section-narrow_boxed elementor-section-height-default elementor-section-height-default\" data-id=\"df7de6c\" data-element_type=\"section\">\n\t\t\t\t\t\t<div class=\"elementor-container elementor-column-gap-default\">\n\t\t\t\t\t\t\t<div class=\"elementor-row\">\n\t\t\t\t\t<div class=\"elementor-column elementor-col-100 elementor-top-column elementor-element elementor-element-280ed8f\" data-id=\"280ed8f\" data-element_type=\"column\">\n\t\t\t<div class=\"elementor-column-wrap elementor-element-populated\">\n\t\t\t\t\t\t\t<div class=\"elementor-widget-wrap\">\n\t\t\t\t\t\t<div class=\"elementor-element elementor-element-d0e44e4 elementor-widget elementor-widget-text-editor\" data-id=\"d0e44e4\" data-element_type=\"widget\" data-widget_type=\"text-editor.default\">\n\t\t\t\t<div class=\"elementor-widget-container\">\n\t\t\t\t\t<div class=\"elementor-text-editor elementor-clearfix\"><p><span style=\"font-weight: 400;\"><strong>Treball de Processos s\u2019aplica a diferents \u00e0rees per a facilitar la transformaci\u00f3 i el creixement, tant individual com col\u00b7lectiu.<\/strong> Aquests dos nivells estan \u00e0mpliament relacionats entre s\u00ed i mai funcionen de manera a\u00efllada. Per tant, es pot aplicar a qualsevol \u00e0rea de treball, i a diferents llocs del m\u00f3n s\u2019est\u00e0 adaptant i posant en pr\u00e0ctica de maneres molt diverses. <strong>El Treball de Processos et pot servir per a:<\/strong><\/span><\/p>\n<ul>\n<li style=\"font-weight: 400;\"><span style=\"font-weight: 400;\">Iniciar un proc\u00e9s de coneixement personal<\/span><\/li>\n<li style=\"font-weight: 400;\"><span style=\"font-weight: 400;\">Establir relacions m\u00e9s conscients amb les altres persones<\/span><\/li>\n<li style=\"font-weight: 400;\"><span style=\"font-weight: 400;\">Crear grups m\u00e9s dialogants<\/span><\/li>\n<li style=\"font-weight: 400;\"><span style=\"font-weight: 400;\">Difondre una cultura basada en la diversitat i la llibertat<\/span><\/li>\n<li style=\"font-weight: 400;\"><span style=\"font-weight: 400;\">Desenvolupar les teves habilitats i adquirir el coneixement necessari per a treballar amb organitzacions, grups, parelles i persones individuals<\/span><\/li>\n<\/ul>\n<\/div>\n\t\t\t\t<\/div>\n\t\t\t\t<\/div>\n\t\t\t\t\t\t<\/div>\n\t\t\t\t\t<\/div>\n\t\t<\/div>\n\t\t\t\t\t\t\t\t<\/div>\n\t\t\t\t\t<\/div>\n\t\t<\/section>\n\t\t\t\t<section class=\"elementor-section elementor-top-section elementor-element elementor-element-4d1d37b elementor-section-boxed elementor-section-height-default elementor-section-height-default\" data-id=\"4d1d37b\" data-element_type=\"section\" data-settings=\"{&quot;background_background&quot;:&quot;classic&quot;}\">\n\t\t\t\t\t\t<div class=\"elementor-container elementor-column-gap-default\">\n\t\t\t\t\t\t\t<div class=\"elementor-row\">\n\t\t\t\t\t<div class=\"elementor-column elementor-col-100 elementor-top-column elementor-element elementor-element-0005fae\" data-id=\"0005fae\" data-element_type=\"column\">\n\t\t\t<div class=\"elementor-column-wrap elementor-element-populated\">\n\t\t\t\t\t\t\t<div class=\"elementor-widget-wrap\">\n\t\t\t\t\t\t<div class=\"elementor-element elementor-element-230172d elementor-widget elementor-widget-heading\" data-id=\"230172d\" data-element_type=\"widget\" data-widget_type=\"heading.default\">\n\t\t\t\t<div class=\"elementor-widget-container\">\n\t\t\t<h2 class=\"elementor-heading-title elementor-size-default\">\u00c0rees de treball<\/h2>\t\t<\/div>\n\t\t\t\t<\/div>\n\t\t\t\t<section class=\"elementor-section elementor-inner-section elementor-element elementor-element-9e41fa1 elementor-section-boxed elementor-section-height-default elementor-section-height-default\" data-id=\"9e41fa1\" data-element_type=\"section\">\n\t\t\t\t\t\t<div class=\"elementor-container elementor-column-gap-default\">\n\t\t\t\t\t\t\t<div class=\"elementor-row\">\n\t\t\t\t\t<div class=\"elementor-column elementor-col-33 elementor-inner-column elementor-element elementor-element-f8ad168\" data-id=\"f8ad168\" data-element_type=\"column\" data-settings=\"{&quot;background_background&quot;:&quot;classic&quot;}\">\n\t\t\t<div class=\"elementor-column-wrap elementor-element-populated\">\n\t\t\t\t\t\t\t<div class=\"elementor-widget-wrap\">\n\t\t\t\t\t\t<div class=\"elementor-element elementor-element-4e1354d elementor-widget elementor-widget-heading\" data-id=\"4e1354d\" data-element_type=\"widget\" data-widget_type=\"heading.default\">\n\t\t\t\t<div class=\"elementor-widget-container\">\n\t\t\t<h3 class=\"elementor-heading-title elementor-size-default\">Treball interior<\/h3>\t\t<\/div>\n\t\t\t\t<\/div>\n\t\t\t\t<div class=\"elementor-element elementor-element-149d5e2 elementor-widget elementor-widget-text-editor\" data-id=\"149d5e2\" data-element_type=\"widget\" data-widget_type=\"text-editor.default\">\n\t\t\t\t<div class=\"elementor-widget-container\">\n\t\t\t\t\t<div class=\"elementor-text-editor elementor-clearfix\"><p><span style=\"font-weight: 400;\">El treball interior (Inner Work) \u00e9s una pr\u00e0ctica din\u00e0mica d<\/span><b>\u2019atenci\u00f3 plena<\/b> <span style=\"font-weight: 400;\">que ens ajuda a connectar-nos profundament amb els processos creatius que ens mouen.<\/span><\/p>\n<p><strong><a href=\"http:\/\/www.trabajodeprocesos.net\/es\/metodologia\/trabajo-interior\/\">Llegir m\u00e9s<\/a><\/strong><\/p>\n<\/div>\n\t\t\t\t<\/div>\n\t\t\t\t<\/div>\n\t\t\t\t\t\t<\/div>\n\t\t\t\t\t<\/div>\n\t\t<\/div>\n\t\t\t\t<div class=\"elementor-column elementor-col-33 elementor-inner-column elementor-element elementor-element-110b1df\" data-id=\"110b1df\" data-element_type=\"column\" data-settings=\"{&quot;background_background&quot;:&quot;classic&quot;}\">\n\t\t\t<div class=\"elementor-column-wrap elementor-element-populated\">\n\t\t\t\t\t\t\t<div class=\"elementor-widget-wrap\">\n\t\t\t\t\t\t<div class=\"elementor-element elementor-element-f3367ff elementor-widget elementor-widget-heading\" data-id=\"f3367ff\" data-element_type=\"widget\" data-widget_type=\"heading.default\">\n\t\t\t\t<div class=\"elementor-widget-container\">\n\t\t\t<h3 class=\"elementor-heading-title elementor-size-default\">Treball individual<\/h3>\t\t<\/div>\n\t\t\t\t<\/div>\n\t\t\t\t<div class=\"elementor-element elementor-element-563a223 elementor-widget elementor-widget-text-editor\" data-id=\"563a223\" data-element_type=\"widget\" data-widget_type=\"text-editor.default\">\n\t\t\t\t<div class=\"elementor-widget-container\">\n\t\t\t\t\t<div class=\"elementor-text-editor elementor-clearfix\"><p><span style=\"font-weight: 400;\">Les sessions individuals (el que es sol anomenar \u00abter\u00e0pia\u00bb) proporcionen un espai i un temps per a aprofundir en la nostra pr\u00f2pia consci\u00e8ncia i habilitat per a involucrar-nos creativament<\/span><\/p>\n<p><a href=\"http:\/\/www.trabajodeprocesos.net\/es\/metodologia\/trabajo-individual\/\"><strong>Llegir m\u00e9s<\/strong><\/a><\/p>\n<\/div>\n\t\t\t\t<\/div>\n\t\t\t\t<\/div>\n\t\t\t\t\t\t<\/div>\n\t\t\t\t\t<\/div>\n\t\t<\/div>\n\t\t\t\t<div class=\"elementor-column elementor-col-33 elementor-inner-column elementor-element elementor-element-acf3fb9\" data-id=\"acf3fb9\" data-element_type=\"column\" data-settings=\"{&quot;background_background&quot;:&quot;classic&quot;}\">\n\t\t\t<div class=\"elementor-column-wrap elementor-element-populated\">\n\t\t\t\t\t\t\t<div class=\"elementor-widget-wrap\">\n\t\t\t\t\t\t<div class=\"elementor-element elementor-element-57068eb elementor-widget elementor-widget-heading\" data-id=\"57068eb\" data-element_type=\"widget\" data-widget_type=\"heading.default\">\n\t\t\t\t<div class=\"elementor-widget-container\">\n\t\t\t<h3 class=\"elementor-heading-title elementor-size-default\">Treball amb relacions<\/h3>\t\t<\/div>\n\t\t\t\t<\/div>\n\t\t\t\t<div class=\"elementor-element elementor-element-5d01745 elementor-widget elementor-widget-text-editor\" data-id=\"5d01745\" data-element_type=\"widget\" data-widget_type=\"text-editor.default\">\n\t\t\t\t<div class=\"elementor-widget-container\">\n\t\t\t\t\t<div class=\"elementor-text-editor elementor-clearfix\"><p><span style=\"font-weight: 400;\">El treball relacional \u00e9s una oportunitat per a descobrir i aprofundir en els<\/span> <b>patrons creatius emergents<\/b> <span style=\"font-weight: 400;\">que sorgeixen de la interacci\u00f3 entre dues o m\u00e9s persones<\/span><\/p>\n<p><a href=\"http:\/\/www.trabajodeprocesos.net\/es\/metodologia\/trabajo-con-relaciones\/\"><strong>Llegir m\u00e9s<\/strong><\/a><\/p>\n<\/div>\n\t\t\t\t<\/div>\n\t\t\t\t<\/div>\n\t\t\t\t\t\t<\/div>\n\t\t\t\t\t<\/div>\n\t\t<\/div>\n\t\t\t\t\t\t\t\t<\/div>\n\t\t\t\t\t<\/div>\n\t\t<\/section>\n\t\t\t\t<section class=\"elementor-section elementor-inner-section elementor-element elementor-element-cbcf92f elementor-section-boxed elementor-section-height-default elementor-section-height-default\" data-id=\"cbcf92f\" data-element_type=\"section\">\n\t\t\t\t\t\t<div class=\"elementor-container elementor-column-gap-default\">\n\t\t\t\t\t\t\t<div class=\"elementor-row\">\n\t\t\t\t\t<div class=\"elementor-column elementor-col-33 elementor-inner-column elementor-element elementor-element-54f86c6\" data-id=\"54f86c6\" data-element_type=\"column\" data-settings=\"{&quot;background_background&quot;:&quot;classic&quot;}\">\n\t\t\t<div class=\"elementor-column-wrap elementor-element-populated\">\n\t\t\t\t\t\t\t<div class=\"elementor-widget-wrap\">\n\t\t\t\t\t\t<div class=\"elementor-element elementor-element-5bc1178 elementor-widget elementor-widget-heading\" data-id=\"5bc1178\" data-element_type=\"widget\" data-widget_type=\"heading.default\">\n\t\t\t\t<div class=\"elementor-widget-container\">\n\t\t\t<h3 class=\"elementor-heading-title elementor-size-default\">Grups, WorldWork i F\u00f2rums Oberts<\/h3>\t\t<\/div>\n\t\t\t\t<\/div>\n\t\t\t\t<div class=\"elementor-element elementor-element-138c523 elementor-widget elementor-widget-text-editor\" data-id=\"138c523\" data-element_type=\"widget\" data-widget_type=\"text-editor.default\">\n\t\t\t\t<div class=\"elementor-widget-container\">\n\t\t\t\t\t<div class=\"elementor-text-editor elementor-clearfix\"><p><span style=\"font-weight: 400;\">El <\/span><b>Treball Global<\/b><span style=\"font-weight: 400;\"> \u00e9s l\u2019aplicaci\u00f3 del Treball de Processos a grups i organitzacions. Es basa en el principi de <\/span><b>democr\u00e0cia profunda<\/b><\/p>\n<p><a href=\"http:\/\/www.trabajodeprocesos.net\/es\/metodologia\/grupos-worldwork-y-foros-abiertos\/\"><strong>Llegir m\u00e9s<\/strong><\/a><\/p>\n<\/div>\n\t\t\t\t<\/div>\n\t\t\t\t<\/div>\n\t\t\t\t\t\t<\/div>\n\t\t\t\t\t<\/div>\n\t\t<\/div>\n\t\t\t\t<div class=\"elementor-column elementor-col-33 elementor-inner-column elementor-element elementor-element-9e3f47a\" data-id=\"9e3f47a\" data-element_type=\"column\" data-settings=\"{&quot;background_background&quot;:&quot;classic&quot;}\">\n\t\t\t<div class=\"elementor-column-wrap elementor-element-populated\">\n\t\t\t\t\t\t\t<div class=\"elementor-widget-wrap\">\n\t\t\t\t\t\t<div class=\"elementor-element elementor-element-0686e91 elementor-widget elementor-widget-heading\" data-id=\"0686e91\" data-element_type=\"widget\" data-widget_type=\"heading.default\">\n\t\t\t\t<div class=\"elementor-widget-container\">\n\t\t\t<h3 class=\"elementor-heading-title elementor-size-default\">Estats alterats de consci\u00e8ncia<\/h3>\t\t<\/div>\n\t\t\t\t<\/div>\n\t\t\t\t<div class=\"elementor-element elementor-element-a0375a7 elementor-widget elementor-widget-text-editor\" data-id=\"a0375a7\" data-element_type=\"widget\" data-widget_type=\"text-editor.default\">\n\t\t\t\t<div class=\"elementor-widget-container\">\n\t\t\t\t\t<div class=\"elementor-text-editor elementor-clearfix\"><p><span style=\"font-weight: 400;\">El Treball de Processos ofereix un<\/span> <b>model no patologitzador<\/b><span style=\"font-weight: 400;\"> per a entendre i treballar amb tot el rang d\u2019experi\u00e8ncies humanes. Existeix un continu que uneix els estats ordinaris de consci\u00e8ncia<\/span><\/p>\n<p><a href=\"http:\/\/www.trabajodeprocesos.net\/es\/metodologia\/estados-de-conciencia-alterados\/\"><strong>Llegir m\u00e9s<\/strong><\/a><\/p>\n<\/div>\n\t\t\t\t<\/div>\n\t\t\t\t<\/div>\n\t\t\t\t\t\t<\/div>\n\t\t\t\t\t<\/div>\n\t\t<\/div>\n\t\t\t\t<div class=\"elementor-column elementor-col-33 elementor-inner-column elementor-element elementor-element-a1335cd\" data-id=\"a1335cd\" data-element_type=\"column\">\n\t\t\t<div class=\"elementor-column-wrap\">\n\t\t\t\t\t\t\t<div class=\"elementor-widget-wrap\">\n\t\t\t\t\t\t\t\t<\/div>\n\t\t\t\t\t<\/div>\n\t\t<\/div>\n\t\t\t\t\t\t\t\t<\/div>\n\t\t\t\t\t<\/div>\n\t\t<\/section>\n\t\t\t\t\t\t<\/div>\n\t\t\t\t\t<\/div>\n\t\t<\/div>\n\t\t\t\t\t\t\t\t<\/div>\n\t\t\t\t\t<\/div>\n\t\t<\/section>\n\t\t\t\t\t\t<\/div>\n\t\t\t\t\t\t<\/div>\n\t\t\t\t\t<\/div>\n\t\t","protected":false},"excerpt":{"rendered":"<p>El Treball de Processos va dirigit a totes aquelles persones interessades a explorar i aprofundir la relaci\u00f3 amb elles mateixes, amb altres persones, amb el seu entorn i amb el m\u00f3n. Aquesta mirada aporta nous enfocaments recursos a professionals de serveis p\u00fablics, de l\u2019\u00e0mbit social o comunitari, aix\u00ed com a les \u00e0rees de la facilitaci\u00f3 [&hellip;]<\/p>\n","protected":false},"author":6,"featured_media":512,"parent":0,"menu_order":0,"comment_status":"closed","ping_status":"closed","template":"","meta":{"footnotes":""},"class_list":["post-978","page","type-page","status-publish","has-post-thumbnail","hentry"],"yoast_head":"<!-- This site is optimized with the Yoast SEO plugin v15.4 - https:\/\/yoast.com\/wordpress\/plugins\/seo\/ -->\n<title>Treball de Processos - Trabajo de Procesos<\/title>\n<meta name=\"robots\" content=\"index, follow, max-snippet:-1, max-image-preview:large, max-video-preview:-1\" \/>\n<link rel=\"canonical\" href=\"https:\/\/www.trabajodeprocesos.net\/ca\/treball-de-processos\/\" \/>\n<meta property=\"og:locale\" content=\"ca_ES\" \/>\n<meta property=\"og:type\" content=\"article\" \/>\n<meta property=\"og:title\" content=\"Treball de Processos - Trabajo de Procesos\" \/>\n<meta property=\"og:description\" content=\"El Treball de Processos va dirigit a totes aquelles persones interessades a explorar i aprofundir la relaci\u00f3 amb elles mateixes, amb altres persones, amb el seu entorn i amb el m\u00f3n. Aquesta mirada aporta nous enfocaments recursos a professionals de serveis p\u00fablics, de l\u2019\u00e0mbit social o comunitari, aix\u00ed com a les \u00e0rees de la facilitaci\u00f3 [&hellip;]\" \/>\n<meta property=\"og:url\" content=\"https:\/\/www.trabajodeprocesos.net\/ca\/treball-de-processos\/\" \/>\n<meta property=\"og:site_name\" content=\"Trabajo de Procesos\" \/>\n<meta property=\"article:modified_time\" content=\"2020-10-23T07:40:33+00:00\" \/>\n<meta property=\"og:image\" content=\"https:\/\/www.trabajodeprocesos.net\/wp-content\/uploads\/2019\/12\/photo-1541701494587-cb58502866ab.jpg\" \/>\n\t<meta property=\"og:image:width\" content=\"1950\" \/>\n\t<meta property=\"og:image:height\" content=\"1300\" \/>\n<meta name=\"twitter:card\" content=\"summary_large_image\" \/>\n<meta name=\"twitter:label1\" content=\"Escrit per\">\n\t<meta name=\"twitter:data1\" content=\"Admin\">\n\t<meta name=\"twitter:label2\" content=\"Temps estimat de lectura\">\n\t<meta name=\"twitter:data2\" content=\"2 minuts\">\n<script type=\"application\/ld+json\" class=\"yoast-schema-graph\">{\"@context\":\"https:\/\/schema.org\",\"@graph\":[{\"@type\":\"WebSite\",\"@id\":\"https:\/\/www.trabajodeprocesos.net\/ca\/#website\",\"url\":\"https:\/\/www.trabajodeprocesos.net\/ca\/\",\"name\":\"Trabajo de Procesos\",\"description\":\"\",\"potentialAction\":[{\"@type\":\"SearchAction\",\"target\":\"https:\/\/www.trabajodeprocesos.net\/ca\/?s={search_term_string}\",\"query-input\":\"required name=search_term_string\"}],\"inLanguage\":\"ca\"},{\"@type\":\"ImageObject\",\"@id\":\"https:\/\/www.trabajodeprocesos.net\/ca\/treball-de-processos\/#primaryimage\",\"inLanguage\":\"ca\",\"url\":\"https:\/\/www.trabajodeprocesos.net\/wp-content\/uploads\/2019\/12\/photo-1541701494587-cb58502866ab.jpg\",\"width\":1950,\"height\":1300},{\"@type\":\"WebPage\",\"@id\":\"https:\/\/www.trabajodeprocesos.net\/ca\/treball-de-processos\/#webpage\",\"url\":\"https:\/\/www.trabajodeprocesos.net\/ca\/treball-de-processos\/\",\"name\":\"Treball de Processos - Trabajo de Procesos\",\"isPartOf\":{\"@id\":\"https:\/\/www.trabajodeprocesos.net\/ca\/#website\"},\"primaryImageOfPage\":{\"@id\":\"https:\/\/www.trabajodeprocesos.net\/ca\/treball-de-processos\/#primaryimage\"},\"datePublished\":\"2020-06-19T11:33:35+00:00\",\"dateModified\":\"2020-10-23T07:40:33+00:00\",\"inLanguage\":\"ca\",\"potentialAction\":[{\"@type\":\"ReadAction\",\"target\":[\"https:\/\/www.trabajodeprocesos.net\/ca\/treball-de-processos\/\"]}]}]}<\/script>\n<!-- \/ Yoast SEO plugin. -->","_links":{"self":[{"href":"https:\/\/www.trabajodeprocesos.net\/ca\/wp-json\/wp\/v2\/pages\/978","targetHints":{"allow":["GET"]}}],"collection":[{"href":"https:\/\/www.trabajodeprocesos.net\/ca\/wp-json\/wp\/v2\/pages"}],"about":[{"href":"https:\/\/www.trabajodeprocesos.net\/ca\/wp-json\/wp\/v2\/types\/page"}],"author":[{"embeddable":true,"href":"https:\/\/www.trabajodeprocesos.net\/ca\/wp-json\/wp\/v2\/users\/6"}],"replies":[{"embeddable":true,"href":"https:\/\/www.trabajodeprocesos.net\/ca\/wp-json\/wp\/v2\/comments?post=978"}],"version-history":[{"count":11,"href":"https:\/\/www.trabajodeprocesos.net\/ca\/wp-json\/wp\/v2\/pages\/978\/revisions"}],"predecessor-version":[{"id":7202,"href":"https:\/\/www.trabajodeprocesos.net\/ca\/wp-json\/wp\/v2\/pages\/978\/revisions\/7202"}],"wp:featuredmedia":[{"embeddable":true,"href":"https:\/\/www.trabajodeprocesos.net\/ca\/wp-json\/wp\/v2\/media\/512"}],"wp:attachment":[{"href":"https:\/\/www.trabajodeprocesos.net\/ca\/wp-json\/wp\/v2\/media?parent=978"}],"curies":[{"name":"wp","href":"https:\/\/api.w.org\/{rel}","templated":true}]}}