{"id":7445,"date":"2020-11-05T16:35:04","date_gmt":"2020-11-05T14:35:04","guid":{"rendered":"http:\/\/www.trabajodeprocesos.net\/?page_id=7445"},"modified":"2020-11-05T16:35:28","modified_gmt":"2020-11-05T14:35:28","slug":"neus-andreu","status":"publish","type":"page","link":"https:\/\/www.trabajodeprocesos.net\/ca\/professorat\/neus-andreu\/","title":{"rendered":"Neus Andreu"},"content":{"rendered":"\t\t<div data-elementor-type=\"wp-page\" data-elementor-id=\"7445\" class=\"elementor elementor-7445 elementor-7434\" data-elementor-settings=\"[]\">\n\t\t\t\t\t\t<div class=\"elementor-inner\">\n\t\t\t\t\t\t\t<div class=\"elementor-section-wrap\">\n\t\t\t\t\t\t\t<section class=\"elementor-section elementor-top-section elementor-element elementor-element-af044f4 elementor-section-boxed elementor-section-height-default elementor-section-height-default\" data-id=\"af044f4\" data-element_type=\"section\">\n\t\t\t\t\t\t<div class=\"elementor-container elementor-column-gap-default\">\n\t\t\t\t\t\t\t<div class=\"elementor-row\">\n\t\t\t\t\t<div class=\"elementor-column elementor-col-100 elementor-top-column elementor-element elementor-element-6201278\" data-id=\"6201278\" data-element_type=\"column\">\n\t\t\t<div class=\"elementor-column-wrap elementor-element-populated\">\n\t\t\t\t\t\t\t<div class=\"elementor-widget-wrap\">\n\t\t\t\t\t\t<div class=\"elementor-element elementor-element-e43f225 elementor-widget elementor-widget-image\" data-id=\"e43f225\" data-element_type=\"widget\" data-widget_type=\"image.default\">\n\t\t\t\t<div class=\"elementor-widget-container\">\n\t\t\t\t\t<div class=\"elementor-image\">\n\t\t\t\t\t\t\t\t\t\t<img loading=\"lazy\" decoding=\"async\" width=\"204\" height=\"204\" src=\"https:\/\/www.trabajodeprocesos.net\/wp-content\/uploads\/2019\/12\/neus-andreu.png\" class=\"attachment-medium size-medium\" alt=\"\" srcset=\"https:\/\/www.trabajodeprocesos.net\/wp-content\/uploads\/2019\/12\/neus-andreu.png 204w, https:\/\/www.trabajodeprocesos.net\/wp-content\/uploads\/2019\/12\/neus-andreu-150x150.png 150w\" sizes=\"auto, (max-width: 204px) 100vw, 204px\" \/>\t\t\t\t\t\t\t\t\t\t\t<\/div>\n\t\t\t\t<\/div>\n\t\t\t\t<\/div>\n\t\t\t\t\t\t<\/div>\n\t\t\t\t\t<\/div>\n\t\t<\/div>\n\t\t\t\t\t\t\t\t<\/div>\n\t\t\t\t\t<\/div>\n\t\t<\/section>\n\t\t\t\t<section class=\"elementor-section elementor-top-section elementor-element elementor-element-4bf2b3d elementor-section-narrow_boxed elementor-section-height-default elementor-section-height-default\" data-id=\"4bf2b3d\" data-element_type=\"section\">\n\t\t\t\t\t\t<div class=\"elementor-container elementor-column-gap-default\">\n\t\t\t\t\t\t\t<div class=\"elementor-row\">\n\t\t\t\t\t<div class=\"elementor-column elementor-col-100 elementor-top-column elementor-element elementor-element-814f071\" data-id=\"814f071\" data-element_type=\"column\">\n\t\t\t<div class=\"elementor-column-wrap elementor-element-populated\">\n\t\t\t\t\t\t\t<div class=\"elementor-widget-wrap\">\n\t\t\t\t\t\t<div class=\"elementor-element elementor-element-ba7daee elementor-widget__width-inherit elementor-widget elementor-widget-text-editor\" data-id=\"ba7daee\" data-element_type=\"widget\" data-widget_type=\"text-editor.default\">\n\t\t\t\t<div class=\"elementor-widget-container\">\n\t\t\t\t\t<div class=\"elementor-text-editor elementor-clearfix\"><p>Neus Andreu Monsech, \u00e9s facilitadora de grups, formadora i consultora organitzacional, tamb\u00e9 acompanya persones i parelles en el seu cam\u00ed. La seva passi\u00f3 \u00e9s donar suport a organitzacions, comunitats, grups i persones en moments de canvi o crisi. \u00c9s diplomada en Treball de Processos pel <a href=\"http:\/\/processworkuk.org\">Processworkuk.org<\/a>.<\/p><\/div>\n\t\t\t\t<\/div>\n\t\t\t\t<\/div>\n\t\t\t\t\t\t<\/div>\n\t\t\t\t\t<\/div>\n\t\t<\/div>\n\t\t\t\t\t\t\t\t<\/div>\n\t\t\t\t\t<\/div>\n\t\t<\/section>\n\t\t\t\t\t\t<\/div>\n\t\t\t\t\t\t<\/div>\n\t\t\t\t\t<\/div>\n\t\t","protected":false},"excerpt":{"rendered":"<p>Neus Andreu Monsech, \u00e9s facilitadora de grups, formadora i consultora organitzacional, tamb\u00e9 acompanya persones i parelles en el seu cam\u00ed. La seva passi\u00f3 \u00e9s donar suport a organitzacions, comunitats, grups i persones en moments de canvi o crisi. \u00c9s diplomada en Treball de Processos pel Processworkuk.org.<\/p>\n","protected":false},"author":2,"featured_media":0,"parent":928,"menu_order":0,"comment_status":"closed","ping_status":"closed","template":"","meta":{"footnotes":""},"class_list":["post-7445","page","type-page","status-publish","hentry"],"yoast_head":"<!-- This site is optimized with the Yoast SEO plugin v15.4 - https:\/\/yoast.com\/wordpress\/plugins\/seo\/ -->\n<title>Neus Andreu - Trabajo de Procesos<\/title>\n<meta name=\"robots\" content=\"index, follow, max-snippet:-1, max-image-preview:large, max-video-preview:-1\" \/>\n<link rel=\"canonical\" href=\"https:\/\/www.trabajodeprocesos.net\/ca\/professorat\/neus-andreu\/\" \/>\n<meta property=\"og:locale\" content=\"ca_ES\" \/>\n<meta property=\"og:type\" content=\"article\" \/>\n<meta property=\"og:title\" content=\"Neus Andreu - Trabajo de Procesos\" \/>\n<meta property=\"og:description\" content=\"Neus Andreu Monsech, \u00e9s facilitadora de grups, formadora i consultora organitzacional, tamb\u00e9 acompanya persones i parelles en el seu cam\u00ed. La seva passi\u00f3 \u00e9s donar suport a organitzacions, comunitats, grups i persones en moments de canvi o crisi. \u00c9s diplomada en Treball de Processos pel Processworkuk.org.\" \/>\n<meta property=\"og:url\" content=\"https:\/\/www.trabajodeprocesos.net\/ca\/professorat\/neus-andreu\/\" \/>\n<meta property=\"og:site_name\" content=\"Trabajo de Procesos\" \/>\n<meta property=\"article:modified_time\" content=\"2020-11-05T14:35:28+00:00\" \/>\n<meta property=\"og:image\" content=\"http:\/\/www.trabajodeprocesos.net\/wp-content\/uploads\/2019\/12\/neus-andreu.png\" \/>\n<meta name=\"twitter:card\" content=\"summary_large_image\" \/>\n<meta name=\"twitter:label1\" content=\"Escrit per\">\n\t<meta name=\"twitter:data1\" content=\"Whads Media Studios\">\n\t<meta name=\"twitter:label2\" content=\"Temps estimat de lectura\">\n\t<meta name=\"twitter:data2\" content=\"0 minuts\">\n<script type=\"application\/ld+json\" class=\"yoast-schema-graph\">{\"@context\":\"https:\/\/schema.org\",\"@graph\":[{\"@type\":\"WebSite\",\"@id\":\"https:\/\/www.trabajodeprocesos.net\/ca\/#website\",\"url\":\"https:\/\/www.trabajodeprocesos.net\/ca\/\",\"name\":\"Trabajo de Procesos\",\"description\":\"\",\"potentialAction\":[{\"@type\":\"SearchAction\",\"target\":\"https:\/\/www.trabajodeprocesos.net\/ca\/?s={search_term_string}\",\"query-input\":\"required name=search_term_string\"}],\"inLanguage\":\"ca\"},{\"@type\":\"ImageObject\",\"@id\":\"https:\/\/www.trabajodeprocesos.net\/ca\/professorat\/neus-andreu\/#primaryimage\",\"inLanguage\":\"ca\",\"url\":\"http:\/\/www.trabajodeprocesos.net\/wp-content\/uploads\/2019\/12\/neus-andreu.png\"},{\"@type\":\"WebPage\",\"@id\":\"https:\/\/www.trabajodeprocesos.net\/ca\/professorat\/neus-andreu\/#webpage\",\"url\":\"https:\/\/www.trabajodeprocesos.net\/ca\/professorat\/neus-andreu\/\",\"name\":\"Neus Andreu - Trabajo de Procesos\",\"isPartOf\":{\"@id\":\"https:\/\/www.trabajodeprocesos.net\/ca\/#website\"},\"primaryImageOfPage\":{\"@id\":\"https:\/\/www.trabajodeprocesos.net\/ca\/professorat\/neus-andreu\/#primaryimage\"},\"datePublished\":\"2020-11-05T14:35:04+00:00\",\"dateModified\":\"2020-11-05T14:35:28+00:00\",\"inLanguage\":\"ca\",\"potentialAction\":[{\"@type\":\"ReadAction\",\"target\":[\"https:\/\/www.trabajodeprocesos.net\/ca\/professorat\/neus-andreu\/\"]}]}]}<\/script>\n<!-- \/ Yoast SEO plugin. -->","_links":{"self":[{"href":"https:\/\/www.trabajodeprocesos.net\/ca\/wp-json\/wp\/v2\/pages\/7445","targetHints":{"allow":["GET"]}}],"collection":[{"href":"https:\/\/www.trabajodeprocesos.net\/ca\/wp-json\/wp\/v2\/pages"}],"about":[{"href":"https:\/\/www.trabajodeprocesos.net\/ca\/wp-json\/wp\/v2\/types\/page"}],"author":[{"embeddable":true,"href":"https:\/\/www.trabajodeprocesos.net\/ca\/wp-json\/wp\/v2\/users\/2"}],"replies":[{"embeddable":true,"href":"https:\/\/www.trabajodeprocesos.net\/ca\/wp-json\/wp\/v2\/comments?post=7445"}],"version-history":[{"count":2,"href":"https:\/\/www.trabajodeprocesos.net\/ca\/wp-json\/wp\/v2\/pages\/7445\/revisions"}],"predecessor-version":[{"id":7451,"href":"https:\/\/www.trabajodeprocesos.net\/ca\/wp-json\/wp\/v2\/pages\/7445\/revisions\/7451"}],"up":[{"embeddable":true,"href":"https:\/\/www.trabajodeprocesos.net\/ca\/wp-json\/wp\/v2\/pages\/928"}],"wp:attachment":[{"href":"https:\/\/www.trabajodeprocesos.net\/ca\/wp-json\/wp\/v2\/media?parent=7445"}],"curies":[{"name":"wp","href":"https:\/\/api.w.org\/{rel}","templated":true}]}}