{"id":22963,"date":"2025-08-26T10:05:41","date_gmt":"2025-08-26T08:05:41","guid":{"rendered":"https:\/\/www.trabajodeprocesos.net\/inscripcion-ano-base-mallorca-2026\/"},"modified":"2025-10-01T11:27:24","modified_gmt":"2025-10-01T09:27:24","slug":"inscripcion-ano-base-mallorca-2026","status":"publish","type":"page","link":"https:\/\/www.trabajodeprocesos.net\/ca\/inscripcion-ano-base-mallorca-2026\/","title":{"rendered":"Pre-Inscripi\u00f3 Any Base  Mallorca 2026"},"content":{"rendered":"\n<p class=\"has-text-align-center has-medium-font-size\">Et suggerim que llegeixis atentament la informaci\u00f3 seg\u00fcent abans de procedir a la preinscripci\u00f3.<\/p>\n\n\n\n<p class=\"has-text-align-center has-medium-font-size\"><\/p>\n\n\n\n<figure class=\"wp-block-image size-large\"><img loading=\"lazy\" decoding=\"async\" width=\"1024\" height=\"576\" src=\"http:\/\/www.trabajodeprocesos.net\/wp-content\/uploads\/2025\/07\/12-de-julio-18.00-a-19.30hs-PRESENTACION-ONLINE-3-1024x576.png\" alt=\"\" class=\"wp-image-22826\" srcset=\"https:\/\/www.trabajodeprocesos.net\/wp-content\/uploads\/2025\/07\/12-de-julio-18.00-a-19.30hs-PRESENTACION-ONLINE-3-1024x576.png 1024w, https:\/\/www.trabajodeprocesos.net\/wp-content\/uploads\/2025\/07\/12-de-julio-18.00-a-19.30hs-PRESENTACION-ONLINE-3-300x169.png 300w, https:\/\/www.trabajodeprocesos.net\/wp-content\/uploads\/2025\/07\/12-de-julio-18.00-a-19.30hs-PRESENTACION-ONLINE-3-768x432.png 768w, https:\/\/www.trabajodeprocesos.net\/wp-content\/uploads\/2025\/07\/12-de-julio-18.00-a-19.30hs-PRESENTACION-ONLINE-3-1536x864.png 1536w, https:\/\/www.trabajodeprocesos.net\/wp-content\/uploads\/2025\/07\/12-de-julio-18.00-a-19.30hs-PRESENTACION-ONLINE-3.png 1920w\" sizes=\"auto, (max-width: 1024px) 100vw, 1024px\" \/><\/figure>\n\n\n\n<hr class=\"wp-block-separator has-alpha-channel-opacity is-style-dots\"\/>\n\n\n\n<p><\/p>\n\n\n\n<p><strong>PROGRAMA<\/strong><\/p>\n\n\n\n<p><strong>M\u00f2dul 1.<\/strong>\u2013 Introducci\u00f3 al TP \u2013 Sara i Gill \u2013 27 febrer \u2013 1 mar\u00e7<br><strong>M\u00f2dul 2.<\/strong>\u2013 Diversitat, Poder i Inclusi\u00f3 \u2013 Sara i C\u00e9sar \u2013 24-26 abril<br><strong>M\u00f2dul 3.<\/strong>\u2013 Relacions i Comunicaci\u00f3 \u2013 Sara i Eva \u2013 15-17 maig<br><strong>M\u00f2dul 4.<\/strong>\u2013 Facilitaci\u00f3: Polaritzaci\u00f3, Diversitat i Poder \u2013 Sara i Sergi \u2013 11-13 setembre<br><strong>M\u00f2dul 5.<\/strong>\u2013 Processos de Grup, Rols i Facilitaci\u00f3 en diferents contextos \u2013 Sara i B\u00e0rbara \u2013 2-4 octubre<br><strong>M\u00f2dul 6.<\/strong>\u2013 Facilitaci\u00f3 de processos intensos quan apareix el Trauma intergeneracional \u2013 Sara i Boris \u2013 13-15 novembre<\/p>\n\n\n\n<p><\/p>\n\n\n\n<p>HORARIS*<\/p>\n\n\n\n<p><strong>Divendres de 16 a 19 h<\/strong><br><strong>Dissabte de 10 a 14 h i de 15.30 a 18 h<\/strong><br><strong>Diumenge de 10 a 14 h<\/strong><\/p>\n\n\n\n<p>*els horaris poden estar subjectes a modificacions per part de l&#8217;Escola.<\/p>\n\n\n\n<hr class=\"wp-block-separator has-alpha-channel-opacity is-style-dots\"\/>\n\n\n\n<pre class=\"wp-block-preformatted\">Si vols rebre el dossier, pots sol\u00b7licitar-ho escrivint-nos a info@trabajodeprocesos.net<\/pre>\n\n\n\n<hr class=\"wp-block-separator has-alpha-channel-opacity is-style-dots\"\/>\n\n\n\n<p><\/p>\n\n\n\n<p><\/p>\n\n\n\n<p class=\"has-medium-font-size\" style=\"font-style:normal;font-weight:800\"><strong>PREGUNTES FREQ\u00dcENTS SOBRE LA PREINSCRIPCI\u00d3:<\/strong><\/p>\n\n\n\n<p><\/p>\n\n\n\n<hr class=\"wp-block-separator has-alpha-channel-opacity is-style-dots\"\/>\n\n\n\n<p><strong>1- Quina opci\u00f3 selecciono a la casella &#8220;Alumne registrat al centre&#8221;?<\/strong><\/p>\n\n\n\n<p>A l&#8217;apartat &#8220;Dades de l&#8217;alumne&#8221; se&#8217;t demanar\u00e0 que emplenis amb les teves dades personals. Si no heu realitzat abans formacions a L&#8217;Escola de Treball de Processos, llavors NO EST\u00c0S REGISTRADA al centre. Seleccioneu l&#8217;opci\u00f3 &#8220;NO&#8221; per donar-vos d&#8217;alta i deixar les vostres dades.<\/p>\n\n\n\n<p><\/p>\n\n\n\n<hr class=\"wp-block-separator has-alpha-channel-opacity is-style-dots\"\/>\n\n\n\n<p><strong>2- Quin comprovant de pagament he d&#8217;adjuntar?<\/strong><\/p>\n\n\n\n<p>En primer lloc, has de tenir en clar quina opci\u00f3 de pagament vols triar. Les opcions de pagament s\u00f3n:<\/p>\n\n\n\n<ol class=\"wp-block-list\">\n<li>Un \u00fanic pagament pel total del servei contractat per transfer\u00e8ncia. (\u20ac1640)<\/li>\n\n\n\n<li>Pagament de matr\u00edcula en el moment de la preinscripci\u00f3 (\u20ac410) + cobrament en 2 terminis: el pagament es realitzar\u00e0 en 2 terminis, el primer en el mes de la seva contractaci\u00f3 i el segon als 6 mesos. (2 pagaments de \u20ac615)<\/li>\n\n\n\n<li>Pagament de matr\u00edcula en el moment de la preinscripci\u00f3 (\u20ac410) + cobrament en 3 terminis: el pagament es realitzar\u00e0 en 3 terminis, el primer en el mes de la seva contractaci\u00f3 i la resta cada 3 mesos. (3 pagaments de \u20ac410)<\/li>\n\n\n\n<li>Pagament de matr\u00edcula en el moment de la preinscripci\u00f3 (\u20ac410) + cobrament en 6 terminis: el pagament es realitzar\u00e0 en 6 terminis, el primer en el mes de la seva contractaci\u00f3 i la resta cada mes. (6 pagaments de \u20ac205)<\/li>\n\n\n\n<li>Pagament de matr\u00edcula en el moment de la preinscripci\u00f3 (\u20ac410) + cobrament en 9 terminis: el pagament es realitzar\u00e0 en 9 terminis, el primer en el mes de la seva contractaci\u00f3 i la resta cada mes. (l\u2019import aproximat per pagament ser\u00e0 de \u20ac137, ajustant-se a l\u2019arrodoniment)<\/li>\n\n\n\n<li>Pagament de matr\u00edcula en el moment de la preinscripci\u00f3 (\u20ac410) + cobrament en 10 terminis: el pagament es realitzar\u00e0 en 10 terminis, el primer en el mes de la seva contractaci\u00f3 i la resta cada mes. (10 pagaments de \u20ac123)<\/li>\n<\/ol>\n\n\n\n<p><\/p>\n\n\n\n<p>Un cop tinguis clar l\u2019opci\u00f3 de pagament que escollir\u00e0s, en el formulari de preinscripci\u00f3 se\u2019t demanar\u00e0 que adjuntis el comprovant de pagament de la seg\u00fcent manera:<\/p>\n\n\n\n<p><strong>Exemple 1:<\/strong> si tries l\u2019opci\u00f3 d\u2019\u00fanic pagament, adjuntar\u00e0s el comprovant del total de la transfer\u00e8ncia (\u20ac1640).<\/p>\n\n\n\n<p><strong>Exemple 2:<\/strong> si qualsevol altra opci\u00f3 de pagaments en terminis,, adjuntar\u00e0s el comprovant de la transfer\u00e8ncia de la matr\u00edcula (\u20ac410) i en una altra casella se\u2019t demanar\u00e0 que adjuntis el document d\u2019\u201cAutoritzaci\u00f3 de domiciliaci\u00f3 banc\u00e0ria\u201d emplenada y signada per tu.<\/p>\n\n\n\n<p><\/p>\n\n\n\n<p>Per realitzar la transfer\u00e8ncia, l\u2019has de fer al nostre compte:<\/p>\n\n\n\n<p><strong>IBAN<\/strong> ES87 3025 0011 7114 0009 4123<br><strong>Caixa d\u2019Enginyers Banca Cooperativa<\/strong><\/p>\n\n\n\n<p><\/p>\n\n\n\n<hr class=\"wp-block-separator has-alpha-channel-opacity is-style-dots\"\/>\n\n\n\n<p><strong>3- On descarrego el document per a l&#8217;autoritzaci\u00f3 de la domiciliaci\u00f3 banc\u00e0ria?<\/strong><\/p>\n\n\n\n<p>Al mateix formulari, a l&#8217;apartat &#8220;Consentiment i autoritzacions&#8221; apareix l&#8217;\u00edtem &#8220;Autoritzaci\u00f3 domiciliaci\u00f3 banc\u00e0ria&#8221; amb una icona de desc\u00e0rrega a la dreta similar a aquesta: \u2b07\ufe0f<\/p>\n\n\n\n<p>Aqu\u00ed ho descarregues, ho emplenes, ho firmes i ho adjuntes a l&#8217;apartat &#8220;Pagament de matr\u00edcula&#8221; on diu &#8220;Autoritzaci\u00f3 domiciliaci\u00f3 banc\u00e0ria&#8221; + una icona d'&#8221;adjuntar&#8221; com aquesta: \ud83d\udd17<\/p>\n\n\n\n<p><\/p>\n\n\n\n<hr class=\"wp-block-separator has-alpha-channel-opacity is-style-dots\"\/>\n\n\n\n<p><strong>4- Qu\u00e8 selecciono a l&#8217;opci\u00f3 &#8220;Tipus cont.&#8221;?<\/strong><\/p>\n\n\n\n<p>Aquesta opci\u00f3 est\u00e0 perqu\u00e8 puguis deixar les dades de la persona a qui emetrem els rebuts de pagament. Si la factura va al vostre nom, trieu l&#8217;opci\u00f3 &#8220;el mateix alumne&#8221;. Si la factura va a nom d&#8217;una organitzaci\u00f3 o una empresa, seleccioneu l&#8217;opci\u00f3 &#8220;empresa&#8221;.<\/p>\n\n\n\n<hr class=\"wp-block-separator has-alpha-channel-opacity is-style-dots\"\/>\n\n\n\n<p><strong>5- Com faig si vull sol\u00b7licitar factura a nom de la meva empresa?<\/strong><\/p>\n\n\n\n<p>Si treballes per a una empresa o organitzaci\u00f3 i vols factura al seu nom, et demanarem que emplenis les dades de la mateixa a l&#8217;apartat &#8220;Dades de contacte&#8221;. On diu: &#8220;Tipus Cont.:&#8221; (tipus de contacte), has de triar l&#8217;opci\u00f3 &#8220;empresa&#8221;.<\/p>\n\n\n\n<hr class=\"wp-block-separator has-alpha-channel-opacity is-style-dots\"\/>\n\n\n\n<p><strong>6- Com s\u00e9 si puc sol\u00b7licitar bonificaci\u00f3 Fundae?<\/strong><\/p>\n\n\n\n<p>La bonificaci\u00f3 Fundae es pot sol\u00b7licitar en cas que siguis treballador per compte d&#8217;altri. En aquest cas has de comentar-ho a la teva empresa perqu\u00e8 t&#8217;informin dels cr\u00e8dits disponibles que tens per a formaci\u00f3, i escriure&#8217;ns un correu comunicant que sol\u00b7licitar\u00e0s la bonificaci\u00f3 a info@trabajodeprocesos.net. Et respondrem i facilitarem el contacte de la persona encarregada de la gesti\u00f3 amb Fundae.<\/p>\n\n\n\n<hr class=\"wp-block-separator has-alpha-channel-opacity is-style-dots\"\/>\n\n\n\n<p><\/p>\n\n\n\n<p>7- Tinc problemes per introduir el meu IBAN<\/p>\n\n\n\n<p>Se&#8217;t demanar\u00e0 que introdueixis el codi del teu IBAN per a domiciliaci\u00f3 banc\u00e0ria sense deixar espais entre els n\u00fameros i les lletres.<\/p>\n\n\n\n<p><\/p>\n\n\n\n<p><\/p>\n\n\n\n<p><em>Si tens un altre dubte que no estigui resolt aqu\u00ed, escriu-nos a info@trabajodeprocesos.net i et respondrem a la a la major brevetat possible..<\/em><\/p>\n\n\n\n<p><\/p>\n\n\n\n<p><\/p>\n\n\n\n<div class=\"wp-block-buttons is-content-justification-center is-layout-flex wp-container-core-buttons-is-layout-16018d1d wp-block-buttons-is-layout-flex\" style=\"font-style:normal;font-weight:500\">\n<div class=\"wp-block-button is-style-outline is-style-outline--1\"><a class=\"wp-block-button__link has-white-color has-vivid-cyan-blue-to-vivid-purple-gradient-background has-text-color has-background has-link-color wp-element-button\" href=\"http:\/\/s40.frmgq.es\/?on=51960153300000000087MALL.AB&amp;c=1\" style=\"border-radius:11px\" target=\"_blank\" rel=\"noreferrer noopener\">PREINSCRIPCI\u00d3<\/a><\/div>\n<\/div>\n\n\n\n<p><\/p>\n","protected":false},"excerpt":{"rendered":"<p>Et suggerim que llegeixis atentament la informaci\u00f3 seg\u00fcent abans de procedir a la preinscripci\u00f3. PROGRAMA M\u00f2dul 1.\u2013 Introducci\u00f3 al TP \u2013 Sara i Gill \u2013 27 febrer \u2013 1 mar\u00e7M\u00f2dul 2.\u2013 Diversitat, Poder i Inclusi\u00f3 \u2013 Sara i C\u00e9sar \u2013 24-26 abrilM\u00f2dul 3.\u2013 Relacions i Comunicaci\u00f3 \u2013 Sara i Eva \u2013 15-17 maigM\u00f2dul 4.\u2013 Facilitaci\u00f3: [&hellip;]<\/p>\n","protected":false},"author":6,"featured_media":0,"parent":0,"menu_order":0,"comment_status":"closed","ping_status":"closed","template":"","meta":{"footnotes":""},"class_list":["post-22963","page","type-page","status-publish","hentry"],"yoast_head":"<!-- This site is optimized with the Yoast SEO plugin v15.4 - https:\/\/yoast.com\/wordpress\/plugins\/seo\/ -->\n<title>Pre-Inscripi\u00f3 Any Base Mallorca 2026 - Trabajo de Procesos<\/title>\n<meta name=\"robots\" content=\"index, follow, max-snippet:-1, max-image-preview:large, max-video-preview:-1\" \/>\n<link rel=\"canonical\" href=\"https:\/\/www.trabajodeprocesos.net\/ca\/inscripcion-ano-base-mallorca-2026\/\" \/>\n<meta property=\"og:locale\" content=\"ca_ES\" \/>\n<meta property=\"og:type\" content=\"article\" \/>\n<meta property=\"og:title\" content=\"Pre-Inscripi\u00f3 Any Base Mallorca 2026 - Trabajo de Procesos\" \/>\n<meta property=\"og:description\" content=\"Et suggerim que llegeixis atentament la informaci\u00f3 seg\u00fcent abans de procedir a la preinscripci\u00f3. PROGRAMA M\u00f2dul 1.\u2013 Introducci\u00f3 al TP \u2013 Sara i Gill \u2013 27 febrer \u2013 1 mar\u00e7M\u00f2dul 2.\u2013 Diversitat, Poder i Inclusi\u00f3 \u2013 Sara i C\u00e9sar \u2013 24-26 abrilM\u00f2dul 3.\u2013 Relacions i Comunicaci\u00f3 \u2013 Sara i Eva \u2013 15-17 maigM\u00f2dul 4.\u2013 Facilitaci\u00f3: [&hellip;]\" \/>\n<meta property=\"og:url\" content=\"https:\/\/www.trabajodeprocesos.net\/ca\/inscripcion-ano-base-mallorca-2026\/\" \/>\n<meta property=\"og:site_name\" content=\"Trabajo de Procesos\" \/>\n<meta property=\"article:modified_time\" content=\"2025-10-01T09:27:24+00:00\" \/>\n<meta property=\"og:image\" content=\"http:\/\/www.trabajodeprocesos.net\/wp-content\/uploads\/2025\/07\/12-de-julio-18.00-a-19.30hs-PRESENTACION-ONLINE-3-1024x576.png\" \/>\n<meta name=\"twitter:card\" content=\"summary_large_image\" \/>\n<meta name=\"twitter:label1\" content=\"Escrit per\">\n\t<meta name=\"twitter:data1\" content=\"Admin\">\n\t<meta name=\"twitter:label2\" content=\"Temps estimat de lectura\">\n\t<meta name=\"twitter:data2\" content=\"3 minuts\">\n<script type=\"application\/ld+json\" class=\"yoast-schema-graph\">{\"@context\":\"https:\/\/schema.org\",\"@graph\":[{\"@type\":\"WebSite\",\"@id\":\"https:\/\/www.trabajodeprocesos.net\/ca\/#website\",\"url\":\"https:\/\/www.trabajodeprocesos.net\/ca\/\",\"name\":\"Trabajo de Procesos\",\"description\":\"\",\"potentialAction\":[{\"@type\":\"SearchAction\",\"target\":\"https:\/\/www.trabajodeprocesos.net\/ca\/?s={search_term_string}\",\"query-input\":\"required name=search_term_string\"}],\"inLanguage\":\"ca\"},{\"@type\":\"ImageObject\",\"@id\":\"https:\/\/www.trabajodeprocesos.net\/ca\/inscripcion-ano-base-mallorca-2026\/#primaryimage\",\"inLanguage\":\"ca\",\"url\":\"http:\/\/www.trabajodeprocesos.net\/wp-content\/uploads\/2025\/07\/12-de-julio-18.00-a-19.30hs-PRESENTACION-ONLINE-3-1024x576.png\"},{\"@type\":\"WebPage\",\"@id\":\"https:\/\/www.trabajodeprocesos.net\/ca\/inscripcion-ano-base-mallorca-2026\/#webpage\",\"url\":\"https:\/\/www.trabajodeprocesos.net\/ca\/inscripcion-ano-base-mallorca-2026\/\",\"name\":\"Pre-Inscripi\\u00f3 Any Base Mallorca 2026 - Trabajo de Procesos\",\"isPartOf\":{\"@id\":\"https:\/\/www.trabajodeprocesos.net\/ca\/#website\"},\"primaryImageOfPage\":{\"@id\":\"https:\/\/www.trabajodeprocesos.net\/ca\/inscripcion-ano-base-mallorca-2026\/#primaryimage\"},\"datePublished\":\"2025-08-26T08:05:41+00:00\",\"dateModified\":\"2025-10-01T09:27:24+00:00\",\"inLanguage\":\"ca\",\"potentialAction\":[{\"@type\":\"ReadAction\",\"target\":[\"https:\/\/www.trabajodeprocesos.net\/ca\/inscripcion-ano-base-mallorca-2026\/\"]}]}]}<\/script>\n<!-- \/ Yoast SEO plugin. -->","_links":{"self":[{"href":"https:\/\/www.trabajodeprocesos.net\/ca\/wp-json\/wp\/v2\/pages\/22963","targetHints":{"allow":["GET"]}}],"collection":[{"href":"https:\/\/www.trabajodeprocesos.net\/ca\/wp-json\/wp\/v2\/pages"}],"about":[{"href":"https:\/\/www.trabajodeprocesos.net\/ca\/wp-json\/wp\/v2\/types\/page"}],"author":[{"embeddable":true,"href":"https:\/\/www.trabajodeprocesos.net\/ca\/wp-json\/wp\/v2\/users\/6"}],"replies":[{"embeddable":true,"href":"https:\/\/www.trabajodeprocesos.net\/ca\/wp-json\/wp\/v2\/comments?post=22963"}],"version-history":[{"count":6,"href":"https:\/\/www.trabajodeprocesos.net\/ca\/wp-json\/wp\/v2\/pages\/22963\/revisions"}],"predecessor-version":[{"id":23142,"href":"https:\/\/www.trabajodeprocesos.net\/ca\/wp-json\/wp\/v2\/pages\/22963\/revisions\/23142"}],"wp:attachment":[{"href":"https:\/\/www.trabajodeprocesos.net\/ca\/wp-json\/wp\/v2\/media?parent=22963"}],"curies":[{"name":"wp","href":"https:\/\/api.w.org\/{rel}","templated":true}]}}