{"id":14357,"date":"2022-05-31T09:46:51","date_gmt":"2022-05-31T07:46:51","guid":{"rendered":"http:\/\/www.trabajodeprocesos.net\/?page_id=14357"},"modified":"2022-05-31T09:50:01","modified_gmt":"2022-05-31T07:50:01","slug":"sergi-barrientos","status":"publish","type":"page","link":"https:\/\/www.trabajodeprocesos.net\/ca\/sergi-barrientos\/","title":{"rendered":"Sergi Barrientos"},"content":{"rendered":"\t\t<div data-elementor-type=\"wp-page\" data-elementor-id=\"14357\" class=\"elementor elementor-14357 elementor-7587\" data-elementor-settings=\"[]\">\n\t\t\t\t\t\t<div class=\"elementor-inner\">\n\t\t\t\t\t\t\t<div class=\"elementor-section-wrap\">\n\t\t\t\t\t\t\t<section class=\"elementor-section elementor-top-section elementor-element elementor-element-b9f3863 elementor-section-boxed elementor-section-height-default elementor-section-height-default\" data-id=\"b9f3863\" data-element_type=\"section\">\n\t\t\t\t\t\t<div class=\"elementor-container elementor-column-gap-default\">\n\t\t\t\t\t\t\t<div class=\"elementor-row\">\n\t\t\t\t\t<div class=\"elementor-column elementor-col-100 elementor-top-column elementor-element elementor-element-4caf81b\" data-id=\"4caf81b\" data-element_type=\"column\">\n\t\t\t<div class=\"elementor-column-wrap elementor-element-populated\">\n\t\t\t\t\t\t\t<div class=\"elementor-widget-wrap\">\n\t\t\t\t\t\t<div class=\"elementor-element elementor-element-c98c407 elementor-widget elementor-widget-image\" data-id=\"c98c407\" data-element_type=\"widget\" data-widget_type=\"image.default\">\n\t\t\t\t<div class=\"elementor-widget-container\">\n\t\t\t\t\t<div class=\"elementor-image\">\n\t\t\t\t\t\t\t\t\t\t<img loading=\"lazy\" decoding=\"async\" width=\"150\" height=\"150\" src=\"https:\/\/www.trabajodeprocesos.net\/wp-content\/uploads\/2022\/05\/sergi-barrientos-150x150.jpg\" class=\"attachment-thumbnail size-thumbnail\" alt=\"\" \/>\t\t\t\t\t\t\t\t\t\t\t<\/div>\n\t\t\t\t<\/div>\n\t\t\t\t<\/div>\n\t\t\t\t\t\t<\/div>\n\t\t\t\t\t<\/div>\n\t\t<\/div>\n\t\t\t\t\t\t\t\t<\/div>\n\t\t\t\t\t<\/div>\n\t\t<\/section>\n\t\t\t\t<section class=\"elementor-section elementor-top-section elementor-element elementor-element-607a5fb elementor-section-narrow_boxed elementor-section-height-default elementor-section-height-default\" data-id=\"607a5fb\" data-element_type=\"section\">\n\t\t\t\t\t\t<div class=\"elementor-container elementor-column-gap-default\">\n\t\t\t\t\t\t\t<div class=\"elementor-row\">\n\t\t\t\t\t<div class=\"elementor-column elementor-col-100 elementor-top-column elementor-element elementor-element-0f823dd\" data-id=\"0f823dd\" data-element_type=\"column\">\n\t\t\t<div class=\"elementor-column-wrap elementor-element-populated\">\n\t\t\t\t\t\t\t<div class=\"elementor-widget-wrap\">\n\t\t\t\t\t\t<div class=\"elementor-element elementor-element-7b17742 elementor-widget elementor-widget-text-editor\" data-id=\"7b17742\" data-element_type=\"widget\" data-widget_type=\"text-editor.default\">\n\t\t\t\t<div class=\"elementor-widget-container\">\n\t\t\t\t\t<div class=\"elementor-text-editor elementor-clearfix\"><p>Diplomat en Treball de Processos, Facilitador, Formador i Terapeuta, m&#8217;apassiona el treball al voltant de la diversitat, la transformaci\u00f3 comunit\u00e0ria i organitzacional, el poder i la resili\u00e8ncia.<\/p><p><span style=\"color: inherit; font-family: inherit; font-size: inherit; font-weight: inherit;\">Una llarga experi\u00e8ncia en moviments socials i projectes entorn de la just\u00edcia social, aix\u00ed com anys vivint i treballant a diferents parts del m\u00f3n amb m\u00faltiples organitzacions i comunitats m&#8217;han donat una consci\u00e8ncia transcultural i de les din\u00e0miques de privilegi, poder i marginaci\u00f3.<\/span><br><\/p><p><span style=\"color: inherit; font-family: inherit; font-size: inherit; font-weight: inherit;\">Membre fundador del Projecte Go Deep reconegut amb el GENE Global Education Innovation Award 17, treballo actualment amb organitzacions, refugiats i temes relacionats amb els homes, la relaci\u00f3 entre homes i la viol\u00e8ncia.<\/span><br><\/p><p><span style=\"color: inherit; font-family: inherit; font-size: inherit; font-weight: inherit;\">Estimo l&#8217;estudi i la investigaci\u00f3 dels diferents m\u00e8todes i perspectives de facilitaci\u00f3, de l&#8217;art i de la muntanya.<\/span><br><\/p><p><span style=\"color: inherit; font-family: inherit; font-size: inherit; font-weight: inherit;\">Email: sergiproces@gmail.com<\/span><br><\/p><p><br><\/p><p><a href=\"https:\/\/www.linkedin.com\/in\/sergi-barrientos-299a2a161\" style=\"background-color: rgb(255, 255, 255);\">linkedin.com\/in\/sergi-barrientos-299a2a161<\/a><br><\/p>\n<p><a href=\"https:\/\/godeepproject.org\/\">https:\/\/godeepproject.org\/<\/a><\/p><\/div>\n\t\t\t\t<\/div>\n\t\t\t\t<\/div>\n\t\t\t\t\t\t<\/div>\n\t\t\t\t\t<\/div>\n\t\t<\/div>\n\t\t\t\t\t\t\t\t<\/div>\n\t\t\t\t\t<\/div>\n\t\t<\/section>\n\t\t\t\t<section class=\"elementor-section elementor-top-section elementor-element elementor-element-893573f elementor-section-boxed elementor-section-height-default elementor-section-height-default\" data-id=\"893573f\" data-element_type=\"section\">\n\t\t\t\t\t\t<div class=\"elementor-container elementor-column-gap-default\">\n\t\t\t\t\t\t\t<div class=\"elementor-row\">\n\t\t\t\t\t<div class=\"elementor-column elementor-col-100 elementor-top-column elementor-element elementor-element-71b5090\" data-id=\"71b5090\" data-element_type=\"column\">\n\t\t\t<div class=\"elementor-column-wrap elementor-element-populated\">\n\t\t\t\t\t\t\t<div class=\"elementor-widget-wrap\">\n\t\t\t\t\t\t<div class=\"elementor-element elementor-element-e716783 elementor-widget elementor-widget-spacer\" data-id=\"e716783\" data-element_type=\"widget\" data-widget_type=\"spacer.default\">\n\t\t\t\t<div class=\"elementor-widget-container\">\n\t\t\t\t\t<div class=\"elementor-spacer\">\n\t\t\t<div class=\"elementor-spacer-inner\"><\/div>\n\t\t<\/div>\n\t\t\t\t<\/div>\n\t\t\t\t<\/div>\n\t\t\t\t\t\t<\/div>\n\t\t\t\t\t<\/div>\n\t\t<\/div>\n\t\t\t\t\t\t\t\t<\/div>\n\t\t\t\t\t<\/div>\n\t\t<\/section>\n\t\t\t\t\t\t<\/div>\n\t\t\t\t\t\t<\/div>\n\t\t\t\t\t<\/div>\n\t\t","protected":false},"excerpt":{"rendered":"<p>Diplomat en Treball de Processos, Facilitador, Formador i Terapeuta, m&#8217;apassiona el treball al voltant de la diversitat, la transformaci\u00f3 comunit\u00e0ria i organitzacional, el poder i la resili\u00e8ncia. Una llarga experi\u00e8ncia en moviments socials i projectes entorn de la just\u00edcia social, aix\u00ed com anys vivint i treballant a diferents parts del m\u00f3n amb m\u00faltiples organitzacions i [&hellip;]<\/p>\n","protected":false},"author":6,"featured_media":0,"parent":0,"menu_order":0,"comment_status":"closed","ping_status":"closed","template":"","meta":{"footnotes":""},"class_list":["post-14357","page","type-page","status-publish","hentry"],"yoast_head":"<!-- This site is optimized with the Yoast SEO plugin v15.4 - https:\/\/yoast.com\/wordpress\/plugins\/seo\/ -->\n<title>Sergi Barrientos - Trabajo de Procesos<\/title>\n<meta name=\"robots\" content=\"index, follow, max-snippet:-1, max-image-preview:large, max-video-preview:-1\" \/>\n<link rel=\"canonical\" href=\"https:\/\/www.trabajodeprocesos.net\/ca\/sergi-barrientos\/\" \/>\n<meta property=\"og:locale\" content=\"ca_ES\" \/>\n<meta property=\"og:type\" content=\"article\" \/>\n<meta property=\"og:title\" content=\"Sergi Barrientos - Trabajo de Procesos\" \/>\n<meta property=\"og:description\" content=\"Diplomat en Treball de Processos, Facilitador, Formador i Terapeuta, m&#8217;apassiona el treball al voltant de la diversitat, la transformaci\u00f3 comunit\u00e0ria i organitzacional, el poder i la resili\u00e8ncia. Una llarga experi\u00e8ncia en moviments socials i projectes entorn de la just\u00edcia social, aix\u00ed com anys vivint i treballant a diferents parts del m\u00f3n amb m\u00faltiples organitzacions i [&hellip;]\" \/>\n<meta property=\"og:url\" content=\"https:\/\/www.trabajodeprocesos.net\/ca\/sergi-barrientos\/\" \/>\n<meta property=\"og:site_name\" content=\"Trabajo de Procesos\" \/>\n<meta property=\"article:modified_time\" content=\"2022-05-31T07:50:01+00:00\" \/>\n<meta property=\"og:image\" content=\"http:\/\/www.trabajodeprocesos.net\/wp-content\/uploads\/2022\/05\/sergi-barrientos-150x150.jpg\" \/>\n<meta name=\"twitter:card\" content=\"summary_large_image\" \/>\n<meta name=\"twitter:label1\" content=\"Escrit per\">\n\t<meta name=\"twitter:data1\" content=\"Admin\">\n\t<meta name=\"twitter:label2\" content=\"Temps estimat de lectura\">\n\t<meta name=\"twitter:data2\" content=\"1 minut\">\n<script type=\"application\/ld+json\" class=\"yoast-schema-graph\">{\"@context\":\"https:\/\/schema.org\",\"@graph\":[{\"@type\":\"WebSite\",\"@id\":\"https:\/\/www.trabajodeprocesos.net\/ca\/#website\",\"url\":\"https:\/\/www.trabajodeprocesos.net\/ca\/\",\"name\":\"Trabajo de Procesos\",\"description\":\"\",\"potentialAction\":[{\"@type\":\"SearchAction\",\"target\":\"https:\/\/www.trabajodeprocesos.net\/ca\/?s={search_term_string}\",\"query-input\":\"required name=search_term_string\"}],\"inLanguage\":\"ca\"},{\"@type\":\"ImageObject\",\"@id\":\"https:\/\/www.trabajodeprocesos.net\/ca\/sergi-barrientos\/#primaryimage\",\"inLanguage\":\"ca\",\"url\":\"http:\/\/www.trabajodeprocesos.net\/wp-content\/uploads\/2022\/05\/sergi-barrientos-150x150.jpg\"},{\"@type\":\"WebPage\",\"@id\":\"https:\/\/www.trabajodeprocesos.net\/ca\/sergi-barrientos\/#webpage\",\"url\":\"https:\/\/www.trabajodeprocesos.net\/ca\/sergi-barrientos\/\",\"name\":\"Sergi Barrientos - Trabajo de Procesos\",\"isPartOf\":{\"@id\":\"https:\/\/www.trabajodeprocesos.net\/ca\/#website\"},\"primaryImageOfPage\":{\"@id\":\"https:\/\/www.trabajodeprocesos.net\/ca\/sergi-barrientos\/#primaryimage\"},\"datePublished\":\"2022-05-31T07:46:51+00:00\",\"dateModified\":\"2022-05-31T07:50:01+00:00\",\"inLanguage\":\"ca\",\"potentialAction\":[{\"@type\":\"ReadAction\",\"target\":[\"https:\/\/www.trabajodeprocesos.net\/ca\/sergi-barrientos\/\"]}]}]}<\/script>\n<!-- \/ Yoast SEO plugin. -->","_links":{"self":[{"href":"https:\/\/www.trabajodeprocesos.net\/ca\/wp-json\/wp\/v2\/pages\/14357","targetHints":{"allow":["GET"]}}],"collection":[{"href":"https:\/\/www.trabajodeprocesos.net\/ca\/wp-json\/wp\/v2\/pages"}],"about":[{"href":"https:\/\/www.trabajodeprocesos.net\/ca\/wp-json\/wp\/v2\/types\/page"}],"author":[{"embeddable":true,"href":"https:\/\/www.trabajodeprocesos.net\/ca\/wp-json\/wp\/v2\/users\/6"}],"replies":[{"embeddable":true,"href":"https:\/\/www.trabajodeprocesos.net\/ca\/wp-json\/wp\/v2\/comments?post=14357"}],"version-history":[{"count":4,"href":"https:\/\/www.trabajodeprocesos.net\/ca\/wp-json\/wp\/v2\/pages\/14357\/revisions"}],"predecessor-version":[{"id":14362,"href":"https:\/\/www.trabajodeprocesos.net\/ca\/wp-json\/wp\/v2\/pages\/14357\/revisions\/14362"}],"wp:attachment":[{"href":"https:\/\/www.trabajodeprocesos.net\/ca\/wp-json\/wp\/v2\/media?parent=14357"}],"curies":[{"name":"wp","href":"https:\/\/api.w.org\/{rel}","templated":true}]}}