{"id":1311,"date":"2020-07-02T09:57:33","date_gmt":"2020-07-02T07:57:33","guid":{"rendered":"http:\/\/www.trabajodeprocesos.net\/politica-de-cookies\/"},"modified":"2024-10-28T16:49:16","modified_gmt":"2024-10-28T14:49:16","slug":"politica-de-cookies","status":"publish","type":"page","link":"https:\/\/www.trabajodeprocesos.net\/ca\/politica-de-cookies\/","title":{"rendered":"Pol\u00edtica de cookies"},"content":{"rendered":"\t\t<div data-elementor-type=\"wp-page\" data-elementor-id=\"1311\" class=\"elementor elementor-1311 elementor-473\" data-elementor-settings=\"[]\">\n\t\t\t\t\t\t<div class=\"elementor-inner\">\n\t\t\t\t\t\t\t<div class=\"elementor-section-wrap\">\n\t\t\t\t\t\t\t<section class=\"elementor-section elementor-top-section elementor-element elementor-element-7ac474a1 elementor-section-boxed elementor-section-height-default elementor-section-height-default\" data-id=\"7ac474a1\" data-element_type=\"section\">\n\t\t\t\t\t\t<div class=\"elementor-container elementor-column-gap-default\">\n\t\t\t\t\t\t\t<div class=\"elementor-row\">\n\t\t\t\t\t<div class=\"elementor-column elementor-col-100 elementor-top-column elementor-element elementor-element-1da4dc9c\" data-id=\"1da4dc9c\" data-element_type=\"column\">\n\t\t\t<div class=\"elementor-column-wrap elementor-element-populated\">\n\t\t\t\t\t\t\t<div class=\"elementor-widget-wrap\">\n\t\t\t\t\t\t<div class=\"elementor-element elementor-element-ad90249 elementor-widget elementor-widget-text-editor\" data-id=\"ad90249\" data-element_type=\"widget\" data-widget_type=\"text-editor.default\">\n\t\t\t\t<div class=\"elementor-widget-container\">\n\t\t\t\t\t<div class=\"elementor-text-editor elementor-clearfix\"><p><strong>ANTECEDENTS<\/strong><\/p>\n<p>Conforme la normativa espanyola que regula l&#8217;\u00fas de cookies en relaci\u00f3 a la prestaci\u00f3 de serveis de comunicacions electr\u00f2niques, recollida en el Reial Decret Llei 13\/2012 del 30 de mar\u00e7, l&#8217;informem sobre les cookies utilitzades en el lloc web de <strong>ASOCIACI\u00d3N INSTITUTO TRABAJO DE PROCESOS Y DEMOCRACIA PROFUNDA<\/strong> (tamb\u00e9 el prestador) i el motiu del seu \u00fas. Aix\u00ed mateix, li informa que en navegar en el Lloc Web vost\u00e8 est\u00e0 prestant el seu consentiment per poder utilitzar-les.<\/p>\n<p><strong>\u00bfQU\u00c8 S\u00d3N LES COOKIES?<\/strong><\/p>\n<p>Una cookie \u00e9s un fitxer que es descarrega al seu ordinador en accedir a determinades p\u00e0gines web. Les cookies permeten a una p\u00e0gina web, entre altres coses, emmagatzemar i recuperar informaci\u00f3 sobre els h\u00e0bits de navegaci\u00f3 d&#8217;un usuari o del seu equip i, depenent de la informaci\u00f3 que continguin i de la forma en qu\u00e8 utilitzi el seu equip, es poden utilitzar per recon\u00e8ixer a l&#8217;usuari. Les cookies s&#8217;associen \u00fanicament a un usuari an\u00f2nim i el seu ordinador o dispositiu i no proporcionen refer\u00e8ncies que permetin con\u00e8ixer les seves dades personals.<\/p>\n<p><strong>COOKIES AFECTADES PER LA NORMATIVA I COOKIES EXEMPTES<\/strong><\/p>\n<p>Segons la directiva de la UE, les cookies que requereixen el consentiment informat per part de l&#8217;usuari s\u00f3n les cookies d&#8217;anal\u00edtica i les de publicitat i afiliaci\u00f3, quedant exceptuades les de car\u00e0cter t\u00e8cnic i les necess\u00e0ries per al funcionament del lloc web o la prestaci\u00f3 de serveis expressament demandats per l&#8217;usuari.<\/p>\n<p>TIPUS DE COOKIES<\/p>\n<p>a) Segons l&#8217;entitat que les gestioni, hi ha Cookies pr\u00f2pies (aquelles que s&#8217;envien a l&#8217;equip terminal de l&#8217;usuari des d&#8217;un equip o domini gestionat pel propi editor i des del qual es presta el servei Sol\u00b7licitat per l&#8217;usuari) i de tercers (les que es envien a l&#8217;equip terminal de l&#8217;usuari des d&#8217;un equip o domini que no \u00e9s gestionat per l&#8217;editor, sin\u00f3 per una altra entitat que tracta les dades obtingudes mitjan\u00e7ant les galetes).<\/p>\n<p>b) Segons el temps que romanen actives, hi ha les de sessi\u00f3 (dissenyades per a demanar i emmagatzemar dades mentre l&#8217;usuari accedeix a una p\u00e0gina web) i les persistents (en qu\u00e8 les dades s&#8217;emmagatzemen en el terminal i poden ser accedits i tractats durant un per\u00edode definit pel responsable de la galeta -pot anar d&#8217;uns minuts a diversos anys).<\/p>\n<p>&nbsp;<\/p>\n<p>c) Segons la <strong>finalitat<\/strong> per a la qual tracten la informaci\u00f3 que recopilen, poden ser:<\/p>\n<p>&#8211; <strong>Cookies t\u00e8cniques<\/strong> (necess\u00e0ries per a l&#8217;\u00fas del web i la prestaci\u00f3 del servei <strong>contractat),<\/strong><\/p>\n<p><strong>&#8211; Cookies de personalitzaci\u00f3<\/strong> (que permeten a l&#8217;usuari accedir al servei amb caracter\u00edstiques predefinides, com ara l&#8217;idioma, tipus de navegador, configuraci\u00f3 regional, etc.)<\/p>\n<p>&#8211; <strong>Cookies d&#8217;an\u00e0lisi<\/strong>(recullen informaci\u00f3 l&#8217;\u00fas que es realitza del web),<\/p>\n<p>&#8211; <strong>Cookies publicit\u00e0ries<\/strong> (recullen informaci\u00f3 sobre les prefer\u00e8ncies i eleccions personals dels usuaris),<\/p>\n<p>&#8211; <strong>Cookies d&#8217;afiliats<\/strong> (permeten fer un seguiment de les visites procedents d&#8217;altres webs, amb les que el lloc web estableix un contracte d&#8217;afiliaci\u00f3).<\/p>\n<p><strong>TIPUS DE COOKIES UTILITZADES PER AQUEST LLOC WEB<\/strong><\/p>\n<p>[cmplz-cookies]<\/p><p><br><\/p>\n<p>Mentre navega per la nostra web, poden emmagatzemar-se en el seu navegador les galetes de les nostres xarxes socials. A continuaci\u00f3, us expliquem els enlla\u00e7os sobre les galetes de les xarxes socials que utilitzem en aquesta web:<\/p>\n<ul>\n<li>Cookies de Facebook, veure m\u00e9s informaci\u00f3 a la seva <a href=\"https:\/\/es-es.facebook.com\/policies\/cookies\/\">pol\u00edtica de cookies<\/a><\/li>\n<\/ul>\n<ul>\n<li>Cookies de Twitter, veure m\u00e9s informaci\u00f3 a la seva<a href=\"https:\/\/help.twitter.com\/es\/rules-and-policies\/twitter-cookies\">pol\u00edtica de cookies<\/a><\/li>\n<li>Cookies d&#8217;Instagram, veure m\u00e9s informaci\u00f3 a la seva <a href=\"https:\/\/es-es.facebook.com\/policies\/cookies\/\">pol\u00edtica de cookies<\/a><\/li>\n<li>Cookies de Google+, veure m\u00e9s informaci\u00f3 a la seva <a href=\"https:\/\/policies.google.com\/technologies\/cookies?hl=es\">pol\u00edtica de cookies<\/a><\/li>\n<li>Cookies de Linkedin, veure m\u00e9s informaci\u00f3 a la seva <a href=\"https:\/\/www.linkedin.com\/legal\/cookie-policy?_l=es_ES\">pol\u00edtica de cookies<\/a><\/li>\n<li>Cookies de Pinterest, veure m\u00e9s informaci\u00f3 a la seva <a href=\"https:\/\/policy.pinterest.com\/es\/cookies\">pol\u00edtica de cookies<\/a><\/li>\n<li>Cookies de Youtube, veure m\u00e9s informaci\u00f3 a la seva <a href=\"https:\/\/es-es.facebook.com\/policies\/cookies\/\">pol\u00edtica de cookies<\/a><\/li>\n<li>Cookies de Bing, veure m\u00e9s informaci\u00f3 a la seva pol\u00edtica de cookies<\/li>\n<\/ul>\n<p>Aix\u00ed mateix, el prestador porta a terme accions de rem\u00e0rqueting amb <strong>Google AdWords, Facebook ads, Twitter ads, Linkedin ads, etc.,<\/strong> que utilitza les cookies per oferir anuncis en l\u00ednia basat en visites anteriors a aquest web. Aquestes cookies estan a punt d&#8217;expirar i no contenen informaci\u00f3 que pugui identificar personalment. Per a m\u00e9s informaci\u00f3 adreceu-vos a la publicitat de Google Av\u00eds de privacitat.<\/p>\n<p><strong>REVOCACI\u00d3<\/strong><\/p>\n<p>En tot moment podr\u00e0 accedir a la configuraci\u00f3 del seu navegador acceptant o rebutjant totes les cookies, o b\u00e9 seleccionar aquelles que la instal\u00b7laci\u00f3 admet i les que no, seguint un dels seg\u00fcents procediments, que dep\u00e8n del navegador que utilitzi:<\/p>\n<p><strong>Google Chrome<\/strong> (al Men\u00fa eines):<\/p>\n<p>Configuraci\u00f3 &gt; Mostrar opcions avan\u00e7ades &gt; Privadesa (Configuraci\u00f3 de contingut) &gt; Cookies:<\/p>\n<figure class=\"wp-block-embed\">\n<div class=\"wp-block-embed__wrapper\">https:\/\/support.google.com\/chrome\/answer\/95647?co=GENIE.Platform%3DDesktop&amp;hl=es<\/div>\n<\/figure>\n<p><strong>Microsoft Internet Explorer<\/strong> (al Men\u00fa eines):<\/p>\n<p>Opcions d\u2019Internet &gt; Privadesa &gt; Avan\u00e7ada:<\/p>\n<figure class=\"wp-block-embed\">\n<div class=\"wp-block-embed__wrapper\">https:\/\/support.microsoft.com\/es-es\/help\/17442\/windows-internet-explorer-delete-manage-cookies<\/div>\n<\/figure>\n<p><strong>Firefox:<\/strong><\/p>\n<p>Opcions &gt; Privadesa &gt; Cookies:<\/p>\n<figure class=\"wp-block-embed\">\n<div class=\"wp-block-embed__wrapper\">https:\/\/support.mozilla.org\/es\/kb\/habilitar-y-deshabilitar-cookies-sitios-web-rastrear-preferencias<\/div>\n<\/figure>\n<p><strong>Safari, iPad i iPhone:<\/strong><\/p>\n<p>Prefer\u00e8ncies &gt; Privadesa<\/p>\n<figure class=\"wp-block-embed\">\n<div class=\"wp-block-embed__wrapper\">https:\/\/support.apple.com\/kb\/ph21411?locale=es_ES<\/div>\n<\/figure>\n<p><strong>Opera:<\/strong><\/p>\n<p>Configuraci\u00f3 &gt; Opcions &gt; Avan\u00e7ada &gt; Cookies<\/p>\n<figure class=\"wp-block-embed\">\n<div class=\"wp-block-embed__wrapper\">http:\/\/help.opera.com\/Windows\/12.00\/es-ES\/cookies.html<\/div>\n<\/figure>\n<p>Aquests navegadors estan sotmesos a actualitzacions o modificacions, pel que no podem garantir que s&#8217;ajustin completament a la versi\u00f3 del seu navegador. Tamb\u00e9 pot ser que utilitzi un altre navegador no contemplat en aquests enlla\u00e7os com ara Konqueror, Arora, Flock, etc. Per evitar aquests desajustos, pot accedir directament des de les opcions del seu navegador, generalment al men\u00fa de &#8220;Opcions&#8221; a la secci\u00f3 de &#8220;Privadesa&#8221;. (Si us plau, consulteu l&#8217;ajuda del seu navegador per a m\u00e9s informaci\u00f3).<\/p>\n<p><strong>DESACTIVACI\u00d3\/ACTIVACI\u00d3 I ELIMINACI\u00d3 DE COOKIES<\/strong><\/p>\n<p>Per restringir o bloquejar les cookies, es fa a trav\u00e9s de la configuraci\u00f3 del navegador.<\/p>\n<p>Si no desitja que els llocs web posin cap cookie al seu equip, pot adaptar la configuraci\u00f3 del navegador de manera que se li notifiqui abans que es col\u00b7loqui cap cookie. De la mateixa manera, pot adaptar la configuraci\u00f3 de manera que el navegador rebutgi totes les cookies, o \u00fanicament les cookies de tercers. Tamb\u00e9 pot eliminar qualsevol de les cookies que ja es trobin en l&#8217;equip. Recordeu que s&#8217;haur\u00e0 d&#8217;adaptar per separat la configuraci\u00f3 de cada navegador i equip que utilitzi.<\/p>\n<p>Recordeu que si no desitja rebre cookies, ja no podrem garantir que el nostre lloc web funcioni com cal. Potser algunes funcions del lloc es perdin i \u00e9s possible que ja no pugui veure certs llocs web. A m\u00e9s, rebutjar les cookies no vol dir que ja no vagi a veure anuncis publicitaris. Simplement els anuncis no s&#8217;ajustaran als seus interessos i es repetiran amb m\u00e9s freq\u00fc\u00e8ncia.<\/p>\n<p>Cada navegador t\u00e9 un m\u00e8tode diferent per adaptar la configuraci\u00f3. Si cal, consulteu la funci\u00f3 d&#8217;ajuda del navegador per establir la configuraci\u00f3 correcta.<\/p>\n<p>Per desactivar les cookies al tel\u00e8fon m\u00f2bil, consulteu el manual del dispositiu per obtenir m\u00e9s informaci\u00f3.<\/p>\n<p>Podeu obtenir m\u00e9s informaci\u00f3 sobre les cookies a Internet, <a href=\"http:\/\/www.aboutcookies.org\/\">http:\/\/www.aboutcookies.org\/.<\/a><\/p>\n<p>Tenint en compte la forma en qu\u00e8 funciona Internet i els llocs web, no sempre comptem amb informaci\u00f3 de les cookies que col\u00b7loquen terceres parts a trav\u00e9s del nostre lloc web. Aix\u00f2 s&#8217;aplica especialment a casos en qu\u00e8 la nostra p\u00e0gina web cont\u00e9 el que es denominen elements integrats: textos, documents, imatges o breus pel\u00b7l\u00edcules que s&#8217;emmagatzemen en una altra part, per\u00f2 es mostren al nostre lloc web o mitjan\u00e7ant el mateix.<\/p>\n<p>Per tant, en cas que es trobi amb aquest tipus de cookies en aquest lloc web i no estiguin enumerades en la llista anterior, li preguem que ens ho comuniqui. O b\u00e9 poseu-vos en contacte directament amb el tercer per demanar-li informaci\u00f3 sobre les cookies que col\u00b7loca, la finalitat i la durada de la cookie, i com ha garantit la seva privacitat.<\/p>\n<p><strong>INFORMACI\u00d3 RELACIONADA AMB EL TRACTAMENT DE DADES PERSONALS (ART. 13 RGPD)<\/strong><\/p>\n<p><strong>QUI \u00c9S EL RESPONSABLE DEL TRACTAMENT DE LES SEVES DADES PERSONALS?<\/strong><\/p>\n<p><strong>ASSOCIACI\u00d3 INSTITUT TREBALL DE PROC\u00c8S I DEMOCR\u00c0CIA PROFUNDA <\/strong>\u00e9s el responsable del tractament de les dades personals que vost\u00e8 ens proporciona, domicili a Carrer La Palma 11,&nbsp; entresol 1,&nbsp; &nbsp; 08011 Barcelona i amb CIF G66067372, y correu de contacte info@trabajodeprocesos.net .<\/p>\n<p><strong>PER A QU\u00c8 UTILITZEM LES SEVES DADES PERSONALS?<\/strong><\/p>\n<p>La informaci\u00f3 recopilada a trav\u00e9s de les cookies pr\u00f2pies (cookies de sessi\u00f3 i d&#8217;entrada d&#8217;usuari) es solen utilitzar per a rastrejar les accions de l&#8217;usuari en emplenar els formularis en l\u00ednia en diverses p\u00e0gines, o com a cistella de la compra per a fer el seguiment dels articles que l&#8217;usuari ha seleccionat en pr\u00e9mer un bot\u00f3, o per a personalitzar la interface de l&#8217;usuari en visitar la p\u00e0gina web.<\/p>\n<p>La informaci\u00f3 recopilada a trav\u00e9s de les cookies de tercers \u00e9s la seg\u00fcent:<\/p>\n<ul>\n<li>&#8211; A trav\u00e9s de les cookies anal\u00edtiques s&#8217;analitzen els seus h\u00e0bits de navegaci\u00f3 per a millorar els serveis prestats;<\/li>\n<li>&#8211; A trav\u00e9s de les cookies comportamentals es recull informaci\u00f3 sobre les prefer\u00e8ncies de l&#8217;usuari per a gestionar els espais publicitaris de la forma m\u00e9s efica\u00e7 possible; i<\/li>\n<li>&#8211; a trav\u00e9s de les cookies publicit\u00e0ries es mesura el rendiment dels anuncis i es proporcionen recomanacions relatives a productes basades en dades estad\u00edstiques.<\/li>\n<\/ul>\n<p>Per a veure exactament l&#8217;\u00fas de les cookies vegeu el quadre sobre l&#8217;\u00fas de les cookies en aquest document.<\/p>\n<p><strong>QUINA \u00c9S LA BASE LEGAL PER AL TRACTAMENT DE LES SEVES DADES PERSONALS?<\/strong><\/p>\n<p>La legitimaci\u00f3 per al tractament de les seves dades personals ve donada pel seu consentiment, atorgat en el moment de posar-se en contacte amb nosaltres, per a la utilitzaci\u00f3 de cookies anal\u00edtiques, comportamentals i publicit\u00e0ries; per a les cookies de sessi\u00f3 o personalitzaci\u00f3, la legitimaci\u00f3 per al tractament ve donada per l&#8217;inter\u00e8s leg\u00edtim del prestador (responsable del tractament).<\/p>\n<p><strong>A QUI COMUNIQUEM LES SEVES DADES?<\/strong><\/p>\n<p>No se cediran ni comunicaran dades a tercers, excepte per obligaci\u00f3 legal o als tercers indicats en el cas d&#8217;\u00fas de cookies gestionades per aquests.<\/p>\n<p>&nbsp;<\/p>\n<p><strong>QUIN \u00c9S EL TERMINI DE CONSERVACI\u00d3 DE LES SEVES DADES?<\/strong><\/p>\n<p>El termini de conservaci\u00f3 de les dades recollides \u00e9s l&#8217;indicat en el quadre sobre l&#8217;\u00fas de les cookies en aquest document.<\/p>\n<p>&nbsp;<\/p>\n<p><strong>QUINS S\u00d3N ELS SEUS DRETS?<\/strong><\/p>\n<p>Els drets que emparen a l&#8217;usuari s\u00f3n els d&#8217;acc\u00e9s, rectificaci\u00f3, supressi\u00f3, portabilitat d&#8217;aquests, retirada del consentiment (sense que aix\u00f2 afecti la licitud del tractament atorgat pr\u00e8viament a la seva retirada), oposici\u00f3 al tractament, limitaci\u00f3 (en determinades circumst\u00e0ncies) i a presentar una reclamaci\u00f3 davant l&#8217;autoritat de control (l&#8217;Ag\u00e8ncia Espanyola de protecci\u00f3 de dades, www.aepd.es).<\/p><\/div>\n\t\t\t\t<\/div>\n\t\t\t\t<\/div>\n\t\t\t\t\t\t<\/div>\n\t\t\t\t\t<\/div>\n\t\t<\/div>\n\t\t\t\t\t\t\t\t<\/div>\n\t\t\t\t\t<\/div>\n\t\t<\/section>\n\t\t\t\t\t\t<\/div>\n\t\t\t\t\t\t<\/div>\n\t\t\t\t\t<\/div>\n\t\t","protected":false},"excerpt":{"rendered":"<p>ANTECEDENTS Conforme la normativa espanyola que regula l&#8217;\u00fas de cookies en relaci\u00f3 a la prestaci\u00f3 de serveis de comunicacions electr\u00f2niques, recollida en el Reial Decret Llei 13\/2012 del 30 de mar\u00e7, l&#8217;informem sobre les cookies utilitzades en el lloc web de ASOCIACI\u00d3N INSTITUTO TRABAJO DE PROCESOS Y DEMOCRACIA PROFUNDA (tamb\u00e9 el prestador) i el motiu [&hellip;]<\/p>\n","protected":false},"author":6,"featured_media":0,"parent":0,"menu_order":0,"comment_status":"closed","ping_status":"closed","template":"","meta":{"footnotes":""},"class_list":["post-1311","page","type-page","status-publish","hentry"],"yoast_head":"<!-- This site is optimized with the Yoast SEO plugin v15.4 - https:\/\/yoast.com\/wordpress\/plugins\/seo\/ -->\n<title>Pol\u00edtica de cookies - Trabajo de Procesos<\/title>\n<meta name=\"robots\" content=\"index, follow, max-snippet:-1, max-image-preview:large, max-video-preview:-1\" \/>\n<link rel=\"canonical\" href=\"https:\/\/www.trabajodeprocesos.net\/ca\/politica-de-cookies\/\" \/>\n<meta property=\"og:locale\" content=\"ca_ES\" \/>\n<meta property=\"og:type\" content=\"article\" \/>\n<meta property=\"og:title\" content=\"Pol\u00edtica de cookies - Trabajo de Procesos\" \/>\n<meta property=\"og:description\" content=\"ANTECEDENTS Conforme la normativa espanyola que regula l&#8217;\u00fas de cookies en relaci\u00f3 a la prestaci\u00f3 de serveis de comunicacions electr\u00f2niques, recollida en el Reial Decret Llei 13\/2012 del 30 de mar\u00e7, l&#8217;informem sobre les cookies utilitzades en el lloc web de ASOCIACI\u00d3N INSTITUTO TRABAJO DE PROCESOS Y DEMOCRACIA PROFUNDA (tamb\u00e9 el prestador) i el motiu [&hellip;]\" \/>\n<meta property=\"og:url\" content=\"https:\/\/www.trabajodeprocesos.net\/ca\/politica-de-cookies\/\" \/>\n<meta property=\"og:site_name\" content=\"Trabajo de Procesos\" \/>\n<meta property=\"article:modified_time\" content=\"2024-10-28T14:49:16+00:00\" \/>\n<meta name=\"twitter:card\" content=\"summary_large_image\" \/>\n<meta name=\"twitter:label1\" content=\"Escrit per\">\n\t<meta name=\"twitter:data1\" content=\"Admin\">\n\t<meta name=\"twitter:label2\" content=\"Temps estimat de lectura\">\n\t<meta name=\"twitter:data2\" content=\"7 minuts\">\n<script type=\"application\/ld+json\" class=\"yoast-schema-graph\">{\"@context\":\"https:\/\/schema.org\",\"@graph\":[{\"@type\":\"WebSite\",\"@id\":\"https:\/\/www.trabajodeprocesos.net\/ca\/#website\",\"url\":\"https:\/\/www.trabajodeprocesos.net\/ca\/\",\"name\":\"Trabajo de Procesos\",\"description\":\"\",\"potentialAction\":[{\"@type\":\"SearchAction\",\"target\":\"https:\/\/www.trabajodeprocesos.net\/ca\/?s={search_term_string}\",\"query-input\":\"required name=search_term_string\"}],\"inLanguage\":\"ca\"},{\"@type\":\"WebPage\",\"@id\":\"https:\/\/www.trabajodeprocesos.net\/ca\/politica-de-cookies\/#webpage\",\"url\":\"https:\/\/www.trabajodeprocesos.net\/ca\/politica-de-cookies\/\",\"name\":\"Pol\\u00edtica de cookies - Trabajo de Procesos\",\"isPartOf\":{\"@id\":\"https:\/\/www.trabajodeprocesos.net\/ca\/#website\"},\"datePublished\":\"2020-07-02T07:57:33+00:00\",\"dateModified\":\"2024-10-28T14:49:16+00:00\",\"inLanguage\":\"ca\",\"potentialAction\":[{\"@type\":\"ReadAction\",\"target\":[\"https:\/\/www.trabajodeprocesos.net\/ca\/politica-de-cookies\/\"]}]}]}<\/script>\n<!-- \/ Yoast SEO plugin. -->","_links":{"self":[{"href":"https:\/\/www.trabajodeprocesos.net\/ca\/wp-json\/wp\/v2\/pages\/1311","targetHints":{"allow":["GET"]}}],"collection":[{"href":"https:\/\/www.trabajodeprocesos.net\/ca\/wp-json\/wp\/v2\/pages"}],"about":[{"href":"https:\/\/www.trabajodeprocesos.net\/ca\/wp-json\/wp\/v2\/types\/page"}],"author":[{"embeddable":true,"href":"https:\/\/www.trabajodeprocesos.net\/ca\/wp-json\/wp\/v2\/users\/6"}],"replies":[{"embeddable":true,"href":"https:\/\/www.trabajodeprocesos.net\/ca\/wp-json\/wp\/v2\/comments?post=1311"}],"version-history":[{"count":12,"href":"https:\/\/www.trabajodeprocesos.net\/ca\/wp-json\/wp\/v2\/pages\/1311\/revisions"}],"predecessor-version":[{"id":21842,"href":"https:\/\/www.trabajodeprocesos.net\/ca\/wp-json\/wp\/v2\/pages\/1311\/revisions\/21842"}],"wp:attachment":[{"href":"https:\/\/www.trabajodeprocesos.net\/ca\/wp-json\/wp\/v2\/media?parent=1311"}],"curies":[{"name":"wp","href":"https:\/\/api.w.org\/{rel}","templated":true}]}}