{"id":1071,"date":"2020-06-29T10:17:03","date_gmt":"2020-06-29T08:17:03","guid":{"rendered":"http:\/\/www.trabajodeprocesos.net\/lily-vassillou\/"},"modified":"2021-02-01T16:08:43","modified_gmt":"2021-02-01T14:08:43","slug":"lily-vassillou","status":"publish","type":"page","link":"https:\/\/www.trabajodeprocesos.net\/ca\/professorat\/lily-vassillou\/","title":{"rendered":"Lily Vassillou"},"content":{"rendered":"\t\t<div data-elementor-type=\"wp-page\" data-elementor-id=\"1071\" class=\"elementor elementor-1071 elementor-869\" data-elementor-settings=\"[]\">\n\t\t\t\t\t\t<div class=\"elementor-inner\">\n\t\t\t\t\t\t\t<div class=\"elementor-section-wrap\">\n\t\t\t\t\t\t\t<section class=\"elementor-section elementor-top-section elementor-element elementor-element-0ce905b elementor-section-boxed elementor-section-height-default elementor-section-height-default\" data-id=\"0ce905b\" data-element_type=\"section\">\n\t\t\t\t\t\t<div class=\"elementor-container elementor-column-gap-default\">\n\t\t\t\t\t\t\t<div class=\"elementor-row\">\n\t\t\t\t\t<div class=\"elementor-column elementor-col-100 elementor-top-column elementor-element elementor-element-ed2da64\" data-id=\"ed2da64\" data-element_type=\"column\">\n\t\t\t<div class=\"elementor-column-wrap elementor-element-populated\">\n\t\t\t\t\t\t\t<div class=\"elementor-widget-wrap\">\n\t\t\t\t\t\t<div class=\"elementor-element elementor-element-ade6fc9 elementor-widget elementor-widget-image\" data-id=\"ade6fc9\" data-element_type=\"widget\" data-widget_type=\"image.default\">\n\t\t\t\t<div class=\"elementor-widget-container\">\n\t\t\t\t\t<div class=\"elementor-image\">\n\t\t\t\t\t\t\t\t\t\t<img loading=\"lazy\" decoding=\"async\" width=\"150\" height=\"150\" src=\"https:\/\/www.trabajodeprocesos.net\/wp-content\/uploads\/2021\/02\/LilyV-2019-150x150.jpg\" class=\"attachment-thumbnail size-thumbnail\" alt=\"\" \/>\t\t\t\t\t\t\t\t\t\t\t<\/div>\n\t\t\t\t<\/div>\n\t\t\t\t<\/div>\n\t\t\t\t\t\t<\/div>\n\t\t\t\t\t<\/div>\n\t\t<\/div>\n\t\t\t\t\t\t\t\t<\/div>\n\t\t\t\t\t<\/div>\n\t\t<\/section>\n\t\t\t\t<section class=\"elementor-section elementor-top-section elementor-element elementor-element-dc9a2df elementor-section-narrow_boxed elementor-section-height-default elementor-section-height-default\" data-id=\"dc9a2df\" data-element_type=\"section\">\n\t\t\t\t\t\t<div class=\"elementor-container elementor-column-gap-default\">\n\t\t\t\t\t\t\t<div class=\"elementor-row\">\n\t\t\t\t\t<div class=\"elementor-column elementor-col-100 elementor-top-column elementor-element elementor-element-00580b0\" data-id=\"00580b0\" data-element_type=\"column\">\n\t\t\t<div class=\"elementor-column-wrap elementor-element-populated\">\n\t\t\t\t\t\t\t<div class=\"elementor-widget-wrap\">\n\t\t\t\t\t\t<div class=\"elementor-element elementor-element-c2089ad elementor-widget elementor-widget-text-editor\" data-id=\"c2089ad\" data-element_type=\"widget\" data-widget_type=\"text-editor.default\">\n\t\t\t\t<div class=\"elementor-widget-container\">\n\t\t\t\t\t<div class=\"elementor-text-editor elementor-clearfix\"><p>La Lily Vassiliou, Ph.D., \u00e9s una treballadora de processos certificada, amb bagatge en treball social, teoria de sistemes i din\u00e0miques de grup. Complet\u00e0 els seus estudis de doctorat a l\u2019\u00e0rea de Psicologia, investigant l\u2019enfocament de Treball de Processos en relaci\u00f3 als atacs de p\u00e0nic.<\/p>\n<p>Juntament amb les seves col\u00b7legues, va portar Treball de Processos a Gr\u00e8cia, i \u00e9s cofundadora de Processwork Greece i Processwork Hub. \u00c9s membre de la facultat dels programes de formaci\u00f3 al Processwork Hub (Atenes) i al Process Work Institute (Portland, EUA). La Lily treballa a Gr\u00e8cia i internacionalment com a treballadora de processos, formadora, supervisora, coordinadora de grups i conflictes i com a consultora organitzacional.<\/p>\n<p>En el Treball de Processos, la Lily va trobar un paradigma que ent\u00e9n el que est\u00e0 passant com el Mestre; un paradigma que valora totes les experi\u00e8ncies i troba tresors amagats fins i tot en la m\u00e9s problem\u00e0tica de les experi\u00e8ncies. Aquesta visi\u00f3 del m\u00f3n encaixa amb el seu sentiment sobre la vida. Estar-hi immersa li d\u00f3na una comprensi\u00f3 i apreci m\u00e9s profunds de s\u00ed mateixa i del m\u00f3n que l\u2019envolta.<\/p>\n<p>Entre els seus interessos hi ha el Treball Global (Worldwork) com a metodologia per a treballar amb temes de diversitat i construir una comunitat sostenible. Ha ajudat a organitzar i coorganitzar F\u00f2rums Oberts a la ciutat d\u2019Atenes al voltant de la crisi econ\u00f2mica i els canvis socials implicats, per\u00f2 tamb\u00e9 a l\u2019estranger, a Portland i Eugene (Oregon, EUA) amb temes com el racisme, al xenof\u00f2bia, el sexisme i l\u2019homof\u00f2bia, i a Beaston (Leeds, Regne Unit) al voltant de les seq\u00fceles dels atemptats de juliol de 2005 a Londres. A Gr\u00e8cia, actualment, entre altres projectes en els que participa, treballa amb equips de v\u00e0ries ONGs que treballen als camps de refugiats, brindant-los suport per a la creaci\u00f3 d\u2019equips de treball, la supervisi\u00f3 i la prevenci\u00f3 de l\u2019esgotament. Altres interessos de la Lily s\u00f3n les experi\u00e8ncies properes a la mort i el treball amb persones en estat de coma.<\/p>\n<p><\/p>\n<\/div>\n\t\t\t\t<\/div>\n\t\t\t\t<\/div>\n\t\t\t\t\t\t<\/div>\n\t\t\t\t\t<\/div>\n\t\t<\/div>\n\t\t\t\t\t\t\t\t<\/div>\n\t\t\t\t\t<\/div>\n\t\t<\/section>\n\t\t\t\t\t\t<\/div>\n\t\t\t\t\t\t<\/div>\n\t\t\t\t\t<\/div>\n\t\t","protected":false},"excerpt":{"rendered":"<p>La Lily Vassiliou, Ph.D., \u00e9s una treballadora de processos certificada, amb bagatge en treball social, teoria de sistemes i din\u00e0miques de grup. Complet\u00e0 els seus estudis de doctorat a l\u2019\u00e0rea de Psicologia, investigant l\u2019enfocament de Treball de Processos en relaci\u00f3 als atacs de p\u00e0nic. Juntament amb les seves col\u00b7legues, va portar Treball de Processos a [&hellip;]<\/p>\n","protected":false},"author":2,"featured_media":0,"parent":928,"menu_order":0,"comment_status":"closed","ping_status":"closed","template":"","meta":{"footnotes":""},"class_list":["post-1071","page","type-page","status-publish","hentry"],"yoast_head":"<!-- This site is optimized with the Yoast SEO plugin v15.4 - https:\/\/yoast.com\/wordpress\/plugins\/seo\/ -->\n<title>Lily Vassillou - Trabajo de Procesos<\/title>\n<meta name=\"robots\" content=\"index, follow, max-snippet:-1, max-image-preview:large, max-video-preview:-1\" \/>\n<link rel=\"canonical\" href=\"https:\/\/www.trabajodeprocesos.net\/ca\/professorat\/lily-vassillou\/\" \/>\n<meta property=\"og:locale\" content=\"ca_ES\" \/>\n<meta property=\"og:type\" content=\"article\" \/>\n<meta property=\"og:title\" content=\"Lily Vassillou - Trabajo de Procesos\" \/>\n<meta property=\"og:description\" content=\"La Lily Vassiliou, Ph.D., \u00e9s una treballadora de processos certificada, amb bagatge en treball social, teoria de sistemes i din\u00e0miques de grup. Complet\u00e0 els seus estudis de doctorat a l\u2019\u00e0rea de Psicologia, investigant l\u2019enfocament de Treball de Processos en relaci\u00f3 als atacs de p\u00e0nic. Juntament amb les seves col\u00b7legues, va portar Treball de Processos a [&hellip;]\" \/>\n<meta property=\"og:url\" content=\"https:\/\/www.trabajodeprocesos.net\/ca\/professorat\/lily-vassillou\/\" \/>\n<meta property=\"og:site_name\" content=\"Trabajo de Procesos\" \/>\n<meta property=\"article:modified_time\" content=\"2021-02-01T14:08:43+00:00\" \/>\n<meta property=\"og:image\" content=\"http:\/\/www.trabajodeprocesos.net\/wp-content\/uploads\/2021\/02\/LilyV-2019-150x150.jpg\" \/>\n<meta name=\"twitter:card\" content=\"summary_large_image\" \/>\n<meta name=\"twitter:label1\" content=\"Escrit per\">\n\t<meta name=\"twitter:data1\" content=\"Whads Media Studios\">\n\t<meta name=\"twitter:label2\" content=\"Temps estimat de lectura\">\n\t<meta name=\"twitter:data2\" content=\"1 minut\">\n<script type=\"application\/ld+json\" class=\"yoast-schema-graph\">{\"@context\":\"https:\/\/schema.org\",\"@graph\":[{\"@type\":\"WebSite\",\"@id\":\"https:\/\/www.trabajodeprocesos.net\/ca\/#website\",\"url\":\"https:\/\/www.trabajodeprocesos.net\/ca\/\",\"name\":\"Trabajo de Procesos\",\"description\":\"\",\"potentialAction\":[{\"@type\":\"SearchAction\",\"target\":\"https:\/\/www.trabajodeprocesos.net\/ca\/?s={search_term_string}\",\"query-input\":\"required name=search_term_string\"}],\"inLanguage\":\"ca\"},{\"@type\":\"ImageObject\",\"@id\":\"https:\/\/www.trabajodeprocesos.net\/ca\/professorat\/lily-vassillou\/#primaryimage\",\"inLanguage\":\"ca\",\"url\":\"http:\/\/www.trabajodeprocesos.net\/wp-content\/uploads\/2021\/02\/LilyV-2019-150x150.jpg\"},{\"@type\":\"WebPage\",\"@id\":\"https:\/\/www.trabajodeprocesos.net\/ca\/professorat\/lily-vassillou\/#webpage\",\"url\":\"https:\/\/www.trabajodeprocesos.net\/ca\/professorat\/lily-vassillou\/\",\"name\":\"Lily Vassillou - Trabajo de Procesos\",\"isPartOf\":{\"@id\":\"https:\/\/www.trabajodeprocesos.net\/ca\/#website\"},\"primaryImageOfPage\":{\"@id\":\"https:\/\/www.trabajodeprocesos.net\/ca\/professorat\/lily-vassillou\/#primaryimage\"},\"datePublished\":\"2020-06-29T08:17:03+00:00\",\"dateModified\":\"2021-02-01T14:08:43+00:00\",\"inLanguage\":\"ca\",\"potentialAction\":[{\"@type\":\"ReadAction\",\"target\":[\"https:\/\/www.trabajodeprocesos.net\/ca\/professorat\/lily-vassillou\/\"]}]}]}<\/script>\n<!-- \/ Yoast SEO plugin. -->","_links":{"self":[{"href":"https:\/\/www.trabajodeprocesos.net\/ca\/wp-json\/wp\/v2\/pages\/1071","targetHints":{"allow":["GET"]}}],"collection":[{"href":"https:\/\/www.trabajodeprocesos.net\/ca\/wp-json\/wp\/v2\/pages"}],"about":[{"href":"https:\/\/www.trabajodeprocesos.net\/ca\/wp-json\/wp\/v2\/types\/page"}],"author":[{"embeddable":true,"href":"https:\/\/www.trabajodeprocesos.net\/ca\/wp-json\/wp\/v2\/users\/2"}],"replies":[{"embeddable":true,"href":"https:\/\/www.trabajodeprocesos.net\/ca\/wp-json\/wp\/v2\/comments?post=1071"}],"version-history":[{"count":7,"href":"https:\/\/www.trabajodeprocesos.net\/ca\/wp-json\/wp\/v2\/pages\/1071\/revisions"}],"predecessor-version":[{"id":9862,"href":"https:\/\/www.trabajodeprocesos.net\/ca\/wp-json\/wp\/v2\/pages\/1071\/revisions\/9862"}],"up":[{"embeddable":true,"href":"https:\/\/www.trabajodeprocesos.net\/ca\/wp-json\/wp\/v2\/pages\/928"}],"wp:attachment":[{"href":"https:\/\/www.trabajodeprocesos.net\/ca\/wp-json\/wp\/v2\/media?parent=1071"}],"curies":[{"name":"wp","href":"https:\/\/api.w.org\/{rel}","templated":true}]}}