{"id":1059,"date":"2020-06-29T10:09:56","date_gmt":"2020-06-29T08:09:56","guid":{"rendered":"http:\/\/www.trabajodeprocesos.net\/gill-emslie\/"},"modified":"2020-06-29T10:09:57","modified_gmt":"2020-06-29T08:09:57","slug":"gill-emslie","status":"publish","type":"page","link":"https:\/\/www.trabajodeprocesos.net\/ca\/professorat\/gill-emslie\/","title":{"rendered":"Gill Emslie"},"content":{"rendered":"\t\t<div data-elementor-type=\"wp-page\" data-elementor-id=\"1059\" class=\"elementor elementor-1059 elementor-830\" data-elementor-settings=\"[]\">\n\t\t\t\t\t\t<div class=\"elementor-inner\">\n\t\t\t\t\t\t\t<div class=\"elementor-section-wrap\">\n\t\t\t\t\t\t\t<section class=\"elementor-section elementor-top-section elementor-element elementor-element-4d0e1db elementor-section-boxed elementor-section-height-default elementor-section-height-default\" data-id=\"4d0e1db\" data-element_type=\"section\">\n\t\t\t\t\t\t<div class=\"elementor-container elementor-column-gap-default\">\n\t\t\t\t\t\t\t<div class=\"elementor-row\">\n\t\t\t\t\t<div class=\"elementor-column elementor-col-100 elementor-top-column elementor-element elementor-element-525c3e6\" data-id=\"525c3e6\" data-element_type=\"column\">\n\t\t\t<div class=\"elementor-column-wrap elementor-element-populated\">\n\t\t\t\t\t\t\t<div class=\"elementor-widget-wrap\">\n\t\t\t\t\t\t<div class=\"elementor-element elementor-element-a3417f7 elementor-widget elementor-widget-image\" data-id=\"a3417f7\" data-element_type=\"widget\" data-widget_type=\"image.default\">\n\t\t\t\t<div class=\"elementor-widget-container\">\n\t\t\t\t\t<div class=\"elementor-image\">\n\t\t\t\t\t\t\t\t\t\t<img loading=\"lazy\" decoding=\"async\" width=\"258\" height=\"258\" src=\"https:\/\/www.trabajodeprocesos.net\/wp-content\/uploads\/2019\/12\/gill-emslie.jpg\" class=\"attachment-large size-large\" alt=\"\" srcset=\"https:\/\/www.trabajodeprocesos.net\/wp-content\/uploads\/2019\/12\/gill-emslie.jpg 258w, https:\/\/www.trabajodeprocesos.net\/wp-content\/uploads\/2019\/12\/gill-emslie-150x150.jpg 150w\" sizes=\"auto, (max-width: 258px) 100vw, 258px\" \/>\t\t\t\t\t\t\t\t\t\t\t<\/div>\n\t\t\t\t<\/div>\n\t\t\t\t<\/div>\n\t\t\t\t\t\t<\/div>\n\t\t\t\t\t<\/div>\n\t\t<\/div>\n\t\t\t\t\t\t\t\t<\/div>\n\t\t\t\t\t<\/div>\n\t\t<\/section>\n\t\t\t\t<section class=\"elementor-section elementor-top-section elementor-element elementor-element-30d7032 elementor-section-narrow_boxed elementor-section-height-default elementor-section-height-default\" data-id=\"30d7032\" data-element_type=\"section\">\n\t\t\t\t\t\t<div class=\"elementor-container elementor-column-gap-default\">\n\t\t\t\t\t\t\t<div class=\"elementor-row\">\n\t\t\t\t\t<div class=\"elementor-column elementor-col-100 elementor-top-column elementor-element elementor-element-de91e3f\" data-id=\"de91e3f\" data-element_type=\"column\">\n\t\t\t<div class=\"elementor-column-wrap elementor-element-populated\">\n\t\t\t\t\t\t\t<div class=\"elementor-widget-wrap\">\n\t\t\t\t\t\t<div class=\"elementor-element elementor-element-ad3a448 elementor-widget__width-inherit elementor-widget elementor-widget-text-editor\" data-id=\"ad3a448\" data-element_type=\"widget\" data-widget_type=\"text-editor.default\">\n\t\t\t\t<div class=\"elementor-widget-container\">\n\t\t\t\t\t<div class=\"elementor-text-editor elementor-clearfix\"><p style=\"text-align: left;\"><\/p>\n<p style=\"text-align: left;\">La Gill treballa internacionalment com a facilitadora de Treball de Processos, formadora, coach i consultora. Gr\u00e0cies a la seva formaci\u00f3 en Treball de Processos treballa amb un enfocament interdisciplinar facilitant el lideratge i el canvi en \u00e0mbits diversos; a nivell individual, organitzacional i comunitari.<\/p>\n<p style=\"text-align: left;\">Com a formadora, la Gill ha impartit cursos a l\u2019educaci\u00f3 secund\u00e0ria i universit\u00e0ria a Europa, \u00c0sia i Am\u00e8rica Llatina. S\u2019especialitza en programes intensius al voltant de temes com el lideratges, la diversitat, la facilitaci\u00f3 de conflictes i la creaci\u00f3 de comunitat. Tamb\u00e9 col\u00b7labora amb xarxes locals, ONGs i facilitant el di\u00e0leg entre diversos sectors.<\/p>\n<p style=\"text-align: left;\">T\u00e9 un inter\u00e8s especial en l\u2019experi\u00e8ncia humana i com aquesta es relaciona amb els processos de canvi social, la diversitat i la inclusi\u00f3. Aix\u00f2 significa treballar amb din\u00e0miques de rang i poder en connexi\u00f3 amb l\u2019experi\u00e8ncia corporal. El seu desig \u00e9s ajudar a individus, organitzacions i comunitats a recon\u00e8ixer i donar suport a tot el seu potencial.<\/p>\n<p style=\"text-align: left;\">La Gill est\u00e0 formada pel Process Work Institute, a Oregon (EUA) i pel Research Society for Process Oriented Psychology UK (Londres). Va fer el seu Doctorat en Disseny Natural a la Universitat de Dundee (Esc\u00f2cia). \u00c9s terapeuta reconeguda pel UKCP (Regne Unit), supervisora i formadora de formadors. La Gill \u00e9s membre fundadora de l\u2019Institut de Treball de Processos i Democr\u00e0cia Profunda a l\u2019estat espanyol. Tamb\u00e9 ensenya al Regne Unit i a escoles de Treball de Processos a It\u00e0lia.<\/p>\n<p style=\"text-align: left;\">La Gill viu a Esc\u00f2cia i a l\u2019estat espanyol. A Findhorn, Esc\u00f2cia, \u00e9s membre fundadora d\u2019un petit projecte ecol\u00f2gic de covivenda de baixes emissions de carboni.&nbsp; \u00c9s membre de l\u2019Ecoaldea i Fundaci\u00f3 Findhorn, on ha dissenyat i impartit cursos de facilitaci\u00f3 de conflictes i programes de lideratge per hostes i l\u00edders internacionals.<\/p>\n<p style=\"text-align: left;\">La Fundaci\u00f3 Findhorn \u00e9s una ONG i un centre educatiu recolzat per les Nacions Unides, que es centra en temes de rellev\u00e0ncia global com la sostenibilitat, el medi ambient, la pau i l\u2019asil.<\/p>\n<p style=\"text-align: left;\">On sigui que es trobi la Gill, mai per l\u2019oportunitat de perdre\u2019s a la natura, sortir a caminar, navegar i fer caiac.<\/p>\n<p style=\"text-align: left;\"><\/p>\n<p style=\"text-align: left;\"><\/p>\n<\/div>\n\t\t\t\t<\/div>\n\t\t\t\t<\/div>\n\t\t\t\t\t\t<\/div>\n\t\t\t\t\t<\/div>\n\t\t<\/div>\n\t\t\t\t\t\t\t\t<\/div>\n\t\t\t\t\t<\/div>\n\t\t<\/section>\n\t\t\t\t\t\t<\/div>\n\t\t\t\t\t\t<\/div>\n\t\t\t\t\t<\/div>\n\t\t","protected":false},"excerpt":{"rendered":"<p>La Gill treballa internacionalment com a facilitadora de Treball de Processos, formadora, coach i consultora. Gr\u00e0cies a la seva formaci\u00f3 en Treball de Processos treballa amb un enfocament interdisciplinar facilitant el lideratge i el canvi en \u00e0mbits diversos; a nivell individual, organitzacional i comunitari. Com a formadora, la Gill ha impartit cursos a l\u2019educaci\u00f3 secund\u00e0ria [&hellip;]<\/p>\n","protected":false},"author":2,"featured_media":0,"parent":928,"menu_order":2,"comment_status":"closed","ping_status":"closed","template":"","meta":{"footnotes":""},"class_list":["post-1059","page","type-page","status-publish","hentry"],"yoast_head":"<!-- This site is optimized with the Yoast SEO plugin v15.4 - https:\/\/yoast.com\/wordpress\/plugins\/seo\/ -->\n<title>Gill Emslie - Trabajo de Procesos<\/title>\n<meta name=\"robots\" content=\"index, follow, max-snippet:-1, max-image-preview:large, max-video-preview:-1\" \/>\n<link rel=\"canonical\" href=\"https:\/\/www.trabajodeprocesos.net\/ca\/professorat\/gill-emslie\/\" \/>\n<meta property=\"og:locale\" content=\"ca_ES\" \/>\n<meta property=\"og:type\" content=\"article\" \/>\n<meta property=\"og:title\" content=\"Gill Emslie - Trabajo de Procesos\" \/>\n<meta property=\"og:description\" content=\"La Gill treballa internacionalment com a facilitadora de Treball de Processos, formadora, coach i consultora. Gr\u00e0cies a la seva formaci\u00f3 en Treball de Processos treballa amb un enfocament interdisciplinar facilitant el lideratge i el canvi en \u00e0mbits diversos; a nivell individual, organitzacional i comunitari. Com a formadora, la Gill ha impartit cursos a l\u2019educaci\u00f3 secund\u00e0ria [&hellip;]\" \/>\n<meta property=\"og:url\" content=\"https:\/\/www.trabajodeprocesos.net\/ca\/professorat\/gill-emslie\/\" \/>\n<meta property=\"og:site_name\" content=\"Trabajo de Procesos\" \/>\n<meta property=\"article:modified_time\" content=\"2020-06-29T08:09:57+00:00\" \/>\n<meta property=\"og:image\" content=\"http:\/\/www.trabajodeprocesos.net\/wp-content\/uploads\/2019\/12\/gill-emslie.jpg\" \/>\n<meta name=\"twitter:card\" content=\"summary_large_image\" \/>\n<meta name=\"twitter:label1\" content=\"Escrit per\">\n\t<meta name=\"twitter:data1\" content=\"Whads Media Studios\">\n\t<meta name=\"twitter:label2\" content=\"Temps estimat de lectura\">\n\t<meta name=\"twitter:data2\" content=\"1 minut\">\n<script type=\"application\/ld+json\" class=\"yoast-schema-graph\">{\"@context\":\"https:\/\/schema.org\",\"@graph\":[{\"@type\":\"WebSite\",\"@id\":\"https:\/\/www.trabajodeprocesos.net\/ca\/#website\",\"url\":\"https:\/\/www.trabajodeprocesos.net\/ca\/\",\"name\":\"Trabajo de Procesos\",\"description\":\"\",\"potentialAction\":[{\"@type\":\"SearchAction\",\"target\":\"https:\/\/www.trabajodeprocesos.net\/ca\/?s={search_term_string}\",\"query-input\":\"required name=search_term_string\"}],\"inLanguage\":\"ca\"},{\"@type\":\"ImageObject\",\"@id\":\"https:\/\/www.trabajodeprocesos.net\/ca\/professorat\/gill-emslie\/#primaryimage\",\"inLanguage\":\"ca\",\"url\":\"http:\/\/www.trabajodeprocesos.net\/wp-content\/uploads\/2019\/12\/gill-emslie.jpg\"},{\"@type\":\"WebPage\",\"@id\":\"https:\/\/www.trabajodeprocesos.net\/ca\/professorat\/gill-emslie\/#webpage\",\"url\":\"https:\/\/www.trabajodeprocesos.net\/ca\/professorat\/gill-emslie\/\",\"name\":\"Gill Emslie - Trabajo de Procesos\",\"isPartOf\":{\"@id\":\"https:\/\/www.trabajodeprocesos.net\/ca\/#website\"},\"primaryImageOfPage\":{\"@id\":\"https:\/\/www.trabajodeprocesos.net\/ca\/professorat\/gill-emslie\/#primaryimage\"},\"datePublished\":\"2020-06-29T08:09:56+00:00\",\"dateModified\":\"2020-06-29T08:09:57+00:00\",\"inLanguage\":\"ca\",\"potentialAction\":[{\"@type\":\"ReadAction\",\"target\":[\"https:\/\/www.trabajodeprocesos.net\/ca\/professorat\/gill-emslie\/\"]}]}]}<\/script>\n<!-- \/ Yoast SEO plugin. -->","_links":{"self":[{"href":"https:\/\/www.trabajodeprocesos.net\/ca\/wp-json\/wp\/v2\/pages\/1059","targetHints":{"allow":["GET"]}}],"collection":[{"href":"https:\/\/www.trabajodeprocesos.net\/ca\/wp-json\/wp\/v2\/pages"}],"about":[{"href":"https:\/\/www.trabajodeprocesos.net\/ca\/wp-json\/wp\/v2\/types\/page"}],"author":[{"embeddable":true,"href":"https:\/\/www.trabajodeprocesos.net\/ca\/wp-json\/wp\/v2\/users\/2"}],"replies":[{"embeddable":true,"href":"https:\/\/www.trabajodeprocesos.net\/ca\/wp-json\/wp\/v2\/comments?post=1059"}],"version-history":[{"count":5,"href":"https:\/\/www.trabajodeprocesos.net\/ca\/wp-json\/wp\/v2\/pages\/1059\/revisions"}],"predecessor-version":[{"id":1064,"href":"https:\/\/www.trabajodeprocesos.net\/ca\/wp-json\/wp\/v2\/pages\/1059\/revisions\/1064"}],"up":[{"embeddable":true,"href":"https:\/\/www.trabajodeprocesos.net\/ca\/wp-json\/wp\/v2\/pages\/928"}],"wp:attachment":[{"href":"https:\/\/www.trabajodeprocesos.net\/ca\/wp-json\/wp\/v2\/media?parent=1059"}],"curies":[{"name":"wp","href":"https:\/\/api.w.org\/{rel}","templated":true}]}}