{"id":1049,"date":"2020-06-29T10:01:13","date_gmt":"2020-06-29T08:01:13","guid":{"rendered":"http:\/\/www.trabajodeprocesos.net\/evelyn-figueroa\/"},"modified":"2020-10-05T11:29:46","modified_gmt":"2020-10-05T09:29:46","slug":"evelyn-figueroa","status":"publish","type":"page","link":"https:\/\/www.trabajodeprocesos.net\/ca\/professorat\/evelyn-figueroa\/","title":{"rendered":"Evelyn Figueroa"},"content":{"rendered":"\t\t<div data-elementor-type=\"wp-page\" data-elementor-id=\"1049\" class=\"elementor elementor-1049 elementor-848\" data-elementor-settings=\"[]\">\n\t\t\t\t\t\t<div class=\"elementor-inner\">\n\t\t\t\t\t\t\t<div class=\"elementor-section-wrap\">\n\t\t\t\t\t\t\t<section class=\"elementor-section elementor-top-section elementor-element elementor-element-62077a0 elementor-section-boxed elementor-section-height-default elementor-section-height-default\" data-id=\"62077a0\" data-element_type=\"section\">\n\t\t\t\t\t\t<div class=\"elementor-container elementor-column-gap-default\">\n\t\t\t\t\t\t\t<div class=\"elementor-row\">\n\t\t\t\t\t<div class=\"elementor-column elementor-col-100 elementor-top-column elementor-element elementor-element-092ccc0\" data-id=\"092ccc0\" data-element_type=\"column\">\n\t\t\t<div class=\"elementor-column-wrap elementor-element-populated\">\n\t\t\t\t\t\t\t<div class=\"elementor-widget-wrap\">\n\t\t\t\t\t\t<div class=\"elementor-element elementor-element-1d31d8e elementor-widget elementor-widget-image\" data-id=\"1d31d8e\" data-element_type=\"widget\" data-widget_type=\"image.default\">\n\t\t\t\t<div class=\"elementor-widget-container\">\n\t\t\t\t\t<div class=\"elementor-image\">\n\t\t\t\t\t\t\t\t\t\t<img loading=\"lazy\" decoding=\"async\" width=\"291\" height=\"300\" src=\"https:\/\/www.trabajodeprocesos.net\/wp-content\/uploads\/2020\/10\/unnamed-1-291x300.jpg\" class=\"attachment-medium size-medium\" alt=\"\" srcset=\"https:\/\/www.trabajodeprocesos.net\/wp-content\/uploads\/2020\/10\/unnamed-1-291x300.jpg 291w, https:\/\/www.trabajodeprocesos.net\/wp-content\/uploads\/2020\/10\/unnamed-1.jpg 481w\" sizes=\"auto, (max-width: 291px) 100vw, 291px\" \/>\t\t\t\t\t\t\t\t\t\t\t<\/div>\n\t\t\t\t<\/div>\n\t\t\t\t<\/div>\n\t\t\t\t\t\t<\/div>\n\t\t\t\t\t<\/div>\n\t\t<\/div>\n\t\t\t\t\t\t\t\t<\/div>\n\t\t\t\t\t<\/div>\n\t\t<\/section>\n\t\t\t\t<section class=\"elementor-section elementor-top-section elementor-element elementor-element-8dad080 elementor-section-narrow_boxed elementor-section-height-default elementor-section-height-default\" data-id=\"8dad080\" data-element_type=\"section\">\n\t\t\t\t\t\t<div class=\"elementor-container elementor-column-gap-default\">\n\t\t\t\t\t\t\t<div class=\"elementor-row\">\n\t\t\t\t\t<div class=\"elementor-column elementor-col-100 elementor-top-column elementor-element elementor-element-21a5bde\" data-id=\"21a5bde\" data-element_type=\"column\">\n\t\t\t<div class=\"elementor-column-wrap elementor-element-populated\">\n\t\t\t\t\t\t\t<div class=\"elementor-widget-wrap\">\n\t\t\t\t\t\t<div class=\"elementor-element elementor-element-0adfb54 elementor-widget elementor-widget-text-editor\" data-id=\"0adfb54\" data-element_type=\"widget\" data-widget_type=\"text-editor.default\">\n\t\t\t\t<div class=\"elementor-widget-container\">\n\t\t\t\t\t<div class=\"elementor-text-editor elementor-clearfix\"><p><span style=\"color: inherit; font-family: inherit; font-size: inherit; font-weight: inherit;\">L\u2019Evelyn treballa com a terapeuta i tamb\u00e9 ensenya ioga a Par\u00eds (Fran\u00e7a). Fou part de la facultat de l\u2019escola de Treball de Processos (RSPOPUK) a Gran Bretanya durant 10 anys i, des del 2012 forma part de la facultat responsable de la formaci\u00f3 de Treball de Processos a l\u2019estat espanyol. Treballa tamb\u00e9 amb estudiants d\u2019Eslov\u00e0quia. Li interessa particularment el treball corporal i quinest\u00e8sic, el treball interior i com estan relacionats amb el canal de les relacions i del m\u00f3n. Com que tamb\u00e9 pinta, li motiva explorar com connectem i sostenim la creativitat.<\/span><\/p><\/p>\n<\/div>\n\t\t\t\t<\/div>\n\t\t\t\t<\/div>\n\t\t\t\t\t\t<\/div>\n\t\t\t\t\t<\/div>\n\t\t<\/div>\n\t\t\t\t\t\t\t\t<\/div>\n\t\t\t\t\t<\/div>\n\t\t<\/section>\n\t\t\t\t\t\t<\/div>\n\t\t\t\t\t\t<\/div>\n\t\t\t\t\t<\/div>\n\t\t","protected":false},"excerpt":{"rendered":"<p>L\u2019Evelyn treballa com a terapeuta i tamb\u00e9 ensenya ioga a Par\u00eds (Fran\u00e7a). Fou part de la facultat de l\u2019escola de Treball de Processos (RSPOPUK) a Gran Bretanya durant 10 anys i, des del 2012 forma part de la facultat responsable de la formaci\u00f3 de Treball de Processos a l\u2019estat espanyol. Treballa tamb\u00e9 amb estudiants d\u2019Eslov\u00e0quia. [&hellip;]<\/p>\n","protected":false},"author":2,"featured_media":0,"parent":928,"menu_order":0,"comment_status":"closed","ping_status":"closed","template":"","meta":{"footnotes":""},"class_list":["post-1049","page","type-page","status-publish","hentry"],"yoast_head":"<!-- This site is optimized with the Yoast SEO plugin v15.4 - https:\/\/yoast.com\/wordpress\/plugins\/seo\/ -->\n<title>Evelyn Figueroa - Trabajo de Procesos<\/title>\n<meta name=\"robots\" content=\"index, follow, max-snippet:-1, max-image-preview:large, max-video-preview:-1\" \/>\n<link rel=\"canonical\" href=\"https:\/\/www.trabajodeprocesos.net\/ca\/professorat\/evelyn-figueroa\/\" \/>\n<meta property=\"og:locale\" content=\"ca_ES\" \/>\n<meta property=\"og:type\" content=\"article\" \/>\n<meta property=\"og:title\" content=\"Evelyn Figueroa - Trabajo de Procesos\" \/>\n<meta property=\"og:description\" content=\"L\u2019Evelyn treballa com a terapeuta i tamb\u00e9 ensenya ioga a Par\u00eds (Fran\u00e7a). Fou part de la facultat de l\u2019escola de Treball de Processos (RSPOPUK) a Gran Bretanya durant 10 anys i, des del 2012 forma part de la facultat responsable de la formaci\u00f3 de Treball de Processos a l\u2019estat espanyol. Treballa tamb\u00e9 amb estudiants d\u2019Eslov\u00e0quia. [&hellip;]\" \/>\n<meta property=\"og:url\" content=\"https:\/\/www.trabajodeprocesos.net\/ca\/professorat\/evelyn-figueroa\/\" \/>\n<meta property=\"og:site_name\" content=\"Trabajo de Procesos\" \/>\n<meta property=\"article:modified_time\" content=\"2020-10-05T09:29:46+00:00\" \/>\n<meta property=\"og:image\" content=\"http:\/\/www.trabajodeprocesos.net\/wp-content\/uploads\/2020\/10\/unnamed-1-291x300.jpg\" \/>\n<meta name=\"twitter:card\" content=\"summary_large_image\" \/>\n<meta name=\"twitter:label1\" content=\"Escrit per\">\n\t<meta name=\"twitter:data1\" content=\"Whads Media Studios\">\n\t<meta name=\"twitter:label2\" content=\"Temps estimat de lectura\">\n\t<meta name=\"twitter:data2\" content=\"0 minuts\">\n<script type=\"application\/ld+json\" class=\"yoast-schema-graph\">{\"@context\":\"https:\/\/schema.org\",\"@graph\":[{\"@type\":\"WebSite\",\"@id\":\"https:\/\/www.trabajodeprocesos.net\/ca\/#website\",\"url\":\"https:\/\/www.trabajodeprocesos.net\/ca\/\",\"name\":\"Trabajo de Procesos\",\"description\":\"\",\"potentialAction\":[{\"@type\":\"SearchAction\",\"target\":\"https:\/\/www.trabajodeprocesos.net\/ca\/?s={search_term_string}\",\"query-input\":\"required name=search_term_string\"}],\"inLanguage\":\"ca\"},{\"@type\":\"ImageObject\",\"@id\":\"https:\/\/www.trabajodeprocesos.net\/ca\/professorat\/evelyn-figueroa\/#primaryimage\",\"inLanguage\":\"ca\",\"url\":\"http:\/\/www.trabajodeprocesos.net\/wp-content\/uploads\/2020\/10\/unnamed-1-291x300.jpg\"},{\"@type\":\"WebPage\",\"@id\":\"https:\/\/www.trabajodeprocesos.net\/ca\/professorat\/evelyn-figueroa\/#webpage\",\"url\":\"https:\/\/www.trabajodeprocesos.net\/ca\/professorat\/evelyn-figueroa\/\",\"name\":\"Evelyn Figueroa - Trabajo de Procesos\",\"isPartOf\":{\"@id\":\"https:\/\/www.trabajodeprocesos.net\/ca\/#website\"},\"primaryImageOfPage\":{\"@id\":\"https:\/\/www.trabajodeprocesos.net\/ca\/professorat\/evelyn-figueroa\/#primaryimage\"},\"datePublished\":\"2020-06-29T08:01:13+00:00\",\"dateModified\":\"2020-10-05T09:29:46+00:00\",\"inLanguage\":\"ca\",\"potentialAction\":[{\"@type\":\"ReadAction\",\"target\":[\"https:\/\/www.trabajodeprocesos.net\/ca\/professorat\/evelyn-figueroa\/\"]}]}]}<\/script>\n<!-- \/ Yoast SEO plugin. -->","_links":{"self":[{"href":"https:\/\/www.trabajodeprocesos.net\/ca\/wp-json\/wp\/v2\/pages\/1049","targetHints":{"allow":["GET"]}}],"collection":[{"href":"https:\/\/www.trabajodeprocesos.net\/ca\/wp-json\/wp\/v2\/pages"}],"about":[{"href":"https:\/\/www.trabajodeprocesos.net\/ca\/wp-json\/wp\/v2\/types\/page"}],"author":[{"embeddable":true,"href":"https:\/\/www.trabajodeprocesos.net\/ca\/wp-json\/wp\/v2\/users\/2"}],"replies":[{"embeddable":true,"href":"https:\/\/www.trabajodeprocesos.net\/ca\/wp-json\/wp\/v2\/comments?post=1049"}],"version-history":[{"count":5,"href":"https:\/\/www.trabajodeprocesos.net\/ca\/wp-json\/wp\/v2\/pages\/1049\/revisions"}],"predecessor-version":[{"id":7023,"href":"https:\/\/www.trabajodeprocesos.net\/ca\/wp-json\/wp\/v2\/pages\/1049\/revisions\/7023"}],"up":[{"embeddable":true,"href":"https:\/\/www.trabajodeprocesos.net\/ca\/wp-json\/wp\/v2\/pages\/928"}],"wp:attachment":[{"href":"https:\/\/www.trabajodeprocesos.net\/ca\/wp-json\/wp\/v2\/media?parent=1049"}],"curies":[{"name":"wp","href":"https:\/\/api.w.org\/{rel}","templated":true}]}}