{"id":1044,"date":"2020-06-29T09:59:56","date_gmt":"2020-06-29T07:59:56","guid":{"rendered":"http:\/\/www.trabajodeprocesos.net\/carol-zahner\/"},"modified":"2020-06-29T09:59:58","modified_gmt":"2020-06-29T07:59:58","slug":"carol-zahner","status":"publish","type":"page","link":"https:\/\/www.trabajodeprocesos.net\/ca\/professorat\/carol-zahner\/","title":{"rendered":"Carol Zahner"},"content":{"rendered":"\t\t<div data-elementor-type=\"wp-page\" data-elementor-id=\"1044\" class=\"elementor elementor-1044 elementor-872\" data-elementor-settings=\"[]\">\n\t\t\t\t\t\t<div class=\"elementor-inner\">\n\t\t\t\t\t\t\t<div class=\"elementor-section-wrap\">\n\t\t\t\t\t\t\t<section class=\"elementor-section elementor-top-section elementor-element elementor-element-9cc86fc elementor-section-boxed elementor-section-height-default elementor-section-height-default\" data-id=\"9cc86fc\" data-element_type=\"section\">\n\t\t\t\t\t\t<div class=\"elementor-container elementor-column-gap-default\">\n\t\t\t\t\t\t\t<div class=\"elementor-row\">\n\t\t\t\t\t<div class=\"elementor-column elementor-col-100 elementor-top-column elementor-element elementor-element-b39303a\" data-id=\"b39303a\" data-element_type=\"column\">\n\t\t\t<div class=\"elementor-column-wrap elementor-element-populated\">\n\t\t\t\t\t\t\t<div class=\"elementor-widget-wrap\">\n\t\t\t\t\t\t<div class=\"elementor-element elementor-element-f894cda elementor-widget elementor-widget-image\" data-id=\"f894cda\" data-element_type=\"widget\" data-widget_type=\"image.default\">\n\t\t\t\t<div class=\"elementor-widget-container\">\n\t\t\t\t\t<div class=\"elementor-image\">\n\t\t\t\t\t\t\t\t\t\t<img loading=\"lazy\" decoding=\"async\" width=\"283\" height=\"283\" src=\"https:\/\/www.trabajodeprocesos.net\/wp-content\/uploads\/2019\/12\/carol-zahner.jpg\" class=\"attachment-medium_large size-medium_large\" alt=\"\" srcset=\"https:\/\/www.trabajodeprocesos.net\/wp-content\/uploads\/2019\/12\/carol-zahner.jpg 283w, https:\/\/www.trabajodeprocesos.net\/wp-content\/uploads\/2019\/12\/carol-zahner-150x150.jpg 150w\" sizes=\"auto, (max-width: 283px) 100vw, 283px\" \/>\t\t\t\t\t\t\t\t\t\t\t<\/div>\n\t\t\t\t<\/div>\n\t\t\t\t<\/div>\n\t\t\t\t\t\t<\/div>\n\t\t\t\t\t<\/div>\n\t\t<\/div>\n\t\t\t\t\t\t\t\t<\/div>\n\t\t\t\t\t<\/div>\n\t\t<\/section>\n\t\t\t\t<section class=\"elementor-section elementor-top-section elementor-element elementor-element-df1ec51 elementor-section-narrow_boxed elementor-section-height-default elementor-section-height-default\" data-id=\"df1ec51\" data-element_type=\"section\">\n\t\t\t\t\t\t<div class=\"elementor-container elementor-column-gap-default\">\n\t\t\t\t\t\t\t<div class=\"elementor-row\">\n\t\t\t\t\t<div class=\"elementor-column elementor-col-100 elementor-top-column elementor-element elementor-element-5eea5d9\" data-id=\"5eea5d9\" data-element_type=\"column\">\n\t\t\t<div class=\"elementor-column-wrap elementor-element-populated\">\n\t\t\t\t\t\t\t<div class=\"elementor-widget-wrap\">\n\t\t\t\t\t\t<div class=\"elementor-element elementor-element-fe7bccf elementor-widget elementor-widget-text-editor\" data-id=\"fe7bccf\" data-element_type=\"widget\" data-widget_type=\"text-editor.default\">\n\t\t\t\t<div class=\"elementor-widget-container\">\n\t\t\t\t\t<div class=\"elementor-text-editor elementor-clearfix\"><p><span style=\"color: inherit; font-family: inherit; font-size: inherit; font-weight: inherit;\">Carol Zahner, M\u00e0ster en Enginyeria, University of California at Davis, Diplomada en Treball de Processos, Process Work Institute of Portland, Oregon.<\/span><\/p>\n<p>Carol Zahner \u00e9s la directora executiva i cofundadora de la&nbsp;<em>Fundaci\u00f3 Processwork Latinoam\u00e8rica<\/em>. \u00c9s membre de la facultat del&nbsp;<em>Process Work Institute<\/em>&nbsp;a Portland, Oregon, aix\u00ed com part de l\u2019equip de facilitaci\u00f3 del Worldwork.<\/p>\n<p>Recentment, ha sigut professora convidada al programa de M\u00e0ster en Sostenibilitat a la Universitad Externado de Col\u00f2mbia, i consultora independent per a un nou grup de pol\u00edtics colombians. La seva investigaci\u00f3 actual explora la consci\u00e8ncia paral\u00b7lela del pensament i les sensacions corporals i les pr\u00e0ctiques no-verbals en processos de grup.&nbsp; El seu enfocament es centra en m\u00e8todes que siguin inclusius per a diferents cultures i estils de comunicaci\u00f3 que explorin relacions i din\u00e0miques socials incloent la improvisaci\u00f3 de moviment i l\u2019art visual.<\/p>\n<p>La Carol viu al bosc, al costat de l\u2019oce\u00e0, a Maine, Estats Units, i a Bogot\u00e0, Col\u00f2mbia.<\/p>\n<p><\/p>\n<p><\/p><\/p>\n<\/div>\n\t\t\t\t<\/div>\n\t\t\t\t<\/div>\n\t\t\t\t\t\t<\/div>\n\t\t\t\t\t<\/div>\n\t\t<\/div>\n\t\t\t\t\t\t\t\t<\/div>\n\t\t\t\t\t<\/div>\n\t\t<\/section>\n\t\t\t\t\t\t<\/div>\n\t\t\t\t\t\t<\/div>\n\t\t\t\t\t<\/div>\n\t\t","protected":false},"excerpt":{"rendered":"<p>Carol Zahner, M\u00e0ster en Enginyeria, University of California at Davis, Diplomada en Treball de Processos, Process Work Institute of Portland, Oregon. Carol Zahner \u00e9s la directora executiva i cofundadora de la&nbsp;Fundaci\u00f3 Processwork Latinoam\u00e8rica. \u00c9s membre de la facultat del&nbsp;Process Work Institute&nbsp;a Portland, Oregon, aix\u00ed com part de l\u2019equip de facilitaci\u00f3 del Worldwork. Recentment, ha sigut [&hellip;]<\/p>\n","protected":false},"author":2,"featured_media":0,"parent":928,"menu_order":0,"comment_status":"closed","ping_status":"closed","template":"","meta":{"footnotes":""},"class_list":["post-1044","page","type-page","status-publish","hentry"],"yoast_head":"<!-- This site is optimized with the Yoast SEO plugin v15.4 - https:\/\/yoast.com\/wordpress\/plugins\/seo\/ -->\n<title>Carol Zahner - Trabajo de Procesos<\/title>\n<meta name=\"robots\" content=\"index, follow, max-snippet:-1, max-image-preview:large, max-video-preview:-1\" \/>\n<link rel=\"canonical\" href=\"https:\/\/www.trabajodeprocesos.net\/ca\/professorat\/carol-zahner\/\" \/>\n<meta property=\"og:locale\" content=\"ca_ES\" \/>\n<meta property=\"og:type\" content=\"article\" \/>\n<meta property=\"og:title\" content=\"Carol Zahner - Trabajo de Procesos\" \/>\n<meta property=\"og:description\" content=\"Carol Zahner, M\u00e0ster en Enginyeria, University of California at Davis, Diplomada en Treball de Processos, Process Work Institute of Portland, Oregon. Carol Zahner \u00e9s la directora executiva i cofundadora de la&nbsp;Fundaci\u00f3 Processwork Latinoam\u00e8rica. \u00c9s membre de la facultat del&nbsp;Process Work Institute&nbsp;a Portland, Oregon, aix\u00ed com part de l\u2019equip de facilitaci\u00f3 del Worldwork. Recentment, ha sigut [&hellip;]\" \/>\n<meta property=\"og:url\" content=\"https:\/\/www.trabajodeprocesos.net\/ca\/professorat\/carol-zahner\/\" \/>\n<meta property=\"og:site_name\" content=\"Trabajo de Procesos\" \/>\n<meta property=\"article:modified_time\" content=\"2020-06-29T07:59:58+00:00\" \/>\n<meta property=\"og:image\" content=\"http:\/\/www.trabajodeprocesos.net\/wp-content\/uploads\/2019\/12\/carol-zahner.jpg\" \/>\n<meta name=\"twitter:card\" content=\"summary_large_image\" \/>\n<meta name=\"twitter:label1\" content=\"Escrit per\">\n\t<meta name=\"twitter:data1\" content=\"Whads Media Studios\">\n\t<meta name=\"twitter:label2\" content=\"Temps estimat de lectura\">\n\t<meta name=\"twitter:data2\" content=\"1 minut\">\n<script type=\"application\/ld+json\" class=\"yoast-schema-graph\">{\"@context\":\"https:\/\/schema.org\",\"@graph\":[{\"@type\":\"WebSite\",\"@id\":\"https:\/\/www.trabajodeprocesos.net\/ca\/#website\",\"url\":\"https:\/\/www.trabajodeprocesos.net\/ca\/\",\"name\":\"Trabajo de Procesos\",\"description\":\"\",\"potentialAction\":[{\"@type\":\"SearchAction\",\"target\":\"https:\/\/www.trabajodeprocesos.net\/ca\/?s={search_term_string}\",\"query-input\":\"required name=search_term_string\"}],\"inLanguage\":\"ca\"},{\"@type\":\"ImageObject\",\"@id\":\"https:\/\/www.trabajodeprocesos.net\/ca\/professorat\/carol-zahner\/#primaryimage\",\"inLanguage\":\"ca\",\"url\":\"http:\/\/www.trabajodeprocesos.net\/wp-content\/uploads\/2019\/12\/carol-zahner.jpg\"},{\"@type\":\"WebPage\",\"@id\":\"https:\/\/www.trabajodeprocesos.net\/ca\/professorat\/carol-zahner\/#webpage\",\"url\":\"https:\/\/www.trabajodeprocesos.net\/ca\/professorat\/carol-zahner\/\",\"name\":\"Carol Zahner - Trabajo de Procesos\",\"isPartOf\":{\"@id\":\"https:\/\/www.trabajodeprocesos.net\/ca\/#website\"},\"primaryImageOfPage\":{\"@id\":\"https:\/\/www.trabajodeprocesos.net\/ca\/professorat\/carol-zahner\/#primaryimage\"},\"datePublished\":\"2020-06-29T07:59:56+00:00\",\"dateModified\":\"2020-06-29T07:59:58+00:00\",\"inLanguage\":\"ca\",\"potentialAction\":[{\"@type\":\"ReadAction\",\"target\":[\"https:\/\/www.trabajodeprocesos.net\/ca\/professorat\/carol-zahner\/\"]}]}]}<\/script>\n<!-- \/ Yoast SEO plugin. -->","_links":{"self":[{"href":"https:\/\/www.trabajodeprocesos.net\/ca\/wp-json\/wp\/v2\/pages\/1044","targetHints":{"allow":["GET"]}}],"collection":[{"href":"https:\/\/www.trabajodeprocesos.net\/ca\/wp-json\/wp\/v2\/pages"}],"about":[{"href":"https:\/\/www.trabajodeprocesos.net\/ca\/wp-json\/wp\/v2\/types\/page"}],"author":[{"embeddable":true,"href":"https:\/\/www.trabajodeprocesos.net\/ca\/wp-json\/wp\/v2\/users\/2"}],"replies":[{"embeddable":true,"href":"https:\/\/www.trabajodeprocesos.net\/ca\/wp-json\/wp\/v2\/comments?post=1044"}],"version-history":[{"count":4,"href":"https:\/\/www.trabajodeprocesos.net\/ca\/wp-json\/wp\/v2\/pages\/1044\/revisions"}],"predecessor-version":[{"id":1048,"href":"https:\/\/www.trabajodeprocesos.net\/ca\/wp-json\/wp\/v2\/pages\/1044\/revisions\/1048"}],"up":[{"embeddable":true,"href":"https:\/\/www.trabajodeprocesos.net\/ca\/wp-json\/wp\/v2\/pages\/928"}],"wp:attachment":[{"href":"https:\/\/www.trabajodeprocesos.net\/ca\/wp-json\/wp\/v2\/media?parent=1044"}],"curies":[{"name":"wp","href":"https:\/\/api.w.org\/{rel}","templated":true}]}}