{"id":1042,"date":"2020-06-29T09:56:29","date_gmt":"2020-06-29T07:56:29","guid":{"rendered":"http:\/\/www.trabajodeprocesos.net\/boris-sopko\/"},"modified":"2020-06-29T09:56:30","modified_gmt":"2020-06-29T07:56:30","slug":"boris-sopko","status":"publish","type":"page","link":"https:\/\/www.trabajodeprocesos.net\/ca\/professorat\/boris-sopko\/","title":{"rendered":"Boris Sopko"},"content":{"rendered":"\t\t<div data-elementor-type=\"wp-page\" data-elementor-id=\"1042\" class=\"elementor elementor-1042 elementor-865\" data-elementor-settings=\"[]\">\n\t\t\t\t\t\t<div class=\"elementor-inner\">\n\t\t\t\t\t\t\t<div class=\"elementor-section-wrap\">\n\t\t\t\t\t\t\t<section class=\"elementor-section elementor-top-section elementor-element elementor-element-c099b3b elementor-section-boxed elementor-section-height-default elementor-section-height-default\" data-id=\"c099b3b\" data-element_type=\"section\">\n\t\t\t\t\t\t<div class=\"elementor-container elementor-column-gap-default\">\n\t\t\t\t\t\t\t<div class=\"elementor-row\">\n\t\t\t\t\t<div class=\"elementor-column elementor-col-100 elementor-top-column elementor-element elementor-element-0ebbfb3\" data-id=\"0ebbfb3\" data-element_type=\"column\">\n\t\t\t<div class=\"elementor-column-wrap elementor-element-populated\">\n\t\t\t\t\t\t\t<div class=\"elementor-widget-wrap\">\n\t\t\t\t\t\t<div class=\"elementor-element elementor-element-8e2f9a8 elementor-widget elementor-widget-image\" data-id=\"8e2f9a8\" data-element_type=\"widget\" data-widget_type=\"image.default\">\n\t\t\t\t<div class=\"elementor-widget-container\">\n\t\t\t\t\t<div class=\"elementor-image\">\n\t\t\t\t\t\t\t\t\t\t<img loading=\"lazy\" decoding=\"async\" width=\"229\" height=\"228\" src=\"https:\/\/www.trabajodeprocesos.net\/wp-content\/uploads\/2019\/12\/boris-sopko.jpg\" class=\"attachment-large size-large\" alt=\"\" srcset=\"https:\/\/www.trabajodeprocesos.net\/wp-content\/uploads\/2019\/12\/boris-sopko.jpg 229w, https:\/\/www.trabajodeprocesos.net\/wp-content\/uploads\/2019\/12\/boris-sopko-150x150.jpg 150w\" sizes=\"auto, (max-width: 229px) 100vw, 229px\" \/>\t\t\t\t\t\t\t\t\t\t\t<\/div>\n\t\t\t\t<\/div>\n\t\t\t\t<\/div>\n\t\t\t\t\t\t<\/div>\n\t\t\t\t\t<\/div>\n\t\t<\/div>\n\t\t\t\t\t\t\t\t<\/div>\n\t\t\t\t\t<\/div>\n\t\t<\/section>\n\t\t\t\t<section class=\"elementor-section elementor-top-section elementor-element elementor-element-b4a3c94 elementor-section-narrow_boxed elementor-section-height-default elementor-section-height-default\" data-id=\"b4a3c94\" data-element_type=\"section\">\n\t\t\t\t\t\t<div class=\"elementor-container elementor-column-gap-default\">\n\t\t\t\t\t\t\t<div class=\"elementor-row\">\n\t\t\t\t\t<div class=\"elementor-column elementor-col-100 elementor-top-column elementor-element elementor-element-48a87ec\" data-id=\"48a87ec\" data-element_type=\"column\">\n\t\t\t<div class=\"elementor-column-wrap elementor-element-populated\">\n\t\t\t\t\t\t\t<div class=\"elementor-widget-wrap\">\n\t\t\t\t\t\t<div class=\"elementor-element elementor-element-f6f3746 elementor-widget elementor-widget-text-editor\" data-id=\"f6f3746\" data-element_type=\"widget\" data-widget_type=\"text-editor.default\">\n\t\t\t\t<div class=\"elementor-widget-container\">\n\t\t\t\t\t<div class=\"elementor-text-editor elementor-clearfix\"><p><span style=\"color: inherit; font-family: inherit; font-size: inherit; font-weight: inherit;\">Vaig cr\u00e9ixer en una petita ciutat a l\u2019est d\u2019Eslov\u00e0quia, Humenn\u00e9. La meva primera experi\u00e8ncia amb el Treball Orientat a Processos va ser l\u2019any 1994 a la trobada de Worldwork a Eslov\u00e0quia. Va ser llavors quan vaig decidir estudiar Treball de Processos , i el 2012 em vaig diplomar amb el Research Society for Process Oriented Psychology (Regne Unit).<\/span><\/p>\n<p>Gran part de la meva experi\u00e8ncia est\u00e0 basada en el camp de la salut mental i durant els \u00faltims 15 anys m\u2019ha anat fascinant el camp del trauma, tant a nivell individual com a nivell social i comunitari. Continuo explorant com la din\u00e0mica del trauma conforma de quina manera em relaciono amb mi mateix i amb el meu entorn, i tamb\u00e9 em fascina la profunda saviesa que t\u00e9 la naturalesa per a crear camins d\u2019expressi\u00f3 a estats bloquejats i donar fi, aix\u00ed, a hist\u00f2ries inacabades. A m\u00e9s de Treball de Processos, m\u2019he format en Experi\u00e8ncia Som\u00e0tica amb l\u2019enfocament de P. Levine.<\/p>\n<p>\u00c9S un privilegi per mi que la meva companya Neus Andreu Monsech, qui a m\u00e9s a m\u00e9s \u00e9s la mare dels nostres fills, sigui al mateix temps la meva companya en multitud de projectes a Barcelona al voltant de&nbsp; la facilitaci\u00f3 i el processat d\u2019hist\u00f2ries col\u00b7lectives (Formaci\u00f3 anual en Facilitaci\u00f3, Petjades del Passat).<\/p>\n<p>Sento que la vida va ser generosa amb mi quan la va portar al meu costat. M\u2019encanta la naturalesa. \u00c9s una de les meves m\u00e9s grans aliades. Les muntanyes i el mar em connecten amb mons que van m\u00e9s enll\u00e0 de les paraules, on sovint em sento com a casa.<\/p>\n<p><\/p><\/p>\n<\/div>\n\t\t\t\t<\/div>\n\t\t\t\t<\/div>\n\t\t\t\t\t\t<\/div>\n\t\t\t\t\t<\/div>\n\t\t<\/div>\n\t\t\t\t\t\t\t\t<\/div>\n\t\t\t\t\t<\/div>\n\t\t<\/section>\n\t\t\t\t\t\t<\/div>\n\t\t\t\t\t\t<\/div>\n\t\t\t\t\t<\/div>\n\t\t","protected":false},"excerpt":{"rendered":"<p>Vaig cr\u00e9ixer en una petita ciutat a l\u2019est d\u2019Eslov\u00e0quia, Humenn\u00e9. La meva primera experi\u00e8ncia amb el Treball Orientat a Processos va ser l\u2019any 1994 a la trobada de Worldwork a Eslov\u00e0quia. Va ser llavors quan vaig decidir estudiar Treball de Processos , i el 2012 em vaig diplomar amb el Research Society for Process Oriented [&hellip;]<\/p>\n","protected":false},"author":2,"featured_media":0,"parent":928,"menu_order":0,"comment_status":"closed","ping_status":"closed","template":"","meta":{"footnotes":""},"class_list":["post-1042","page","type-page","status-publish","hentry"],"yoast_head":"<!-- This site is optimized with the Yoast SEO plugin v15.4 - https:\/\/yoast.com\/wordpress\/plugins\/seo\/ -->\n<title>Boris Sopko - Trabajo de Procesos<\/title>\n<meta name=\"robots\" content=\"index, follow, max-snippet:-1, max-image-preview:large, max-video-preview:-1\" \/>\n<link rel=\"canonical\" href=\"https:\/\/www.trabajodeprocesos.net\/ca\/professorat\/boris-sopko\/\" \/>\n<meta property=\"og:locale\" content=\"ca_ES\" \/>\n<meta property=\"og:type\" content=\"article\" \/>\n<meta property=\"og:title\" content=\"Boris Sopko - Trabajo de Procesos\" \/>\n<meta property=\"og:description\" content=\"Vaig cr\u00e9ixer en una petita ciutat a l\u2019est d\u2019Eslov\u00e0quia, Humenn\u00e9. La meva primera experi\u00e8ncia amb el Treball Orientat a Processos va ser l\u2019any 1994 a la trobada de Worldwork a Eslov\u00e0quia. Va ser llavors quan vaig decidir estudiar Treball de Processos , i el 2012 em vaig diplomar amb el Research Society for Process Oriented [&hellip;]\" \/>\n<meta property=\"og:url\" content=\"https:\/\/www.trabajodeprocesos.net\/ca\/professorat\/boris-sopko\/\" \/>\n<meta property=\"og:site_name\" content=\"Trabajo de Procesos\" \/>\n<meta property=\"article:modified_time\" content=\"2020-06-29T07:56:30+00:00\" \/>\n<meta property=\"og:image\" content=\"http:\/\/www.trabajodeprocesos.net\/wp-content\/uploads\/2019\/12\/boris-sopko.jpg\" \/>\n<meta name=\"twitter:card\" content=\"summary_large_image\" \/>\n<meta name=\"twitter:label1\" content=\"Escrit per\">\n\t<meta name=\"twitter:data1\" content=\"Whads Media Studios\">\n\t<meta name=\"twitter:label2\" content=\"Temps estimat de lectura\">\n\t<meta name=\"twitter:data2\" content=\"1 minut\">\n<script type=\"application\/ld+json\" class=\"yoast-schema-graph\">{\"@context\":\"https:\/\/schema.org\",\"@graph\":[{\"@type\":\"WebSite\",\"@id\":\"https:\/\/www.trabajodeprocesos.net\/ca\/#website\",\"url\":\"https:\/\/www.trabajodeprocesos.net\/ca\/\",\"name\":\"Trabajo de Procesos\",\"description\":\"\",\"potentialAction\":[{\"@type\":\"SearchAction\",\"target\":\"https:\/\/www.trabajodeprocesos.net\/ca\/?s={search_term_string}\",\"query-input\":\"required name=search_term_string\"}],\"inLanguage\":\"ca\"},{\"@type\":\"ImageObject\",\"@id\":\"https:\/\/www.trabajodeprocesos.net\/ca\/professorat\/boris-sopko\/#primaryimage\",\"inLanguage\":\"ca\",\"url\":\"http:\/\/www.trabajodeprocesos.net\/wp-content\/uploads\/2019\/12\/boris-sopko.jpg\"},{\"@type\":\"WebPage\",\"@id\":\"https:\/\/www.trabajodeprocesos.net\/ca\/professorat\/boris-sopko\/#webpage\",\"url\":\"https:\/\/www.trabajodeprocesos.net\/ca\/professorat\/boris-sopko\/\",\"name\":\"Boris Sopko - Trabajo de Procesos\",\"isPartOf\":{\"@id\":\"https:\/\/www.trabajodeprocesos.net\/ca\/#website\"},\"primaryImageOfPage\":{\"@id\":\"https:\/\/www.trabajodeprocesos.net\/ca\/professorat\/boris-sopko\/#primaryimage\"},\"datePublished\":\"2020-06-29T07:56:29+00:00\",\"dateModified\":\"2020-06-29T07:56:30+00:00\",\"inLanguage\":\"ca\",\"potentialAction\":[{\"@type\":\"ReadAction\",\"target\":[\"https:\/\/www.trabajodeprocesos.net\/ca\/professorat\/boris-sopko\/\"]}]}]}<\/script>\n<!-- \/ Yoast SEO plugin. -->","_links":{"self":[{"href":"https:\/\/www.trabajodeprocesos.net\/ca\/wp-json\/wp\/v2\/pages\/1042","targetHints":{"allow":["GET"]}}],"collection":[{"href":"https:\/\/www.trabajodeprocesos.net\/ca\/wp-json\/wp\/v2\/pages"}],"about":[{"href":"https:\/\/www.trabajodeprocesos.net\/ca\/wp-json\/wp\/v2\/types\/page"}],"author":[{"embeddable":true,"href":"https:\/\/www.trabajodeprocesos.net\/ca\/wp-json\/wp\/v2\/users\/2"}],"replies":[{"embeddable":true,"href":"https:\/\/www.trabajodeprocesos.net\/ca\/wp-json\/wp\/v2\/comments?post=1042"}],"version-history":[{"count":1,"href":"https:\/\/www.trabajodeprocesos.net\/ca\/wp-json\/wp\/v2\/pages\/1042\/revisions"}],"predecessor-version":[{"id":1043,"href":"https:\/\/www.trabajodeprocesos.net\/ca\/wp-json\/wp\/v2\/pages\/1042\/revisions\/1043"}],"up":[{"embeddable":true,"href":"https:\/\/www.trabajodeprocesos.net\/ca\/wp-json\/wp\/v2\/pages\/928"}],"wp:attachment":[{"href":"https:\/\/www.trabajodeprocesos.net\/ca\/wp-json\/wp\/v2\/media?parent=1042"}],"curies":[{"name":"wp","href":"https:\/\/api.w.org\/{rel}","templated":true}]}}