{"id":1037,"date":"2020-06-29T09:53:52","date_gmt":"2020-06-29T07:53:52","guid":{"rendered":"http:\/\/www.trabajodeprocesos.net\/kate-jobe\/"},"modified":"2020-07-02T14:15:10","modified_gmt":"2020-07-02T12:15:10","slug":"kate-jobe","status":"publish","type":"page","link":"https:\/\/www.trabajodeprocesos.net\/ca\/professorat\/kate-jobe\/","title":{"rendered":"Kate Jobe"},"content":{"rendered":"\t\t<div data-elementor-type=\"wp-page\" data-elementor-id=\"1037\" class=\"elementor elementor-1037 elementor-960\" data-elementor-settings=\"[]\">\n\t\t\t\t\t\t<div class=\"elementor-inner\">\n\t\t\t\t\t\t\t<div class=\"elementor-section-wrap\">\n\t\t\t\t\t\t\t<section class=\"elementor-section elementor-top-section elementor-element elementor-element-c277ab7 elementor-section-boxed elementor-section-height-default elementor-section-height-default\" data-id=\"c277ab7\" data-element_type=\"section\">\n\t\t\t\t\t\t<div class=\"elementor-container elementor-column-gap-default\">\n\t\t\t\t\t\t\t<div class=\"elementor-row\">\n\t\t\t\t\t<div class=\"elementor-column elementor-col-100 elementor-top-column elementor-element elementor-element-3ab7bf5\" data-id=\"3ab7bf5\" data-element_type=\"column\">\n\t\t\t<div class=\"elementor-column-wrap elementor-element-populated\">\n\t\t\t\t\t\t\t<div class=\"elementor-widget-wrap\">\n\t\t\t\t\t\t<div class=\"elementor-element elementor-element-92f372d elementor-widget elementor-widget-image\" data-id=\"92f372d\" data-element_type=\"widget\" data-widget_type=\"image.default\">\n\t\t\t\t<div class=\"elementor-widget-container\">\n\t\t\t\t\t<div class=\"elementor-image\">\n\t\t\t\t\t\t\t\t\t\t<img loading=\"lazy\" decoding=\"async\" width=\"301\" height=\"301\" src=\"https:\/\/www.trabajodeprocesos.net\/wp-content\/uploads\/2020\/06\/kate2.png\" class=\"attachment-large size-large\" alt=\"\" srcset=\"https:\/\/www.trabajodeprocesos.net\/wp-content\/uploads\/2020\/06\/kate2.png 301w, https:\/\/www.trabajodeprocesos.net\/wp-content\/uploads\/2020\/06\/kate2-150x150.png 150w\" sizes=\"auto, (max-width: 301px) 100vw, 301px\" \/>\t\t\t\t\t\t\t\t\t\t\t<\/div>\n\t\t\t\t<\/div>\n\t\t\t\t<\/div>\n\t\t\t\t\t\t<\/div>\n\t\t\t\t\t<\/div>\n\t\t<\/div>\n\t\t\t\t\t\t\t\t<\/div>\n\t\t\t\t\t<\/div>\n\t\t<\/section>\n\t\t\t\t<section class=\"elementor-section elementor-top-section elementor-element elementor-element-7e1bbc2 elementor-section-narrow_boxed elementor-section-height-default elementor-section-height-default\" data-id=\"7e1bbc2\" data-element_type=\"section\">\n\t\t\t\t\t\t<div class=\"elementor-container elementor-column-gap-default\">\n\t\t\t\t\t\t\t<div class=\"elementor-row\">\n\t\t\t\t\t<div class=\"elementor-column elementor-col-100 elementor-top-column elementor-element elementor-element-ccce642\" data-id=\"ccce642\" data-element_type=\"column\">\n\t\t\t<div class=\"elementor-column-wrap elementor-element-populated\">\n\t\t\t\t\t\t\t<div class=\"elementor-widget-wrap\">\n\t\t\t\t\t\t<div class=\"elementor-element elementor-element-cdfea4f elementor-widget elementor-widget-text-editor\" data-id=\"cdfea4f\" data-element_type=\"widget\" data-widget_type=\"text-editor.default\">\n\t\t\t\t<div class=\"elementor-widget-container\">\n\t\t\t\t\t<div class=\"elementor-text-editor elementor-clearfix\"><p style=\"text-align: left;\">\n<\/p><p style=\"text-align: left;\">La Kate Jobe \u00e9s coneguda per la seva experi\u00e8ncia en el treball amb moviment, ent\u00e8s com a porta d\u2019acc\u00e9s als missatges profunds que s\u2019expressen a trav\u00e9s del cos i a trav\u00e9s dels reptes aparentment insuperables que trobem a la vida. Viu a Winterthur, Su\u00efssa, on t\u00e9 la seva consulta i treballa tant individualment com a terapeuta i coach, com amb grups i organitzacions en gesti\u00f3 de conflictes.<\/p>\n<p style=\"text-align: left;\">Li apassiona el rol del cos com a sanador del passat i com a indicador del que hi ha per davant. La Kate \u00e9s fundadora del Processwork Institute a Portland, de l\u2019Associaci\u00f3 Internacional de Treball de Processos (IAPOP) i de Processwork Ireland (Dubl\u00edn). Porta m\u00e9s de 30 anys ensenyant i practicant Treball de Processos i ha facilitat importants conflictes socials i pol\u00edtics. Actualment est\u00e0 a l\u2019Institut f\u00fcr Prozessarbeit (IPA) a Z\u00farich, al Processwork Institute (Oregon, EUA), i portant programes a R\u00fassia. \u00c9s la fundadora i directora executiva de Lao Tse Press, Inc., editorial del diari de Psicologia Orientada a Processos, on s\u2019han publicat diversos llibres d\u2019Arnold Mindell i altres autors i autores. La Kate est\u00e0 registrada com a terapeuta\/educadora de Moviment Som\u00e0tic MA, i certificada pel Laban Movement Analysts. A la Kate li encanta la creativitat i l\u2019expressa mitjan\u00e7ant la pintura, la jardineria i la cuina.<\/p><p style=\"text-align: left;\"><br><\/p><p style=\"text-align: left;\"><br><\/p>\n<p style=\"text-align: left;\">\n<\/p><p style=\"text-align: left;\">\n<\/p><\/div>\n\t\t\t\t<\/div>\n\t\t\t\t<\/div>\n\t\t\t\t\t\t<\/div>\n\t\t\t\t\t<\/div>\n\t\t<\/div>\n\t\t\t\t\t\t\t\t<\/div>\n\t\t\t\t\t<\/div>\n\t\t<\/section>\n\t\t\t\t\t\t<\/div>\n\t\t\t\t\t\t<\/div>\n\t\t\t\t\t<\/div>\n\t\t","protected":false},"excerpt":{"rendered":"<p>La Kate Jobe \u00e9s coneguda per la seva experi\u00e8ncia en el treball amb moviment, ent\u00e8s com a porta d\u2019acc\u00e9s als missatges profunds que s\u2019expressen a trav\u00e9s del cos i a trav\u00e9s dels reptes aparentment insuperables que trobem a la vida. Viu a Winterthur, Su\u00efssa, on t\u00e9 la seva consulta i treballa tant individualment com a [&hellip;]<\/p>\n","protected":false},"author":2,"featured_media":0,"parent":928,"menu_order":0,"comment_status":"closed","ping_status":"closed","template":"","meta":{"footnotes":""},"class_list":["post-1037","page","type-page","status-publish","hentry"],"yoast_head":"<!-- This site is optimized with the Yoast SEO plugin v15.4 - https:\/\/yoast.com\/wordpress\/plugins\/seo\/ -->\n<title>Kate Jobe - Trabajo de Procesos<\/title>\n<meta name=\"robots\" content=\"index, follow, max-snippet:-1, max-image-preview:large, max-video-preview:-1\" \/>\n<link rel=\"canonical\" href=\"https:\/\/www.trabajodeprocesos.net\/ca\/professorat\/kate-jobe\/\" \/>\n<meta property=\"og:locale\" content=\"ca_ES\" \/>\n<meta property=\"og:type\" content=\"article\" \/>\n<meta property=\"og:title\" content=\"Kate Jobe - Trabajo de Procesos\" \/>\n<meta property=\"og:description\" content=\"La Kate Jobe \u00e9s coneguda per la seva experi\u00e8ncia en el treball amb moviment, ent\u00e8s com a porta d\u2019acc\u00e9s als missatges profunds que s\u2019expressen a trav\u00e9s del cos i a trav\u00e9s dels reptes aparentment insuperables que trobem a la vida. Viu a Winterthur, Su\u00efssa, on t\u00e9 la seva consulta i treballa tant individualment com a [&hellip;]\" \/>\n<meta property=\"og:url\" content=\"https:\/\/www.trabajodeprocesos.net\/ca\/professorat\/kate-jobe\/\" \/>\n<meta property=\"og:site_name\" content=\"Trabajo de Procesos\" \/>\n<meta property=\"article:modified_time\" content=\"2020-07-02T12:15:10+00:00\" \/>\n<meta property=\"og:image\" content=\"http:\/\/www.trabajodeprocesos.net\/wp-content\/uploads\/2020\/06\/kate2.png\" \/>\n<meta name=\"twitter:card\" content=\"summary_large_image\" \/>\n<meta name=\"twitter:label1\" content=\"Escrit per\">\n\t<meta name=\"twitter:data1\" content=\"Whads Media Studios\">\n\t<meta name=\"twitter:label2\" content=\"Temps estimat de lectura\">\n\t<meta name=\"twitter:data2\" content=\"1 minut\">\n<script type=\"application\/ld+json\" class=\"yoast-schema-graph\">{\"@context\":\"https:\/\/schema.org\",\"@graph\":[{\"@type\":\"WebSite\",\"@id\":\"https:\/\/www.trabajodeprocesos.net\/ca\/#website\",\"url\":\"https:\/\/www.trabajodeprocesos.net\/ca\/\",\"name\":\"Trabajo de Procesos\",\"description\":\"\",\"potentialAction\":[{\"@type\":\"SearchAction\",\"target\":\"https:\/\/www.trabajodeprocesos.net\/ca\/?s={search_term_string}\",\"query-input\":\"required name=search_term_string\"}],\"inLanguage\":\"ca\"},{\"@type\":\"ImageObject\",\"@id\":\"https:\/\/www.trabajodeprocesos.net\/ca\/professorat\/kate-jobe\/#primaryimage\",\"inLanguage\":\"ca\",\"url\":\"http:\/\/www.trabajodeprocesos.net\/wp-content\/uploads\/2020\/06\/kate2.png\"},{\"@type\":\"WebPage\",\"@id\":\"https:\/\/www.trabajodeprocesos.net\/ca\/professorat\/kate-jobe\/#webpage\",\"url\":\"https:\/\/www.trabajodeprocesos.net\/ca\/professorat\/kate-jobe\/\",\"name\":\"Kate Jobe - Trabajo de Procesos\",\"isPartOf\":{\"@id\":\"https:\/\/www.trabajodeprocesos.net\/ca\/#website\"},\"primaryImageOfPage\":{\"@id\":\"https:\/\/www.trabajodeprocesos.net\/ca\/professorat\/kate-jobe\/#primaryimage\"},\"datePublished\":\"2020-06-29T07:53:52+00:00\",\"dateModified\":\"2020-07-02T12:15:10+00:00\",\"inLanguage\":\"ca\",\"potentialAction\":[{\"@type\":\"ReadAction\",\"target\":[\"https:\/\/www.trabajodeprocesos.net\/ca\/professorat\/kate-jobe\/\"]}]}]}<\/script>\n<!-- \/ Yoast SEO plugin. -->","_links":{"self":[{"href":"https:\/\/www.trabajodeprocesos.net\/ca\/wp-json\/wp\/v2\/pages\/1037","targetHints":{"allow":["GET"]}}],"collection":[{"href":"https:\/\/www.trabajodeprocesos.net\/ca\/wp-json\/wp\/v2\/pages"}],"about":[{"href":"https:\/\/www.trabajodeprocesos.net\/ca\/wp-json\/wp\/v2\/types\/page"}],"author":[{"embeddable":true,"href":"https:\/\/www.trabajodeprocesos.net\/ca\/wp-json\/wp\/v2\/users\/2"}],"replies":[{"embeddable":true,"href":"https:\/\/www.trabajodeprocesos.net\/ca\/wp-json\/wp\/v2\/comments?post=1037"}],"version-history":[{"count":8,"href":"https:\/\/www.trabajodeprocesos.net\/ca\/wp-json\/wp\/v2\/pages\/1037\/revisions"}],"predecessor-version":[{"id":1363,"href":"https:\/\/www.trabajodeprocesos.net\/ca\/wp-json\/wp\/v2\/pages\/1037\/revisions\/1363"}],"up":[{"embeddable":true,"href":"https:\/\/www.trabajodeprocesos.net\/ca\/wp-json\/wp\/v2\/pages\/928"}],"wp:attachment":[{"href":"https:\/\/www.trabajodeprocesos.net\/ca\/wp-json\/wp\/v2\/media?parent=1037"}],"curies":[{"name":"wp","href":"https:\/\/api.w.org\/{rel}","templated":true}]}}