{"id":1014,"date":"2020-06-26T13:05:32","date_gmt":"2020-06-26T11:05:32","guid":{"rendered":"http:\/\/www.trabajodeprocesos.net\/programes-de-formacio\/curs-pont\/"},"modified":"2021-05-18T18:37:05","modified_gmt":"2021-05-18T16:37:05","slug":"curs-pont","status":"publish","type":"page","link":"https:\/\/www.trabajodeprocesos.net\/ca\/programes-de-formacio\/curs-pont\/","title":{"rendered":"Curs pont"},"content":{"rendered":"\t\t<div data-elementor-type=\"wp-page\" data-elementor-id=\"1014\" class=\"elementor elementor-1014 elementor-635\" data-elementor-settings=\"[]\">\n\t\t\t\t\t\t<div class=\"elementor-inner\">\n\t\t\t\t\t\t\t<div class=\"elementor-section-wrap\">\n\t\t\t\t\t\t\t<section class=\"elementor-section elementor-top-section elementor-element elementor-element-dce71d6 elementor-section-narrow_boxed elementor-section-height-default elementor-section-height-default\" data-id=\"dce71d6\" data-element_type=\"section\">\n\t\t\t\t\t\t<div class=\"elementor-container elementor-column-gap-default\">\n\t\t\t\t\t\t\t<div class=\"elementor-row\">\n\t\t\t\t\t<div class=\"elementor-column elementor-col-100 elementor-top-column elementor-element elementor-element-827d5ec\" data-id=\"827d5ec\" data-element_type=\"column\">\n\t\t\t<div class=\"elementor-column-wrap elementor-element-populated\">\n\t\t\t\t\t\t\t<div class=\"elementor-widget-wrap\">\n\t\t\t\t\t\t<div class=\"elementor-element elementor-element-9f43d98 elementor-widget elementor-widget-text-editor\" data-id=\"9f43d98\" data-element_type=\"widget\" data-widget_type=\"text-editor.default\">\n\t\t\t\t<div class=\"elementor-widget-container\">\n\t\t\t\t\t<div class=\"elementor-text-editor elementor-clearfix\"><p><span style=\"font-weight: 400;\">El Curs Pont generalment s\u2019organitza individualment entre l\u2019alumne i el professorat de l\u2019escola. Es requereix una recomanaci\u00f3 del programa de formaci\u00f3 anterior.<\/span><\/p>\n<\/div>\n\t\t\t\t<\/div>\n\t\t\t\t<\/div>\n\t\t\t\t\t\t<\/div>\n\t\t\t\t\t<\/div>\n\t\t<\/div>\n\t\t\t\t\t\t\t\t<\/div>\n\t\t\t\t\t<\/div>\n\t\t<\/section>\n\t\t\t\t<section class=\"elementor-section elementor-top-section elementor-element elementor-element-e01d42d elementor-section-narrow_boxed elementor-section-height-default elementor-section-height-default\" data-id=\"e01d42d\" data-element_type=\"section\" data-settings=\"{&quot;background_background&quot;:&quot;classic&quot;}\">\n\t\t\t\t\t\t<div class=\"elementor-container elementor-column-gap-default\">\n\t\t\t\t\t\t\t<div class=\"elementor-row\">\n\t\t\t\t\t<div class=\"elementor-column elementor-col-100 elementor-top-column elementor-element elementor-element-13f492a\" data-id=\"13f492a\" data-element_type=\"column\">\n\t\t\t<div class=\"elementor-column-wrap elementor-element-populated\">\n\t\t\t\t\t\t\t<div class=\"elementor-widget-wrap\">\n\t\t\t\t\t\t<div class=\"elementor-element elementor-element-6879696 elementor-widget elementor-widget-heading\" data-id=\"6879696\" data-element_type=\"widget\" data-widget_type=\"heading.default\">\n\t\t\t\t<div class=\"elementor-widget-container\">\n\t\t\t<h2 class=\"elementor-heading-title elementor-size-default\">Requisits<\/h2>\t\t<\/div>\n\t\t\t\t<\/div>\n\t\t\t\t<div class=\"elementor-element elementor-element-da1cee1 elementor-widget elementor-widget-text-editor\" data-id=\"da1cee1\" data-element_type=\"widget\" data-widget_type=\"text-editor.default\">\n\t\t\t\t<div class=\"elementor-widget-container\">\n\t\t\t\t\t<div class=\"elementor-text-editor elementor-clearfix\"><p><span style=\"font-weight: 400;\">L\u2019estudiant hauria d\u2019haver completat un m\u00ednim d\u2019un any d\u2019estudis de Treball de Processos abans de presentar la sol\u00b7licitud.<\/span><\/p><p><span style=\"font-weight: 400;\">Es recomana tamb\u00e9 haver fet algun seminari amb l&#8217;ESCOLA, per\u00f2 no \u00e9s obligatori.\u00a0<\/span><\/p><p><span style=\"font-weight: 400;\">El proc\u00e9s per a ingresar al curs Pont consisteix en 2 sessions individuals d\u2019entrenament treballant en un somni, seguides d\u2019una entrevista d\u2019admissi\u00f3.<\/span><\/p><p><strong><span class=\"JLqJ4b ChMk0b\" data-language-for-alternatives=\"ca\" data-language-to-translate-into=\"es\" data-phrase-index=\"0\">Requisits<\/span> <span class=\"JLqJ4b ChMk0b\" data-language-for-alternatives=\"ca\" data-language-to-translate-into=\"es\" data-phrase-index=\"1\">durant el<\/span> <span class=\"JLqJ4b ChMk0b\" data-language-for-alternatives=\"ca\" data-language-to-translate-into=\"es\" data-phrase-index=\"2\">Curs Pont<\/span> <span class=\"JLqJ4b ChMk0b\" data-language-for-alternatives=\"ca\" data-language-to-translate-into=\"es\" data-phrase-index=\"3\">(Juliol<\/span> <span class=\"JLqJ4b ChMk0b\" data-language-for-alternatives=\"ca\" data-language-to-translate-into=\"es\" data-phrase-index=\"4\">&#8211;<\/span> <span class=\"JLqJ4b ChMk0b\" data-language-for-alternatives=\"ca\" data-language-to-translate-into=\"es\" data-phrase-index=\"5\">desembre)<\/span><span class=\"JLqJ4b ChMk0b\" data-language-for-alternatives=\"ca\" data-language-to-translate-into=\"es\" data-phrase-index=\"6\">:<\/span> <\/strong><\/p><p><span class=\"JLqJ4b ChMk0b\" data-language-for-alternatives=\"ca\" data-language-to-translate-into=\"es\" data-phrase-index=\"8\">Els<\/span> <span class=\"JLqJ4b ChMk0b\" data-language-for-alternatives=\"ca\" data-language-to-translate-into=\"es\" data-phrase-index=\"9\">requisits<\/span> <span class=\"JLqJ4b ChMk0b\" data-language-for-alternatives=\"ca\" data-language-to-translate-into=\"es\" data-phrase-index=\"10\">estan<\/span> <span class=\"JLqJ4b ChMk0b\" data-language-for-alternatives=\"ca\" data-language-to-translate-into=\"es\" data-phrase-index=\"11\">dissenyats<\/span> <span class=\"JLqJ4b ChMk0b\" data-language-for-alternatives=\"ca\" data-language-to-translate-into=\"es\" data-phrase-index=\"12\">individualment,<\/span> <span class=\"JLqJ4b ChMk0b\" data-language-for-alternatives=\"ca\" data-language-to-translate-into=\"es\" data-phrase-index=\"13\">sobre la base de<\/span> <span class=\"JLqJ4b ChMk0b\" data-language-for-alternatives=\"ca\" data-language-to-translate-into=\"es\" data-phrase-index=\"14\">l&#8217;experi\u00e8ncia<\/span> <span class=\"JLqJ4b ChMk0b\" data-language-for-alternatives=\"ca\" data-language-to-translate-into=\"es\" data-phrase-index=\"15\">pr\u00e8via<\/span> <span class=\"JLqJ4b ChMk0b\" data-language-for-alternatives=\"ca\" data-language-to-translate-into=\"es\" data-phrase-index=\"16\">amb el treball de<\/span> <span class=\"JLqJ4b ChMk0b\" data-language-for-alternatives=\"ca\" data-language-to-translate-into=\"es\" data-phrase-index=\"17\">l&#8217;<\/span><span class=\"JLqJ4b ChMk0b\" data-language-for-alternatives=\"ca\" data-language-to-translate-into=\"es\" data-phrase-index=\"18\">proc\u00e9s.<\/span> <span class=\"JLqJ4b ChMk0b\" data-language-for-alternatives=\"ca\" data-language-to-translate-into=\"es\" data-phrase-index=\"19\">Per a alguns<\/span> <span class=\"JLqJ4b ChMk0b\" data-language-for-alternatives=\"ca\" data-language-to-translate-into=\"es\" data-phrase-index=\"20\">estudiants que<\/span> <span class=\"JLqJ4b ChMk0b\" data-language-for-alternatives=\"ca\" data-language-to-translate-into=\"es\" data-phrase-index=\"21\">v\u00e9nen de la<\/span> <span class=\"JLqJ4b ChMk0b\" data-language-for-alternatives=\"ca\" data-language-to-translate-into=\"es\" data-phrase-index=\"22\">capacitaci\u00f3<\/span> <span class=\"JLqJ4b ChMk0b\" data-language-for-alternatives=\"ca\" data-language-to-translate-into=\"es\" data-phrase-index=\"23\">anual<\/span> <span class=\"JLqJ4b ChMk0b\" data-language-for-alternatives=\"ca\" data-language-to-translate-into=\"es\" data-phrase-index=\"24\">de facilitaci\u00f3<\/span><span class=\"JLqJ4b ChMk0b\" data-language-for-alternatives=\"ca\" data-language-to-translate-into=\"es\" data-phrase-index=\"25\">, es podria veure<\/span> <span class=\"JLqJ4b ChMk0b\" data-language-for-alternatives=\"ca\" data-language-to-translate-into=\"es\" data-phrase-index=\"26\">aix\u00ed<\/span><span class=\"JLqJ4b ChMk0b\" data-language-for-alternatives=\"ca\" data-language-to-translate-into=\"es\" data-phrase-index=\"27\">:<\/span><\/p><h2 style=\"-webkit-tap-highlight-color: transparent; border: 0px; margin: 0px; padding: 0px; font: inherit; clip: rect(1px, 1px, 1px, 1px); height: 1px; overflow: hidden; position: absolute; white-space: nowrap; width: 1px; z-index: -1000;\">Resultados de traducci\u00f3n<span style=\"-webkit-tap-highlight-color: transparent;\">Requisits<\/span> <span style=\"color: #000000; font-size: 18px; -webkit-tap-highlight-color: transparent; cursor: pointer;\" data-language-for-alternatives=\"ca\" data-language-to-translate-into=\"es\" data-phrase-index=\"1\"><span style=\"-webkit-tap-highlight-color: transparent;\">durant el<\/span><\/span> <span style=\"color: #000000; font-size: 18px; -webkit-tap-highlight-color: transparent; cursor: pointer;\" data-language-for-alternatives=\"ca\" data-language-to-translate-into=\"es\" data-phrase-index=\"2\"><span style=\"-webkit-tap-highlight-color: transparent;\">Curs Pont<\/span><\/span> <span style=\"color: #000000; font-size: 18px; -webkit-tap-highlight-color: transparent; cursor: pointer;\" data-language-for-alternatives=\"ca\" data-language-to-translate-into=\"es\" data-phrase-index=\"3\"><span style=\"-webkit-tap-highlight-color: transparent;\">(Juliol<\/span><\/span> <span style=\"color: #000000; font-size: 18px; -webkit-tap-highlight-color: transparent; cursor: pointer;\" data-language-for-alternatives=\"ca\" data-language-to-translate-into=\"es\" data-phrase-index=\"4\"><span style=\"-webkit-tap-highlight-color: transparent;\">&#8211;<\/span><\/span> <span style=\"color: #000000; font-size: 18px; -webkit-tap-highlight-color: transparent; cursor: pointer;\" data-language-for-alternatives=\"ca\" data-language-to-translate-into=\"es\" data-phrase-index=\"5\"><span style=\"-webkit-tap-highlight-color: transparent;\">desembre)<\/span><\/span><span style=\"color: #000000; font-size: 18px; -webkit-tap-highlight-color: transparent; cursor: pointer;\" data-language-for-alternatives=\"ca\" data-language-to-translate-into=\"es\" data-phrase-index=\"6\"><span style=\"-webkit-tap-highlight-color: transparent;\">:<\/span><\/span> <span style=\"color: #000000; font-size: 18px; -webkit-tap-highlight-color: transparent; cursor: pointer;\" data-language-for-alternatives=\"ca\" data-language-to-translate-into=\"es\" data-phrase-index=\"8\"><span style=\"-webkit-tap-highlight-color: transparent;\">Els<\/span><\/span> <span style=\"color: #000000; font-size: 18px; -webkit-tap-highlight-color: transparent; cursor: pointer;\" data-language-for-alternatives=\"ca\" data-language-to-translate-into=\"es\" data-phrase-index=\"9\"><span style=\"-webkit-tap-highlight-color: transparent;\">requisits<\/span><\/span> <span style=\"color: #000000; font-size: 18px; -webkit-tap-highlight-color: transparent; cursor: pointer;\" data-language-for-alternatives=\"ca\" data-language-to-translate-into=\"es\" data-phrase-index=\"10\"><span style=\"-webkit-tap-highlight-color: transparent;\">estan<\/span><\/span> <span style=\"color: #000000; font-size: 18px; -webkit-tap-highlight-color: transparent; cursor: pointer;\" data-language-for-alternatives=\"ca\" data-language-to-translate-into=\"es\" data-phrase-index=\"11\"><span style=\"-webkit-tap-highlight-color: transparent;\">dissenyats<\/span><\/span> <span style=\"color: #000000; font-size: 18px; -webkit-tap-highlight-color: transparent; cursor: pointer;\" data-language-for-alternatives=\"ca\" data-language-to-translate-into=\"es\" data-phrase-index=\"12\"><span style=\"-webkit-tap-highlight-color: transparent;\">individualment,<\/span><\/span> <span style=\"color: #000000; font-size: 18px; -webkit-tap-highlight-color: transparent; cursor: pointer;\" data-language-for-alternatives=\"ca\" data-language-to-translate-into=\"es\" data-phrase-index=\"13\"><span style=\"-webkit-tap-highlight-color: transparent;\">sobre la base de<\/span><\/span> <span style=\"color: #000000; font-size: 18px; -webkit-tap-highlight-color: transparent; cursor: pointer;\" data-language-for-alternatives=\"ca\" data-language-to-translate-into=\"es\" data-phrase-index=\"14\"><span style=\"-webkit-tap-highlight-color: transparent;\">l&#8217;experi\u00e8ncia<\/span><\/span> <span style=\"color: #000000; font-size: 18px; -webkit-tap-highlight-color: transparent; cursor: pointer;\" data-language-for-alternatives=\"ca\" data-language-to-translate-into=\"es\" data-phrase-index=\"15\"><span style=\"-webkit-tap-highlight-color: transparent;\">pr\u00e8via<\/span><\/span> <span style=\"color: #000000; font-size: 18px; -webkit-tap-highlight-color: transparent; cursor: pointer;\" data-language-for-alternatives=\"ca\" data-language-to-translate-into=\"es\" data-phrase-index=\"16\"><span style=\"-webkit-tap-highlight-color: transparent;\">amb el treball de<\/span><\/span> <span style=\"color: #000000; font-size: 18px; -webkit-tap-highlight-color: transparent; cursor: pointer;\" data-language-for-alternatives=\"ca\" data-language-to-translate-into=\"es\" data-phrase-index=\"17\"><span style=\"-webkit-tap-highlight-color: transparent;\">l&#8217;<\/span><\/span><span style=\"color: #000000; font-size: 18px; -webkit-tap-highlight-color: transparent; cursor: pointer;\" data-language-for-alternatives=\"ca\" data-language-to-translate-into=\"es\" data-phrase-index=\"18\"><span style=\"-webkit-tap-highlight-color: transparent;\">proc\u00e9s.<\/span><\/span> <span style=\"color: #000000; font-size: 18px; -webkit-tap-highlight-color: transparent; cursor: pointer;\" data-language-for-alternatives=\"ca\" data-language-to-translate-into=\"es\" data-phrase-index=\"19\"><span style=\"-webkit-tap-highlight-color: transparent;\">Per a alguns<\/span><\/span> <span style=\"color: #000000; font-size: 18px; -webkit-tap-highlight-color: transparent; cursor: pointer;\" data-language-for-alternatives=\"ca\" data-language-to-translate-into=\"es\" data-phrase-index=\"20\"><span style=\"-webkit-tap-highlight-color: transparent;\">estudiants que<\/span><\/span> <span style=\"color: #000000; font-size: 18px; -webkit-tap-highlight-color: transparent; cursor: pointer;\" data-language-for-alternatives=\"ca\" data-language-to-translate-into=\"es\" data-phrase-index=\"21\"><span style=\"-webkit-tap-highlight-color: transparent;\">v\u00e9nen de la<\/span><\/span> <span style=\"color: #000000; font-size: 18px; -webkit-tap-highlight-color: transparent; cursor: pointer;\" data-language-for-alternatives=\"ca\" data-language-to-translate-into=\"es\" data-phrase-index=\"22\"><span style=\"-webkit-tap-highlight-color: transparent;\">capacitaci\u00f3<\/span><\/span> <span style=\"color: #000000; font-size: 18px; -webkit-tap-highlight-color: transparent; cursor: pointer;\" data-language-for-alternatives=\"ca\" data-language-to-translate-into=\"es\" data-phrase-index=\"23\"><span style=\"-webkit-tap-highlight-color: transparent;\">anual<\/span><\/span> <span style=\"color: #000000; font-size: 18px; -webkit-tap-highlight-color: transparent; cursor: pointer;\" data-language-for-alternatives=\"ca\" data-language-to-translate-into=\"es\" data-phrase-index=\"24\"><span style=\"-webkit-tap-highlight-color: transparent;\">de facilitaci\u00f3<\/span><\/span><span style=\"color: #000000; font-size: 18px; -webkit-tap-highlight-color: transparent; cursor: pointer;\" data-language-for-alternatives=\"ca\" data-language-to-translate-into=\"es\" data-phrase-index=\"25\"><span style=\"-webkit-tap-highlight-color: transparent;\">, es podria veure<\/span><\/span> <span style=\"color: #000000; font-size: 18px; -webkit-tap-highlight-color: transparent; cursor: pointer;\" data-language-for-alternatives=\"ca\" data-language-to-translate-into=\"es\" data-phrase-index=\"26\"><span style=\"-webkit-tap-highlight-color: transparent;\">aix\u00ed<\/span><\/span><span style=\"color: #000000; font-size: 18px; -webkit-tap-highlight-color: transparent; cursor: pointer;\" data-language-for-alternatives=\"ca\" data-language-to-translate-into=\"es\" data-phrase-index=\"27\"><span style=\"-webkit-tap-highlight-color: transparent;\">:<\/span><\/span><\/h2><ul><li>Matr\u00edcula (350\u20ac anual\/ 175\u20ac de juliol a desembre)<\/li><li>10 sesiones de terapia<\/li><li>3-4 sesiones de mentoria<\/li><li><p>9 dies en total de formaci\u00f3 repartits aix\u00ed:<\/p><p>_1 seminari (3 dies)<\/p><p>_2 dies d&#8217;entrenament (2 dies)<\/p><p>_ 1 Dojo (4 dies)<\/p><p>_1 dia m\u00e9s que pots completar amb classes i c\u00e0psules en l\u00ednia (cada classe o c\u00e0psula quanta com mig dia, aix\u00ed que has de fer 2)<\/p><\/li><li>Diario de estudio<\/li><li>Grupo de iguales<\/li><\/ul><p><span style=\"font-weight: 400;\">Consulta el diagrama a continuaci\u00f3 para obtenir m\u00e9s informaci\u00f3.<\/span><\/p><p><span style=\"font-weight: 400;\">\u00a0<\/span><\/p><\/div>\n\t\t\t\t<\/div>\n\t\t\t\t<\/div>\n\t\t\t\t<div class=\"elementor-element elementor-element-76fad95 elementor-align-center elementor-widget elementor-widget-button\" data-id=\"76fad95\" data-element_type=\"widget\" data-widget_type=\"button.default\">\n\t\t\t\t<div class=\"elementor-widget-container\">\n\t\t\t\t\t<div class=\"elementor-button-wrapper\">\n\t\t\t<a href=\"http:\/\/www.trabajodeprocesos.net\/wp-content\/uploads\/2020\/07\/Curs-Pont_descripci\u00f3-info_CAT-1.pdf\" target=\"_blank\" class=\"elementor-button-link elementor-button elementor-size-md\" role=\"button\">\n\t\t\t\t\t\t<span class=\"elementor-button-content-wrapper\">\n\t\t\t\t\t\t<span class=\"elementor-button-text\">Proc\u00e9s d'Admissi\u00f3<\/span>\n\t\t<\/span>\n\t\t\t\t\t<\/a>\n\t\t<\/div>\n\t\t\t\t<\/div>\n\t\t\t\t<\/div>\n\t\t\t\t\t\t<\/div>\n\t\t\t\t\t<\/div>\n\t\t<\/div>\n\t\t\t\t\t\t\t\t<\/div>\n\t\t\t\t\t<\/div>\n\t\t<\/section>\n\t\t\t\t\t\t<\/div>\n\t\t\t\t\t\t<\/div>\n\t\t\t\t\t<\/div>\n\t\t","protected":false},"excerpt":{"rendered":"<p>El Curs Pont generalment s\u2019organitza individualment entre l\u2019alumne i el professorat de l\u2019escola. Es requereix una recomanaci\u00f3 del programa de formaci\u00f3 anterior. Requisits L\u2019estudiant hauria d\u2019haver completat un m\u00ednim d\u2019un any d\u2019estudis de Treball de Processos abans de presentar la sol\u00b7licitud. Es recomana tamb\u00e9 haver fet algun seminari amb l&#8217;ESCOLA, per\u00f2 no \u00e9s obligatori.\u00a0 El [&hellip;]<\/p>\n","protected":false},"author":6,"featured_media":588,"parent":1004,"menu_order":0,"comment_status":"closed","ping_status":"closed","template":"","meta":{"footnotes":""},"class_list":["post-1014","page","type-page","status-publish","has-post-thumbnail","hentry"],"yoast_head":"<!-- This site is optimized with the Yoast SEO plugin v15.4 - https:\/\/yoast.com\/wordpress\/plugins\/seo\/ -->\n<title>Curs pont - Trabajo de Procesos<\/title>\n<meta name=\"robots\" content=\"index, follow, max-snippet:-1, max-image-preview:large, max-video-preview:-1\" \/>\n<link rel=\"canonical\" href=\"https:\/\/www.trabajodeprocesos.net\/ca\/programes-de-formacio\/curs-pont\/\" \/>\n<meta property=\"og:locale\" content=\"ca_ES\" \/>\n<meta property=\"og:type\" content=\"article\" \/>\n<meta property=\"og:title\" content=\"Curs pont - Trabajo de Procesos\" \/>\n<meta property=\"og:description\" content=\"El Curs Pont generalment s\u2019organitza individualment entre l\u2019alumne i el professorat de l\u2019escola. Es requereix una recomanaci\u00f3 del programa de formaci\u00f3 anterior. Requisits L\u2019estudiant hauria d\u2019haver completat un m\u00ednim d\u2019un any d\u2019estudis de Treball de Processos abans de presentar la sol\u00b7licitud. Es recomana tamb\u00e9 haver fet algun seminari amb l&#8217;ESCOLA, per\u00f2 no \u00e9s obligatori.\u00a0 El [&hellip;]\" \/>\n<meta property=\"og:url\" content=\"https:\/\/www.trabajodeprocesos.net\/ca\/programes-de-formacio\/curs-pont\/\" \/>\n<meta property=\"og:site_name\" content=\"Trabajo de Procesos\" \/>\n<meta property=\"article:modified_time\" content=\"2021-05-18T16:37:05+00:00\" \/>\n<meta property=\"og:image\" content=\"https:\/\/www.trabajodeprocesos.net\/wp-content\/uploads\/2019\/12\/formacion-talleres.jpg\" \/>\n\t<meta property=\"og:image:width\" content=\"1920\" \/>\n\t<meta property=\"og:image:height\" content=\"470\" \/>\n<meta name=\"twitter:card\" content=\"summary_large_image\" \/>\n<meta name=\"twitter:label1\" content=\"Escrit per\">\n\t<meta name=\"twitter:data1\" content=\"Admin\">\n\t<meta name=\"twitter:label2\" content=\"Temps estimat de lectura\">\n\t<meta name=\"twitter:data2\" content=\"1 minut\">\n<script type=\"application\/ld+json\" class=\"yoast-schema-graph\">{\"@context\":\"https:\/\/schema.org\",\"@graph\":[{\"@type\":\"WebSite\",\"@id\":\"https:\/\/www.trabajodeprocesos.net\/ca\/#website\",\"url\":\"https:\/\/www.trabajodeprocesos.net\/ca\/\",\"name\":\"Trabajo de Procesos\",\"description\":\"\",\"potentialAction\":[{\"@type\":\"SearchAction\",\"target\":\"https:\/\/www.trabajodeprocesos.net\/ca\/?s={search_term_string}\",\"query-input\":\"required name=search_term_string\"}],\"inLanguage\":\"ca\"},{\"@type\":\"ImageObject\",\"@id\":\"https:\/\/www.trabajodeprocesos.net\/ca\/programes-de-formacio\/curs-pont\/#primaryimage\",\"inLanguage\":\"ca\",\"url\":\"https:\/\/www.trabajodeprocesos.net\/wp-content\/uploads\/2019\/12\/formacion-talleres.jpg\",\"width\":1920,\"height\":470},{\"@type\":\"WebPage\",\"@id\":\"https:\/\/www.trabajodeprocesos.net\/ca\/programes-de-formacio\/curs-pont\/#webpage\",\"url\":\"https:\/\/www.trabajodeprocesos.net\/ca\/programes-de-formacio\/curs-pont\/\",\"name\":\"Curs pont - Trabajo de Procesos\",\"isPartOf\":{\"@id\":\"https:\/\/www.trabajodeprocesos.net\/ca\/#website\"},\"primaryImageOfPage\":{\"@id\":\"https:\/\/www.trabajodeprocesos.net\/ca\/programes-de-formacio\/curs-pont\/#primaryimage\"},\"datePublished\":\"2020-06-26T11:05:32+00:00\",\"dateModified\":\"2021-05-18T16:37:05+00:00\",\"inLanguage\":\"ca\",\"potentialAction\":[{\"@type\":\"ReadAction\",\"target\":[\"https:\/\/www.trabajodeprocesos.net\/ca\/programes-de-formacio\/curs-pont\/\"]}]}]}<\/script>\n<!-- \/ Yoast SEO plugin. -->","_links":{"self":[{"href":"https:\/\/www.trabajodeprocesos.net\/ca\/wp-json\/wp\/v2\/pages\/1014","targetHints":{"allow":["GET"]}}],"collection":[{"href":"https:\/\/www.trabajodeprocesos.net\/ca\/wp-json\/wp\/v2\/pages"}],"about":[{"href":"https:\/\/www.trabajodeprocesos.net\/ca\/wp-json\/wp\/v2\/types\/page"}],"author":[{"embeddable":true,"href":"https:\/\/www.trabajodeprocesos.net\/ca\/wp-json\/wp\/v2\/users\/6"}],"replies":[{"embeddable":true,"href":"https:\/\/www.trabajodeprocesos.net\/ca\/wp-json\/wp\/v2\/comments?post=1014"}],"version-history":[{"count":16,"href":"https:\/\/www.trabajodeprocesos.net\/ca\/wp-json\/wp\/v2\/pages\/1014\/revisions"}],"predecessor-version":[{"id":11267,"href":"https:\/\/www.trabajodeprocesos.net\/ca\/wp-json\/wp\/v2\/pages\/1014\/revisions\/11267"}],"up":[{"embeddable":true,"href":"https:\/\/www.trabajodeprocesos.net\/ca\/wp-json\/wp\/v2\/pages\/1004"}],"wp:featuredmedia":[{"embeddable":true,"href":"https:\/\/www.trabajodeprocesos.net\/ca\/wp-json\/wp\/v2\/media\/588"}],"wp:attachment":[{"href":"https:\/\/www.trabajodeprocesos.net\/ca\/wp-json\/wp\/v2\/media?parent=1014"}],"curies":[{"name":"wp","href":"https:\/\/api.w.org\/{rel}","templated":true}]}}