{"id":1000,"date":"2020-06-26T12:49:50","date_gmt":"2020-06-26T10:49:50","guid":{"rendered":"http:\/\/www.trabajodeprocesos.net\/treball-de-processos\/estats-alterats-de-consciencia\/"},"modified":"2020-10-07T13:27:20","modified_gmt":"2020-10-07T11:27:20","slug":"estats-alterats-de-consciencia","status":"publish","type":"page","link":"https:\/\/www.trabajodeprocesos.net\/ca\/treball-de-processos\/estats-alterats-de-consciencia\/","title":{"rendered":"Estats alterats de consci\u00e8ncia"},"content":{"rendered":"\t\t<div data-elementor-type=\"wp-page\" data-elementor-id=\"1000\" class=\"elementor elementor-1000 elementor-573\" data-elementor-settings=\"[]\">\n\t\t\t\t\t\t<div class=\"elementor-inner\">\n\t\t\t\t\t\t\t<div class=\"elementor-section-wrap\">\n\t\t\t\t\t\t\t<section class=\"elementor-section elementor-top-section elementor-element elementor-element-8a3a44f elementor-section-narrow_boxed elementor-section-height-default elementor-section-height-default\" data-id=\"8a3a44f\" data-element_type=\"section\">\n\t\t\t\t\t\t<div class=\"elementor-container elementor-column-gap-default\">\n\t\t\t\t\t\t\t<div class=\"elementor-row\">\n\t\t\t\t\t<div class=\"elementor-column elementor-col-100 elementor-top-column elementor-element elementor-element-09d7508\" data-id=\"09d7508\" data-element_type=\"column\">\n\t\t\t<div class=\"elementor-column-wrap elementor-element-populated\">\n\t\t\t\t\t\t\t<div class=\"elementor-widget-wrap\">\n\t\t\t\t\t\t<div class=\"elementor-element elementor-element-52f72a7 elementor-widget elementor-widget-text-editor\" data-id=\"52f72a7\" data-element_type=\"widget\" data-widget_type=\"text-editor.default\">\n\t\t\t\t<div class=\"elementor-widget-container\">\n\t\t\t\t\t<div class=\"elementor-text-editor elementor-clearfix\"><p><a href=\"http:\/\/www.trabajodeprocesos.net\/ca\/treball-de-processos\/\">Tornar<\/a><\/p><\/div>\n\t\t\t\t<\/div>\n\t\t\t\t<\/div>\n\t\t\t\t<div class=\"elementor-element elementor-element-40b6078 elementor-widget elementor-widget-text-editor\" data-id=\"40b6078\" data-element_type=\"widget\" data-widget_type=\"text-editor.default\">\n\t\t\t\t<div class=\"elementor-widget-container\">\n\t\t\t\t\t<div class=\"elementor-text-editor elementor-clearfix\"><p><span style=\"font-weight: 400;\">El Treball de Processos ofereix un<\/span> <b>model no patologitzador<\/b><span style=\"font-weight: 400;\"> per a entendre i treballar amb tot el rang d\u2019experi\u00e8ncies humanes. Existeix un continu que uneix els estats ordinaris de consci\u00e8ncia (aquells considerats normals per una cultura i un moment hist\u00f2ric concrets) amb els estats alterats i extrems (aquells que ens resulten m\u00e9s desconeguts i que poden portar una persona a ser psiquiatritzada o empresonada). El Treball de Processos ha desenvolupat m\u00e8todes per a treballar amb aquests estats, incloent addiccions, como, experi\u00e8ncies properes a la mort i diagn\u00f2stics psiqui\u00e0trics. L\u2019enfocament de la Democr\u00e0cia Profunda valora i d\u00f3na suport tant a les experi\u00e8ncies \u00abordin\u00e0ries\u00bb d\u2019una persona com a les \u00abextremes\u00bb. L\u2019objectiu \u00e9s incrementar la capacitat de l\u2019individu de moure\u2019s amb llibertat i consci\u00e8ncia a trav\u00e9s del continu de la seva experi\u00e8ncia.<\/span><\/p>\n<p><span style=\"font-weight: 400;\">A m\u00e9s a m\u00e9s, el Treball de Processos veu els estats alterats des d\u2019una<\/span><b> perspectiva tant individual<\/b><span style=\"font-weight: 400;\"> (com una experi\u00e8ncia que porta algun missatge o ess\u00e8ncia \u00fatil per a la persona)<\/span><b> com cultural<\/b><span style=\"font-weight: 400;\"> (doncs els estats alterats acostumen a expressar les parts m\u00e9s marginades i invisibilitzades del sistema de creences d\u2019una societat o fam\u00edlia) i, per tant, considera que \u00e9s un treball a fer no nom\u00e9s a nivell individual, sin\u00f3 tamb\u00e9 en relaci\u00f3 amb el m\u00f3n.<\/span><\/p>\n<\/div>\n\t\t\t\t<\/div>\n\t\t\t\t<\/div>\n\t\t\t\t\t\t<\/div>\n\t\t\t\t\t<\/div>\n\t\t<\/div>\n\t\t\t\t\t\t\t\t<\/div>\n\t\t\t\t\t<\/div>\n\t\t<\/section>\n\t\t\t\t<section class=\"elementor-section elementor-top-section elementor-element elementor-element-9877328 elementor-section-narrow_boxed elementor-section-height-default elementor-section-height-default\" data-id=\"9877328\" data-element_type=\"section\" data-settings=\"{&quot;background_background&quot;:&quot;classic&quot;}\">\n\t\t\t\t\t\t<div class=\"elementor-container elementor-column-gap-default\">\n\t\t\t\t\t\t\t<div class=\"elementor-row\">\n\t\t\t\t\t<div class=\"elementor-column elementor-col-100 elementor-top-column elementor-element elementor-element-be9cdce\" data-id=\"be9cdce\" data-element_type=\"column\">\n\t\t\t<div class=\"elementor-column-wrap elementor-element-populated\">\n\t\t\t\t\t\t\t<div class=\"elementor-widget-wrap\">\n\t\t\t\t\t\t<div class=\"elementor-element elementor-element-f7d531a elementor-widget elementor-widget-text-editor\" data-id=\"f7d531a\" data-element_type=\"widget\" data-widget_type=\"text-editor.default\">\n\t\t\t\t<div class=\"elementor-widget-container\">\n\t\t\t\t\t<div class=\"elementor-text-editor elementor-clearfix\"><p><span style=\"font-weight: 400;\">Pots trobar m\u00e9s informaci\u00f3 als llibres<\/span><i><span style=\"font-weight: 400;\"> <strong>City Shadows: Psychological Interventions in Psychiatry<\/strong><\/span><\/i><span style=\"font-weight: 400;\">,  <\/span><i><span style=\"font-weight: 400;\"><strong>Coma: the Dreambody near Death <\/strong><\/span><\/i><span style=\"font-weight: 400;\">i <\/span><i><span style=\"font-weight: 400;\"><strong>El Cuerpo del Cham\u00e1n<\/strong><\/span><\/i><span style=\"font-weight: 400;\"> d&#8217;Arnold Mindell; <\/span><i><span style=\"font-weight: 400;\"><strong>Coma: a Healing Journey<\/strong><\/span><\/i><span style=\"font-weight: 400;\"> d&#8217; Amy Mindell; i<\/span><i><span style=\"font-weight: 400;\"> <strong>Outside Mental Health. Voices and Visions of Madness<\/strong><\/span><\/i> <span style=\"font-weight: 400;\">i <\/span><i><span style=\"font-weight: 400;\"><strong>Discontinuaci\u00f3n del Uso de Drogas Psiqui\u00e1tricas: Una Gu\u00eda Basada en la Reducci\u00f3n del Da\u00f1o<\/strong><\/span><\/i><span style=\"font-weight: 400;\"> de Will Hall.<\/span><\/p>\n<\/div>\n\t\t\t\t<\/div>\n\t\t\t\t<\/div>\n\t\t\t\t\t\t<\/div>\n\t\t\t\t\t<\/div>\n\t\t<\/div>\n\t\t\t\t\t\t\t\t<\/div>\n\t\t\t\t\t<\/div>\n\t\t<\/section>\n\t\t\t\t<section class=\"elementor-section elementor-top-section elementor-element elementor-element-2179945 elementor-section-narrow_boxed elementor-section-height-default elementor-section-height-default\" data-id=\"2179945\" data-element_type=\"section\">\n\t\t\t\t\t\t<div class=\"elementor-container elementor-column-gap-default\">\n\t\t\t\t\t\t\t<div class=\"elementor-row\">\n\t\t\t\t\t<div class=\"elementor-column elementor-col-100 elementor-top-column elementor-element elementor-element-b1844bb\" data-id=\"b1844bb\" data-element_type=\"column\">\n\t\t\t<div class=\"elementor-column-wrap\">\n\t\t\t\t\t\t\t<div class=\"elementor-widget-wrap\">\n\t\t\t\t\t\t\t\t<\/div>\n\t\t\t\t\t<\/div>\n\t\t<\/div>\n\t\t\t\t\t\t\t\t<\/div>\n\t\t\t\t\t<\/div>\n\t\t<\/section>\n\t\t\t\t\t\t<\/div>\n\t\t\t\t\t\t<\/div>\n\t\t\t\t\t<\/div>\n\t\t","protected":false},"excerpt":{"rendered":"<p>Tornar El Treball de Processos ofereix un model no patologitzador per a entendre i treballar amb tot el rang d\u2019experi\u00e8ncies humanes. Existeix un continu que uneix els estats ordinaris de consci\u00e8ncia (aquells considerats normals per una cultura i un moment hist\u00f2ric concrets) amb els estats alterats i extrems (aquells que ens resulten m\u00e9s desconeguts i [&hellip;]<\/p>\n","protected":false},"author":6,"featured_media":512,"parent":978,"menu_order":0,"comment_status":"closed","ping_status":"closed","template":"","meta":{"footnotes":""},"class_list":["post-1000","page","type-page","status-publish","has-post-thumbnail","hentry"],"yoast_head":"<!-- This site is optimized with the Yoast SEO plugin v15.4 - https:\/\/yoast.com\/wordpress\/plugins\/seo\/ -->\n<title>Estats alterats de consci\u00e8ncia - Trabajo de Procesos<\/title>\n<meta name=\"robots\" content=\"index, follow, max-snippet:-1, max-image-preview:large, max-video-preview:-1\" \/>\n<link rel=\"canonical\" href=\"https:\/\/www.trabajodeprocesos.net\/ca\/treball-de-processos\/estats-alterats-de-consciencia\/\" \/>\n<meta property=\"og:locale\" content=\"ca_ES\" \/>\n<meta property=\"og:type\" content=\"article\" \/>\n<meta property=\"og:title\" content=\"Estats alterats de consci\u00e8ncia - Trabajo de Procesos\" \/>\n<meta property=\"og:description\" content=\"Tornar El Treball de Processos ofereix un model no patologitzador per a entendre i treballar amb tot el rang d\u2019experi\u00e8ncies humanes. Existeix un continu que uneix els estats ordinaris de consci\u00e8ncia (aquells considerats normals per una cultura i un moment hist\u00f2ric concrets) amb els estats alterats i extrems (aquells que ens resulten m\u00e9s desconeguts i [&hellip;]\" \/>\n<meta property=\"og:url\" content=\"https:\/\/www.trabajodeprocesos.net\/ca\/treball-de-processos\/estats-alterats-de-consciencia\/\" \/>\n<meta property=\"og:site_name\" content=\"Trabajo de Procesos\" \/>\n<meta property=\"article:modified_time\" content=\"2020-10-07T11:27:20+00:00\" \/>\n<meta property=\"og:image\" content=\"https:\/\/www.trabajodeprocesos.net\/wp-content\/uploads\/2019\/12\/photo-1541701494587-cb58502866ab.jpg\" \/>\n\t<meta property=\"og:image:width\" content=\"1950\" \/>\n\t<meta property=\"og:image:height\" content=\"1300\" \/>\n<meta name=\"twitter:card\" content=\"summary_large_image\" \/>\n<meta name=\"twitter:label1\" content=\"Escrit per\">\n\t<meta name=\"twitter:data1\" content=\"Admin\">\n\t<meta name=\"twitter:label2\" content=\"Temps estimat de lectura\">\n\t<meta name=\"twitter:data2\" content=\"1 minut\">\n<script type=\"application\/ld+json\" class=\"yoast-schema-graph\">{\"@context\":\"https:\/\/schema.org\",\"@graph\":[{\"@type\":\"WebSite\",\"@id\":\"https:\/\/www.trabajodeprocesos.net\/ca\/#website\",\"url\":\"https:\/\/www.trabajodeprocesos.net\/ca\/\",\"name\":\"Trabajo de Procesos\",\"description\":\"\",\"potentialAction\":[{\"@type\":\"SearchAction\",\"target\":\"https:\/\/www.trabajodeprocesos.net\/ca\/?s={search_term_string}\",\"query-input\":\"required name=search_term_string\"}],\"inLanguage\":\"ca\"},{\"@type\":\"ImageObject\",\"@id\":\"https:\/\/www.trabajodeprocesos.net\/ca\/treball-de-processos\/estats-alterats-de-consciencia\/#primaryimage\",\"inLanguage\":\"ca\",\"url\":\"https:\/\/www.trabajodeprocesos.net\/wp-content\/uploads\/2019\/12\/photo-1541701494587-cb58502866ab.jpg\",\"width\":1950,\"height\":1300},{\"@type\":\"WebPage\",\"@id\":\"https:\/\/www.trabajodeprocesos.net\/ca\/treball-de-processos\/estats-alterats-de-consciencia\/#webpage\",\"url\":\"https:\/\/www.trabajodeprocesos.net\/ca\/treball-de-processos\/estats-alterats-de-consciencia\/\",\"name\":\"Estats alterats de consci\\u00e8ncia - Trabajo de Procesos\",\"isPartOf\":{\"@id\":\"https:\/\/www.trabajodeprocesos.net\/ca\/#website\"},\"primaryImageOfPage\":{\"@id\":\"https:\/\/www.trabajodeprocesos.net\/ca\/treball-de-processos\/estats-alterats-de-consciencia\/#primaryimage\"},\"datePublished\":\"2020-06-26T10:49:50+00:00\",\"dateModified\":\"2020-10-07T11:27:20+00:00\",\"inLanguage\":\"ca\",\"potentialAction\":[{\"@type\":\"ReadAction\",\"target\":[\"https:\/\/www.trabajodeprocesos.net\/ca\/treball-de-processos\/estats-alterats-de-consciencia\/\"]}]}]}<\/script>\n<!-- \/ Yoast SEO plugin. -->","_links":{"self":[{"href":"https:\/\/www.trabajodeprocesos.net\/ca\/wp-json\/wp\/v2\/pages\/1000","targetHints":{"allow":["GET"]}}],"collection":[{"href":"https:\/\/www.trabajodeprocesos.net\/ca\/wp-json\/wp\/v2\/pages"}],"about":[{"href":"https:\/\/www.trabajodeprocesos.net\/ca\/wp-json\/wp\/v2\/types\/page"}],"author":[{"embeddable":true,"href":"https:\/\/www.trabajodeprocesos.net\/ca\/wp-json\/wp\/v2\/users\/6"}],"replies":[{"embeddable":true,"href":"https:\/\/www.trabajodeprocesos.net\/ca\/wp-json\/wp\/v2\/comments?post=1000"}],"version-history":[{"count":4,"href":"https:\/\/www.trabajodeprocesos.net\/ca\/wp-json\/wp\/v2\/pages\/1000\/revisions"}],"predecessor-version":[{"id":7096,"href":"https:\/\/www.trabajodeprocesos.net\/ca\/wp-json\/wp\/v2\/pages\/1000\/revisions\/7096"}],"up":[{"embeddable":true,"href":"https:\/\/www.trabajodeprocesos.net\/ca\/wp-json\/wp\/v2\/pages\/978"}],"wp:featuredmedia":[{"embeddable":true,"href":"https:\/\/www.trabajodeprocesos.net\/ca\/wp-json\/wp\/v2\/media\/512"}],"wp:attachment":[{"href":"https:\/\/www.trabajodeprocesos.net\/ca\/wp-json\/wp\/v2\/media?parent=1000"}],"curies":[{"name":"wp","href":"https:\/\/api.w.org\/{rel}","templated":true}]}}